{"id":126497,"date":"2025-11-14T17:24:34","date_gmt":"2025-11-14T15:24:34","guid":{"rendered":"https:\/\/www.holectron.com\/?page_id=126497"},"modified":"2026-03-17T16:46:07","modified_gmt":"2026-03-17T14:46:07","slug":"a055x-fijacion","status":"publish","type":"page","link":"https:\/\/www.holectron.com\/es\/productos\/luminarias-de-perfil-interior\/superficie\/a055x-fijacion\/","title":{"rendered":"A055x Fijaci\u00f3n"},"content":{"rendered":"<div class=\"wpb-content-wrapper\"><p>[vc_row gap=\u00bb35&#8243;][vc_column width=\u00bb1\/2&#8243;][vc_single_image image=\u00bb120416&#8243; img_size=\u00bbfull\u00bb onclick=\u00bbimg_link_large\u00bb img_link_target=\u00bb_blank\u00bb css=\u00bb\u00bb][\/vc_column][vc_column width=\u00bb1\/2&#8243;][vc_column_text css=\u00bb\u00bb]<\/p>\n<h2>Luz sutil, fuerte impacto<\/h2>\n<p>El A055x es un perfil de aluminio delgado, elegante y de montaje en superficie dise\u00f1ado para aplicaciones de interior en las que la luz se convierte en parte de la arquitectura. Sin excesos. Sin ruido. S\u00f3lo una iluminaci\u00f3n refinada que realza todo lo que toca. Piense en ella como el equivalente en iluminaci\u00f3n a un susurro, sutil pero inolvidable. Puede perfilar un pasillo, enmarcar una pared o acentuar texturas.     <\/p>\n<p>Disponible en espectros de luz blanca 2000K-6500K[\/vc_column_text][vc_single_image source=\u00bbexternal_link\u00bb external_img_size=\u00bb380&#215;33&#8243; css=\u00bb\u00bb custom_src=\u00bbhttps:\/\/www.holectron.com\/wp-content\/uploads\/features-with-etl-1.svg\u00bb][\/vc_column][\/vc_row][vc_row gap=\u00bb35&#8243;][vc_column offset=\u00bbvc_hidden-lg vc_hidden-md vc_hidden-sm vc_hidden-xs\u00bb][vc_raw_html css=\u00bb\u00bb]PHN0eWxlPgouYnV0dG9uLW91dGxpbmUgewogIGRpc3BsYXk6IGlubGluZS1ibG9jazsKICB0ZXh0LWRlY29yYXRpb246IG5vbmU7CiAgZm9udC1zaXplOiAxOHB4OwogIGZvbnQtd2VpZ2h0OiA1MDA7CiAgY29sb3I6ICMzMzk5Y2M7CiAgYm9yZGVyOiAycHggc29saWQgIzMzOTljYzsKICBwYWRkaW5nOiAxMHB4IDI0cHg7CiAgYm9yZGVyLXJhZGl1czogOHB4OwogIGJhY2tncm91bmQtY29sb3I6IHRyYW5zcGFyZW50OwogIGJveC1zaXppbmc6IGJvcmRlci1ib3g7CiAgdHJhbnNpdGlvbjogYWxsIDAuM3MgZWFzZTsKICB0ZXh0LWFsaWduOiBjZW50ZXI7Cn0KLmJ1dHRvbi1vdXRsaW5lOmhvdmVyIHsKICBiYWNrZ3JvdW5kLWNvbG9yOiAjYzhlYWZhOwogIGNvbG9yOiAjMzM5OWNjOwp9Cjwvc3R5bGU+Cgo8YSBjbGFzcz0iYnV0dG9uLW91dGxpbmUiIGhyZWY9Imh0dHBzOi8vd3d3LmhvbGVjdHJvbi5jb20vd3AtY29udGVudC91cGxvYWRzL0EwMDVNLVNQRUNJRklDQVRJT04tU0hFRVQtUFJPRklMRS1GSVhUVVJFUy1IT0xFQ1RST04tMjAyNS0wOC0yNS5wZGYiIHRhcmdldD0iX2JsYW5rIiByZWw9Im5vb3BlbmVyIj4KICBIb2phIGRlIGVzcGVjaWZpY2FjaW9uZXMgIgo8L2E+[\/vc_raw_html][\/vc_column][\/vc_row][vc_row full_width=\u00bbstretch_row\u00bb][vc_column][vc_empty_space height=\u00bb20&#8243;][\/vc_column][\/vc_row][vc_row gap=\u00bb35&#8243;][vc_column width=\u00bb1\/2&#8243;][vc_column_text css=\u00bb\u00bb]<\/p>\n<h2>Maestro del brillo silencioso<\/h2>\n<p>El A055x es m\u00e1s que una luminaria. Es una herramienta para dise\u00f1adores que buscan flexibilidad y elegancia. <\/p>\n<p><strong>Caracter\u00edsticas principales:<\/strong><\/p>\n<p>Perfil ultrafino para una est\u00e9tica limpia y moderna<br \/>\nCompatible con tipos de luz: Blanco<br \/>\nPerfecta para iluminaci\u00f3n decorativa o ambiental<br \/>\nImpecable uniformidad de color (MacAdam de 3 pasos)<br \/>\nPerfil de aluminio de alta calidad<br \/>\nIdeal para interiores residenciales y comerciales[\/vc_column_text][\/vc_column][vc_column width=\u00bb1\/2&#8243;][vc_single_image image=\u00bb120401&#8243; img_size=\u00bbfull\u00bb onclick=\u00bbimg_link_large\u00bb img_link_target=\u00bb_blank\u00bb css=\u00bb\u00bb][\/vc_column][\/vc_row][vc_row full_width=\u00bbstretch_row\u00bb css=\u00bb.vc_custom_1746016585710{background-color: #f5f5f5 !important;}\u00bb][vc_column][vc_empty_space height=\u00bb20&#8243;][\/vc_column][\/vc_row][vc_row full_width=\u00bbstretch_row\u00bb gap=\u00bb35&#8243; content_placement=\u00bbmiddle\u00bb css=\u00bb.vc_custom_1756123961013{background-color: #f5f5f5 !important;}\u00bb][vc_column width=\u00bb1\/2&#8243;][vc_single_image image=\u00bb126529&#8243; img_size=\u00bbfull\u00bb alignment=\u00bbcenter\u00bb onclick=\u00bbimg_link_large\u00bb img_link_target=\u00bb_blank\u00bb css=\u00bb\u00bb][\/vc_column][vc_column width=\u00bb1\/2&#8243;][vc_column_text css=\u00bb\u00bb]<\/p>\n<h2>Dibujo t\u00e9cnico<\/h2>\n<p>[\/vc_column_text][\/vc_column][\/vc_row][vc_row full_width=\u00bbstretch_row\u00bb css=\u00bb.vc_custom_1746016585710{background-color: #f5f5f5 !important;}\u00bb][vc_column][vc_empty_space height=\u00bb20&#8243; el_id=\u00bb0002&#8243;][\/vc_column][\/vc_row]<\/p>\n<\/div>","protected":false},"excerpt":{"rendered":"<p>[vc_row gap=\u00bb35&#8243;][vc_column width=\u00bb1\/2&#8243;][vc_single_image image=\u00bb120416&#8243; img_size=\u00bbfull\u00bb onclick=\u00bbimg_link_large\u00bb img_link_target=\u00bb_blank\u00bb css=\u00bb\u00bb][\/vc_column][vc_column width=\u00bb1\/2&#8243;][vc_column_text css=\u00bb\u00bb] Luz sutil, fuerte impacto El A055x es un perfil de aluminio delgado, elegante y de montaje en superficie dise\u00f1ado para aplicaciones de interior en las que la luz se convierte en parte de la arquitectura. Sin excesos. Sin ruido. S\u00f3lo una iluminaci\u00f3n refinada que realza [&hellip;]<\/p>\n","protected":false},"author":15,"featured_media":120424,"parent":121155,"menu_order":5,"comment_status":"closed","ping_status":"closed","template":"tpl-product.php","meta":{"footnotes":""},"related":[408],"filter":[382,335,257,259,263,276,288,274,299,261,313,315,317],"acf":[],"aioseo_notices":[],"_links":{"self":[{"href":"https:\/\/www.holectron.com\/es\/wp-json\/wp\/v2\/pages\/126497"}],"collection":[{"href":"https:\/\/www.holectron.com\/es\/wp-json\/wp\/v2\/pages"}],"about":[{"href":"https:\/\/www.holectron.com\/es\/wp-json\/wp\/v2\/types\/page"}],"author":[{"embeddable":true,"href":"https:\/\/www.holectron.com\/es\/wp-json\/wp\/v2\/users\/15"}],"replies":[{"embeddable":true,"href":"https:\/\/www.holectron.com\/es\/wp-json\/wp\/v2\/comments?post=126497"}],"version-history":[{"count":0,"href":"https:\/\/www.holectron.com\/es\/wp-json\/wp\/v2\/pages\/126497\/revisions"}],"up":[{"embeddable":true,"href":"https:\/\/www.holectron.com\/es\/wp-json\/wp\/v2\/pages\/121155"}],"wp:featuredmedia":[{"embeddable":true,"href":"https:\/\/www.holectron.com\/es\/wp-json\/wp\/v2\/media\/120424"}],"wp:attachment":[{"href":"https:\/\/www.holectron.com\/es\/wp-json\/wp\/v2\/media?parent=126497"}],"wp:term":[{"taxonomy":"related","embeddable":true,"href":"https:\/\/www.holectron.com\/es\/wp-json\/wp\/v2\/related?post=126497"},{"taxonomy":"filter","embeddable":true,"href":"https:\/\/www.holectron.com\/es\/wp-json\/wp\/v2\/filter?post=126497"}],"curies":[{"name":"wp","href":"https:\/\/api.w.org\/{rel}","templated":true}]}}