{"id":124520,"date":"2026-03-16T09:30:12","date_gmt":"2026-03-16T07:30:12","guid":{"rendered":"https:\/\/www.holectron.com\/?page_id=124520"},"modified":"2026-03-16T09:30:12","modified_gmt":"2026-03-16T07:30:12","slug":"a058x-fijacion","status":"publish","type":"page","link":"https:\/\/www.holectron.com\/es\/productos\/luminarias-de-perfil-interior\/superficie\/a058x-fijacion\/","title":{"rendered":"A058x Fijaci\u00f3n"},"content":{"rendered":"<div class=\"wpb-content-wrapper\"><p>[vc_row gap=\u00bb35&#8243;][vc_column width=\u00bb1\/2&#8243;][vc_single_image image=\u00bb122139&#8243; img_size=\u00bb680&#215;400&#8243; onclick=\u00bbimg_link_large\u00bb img_link_target=\u00bb_blank\u00bb css=\u00bb\u00bb][\/vc_column][vc_column width=\u00bb1\/2&#8243;][vc_column_text css=\u00bb\u00bb]<\/p>\n<h2>Luminaria lineal regulable para exteriores<\/h2>\n<p>La A058x es una luminaria lineal de exterior dise\u00f1ada para aplicaciones de iluminaci\u00f3n arquitect\u00f3nica y paisaj\u00edstica que requieren una direcci\u00f3n precisa de la luz y est\u00e9tica visual.<\/p>\n<p>La luminaria consta de dos partes: una carcasa y un inserto, lo que permite distintas geometr\u00edas de iluminaci\u00f3n en funci\u00f3n del tipo de montaje del inserto. El inserto puede montarse a ras de la carcasa o en \u00e1ngulo para dirigir la luz a uno o ambos lados, en funci\u00f3n de los requisitos del proyecto. <\/p>\n<p>El dise\u00f1o del perfil permite ocultar el cable de alimentaci\u00f3n dentro de la carcasa durante la instalaci\u00f3n, manteniendo un aspecto arquitect\u00f3nico limpio y preciso.<\/p>\n<p>La A058x est\u00e1 pensada para aplicaciones de l\u00ednea continua en exteriores y se integra de forma natural en entornos arquitect\u00f3nicos, p\u00fablicos y paisaj\u00edsticos.[\/vc_column_text][vc_single_image source=\u00bbexternal_link\u00bb external_img_size=\u00bb380&#215;33&#8243; css=\u00bb\u00bb custom_src=\u00bbhttps:\/\/www.holectron.com\/wp-content\/uploads\/features-with-etl-1.svg\u00bb][\/vc_column][\/vc_row][vc_row full_width=\u00bbstretch_row\u00bb][vc_column][vc_empty_space height=\u00bb60&#8243;][\/vc_column][\/vc_row][vc_row full_width=\u00bbstretch_row\u00bb][vc_column][vc_empty_space height=\u00bb20&#8243;][\/vc_column][\/vc_row][vc_row full_width=\u00bbstretch_row\u00bb gap=\u00bb35&#8243;][vc_column width=\u00bb1\/2&#8243;][vc_column_text css=\u00bb\u00bb]<\/p>\n<h2>Aplicaciones<\/h2>\n<p>Parques e iluminaci\u00f3n paisaj\u00edstica (bancos, senderos)<\/p>\n<p>Espacios p\u00fablicos y comerciales<\/p>\n<p>Aeropuertos y centros de transporte<\/p>\n<p>Iluminaci\u00f3n decorativa de paredes y techos<\/p>\n<p>&nbsp;<\/p>\n<h2>Opciones de iluminaci\u00f3n<\/h2>\n<p>La A058x se ha dise\u00f1ado centr\u00e1ndose en la calidad de la luz y la fiabilidad del sistema. Admite una amplia gama de opciones de iluminaci\u00f3n, como monocolor, RGB, RGBW y blanco sintonizable con una temperatura de color correlacionada (CCT) que oscila entre 1800K y 6500K. Las tiras de LED de alta calidad con consistencia MacAdam de 3 pasos garantizan un aspecto de color uniforme a lo largo de toda la l\u00ednea, incluso en instalaciones largas y continuas.[\/vc_column_text][\/vc_column][vc_column width=\u00bb1\/2&#8243;][vc_single_image image=\u00bb122148&#8243; img_size=\u00bb680&#215;400&#8243; onclick=\u00bbimg_link_large\u00bb img_link_target=\u00bb_blank\u00bb css=\u00bb\u00bb][\/vc_column][\/vc_row][vc_row full_width=\u00bbstretch_row\u00bb][vc_column][vc_empty_space height=\u00bb20&#8243;][\/vc_column][\/vc_row][vc_row full_width=\u00bbstretch_row\u00bb css=\u00bb.vc_custom_1769618466181{background-color: #f5f5f5 !important;}\u00bb][vc_column][vc_empty_space height=\u00bb40&#8243;][\/vc_column][\/vc_row][vc_row full_width=\u00bbstretch_row\u00bb gap=\u00bb35&#8243; content_placement=\u00bbmiddle\u00bb css=\u00bb.vc_custom_1769618460329{background-color: #f5f5f5 !important;}\u00bb][vc_column width=\u00bb1\/2&#8243;][vc_single_image image=\u00bb120508&#8243; img_size=\u00bbfull\u00bb alignment=\u00bbcenter\u00bb css=\u00bb\u00bb][\/vc_column][vc_column width=\u00bb1\/2&#8243;][vc_column_text css=\u00bb\u00bb]<\/p>\n<h2>Dibujo t\u00e9cnico<\/h2>\n<p>[\/vc_column_text][\/vc_column][\/vc_row][vc_row full_width=\u00bbstretch_row\u00bb css=\u00bb.vc_custom_1769618475700{background-color: #f5f5f5 !important;}\u00bb][vc_column][vc_empty_space height=\u00bb20&#8243;][\/vc_column][\/vc_row]<\/p>\n<\/div>","protected":false},"excerpt":{"rendered":"<p>[vc_row gap=\u00bb35&#8243;][vc_column width=\u00bb1\/2&#8243;][vc_single_image image=\u00bb122139&#8243; img_size=\u00bb680&#215;400&#8243; onclick=\u00bbimg_link_large\u00bb img_link_target=\u00bb_blank\u00bb css=\u00bb\u00bb][\/vc_column][vc_column width=\u00bb1\/2&#8243;][vc_column_text css=\u00bb\u00bb] Luminaria lineal regulable para exteriores La A058x es una luminaria lineal de exterior dise\u00f1ada para aplicaciones de iluminaci\u00f3n arquitect\u00f3nica y paisaj\u00edstica que requieren una direcci\u00f3n precisa de la luz y est\u00e9tica visual. La luminaria consta de dos partes: una carcasa y un inserto, lo que [&hellip;]<\/p>\n","protected":false},"author":15,"featured_media":122312,"parent":121155,"menu_order":6,"comment_status":"closed","ping_status":"closed","template":"tpl-product.php","meta":{"footnotes":""},"related":[212],"filter":[382,257,259,263,280,276,286,293,274,295,303,261,311,313,315,317,278,319,282],"acf":[],"aioseo_notices":[],"_links":{"self":[{"href":"https:\/\/www.holectron.com\/es\/wp-json\/wp\/v2\/pages\/124520"}],"collection":[{"href":"https:\/\/www.holectron.com\/es\/wp-json\/wp\/v2\/pages"}],"about":[{"href":"https:\/\/www.holectron.com\/es\/wp-json\/wp\/v2\/types\/page"}],"author":[{"embeddable":true,"href":"https:\/\/www.holectron.com\/es\/wp-json\/wp\/v2\/users\/15"}],"replies":[{"embeddable":true,"href":"https:\/\/www.holectron.com\/es\/wp-json\/wp\/v2\/comments?post=124520"}],"version-history":[{"count":0,"href":"https:\/\/www.holectron.com\/es\/wp-json\/wp\/v2\/pages\/124520\/revisions"}],"up":[{"embeddable":true,"href":"https:\/\/www.holectron.com\/es\/wp-json\/wp\/v2\/pages\/121155"}],"wp:featuredmedia":[{"embeddable":true,"href":"https:\/\/www.holectron.com\/es\/wp-json\/wp\/v2\/media\/122312"}],"wp:attachment":[{"href":"https:\/\/www.holectron.com\/es\/wp-json\/wp\/v2\/media?parent=124520"}],"wp:term":[{"taxonomy":"related","embeddable":true,"href":"https:\/\/www.holectron.com\/es\/wp-json\/wp\/v2\/related?post=124520"},{"taxonomy":"filter","embeddable":true,"href":"https:\/\/www.holectron.com\/es\/wp-json\/wp\/v2\/filter?post=124520"}],"curies":[{"name":"wp","href":"https:\/\/api.w.org\/{rel}","templated":true}]}}