{"id":121764,"date":"2020-07-16T07:48:00","date_gmt":"2020-07-16T05:48:00","guid":{"rendered":"https:\/\/www.holectron.com\/productos\/luminarias-de-perfil-interior\/colgante\/a006x-fijacion\/"},"modified":"2026-02-24T14:43:55","modified_gmt":"2026-02-24T12:43:55","slug":"a006x-fijacion","status":"publish","type":"page","link":"https:\/\/www.holectron.com\/es\/productos\/luminarias-de-perfil-interior\/colgante\/a006x-fijacion\/","title":{"rendered":"A006x Fijaci\u00f3n"},"content":{"rendered":"<div class=\"wpb-content-wrapper\"><p>[vc_row gap=\u00bb35&#8243;][vc_column width=\u00bb1\/2&#8243;][vc_single_image image=\u00bb101614&#8243; img_size=\u00bbfull\u00bb onclick=\u00bbimg_link_large\u00bb img_link_target=\u00bb_blank\u00bb css=\u00bb\u00bb][\/vc_column][vc_column width=\u00bb1\/2&#8243;][vc_column_text css=\u00bb\u00bb]A006x es una luminaria colgante cil\u00edndrica con un \u00e1ngulo de haz de 180 grados y un efecto de luz homog\u00e9nea. Una elecci\u00f3n perfecta para aplicaciones de iluminaci\u00f3n decorativa, de trabajo y de acento. <\/p>\n<p>Aproveche la m\u00e1s amplia gama de CCT y personalice A006x con tiras LED Tunable white, RGB, RGBW para luces lineales colgantes decorativas.[\/vc_column_text][vc_raw_html css=\u00bb\u00bb]PHN0eWxlPgouYnV0dG9uLW91dGxpbmUgewogIGRpc3BsYXk6IGlubGluZS1ibG9jazsKICB0ZXh0LWRlY29yYXRpb246IG5vbmU7CiAgZm9udC1zaXplOiAxOHB4OwogIGZvbnQtd2VpZ2h0OiA1MDA7CiAgY29sb3I6ICMzMzk5Y2M7CiAgYm9yZGVyOiAycHggc29saWQgIzMzOTljYzsKICBwYWRkaW5nOiAxMHB4IDI0cHg7CiAgYm9yZGVyLXJhZGl1czogOHB4OwogIGJhY2tncm91bmQtY29sb3I6IHRyYW5zcGFyZW50OwogIGJveC1zaXppbmc6IGJvcmRlci1ib3g7CiAgdHJhbnNpdGlvbjogYWxsIDAuM3MgZWFzZTsKICB0ZXh0LWFsaWduOiBjZW50ZXI7Cn0KLmJ1dHRvbi1vdXRsaW5lOmhvdmVyIHsKICBiYWNrZ3JvdW5kLWNvbG9yOiAjYzhlYWZhOwogIGNvbG9yOiAjMzM5OWNjOwp9Cjwvc3R5bGU+Cgo8YSBjbGFzcz0iYnV0dG9uLW91dGxpbmUiIGhyZWY9Imh0dHBzOi8vd3d3LmhvbGVjdHJvbi5jb20vd3AtY29udGVudC91cGxvYWRzL0EwMDZ4LVNQRUNJRklDQVRJT04tU0hFRVQtUFJPRklMRS1GSVhUVVJFUy1IT0xFQ1RST04yMDI1LTA4LTAxLnBkZiIgdGFyZ2V0PSJfYmxhbmsiIHJlbD0ibm9vcGVuZXIiPgogIEhvamEgZGUgZXNwZWNpZmljYWNpb25lcyAiCjwvYT4K[\/vc_raw_html][vc_single_image source=\u00bbexternal_link\u00bb external_img_size=\u00bb380&#215;33&#8243; css=\u00bb\u00bb custom_src=\u00bbhttps:\/\/www.holectron.com\/wp-content\/uploads\/features-with-etl-1.svg\u00bb][\/vc_column][\/vc_row][vc_row full_width=\u00bbstretch_row\u00bb css=\u00bb.vc_custom_1746019660536{background-color: #f5f5f5 !important;}\u00bb][vc_column][vc_empty_space height=\u00bb40&#8243;][\/vc_column][\/vc_row][vc_row full_width=\u00bbstretch_row\u00bb gap=\u00bb35&#8243; css=\u00bb.vc_custom_1746019642213{background-color: #f5f5f5 !important;}\u00bb][vc_column width=\u00bb1\/2&#8243;][vc_single_image image=\u00bb107154&#8243; img_size=\u00bbfull\u00bb alignment=\u00bbcenter\u00bb onclick=\u00bbimg_link_large\u00bb img_link_target=\u00bb_blank\u00bb css=\u00bb\u00bb][\/vc_column][vc_column width=\u00bb1\/2&#8243;][vc_column_text css=\u00bb\u00bb]<\/p>\n<h2>Dibujo t\u00e9cnico<\/h2>\n<p>Las luminarias pueden enlazarse hasta 14 m (46&#8242;) en funci\u00f3n de la potencia.[\/vc_column_text][\/vc_column][\/vc_row]<\/p>\n<\/div>","protected":false},"excerpt":{"rendered":"<p>[vc_row gap=\u00bb35&#8243;][vc_column width=\u00bb1\/2&#8243;][vc_single_image image=\u00bb101614&#8243; img_size=\u00bbfull\u00bb onclick=\u00bbimg_link_large\u00bb img_link_target=\u00bb_blank\u00bb css=\u00bb\u00bb][\/vc_column][vc_column width=\u00bb1\/2&#8243;][vc_column_text css=\u00bb\u00bb]A006x es una luminaria colgante cil\u00edndrica con un \u00e1ngulo de haz de 180 grados y un efecto de luz homog\u00e9nea. Una elecci\u00f3n perfecta para aplicaciones de iluminaci\u00f3n decorativa, de trabajo y de acento. Aproveche la m\u00e1s amplia gama de CCT y personalice A006x con tiras LED [&hellip;]<\/p>\n","protected":false},"author":15,"featured_media":120785,"parent":121151,"menu_order":0,"comment_status":"closed","ping_status":"closed","template":"tpl-product-simple.php","meta":{"footnotes":""},"related":[],"filter":[382,257,263,280,276,286,293,274,295,255,303,311,313,315,317,278,319,282],"acf":[],"aioseo_notices":[],"_links":{"self":[{"href":"https:\/\/www.holectron.com\/es\/wp-json\/wp\/v2\/pages\/121764"}],"collection":[{"href":"https:\/\/www.holectron.com\/es\/wp-json\/wp\/v2\/pages"}],"about":[{"href":"https:\/\/www.holectron.com\/es\/wp-json\/wp\/v2\/types\/page"}],"author":[{"embeddable":true,"href":"https:\/\/www.holectron.com\/es\/wp-json\/wp\/v2\/users\/15"}],"replies":[{"embeddable":true,"href":"https:\/\/www.holectron.com\/es\/wp-json\/wp\/v2\/comments?post=121764"}],"version-history":[{"count":0,"href":"https:\/\/www.holectron.com\/es\/wp-json\/wp\/v2\/pages\/121764\/revisions"}],"up":[{"embeddable":true,"href":"https:\/\/www.holectron.com\/es\/wp-json\/wp\/v2\/pages\/121151"}],"wp:featuredmedia":[{"embeddable":true,"href":"https:\/\/www.holectron.com\/es\/wp-json\/wp\/v2\/media\/120785"}],"wp:attachment":[{"href":"https:\/\/www.holectron.com\/es\/wp-json\/wp\/v2\/media?parent=121764"}],"wp:term":[{"taxonomy":"related","embeddable":true,"href":"https:\/\/www.holectron.com\/es\/wp-json\/wp\/v2\/related?post=121764"},{"taxonomy":"filter","embeddable":true,"href":"https:\/\/www.holectron.com\/es\/wp-json\/wp\/v2\/filter?post=121764"}],"curies":[{"name":"wp","href":"https:\/\/api.w.org\/{rel}","templated":true}]}}