{"id":121337,"date":"2016-10-27T11:18:06","date_gmt":"2016-10-27T09:18:06","guid":{"rendered":"https:\/\/www.holectron.com\/productos\/accesorios\/conectores\/con-ph-wb-8-conector-para-tira-de-led-sin-soldadura\/"},"modified":"2026-01-15T15:55:00","modified_gmt":"2026-01-15T13:55:00","slug":"con-ph-wb-8-conector-para-tira-de-led-sin-soldadura","status":"publish","type":"page","link":"https:\/\/www.holectron.com\/es\/productos\/accesorios\/conectores\/con-ph-wb-8-conector-para-tira-de-led-sin-soldadura\/","title":{"rendered":"CON-PH-WB-8 Conector para tira de LED sin soldadura"},"content":{"rendered":"<div class=\"wpb-content-wrapper\"><p>[vc_row][vc_column width=\u00bb1\/2&#8243;][vc_single_image image=\u00bb1056&#8243; img_size=\u00bbfull\u00bb][\/vc_column][vc_column width=\u00bb1\/2&#8243;][vc_column_text]<\/p>\n<table class=\"table table-hover\">\n<tbody>\n<tr>\n<td><strong>N.\u00ba de producto<\/strong><\/td>\n<td>CON-PH-WB-8<\/td>\n<\/tr>\n<tr>\n<td><strong>Descripci\u00f3n:<\/strong><\/td>\n<td>Conector para tiras de LED sin soldadura con cable de alimentaci\u00f3n para tiras de LED flexibles de 7,5 mm de ancho<\/td>\n<\/tr>\n<tr>\n<td><strong>Cable de alimentaci\u00f3n:<\/strong><\/td>\n<td>500 mm<\/td>\n<\/tr>\n<tr>\n<td><strong>Carga m\u00e1xima:<\/strong><\/td>\n<td>24V \/ 10A<\/td>\n<\/tr>\n<tr>\n<td><strong>Dimensiones:<\/strong><\/td>\n<td>9&#215;9.2&#215;4.8mm<\/td>\n<\/tr>\n<tr>\n<td><strong>N\u00famero de clavijas: <\/strong><\/td>\n<td>2 unidades<\/td>\n<\/tr>\n<\/tbody>\n<\/table>\n<p>[\/vc_column_text][\/vc_column][\/vc_row]<\/p>\n<\/div>","protected":false},"excerpt":{"rendered":"<p>[vc_row][vc_column width=\u00bb1\/2&#8243;][vc_single_image image=\u00bb1056&#8243; img_size=\u00bbfull\u00bb][\/vc_column][vc_column width=\u00bb1\/2&#8243;][vc_column_text] N.\u00ba de producto CON-PH-WB-8 Descripci\u00f3n: Conector para tiras de LED sin soldadura con cable de alimentaci\u00f3n para tiras de LED flexibles de 7,5 mm de ancho Cable de alimentaci\u00f3n: 500 mm Carga m\u00e1xima: 24V \/ 10A Dimensiones: 9&#215;9.2&#215;4.8mm N\u00famero de clavijas: 2 unidades [\/vc_column_text][\/vc_column][\/vc_row]<\/p>\n","protected":false},"author":4,"featured_media":109622,"parent":121317,"menu_order":1,"comment_status":"closed","ping_status":"closed","template":"tpl-product-simple.php","meta":{"footnotes":""},"related":[44],"filter":[257],"acf":[],"aioseo_notices":[],"_links":{"self":[{"href":"https:\/\/www.holectron.com\/es\/wp-json\/wp\/v2\/pages\/121337"}],"collection":[{"href":"https:\/\/www.holectron.com\/es\/wp-json\/wp\/v2\/pages"}],"about":[{"href":"https:\/\/www.holectron.com\/es\/wp-json\/wp\/v2\/types\/page"}],"author":[{"embeddable":true,"href":"https:\/\/www.holectron.com\/es\/wp-json\/wp\/v2\/users\/4"}],"replies":[{"embeddable":true,"href":"https:\/\/www.holectron.com\/es\/wp-json\/wp\/v2\/comments?post=121337"}],"version-history":[{"count":0,"href":"https:\/\/www.holectron.com\/es\/wp-json\/wp\/v2\/pages\/121337\/revisions"}],"up":[{"embeddable":true,"href":"https:\/\/www.holectron.com\/es\/wp-json\/wp\/v2\/pages\/121317"}],"wp:featuredmedia":[{"embeddable":true,"href":"https:\/\/www.holectron.com\/es\/wp-json\/wp\/v2\/media\/109622"}],"wp:attachment":[{"href":"https:\/\/www.holectron.com\/es\/wp-json\/wp\/v2\/media?parent=121337"}],"wp:term":[{"taxonomy":"related","embeddable":true,"href":"https:\/\/www.holectron.com\/es\/wp-json\/wp\/v2\/related?post=121337"},{"taxonomy":"filter","embeddable":true,"href":"https:\/\/www.holectron.com\/es\/wp-json\/wp\/v2\/filter?post=121337"}],"curies":[{"name":"wp","href":"https:\/\/api.w.org\/{rel}","templated":true}]}}