{"id":121332,"date":"2017-05-23T15:00:04","date_gmt":"2017-05-23T13:00:04","guid":{"rendered":"https:\/\/www.holectron.com\/productos\/accesorios\/conectores\/con-ph-ip-3m-conector-macho-ip67-de-cable-a-cable\/"},"modified":"2026-01-15T15:55:01","modified_gmt":"2026-01-15T13:55:01","slug":"con-ph-ip-3m-conector-macho-ip67-de-cable-a-cable","status":"publish","type":"page","link":"https:\/\/www.holectron.com\/es\/productos\/accesorios\/conectores\/con-ph-ip-3m-conector-macho-ip67-de-cable-a-cable\/","title":{"rendered":"CON-PH-IP-3M Conector macho IP67 de cable a cable"},"content":{"rendered":"<div class=\"wpb-content-wrapper\"><p>[vc_row][vc_column width=\u00bb1\/2&#8243;][vc_single_image image=\u00bb2046&#8243; img_size=\u00bbfull\u00bb][\/vc_column][vc_column width=\u00bb1\/2&#8243;][vc_column_text]<\/p>\n<table class=\"table table-hover\">\n<tbody>\n<tr>\n<td><strong>N.\u00ba de producto<\/strong><\/td>\n<td>CON-PH-IP-3M<\/td>\n<\/tr>\n<tr>\n<td><strong>Descripci\u00f3n:<\/strong><\/td>\n<td>cable a cable conector de 3 pines macho IP67<\/td>\n<\/tr>\n<tr>\n<td><strong>Carga m\u00e1xima:<\/strong><\/td>\n<td>60V \/ 4A<\/td>\n<\/tr>\n<tr>\n<td><strong>Dimensiones:<\/strong><\/td>\n<td>\u00d812,5x39mm<\/td>\n<\/tr>\n<tr>\n<td><strong>N\u00famero de clavijas: <\/strong><\/td>\n<td>3 clavijas<\/td>\n<\/tr>\n<tr>\n<td><strong>Cable externo: <\/strong><\/td>\n<td>\u00d82,5mm ~ 5mm<\/td>\n<\/tr>\n<tr>\n<td><strong>Secci\u00f3n del conductor <\/strong><\/td>\n<td>0,25 mm\u00b2 ~ 0,5 mm\u00b2.<\/td>\n<\/tr>\n<\/tbody>\n<\/table>\n<p>[\/vc_column_text][\/vc_column][\/vc_row]<\/p>\n<\/div>","protected":false},"excerpt":{"rendered":"<p>[vc_row][vc_column width=\u00bb1\/2&#8243;][vc_single_image image=\u00bb2046&#8243; img_size=\u00bbfull\u00bb][\/vc_column][vc_column width=\u00bb1\/2&#8243;][vc_column_text] N.\u00ba de producto CON-PH-IP-3M Descripci\u00f3n: cable a cable conector de 3 pines macho IP67 Carga m\u00e1xima: 60V \/ 4A Dimensiones: \u00d812,5x39mm N\u00famero de clavijas: 3 clavijas Cable externo: \u00d82,5mm ~ 5mm Secci\u00f3n del conductor 0,25 mm\u00b2 ~ 0,5 mm\u00b2. [\/vc_column_text][\/vc_column][\/vc_row]<\/p>\n","protected":false},"author":4,"featured_media":109715,"parent":121317,"menu_order":10,"comment_status":"closed","ping_status":"closed","template":"tpl-product-simple.php","meta":{"footnotes":""},"related":[44],"filter":[257],"acf":[],"aioseo_notices":[],"_links":{"self":[{"href":"https:\/\/www.holectron.com\/es\/wp-json\/wp\/v2\/pages\/121332"}],"collection":[{"href":"https:\/\/www.holectron.com\/es\/wp-json\/wp\/v2\/pages"}],"about":[{"href":"https:\/\/www.holectron.com\/es\/wp-json\/wp\/v2\/types\/page"}],"author":[{"embeddable":true,"href":"https:\/\/www.holectron.com\/es\/wp-json\/wp\/v2\/users\/4"}],"replies":[{"embeddable":true,"href":"https:\/\/www.holectron.com\/es\/wp-json\/wp\/v2\/comments?post=121332"}],"version-history":[{"count":0,"href":"https:\/\/www.holectron.com\/es\/wp-json\/wp\/v2\/pages\/121332\/revisions"}],"up":[{"embeddable":true,"href":"https:\/\/www.holectron.com\/es\/wp-json\/wp\/v2\/pages\/121317"}],"wp:featuredmedia":[{"embeddable":true,"href":"https:\/\/www.holectron.com\/es\/wp-json\/wp\/v2\/media\/109715"}],"wp:attachment":[{"href":"https:\/\/www.holectron.com\/es\/wp-json\/wp\/v2\/media?parent=121332"}],"wp:term":[{"taxonomy":"related","embeddable":true,"href":"https:\/\/www.holectron.com\/es\/wp-json\/wp\/v2\/related?post=121332"},{"taxonomy":"filter","embeddable":true,"href":"https:\/\/www.holectron.com\/es\/wp-json\/wp\/v2\/filter?post=121332"}],"curies":[{"name":"wp","href":"https:\/\/api.w.org\/{rel}","templated":true}]}}