{"id":121324,"date":"2016-11-16T13:49:58","date_gmt":"2016-11-16T11:49:58","guid":{"rendered":"https:\/\/www.holectron.com\/productos\/accesorios\/controladores\/dim-ch-usb-dmx-controlador-dmx-autonomo-programable\/"},"modified":"2026-01-15T15:53:07","modified_gmt":"2026-01-15T13:53:07","slug":"dim-ch-usb-dmx-controlador-dmx-autonomo-programable","status":"publish","type":"page","link":"https:\/\/www.holectron.com\/es\/productos\/accesorios\/controladores\/dim-ch-usb-dmx-controlador-dmx-autonomo-programable\/","title":{"rendered":"DIM-CH-USB\/DMX Controlador DMX aut\u00f3nomo programable"},"content":{"rendered":"<div class=\"wpb-content-wrapper\"><p>[vc_row][vc_column width=\u00bb1\/2&#8243;][vc_single_image image=\u00bb1251&#8243; img_size=\u00bbfull\u00bb][\/vc_column][vc_column width=\u00bb1\/2&#8243;][vc_column_text]<\/p>\n<table class=\"table table-hover\">\n<tbody>\n<tr>\n<td><strong>Descripci\u00f3n:<\/strong><\/td>\n<td>DIM-CH-USB\/DMX &#8211; controlador DMX programable<\/td>\n<\/tr>\n<tr>\n<td><strong>Protocolo de regulaci\u00f3n:<\/strong><\/td>\n<td>USB-DMX<\/td>\n<\/tr>\n<tr>\n<td><strong>Tipo:<\/strong><\/td>\n<td>aut\u00f3nomo, programable<\/td>\n<\/tr>\n<tr>\n<td><strong>Salidas:<\/strong><\/td>\n<td>1 salidas<\/td>\n<\/tr>\n<tr>\n<td><strong>Se\u00f1al de salida:<\/strong><\/td>\n<td>DMX<\/td>\n<\/tr>\n<tr>\n<td><strong>Protecci\u00f3n IP:<\/strong><\/td>\n<td>IP20<\/td>\n<\/tr>\n<\/tbody>\n<\/table>\n<p>[\/vc_column_text][\/vc_column][\/vc_row]<\/p>\n<\/div>","protected":false},"excerpt":{"rendered":"<p>[vc_row][vc_column width=\u00bb1\/2&#8243;][vc_single_image image=\u00bb1251&#8243; img_size=\u00bbfull\u00bb][\/vc_column][vc_column width=\u00bb1\/2&#8243;][vc_column_text] Descripci\u00f3n: DIM-CH-USB\/DMX &#8211; controlador DMX programable Protocolo de regulaci\u00f3n: USB-DMX Tipo: aut\u00f3nomo, programable Salidas: 1 salidas Se\u00f1al de salida: DMX Protecci\u00f3n IP: IP20 [\/vc_column_text][\/vc_column][\/vc_row]<\/p>\n","protected":false},"author":4,"featured_media":109636,"parent":121316,"menu_order":0,"comment_status":"closed","ping_status":"closed","template":"tpl-product-simple.php","meta":{"footnotes":""},"related":[56],"filter":[257],"acf":[],"aioseo_notices":[],"_links":{"self":[{"href":"https:\/\/www.holectron.com\/es\/wp-json\/wp\/v2\/pages\/121324"}],"collection":[{"href":"https:\/\/www.holectron.com\/es\/wp-json\/wp\/v2\/pages"}],"about":[{"href":"https:\/\/www.holectron.com\/es\/wp-json\/wp\/v2\/types\/page"}],"author":[{"embeddable":true,"href":"https:\/\/www.holectron.com\/es\/wp-json\/wp\/v2\/users\/4"}],"replies":[{"embeddable":true,"href":"https:\/\/www.holectron.com\/es\/wp-json\/wp\/v2\/comments?post=121324"}],"version-history":[{"count":0,"href":"https:\/\/www.holectron.com\/es\/wp-json\/wp\/v2\/pages\/121324\/revisions"}],"up":[{"embeddable":true,"href":"https:\/\/www.holectron.com\/es\/wp-json\/wp\/v2\/pages\/121316"}],"wp:featuredmedia":[{"embeddable":true,"href":"https:\/\/www.holectron.com\/es\/wp-json\/wp\/v2\/media\/109636"}],"wp:attachment":[{"href":"https:\/\/www.holectron.com\/es\/wp-json\/wp\/v2\/media?parent=121324"}],"wp:term":[{"taxonomy":"related","embeddable":true,"href":"https:\/\/www.holectron.com\/es\/wp-json\/wp\/v2\/related?post=121324"},{"taxonomy":"filter","embeddable":true,"href":"https:\/\/www.holectron.com\/es\/wp-json\/wp\/v2\/filter?post=121324"}],"curies":[{"name":"wp","href":"https:\/\/api.w.org\/{rel}","templated":true}]}}