{"id":121312,"date":"2016-08-02T19:15:10","date_gmt":"2016-08-02T17:15:10","guid":{"rendered":"https:\/\/www.holectron.com\/contactos\/"},"modified":"2026-02-13T08:40:37","modified_gmt":"2026-02-13T06:40:37","slug":"contactos","status":"publish","type":"page","link":"https:\/\/www.holectron.com\/es\/contactos\/","title":{"rendered":"Contactos"},"content":{"rendered":"<div class=\"wpb-content-wrapper\"><p>[vc_row gap=\u00bb30&#8243;][vc_column width=\u00bb1\/4&#8243;][vc_column_text css=\u00bb.vc_custom_1481712841254{margin-top: 0px !important;margin-right: 0px !important;margin-bottom: 0px !important;margin-left: 0px !important;border-top-width: 0px !important;border-right-width: 0px !important;border-bottom-width: 0px !important;border-left-width: 0px !important;padding-top: 0px !important;padding-right: 0px !important;padding-bottom: 15px !important;padding-left: 0px !important;}\u00bb]<\/p>\n<h1>P\u00f3ngase en contacto con nosotros<\/h1>\n<p>[\/vc_column_text][vc_column_text css=\u00bb.vc_custom_1705583361098{margin-top: 0px !important;margin-right: 0px !important;margin-bottom: 0px !important;margin-left: 0px !important;padding-top: 0px !important;padding-right: 0px !important;padding-bottom: 0px !important;padding-left: 0px !important;}\u00bb]<\/p>\n<h3>HOLECTRON<\/h3>\n<p>Salininku str. 84, 02223 Vilnius<br \/>\nLituania<br \/>\nTel: <a href=\"tel:\">+370 612 42446<\/a><br \/>\ne-mail: <a href=\"mailto:info@holectron.com\">info@holectron.com<\/a><br \/>\n<a href=\"http:\/\/www.holectron.com\/\">www.holectron.com<\/a><\/p>\n<p>&nbsp;<\/p>\n<h3>HOLECTRON USA<\/h3>\n<p>Tel: <a href=\"tel:\">+370 636 50772<\/a><br \/>\ne-mail: <a href=\"mailto:info.usa@holectron.com\">eu.n@holectron.com<\/a><\/p>\n<p>&nbsp;<\/p>\n<h3>HOLECTRON CANAD\u00c1<\/h3>\n<p>Tel: <a href=\"tel:\">+370 636 50772<\/a><br \/>\ne-mail: <a href=\"mailto:info.usa@holectron.com\">eu.n@holectron.com<\/a><\/p>\n<p>&nbsp;<\/p>\n<h3>HOLECTRON EUROPA<\/h3>\n<p>Tel: <a href=\"tel:\">+370 622 22199<\/a><br \/>\ne-mail: <a href=\"mailto:info@holectron.com\">info@holectron.com<\/a><\/p>\n<p>&nbsp;<\/p>\n<h3>HOLECTRON UK<\/h3>\n<p>Tel: <a href=\"tel:\">+370 622 22199<\/a><br \/>\ne-mail: <a href=\"mailto:info@holectron.com\">info@holectron.com<\/a><\/p>\n<p>&nbsp;<\/p>\n<h3>HOLECTRON ORIENTE MEDIO<\/h3>\n<p>Tel: <a href=\"tel:\">+20 100 6760544<\/a><br \/>\ne-mail: <a href=\"mailto:info@holectron.com\">info@holectron.com<\/a>[\/vc_column_text][\/vc_column][vc_column width=\u00bb3\/4&#8243; css=\u00bb.vc_custom_1470750349407{padding-bottom: 50px !important;}\u00bb][vc_single_image image=\u00bb1670&#8243; img_size=\u00bbfull\u00bb alignment=\u00bbcenter\u00bb][vc_row_inner gap=\u00bb30&#8243;][vc_column_inner width=\u00bb1\/2&#8243;][\/vc_column_inner][vc_column_inner width=\u00bb1\/2&#8243;][vc_column_text]<\/p>\n<h2>\u00danete a nuestro equipo<\/h2>\n<p>Buscamos un representante de ventas con experiencia en varias regiones del mundo. Si est\u00e1 preparado para asumir retos y poner en pr\u00e1ctica la estrategia de expansi\u00f3n de nuestra empresa, le invitamos a unirse a nuestro equipo de profesionales.<\/p>\n<p>&nbsp;<\/p>\n<p>Env\u00edenos una presentaci\u00f3n y una copia de su curr\u00edculum vitae a:<\/p>\n<p>cv@holectron.com[\/vc_column_text][\/vc_column_inner][\/vc_row_inner][\/vc_column][\/vc_row]<\/p>\n<\/div>","protected":false},"excerpt":{"rendered":"<p>[vc_row gap=\u00bb30&#8243;][vc_column width=\u00bb1\/4&#8243;][vc_column_text css=\u00bb.vc_custom_1481712841254{margin-top: 0px !important;margin-right: 0px !important;margin-bottom: 0px !important;margin-left: 0px !important;border-top-width: 0px !important;border-right-width: 0px !important;border-bottom-width: 0px !important;border-left-width: 0px !important;padding-top: 0px !important;padding-right: 0px !important;padding-bottom: 15px !important;padding-left: 0px !important;}\u00bb] P\u00f3ngase en contacto con nosotros [\/vc_column_text][vc_column_text css=\u00bb.vc_custom_1705583361098{margin-top: 0px !important;margin-right: 0px !important;margin-bottom: 0px !important;margin-left: 0px !important;padding-top: 0px !important;padding-right: 0px !important;padding-bottom: 0px !important;padding-left: 0px !important;}\u00bb] HOLECTRON Salininku str. 84, [&hellip;]<\/p>\n","protected":false},"author":4,"featured_media":0,"parent":0,"menu_order":6,"comment_status":"closed","ping_status":"closed","template":"","meta":{"footnotes":""},"related":[],"filter":[],"acf":[],"aioseo_notices":[],"_links":{"self":[{"href":"https:\/\/www.holectron.com\/es\/wp-json\/wp\/v2\/pages\/121312"}],"collection":[{"href":"https:\/\/www.holectron.com\/es\/wp-json\/wp\/v2\/pages"}],"about":[{"href":"https:\/\/www.holectron.com\/es\/wp-json\/wp\/v2\/types\/page"}],"author":[{"embeddable":true,"href":"https:\/\/www.holectron.com\/es\/wp-json\/wp\/v2\/users\/4"}],"replies":[{"embeddable":true,"href":"https:\/\/www.holectron.com\/es\/wp-json\/wp\/v2\/comments?post=121312"}],"version-history":[{"count":0,"href":"https:\/\/www.holectron.com\/es\/wp-json\/wp\/v2\/pages\/121312\/revisions"}],"wp:attachment":[{"href":"https:\/\/www.holectron.com\/es\/wp-json\/wp\/v2\/media?parent=121312"}],"wp:term":[{"taxonomy":"related","embeddable":true,"href":"https:\/\/www.holectron.com\/es\/wp-json\/wp\/v2\/related?post=121312"},{"taxonomy":"filter","embeddable":true,"href":"https:\/\/www.holectron.com\/es\/wp-json\/wp\/v2\/filter?post=121312"}],"curies":[{"name":"wp","href":"https:\/\/api.w.org\/{rel}","templated":true}]}}