{"id":121249,"date":"2019-06-11T12:36:51","date_gmt":"2019-06-11T10:36:51","guid":{"rendered":"https:\/\/www.holectron.com\/productos\/perfileria-exterior\/perfiles-de-exterior\/ula-l-ip65\/"},"modified":"2026-01-19T11:47:05","modified_gmt":"2026-01-19T09:47:05","slug":"ula-l-ip65","status":"publish","type":"page","link":"https:\/\/www.holectron.com\/es\/productos\/perfileria-exterior\/perfiles-de-exterior\/ula-l-ip65\/","title":{"rendered":"Ula L IP65"},"content":{"rendered":"<div class=\"wpb-content-wrapper\"><p>[vc_row gap=\u00bb30&#8243;][vc_column width=\u00bb1\/2&#8243;][vc_single_image image=\u00bb76022&#8243; img_size=\u00bb680&#215;400&#8243; css=\u00bb.vc_custom_1665381142826{margin-bottom: 10px !important;border-bottom-width: 0px !important;padding-bottom: 0px !important;}\u00bb][vc_column_text]<em>Ula L IP65 instalada en el exterior de la fachada acristalada de la planta baja.<\/em>[\/vc_column_text][\/vc_column][vc_column width=\u00bb1\/2&#8243;][vc_column_text css=\u00bb\u00bb]<span style=\"font-size: 10.5pt;\">Ula L IP65 es una luminaria LED lineal modular con cubierta opal dise\u00f1ada para aplicaciones de iluminaci\u00f3n profesional de exterior de larga duraci\u00f3n.<\/span><\/p>\n<p><span style=\"font-size: 10.5pt;\">Estas luces LED modulares impermeables Ula L IP65 est\u00e1n equipadas con LED NICHIA de la m\u00e1s alta calidad, con una amplia gama de opciones de \u00edndice de reproducci\u00f3n crom\u00e1tica (CRI) y temperatura de color (CCT) para elegir. Los LED NICHIA garantizan una iluminaci\u00f3n de la m\u00e1xima calidad y una eficacia muy elevada.  Esta tira de LED est\u00e1 disponible con 3 Step MacAdam o Single Bin LED. La cubierta de \u00f3palo garantiza un efecto luminoso continuo sin manchas oscuras.<\/span><\/p>\n<p><span style=\"font-size: 10.5pt;\">Cada m\u00f3dulo tiene conectores integrados para una conexi\u00f3n f\u00e1cil y fiable con otros m\u00f3dulos. Los conectores est\u00e1n ocultos en el interior de los m\u00f3dulos y los segmentos se conectan formando una l\u00ednea continua. <\/span>[\/vc_column_text][vc_raw_html css=\u00bb\u00bb]PHN0eWxlPgouYnV0dG9uLW91dGxpbmUgewogIGRpc3BsYXk6IGlubGluZS1ibG9jazsKICB0ZXh0LWRlY29yYXRpb246IG5vbmU7CiAgZm9udC1zaXplOiAxOHB4OwogIGZvbnQtd2VpZ2h0OiA1MDA7CiAgY29sb3I6ICMzMzk5Y2M7CiAgYm9yZGVyOiAycHggc29saWQgIzMzOTljYzsKICBwYWRkaW5nOiAxMHB4IDI0cHg7CiAgYm9yZGVyLXJhZGl1czogOHB4OwogIGJhY2tncm91bmQtY29sb3I6IHRyYW5zcGFyZW50OwogIGJveC1zaXppbmc6IGJvcmRlci1ib3g7CiAgdHJhbnNpdGlvbjogYWxsIDAuM3MgZWFzZTsKICB0ZXh0LWFsaWduOiBjZW50ZXI7Cn0KLmJ1dHRvbi1vdXRsaW5lOmhvdmVyIHsKICBiYWNrZ3JvdW5kLWNvbG9yOiAjYzhlYWZhOwogIGNvbG9yOiAjMzM5OWNjOwp9Cjwvc3R5bGU+Cgo8YSBjbGFzcz0iYnV0dG9uLW91dGxpbmUiIGhyZWY9Imh0dHBzOi8vd3d3LmhvbGVjdHJvbi5jb20vd3AtY29udGVudC91cGxvYWRzL1VMQS1MLUlQNjUtU3BlY2lmaWNhdGlvbi1TaGVldC0yMDI1LTA4LTAyLnBkZiIgdGFyZ2V0PSJfYmxhbmsiIHJlbD0ibm9vcGVuZXIiPgogIEhvamEgZGUgZXNwZWNpZmljYWNpb25lcyAiCjwvYT4=[\/vc_raw_html][vc_single_image source=\u00bbexternal_link\u00bb external_img_size=\u00bb380&#215;33&#8243; css=\u00bb\u00bb custom_src=\u00bbhttps:\/\/www.holectron.com\/wp-content\/uploads\/features-with-etl-1.svg\u00bb el_id=\u00bb0002&#8243;][\/vc_column][\/vc_row]<\/p>\n<\/div>","protected":false},"excerpt":{"rendered":"<p>[vc_row gap=\u00bb30&#8243;][vc_column width=\u00bb1\/2&#8243;][vc_single_image image=\u00bb76022&#8243; img_size=\u00bb680&#215;400&#8243; css=\u00bb.vc_custom_1665381142826{margin-bottom: 10px !important;border-bottom-width: 0px !important;padding-bottom: 0px !important;}\u00bb][vc_column_text]Ula L IP65 instalada en el exterior de la fachada acristalada de la planta baja.[\/vc_column_text][\/vc_column][vc_column width=\u00bb1\/2&#8243;][vc_column_text css=\u00bb\u00bb]Ula L IP65 es una luminaria LED lineal modular con cubierta opal dise\u00f1ada para aplicaciones de iluminaci\u00f3n profesional de exterior de larga duraci\u00f3n. Estas luces LED modulares impermeables [&hellip;]<\/p>\n","protected":false},"author":15,"featured_media":120848,"parent":121242,"menu_order":6,"comment_status":"closed","ping_status":"closed","template":"tpl-product-led.php","meta":{"footnotes":""},"related":[117],"filter":[382,257,265,274,261,317,319],"acf":[],"aioseo_notices":[],"_links":{"self":[{"href":"https:\/\/www.holectron.com\/es\/wp-json\/wp\/v2\/pages\/121249"}],"collection":[{"href":"https:\/\/www.holectron.com\/es\/wp-json\/wp\/v2\/pages"}],"about":[{"href":"https:\/\/www.holectron.com\/es\/wp-json\/wp\/v2\/types\/page"}],"author":[{"embeddable":true,"href":"https:\/\/www.holectron.com\/es\/wp-json\/wp\/v2\/users\/15"}],"replies":[{"embeddable":true,"href":"https:\/\/www.holectron.com\/es\/wp-json\/wp\/v2\/comments?post=121249"}],"version-history":[{"count":0,"href":"https:\/\/www.holectron.com\/es\/wp-json\/wp\/v2\/pages\/121249\/revisions"}],"up":[{"embeddable":true,"href":"https:\/\/www.holectron.com\/es\/wp-json\/wp\/v2\/pages\/121242"}],"wp:featuredmedia":[{"embeddable":true,"href":"https:\/\/www.holectron.com\/es\/wp-json\/wp\/v2\/media\/120848"}],"wp:attachment":[{"href":"https:\/\/www.holectron.com\/es\/wp-json\/wp\/v2\/media?parent=121249"}],"wp:term":[{"taxonomy":"related","embeddable":true,"href":"https:\/\/www.holectron.com\/es\/wp-json\/wp\/v2\/related?post=121249"},{"taxonomy":"filter","embeddable":true,"href":"https:\/\/www.holectron.com\/es\/wp-json\/wp\/v2\/filter?post=121249"}],"curies":[{"name":"wp","href":"https:\/\/api.w.org\/{rel}","templated":true}]}}