{"id":121246,"date":"2025-07-11T15:29:16","date_gmt":"2025-07-11T13:29:16","guid":{"rendered":"https:\/\/www.holectron.com\/productos\/perfileria-exterior\/perfiles-de-exterior\/contorno-ip67\/"},"modified":"2026-01-19T11:47:47","modified_gmt":"2026-01-19T09:47:47","slug":"contorno-ip67","status":"publish","type":"page","link":"https:\/\/www.holectron.com\/es\/productos\/perfileria-exterior\/perfiles-de-exterior\/contorno-ip67\/","title":{"rendered":"Contorno IP67"},"content":{"rendered":"<div class=\"wpb-content-wrapper\"><p>[vc_row gap=\u00bb35&#8243;][vc_column width=\u00bb1\/2&#8243;][vc_single_image image=\u00bb113723&#8243; img_size=\u00bb680&#215;400&#8243; css=\u00bb\u00bb][\/vc_column][vc_column width=\u00bb1\/2&#8243;][vc_column_text css=\u00bb\u00bb]Outline IP67 es una luz LED lineal impermeable no flexible con encapsulado transparente.<\/p>\n<p>Estas luces LED NICHIA IP67 totalmente resistentes al agua est\u00e1n dise\u00f1adas para aplicaciones de iluminaci\u00f3n profesional a largo plazo y se adaptan perfectamente a la iluminaci\u00f3n LED lineal decorativa para exteriores, iluminaci\u00f3n de ensenadas, iluminaci\u00f3n de bordes y muchas m\u00e1s aplicaciones de iluminaci\u00f3n.<\/p>\n<p>Para producir nuestras luces LED lineales IP67 a prueba de agua utilizamos materiales de la m\u00e1s alta calidad, LED NICHIA y sistema de estabilizaci\u00f3n de corriente en el interior. La carcasa de aluminio encapsulado no atrae el polvo ni la suciedad, es f\u00e1cil de limpiar y resistente a los rayos UV.<br \/>Todas estas caracter\u00edsticas garantizan una vida \u00fatil extra larga y un rendimiento estable. <\/p>\n<p>El Outline IP67 Blanco es una opci\u00f3n robusta y de alta calidad para iluminar detalles arquitect\u00f3nicos, ventanas, caminos y bancos.[\/vc_column_text][vc_raw_html css=\u00bb\u00bb]PHN0eWxlPgouYnV0dG9uLW91dGxpbmUgewogIGRpc3BsYXk6IGlubGluZS1ibG9jazsKICB0ZXh0LWRlY29yYXRpb246IG5vbmU7CiAgZm9udC1zaXplOiAxOHB4OwogIGZvbnQtd2VpZ2h0OiA1MDA7CiAgY29sb3I6ICMzMzk5Y2M7CiAgYm9yZGVyOiAycHggc29saWQgIzMzOTljYzsKICBwYWRkaW5nOiAxMHB4IDI0cHg7CiAgYm9yZGVyLXJhZGl1czogOHB4OwogIGJhY2tncm91bmQtY29sb3I6IHRyYW5zcGFyZW50OwogIGJveC1zaXppbmc6IGJvcmRlci1ib3g7CiAgdHJhbnNpdGlvbjogYWxsIDAuM3MgZWFzZTsKICB0ZXh0LWFsaWduOiBjZW50ZXI7Cn0KLmJ1dHRvbi1vdXRsaW5lOmhvdmVyIHsKICBiYWNrZ3JvdW5kLWNvbG9yOiAjYzhlYWZhOwogIGNvbG9yOiAjMzM5OWNjOwp9Cjwvc3R5bGU+Cgo8YSBjbGFzcz0iYnV0dG9uLW91dGxpbmUiIGhyZWY9Imh0dHBzOi8vd3d3LmhvbGVjdHJvbi5jb20vd3AtY29udGVudC91cGxvYWRzL291dGxpbmUtaXA2Ny1TcGVjaWZpY2F0aW9uLVNoZWV0LTIwMjUtMTEtMDEucGRmIiB0YXJnZXQ9Il9ibGFuayIgcmVsPSJub29wZW5lciI+CiAgSG9qYSBkZSBlc3BlY2lmaWNhY2lvbmVzICIKPC9hPg==[\/vc_raw_html][vc_single_image source=\u00bbexternal_link\u00bb external_img_size=\u00bb440&#215;33&#8243; css=\u00bb\u00bb custom_src=\u00bbhttps:\/\/www.holectron.com\/wp-content\/uploads\/featured-ip67-c-1.svg\u00bb][\/vc_column][\/vc_row][vc_row full_width=\u00bbstretch_row\u00bb css=\u00bb.vc_custom_1749104714840{background-color: #f5f5f5 !important;}\u00bb][vc_column][vc_empty_space height=\u00bb40px\u00bb][\/vc_column][\/vc_row][vc_row full_width=\u00bbstretch_row\u00bb gap=\u00bb30&#8243; content_placement=\u00bbtop\u00bb css=\u00bb.vc_custom_1749104805038{background-color: #f5f5f5 !important;}\u00bb][vc_column width=\u00bb1\/2&#8243;][vc_single_image image=\u00bb107974&#8243; img_size=\u00bbfull\u00bb alignment=\u00bbcenter\u00bb css=\u00bb\u00bb][\/vc_column][vc_column width=\u00bb1\/2&#8243;][vc_column_text css=\u00bb\u00bb]<\/p>\n<h2>Dibujo t\u00e9cnico<\/h2>\n<p>[\/vc_column_text][\/vc_column][\/vc_row][vc_row full_width=\u00bbstretch_row\u00bb css=\u00bb.vc_custom_1749104714840{background-color: #f5f5f5 !important;}\u00bb][vc_column][vc_empty_space height=\u00bb40px\u00bb el_id=\u00bb0002&#8243;][\/vc_column][\/vc_row]<\/p>\n<\/div>","protected":false},"excerpt":{"rendered":"<p>[vc_row gap=\u00bb35&#8243;][vc_column width=\u00bb1\/2&#8243;][vc_single_image image=\u00bb113723&#8243; img_size=\u00bb680&#215;400&#8243; css=\u00bb\u00bb][\/vc_column][vc_column width=\u00bb1\/2&#8243;][vc_column_text css=\u00bb\u00bb]Outline IP67 es una luz LED lineal impermeable no flexible con encapsulado transparente. Estas luces LED NICHIA IP67 totalmente resistentes al agua est\u00e1n dise\u00f1adas para aplicaciones de iluminaci\u00f3n profesional a largo plazo y se adaptan perfectamente a la iluminaci\u00f3n LED lineal decorativa para exteriores, iluminaci\u00f3n de ensenadas, iluminaci\u00f3n [&hellip;]<\/p>\n","protected":false},"author":15,"featured_media":120770,"parent":121242,"menu_order":7,"comment_status":"closed","ping_status":"closed","template":"tpl-product-led.php","meta":{"footnotes":""},"related":[105,85],"filter":[382,257,265,280,276,286,290,274,297,261,313,315,317,278,319,282],"acf":[],"aioseo_notices":[],"_links":{"self":[{"href":"https:\/\/www.holectron.com\/es\/wp-json\/wp\/v2\/pages\/121246"}],"collection":[{"href":"https:\/\/www.holectron.com\/es\/wp-json\/wp\/v2\/pages"}],"about":[{"href":"https:\/\/www.holectron.com\/es\/wp-json\/wp\/v2\/types\/page"}],"author":[{"embeddable":true,"href":"https:\/\/www.holectron.com\/es\/wp-json\/wp\/v2\/users\/15"}],"replies":[{"embeddable":true,"href":"https:\/\/www.holectron.com\/es\/wp-json\/wp\/v2\/comments?post=121246"}],"version-history":[{"count":0,"href":"https:\/\/www.holectron.com\/es\/wp-json\/wp\/v2\/pages\/121246\/revisions"}],"up":[{"embeddable":true,"href":"https:\/\/www.holectron.com\/es\/wp-json\/wp\/v2\/pages\/121242"}],"wp:featuredmedia":[{"embeddable":true,"href":"https:\/\/www.holectron.com\/es\/wp-json\/wp\/v2\/media\/120770"}],"wp:attachment":[{"href":"https:\/\/www.holectron.com\/es\/wp-json\/wp\/v2\/media?parent=121246"}],"wp:term":[{"taxonomy":"related","embeddable":true,"href":"https:\/\/www.holectron.com\/es\/wp-json\/wp\/v2\/related?post=121246"},{"taxonomy":"filter","embeddable":true,"href":"https:\/\/www.holectron.com\/es\/wp-json\/wp\/v2\/filter?post=121246"}],"curies":[{"name":"wp","href":"https:\/\/api.w.org\/{rel}","templated":true}]}}