{"id":121245,"date":"2019-07-30T13:12:12","date_gmt":"2019-07-30T11:12:12","guid":{"rendered":"https:\/\/www.holectron.com\/productos\/perfileria-exterior\/perfiles-de-exterior\/sline-ip67\/"},"modified":"2026-01-19T11:48:25","modified_gmt":"2026-01-19T09:48:25","slug":"sline-ip67","status":"publish","type":"page","link":"https:\/\/www.holectron.com\/es\/productos\/perfileria-exterior\/perfiles-de-exterior\/sline-ip67\/","title":{"rendered":"sLine IP67"},"content":{"rendered":"<div class=\"wpb-content-wrapper\"><p>[vc_row gap=\u00bb30&#8243;][vc_column width=\u00bb1\/2&#8243;][vc_single_image image=\u00bb113731&#8243; img_size=\u00bb680&#215;400&#8243; css=\u00bb\u00bb][\/vc_column][vc_column width=\u00bb1\/2&#8243;][vc_column_text]<span style=\"font-size: 10.5pt;\">Con el perfil m\u00e1s peque\u00f1o de todos nuestros productos, la sLine IP67 es ideal para la iluminaci\u00f3n decorativa de exteriores y bordes, y para su uso en ba\u00f1os o cocinas.  <\/span><\/p>\n<p><span style=\"font-size: 10.5pt;\">La sLine IP67 est\u00e1 encapsulada en una carcasa de aluminio resistente al agua y a los rayos UV. Dentro de la carcasa hay LEDs OSRAM fabricados en Alemania junto con un sistema integrado de estabilizaci\u00f3n de corriente.   <\/span><\/p>\n<p><span style=\"font-size: 10.5pt;\">Peque\u00f1a y resistente, la sLine ofrece una soluci\u00f3n vers\u00e1til para una amplia gama de aplicaciones de iluminaci\u00f3n profesional de larga duraci\u00f3n.  <\/span><br \/>\n[\/vc_column_text][vc_raw_html css=\u00bb\u00bb]PHN0eWxlPgouYnV0dG9uLW91dGxpbmUgewogIGRpc3BsYXk6IGlubGluZS1ibG9jazsKICB0ZXh0LWRlY29yYXRpb246IG5vbmU7CiAgZm9udC1zaXplOiAxOHB4OwogIGZvbnQtd2VpZ2h0OiA1MDA7CiAgY29sb3I6ICMzMzk5Y2M7CiAgYm9yZGVyOiAycHggc29saWQgIzMzOTljYzsKICBwYWRkaW5nOiAxMHB4IDI0cHg7CiAgYm9yZGVyLXJhZGl1czogOHB4OwogIGJhY2tncm91bmQtY29sb3I6IHRyYW5zcGFyZW50OwogIGJveC1zaXppbmc6IGJvcmRlci1ib3g7CiAgdHJhbnNpdGlvbjogYWxsIDAuM3MgZWFzZTsKICB0ZXh0LWFsaWduOiBjZW50ZXI7Cn0KLmJ1dHRvbi1vdXRsaW5lOmhvdmVyIHsKICBiYWNrZ3JvdW5kLWNvbG9yOiAjYzhlYWZhOwogIGNvbG9yOiAjMzM5OWNjOwp9Cjwvc3R5bGU+Cgo8YSBjbGFzcz0iYnV0dG9uLW91dGxpbmUiIGhyZWY9Imh0dHBzOi8vd3d3LmhvbGVjdHJvbi5jb20vd3AtY29udGVudC91cGxvYWRzL3NsaW5lLWlwNjctU3BlY2lmaWNhdGlvbi1TaGVldC0yMDI1LTExLTAxLnBkZiIgdGFyZ2V0PSJfYmxhbmsiIHJlbD0ibm9vcGVuZXIiPgogIEhvamEgZGUgZXNwZWNpZmljYWNpb25lcyAiCjwvYT4=[\/vc_raw_html][vc_single_image source=\u00bbexternal_link\u00bb external_img_size=\u00bb440&#215;33&#8243; css=\u00bb\u00bb custom_src=\u00bbhttps:\/\/www.holectron.com\/wp-content\/uploads\/featured-ip67-c-1.svg\u00bb el_id=\u00bb0002&#8243;][\/vc_column][\/vc_row]<\/p>\n<\/div>","protected":false},"excerpt":{"rendered":"<p>[vc_row gap=\u00bb30&#8243;][vc_column width=\u00bb1\/2&#8243;][vc_single_image image=\u00bb113731&#8243; img_size=\u00bb680&#215;400&#8243; css=\u00bb\u00bb][\/vc_column][vc_column width=\u00bb1\/2&#8243;][vc_column_text]Con el perfil m\u00e1s peque\u00f1o de todos nuestros productos, la sLine IP67 es ideal para la iluminaci\u00f3n decorativa de exteriores y bordes, y para su uso en ba\u00f1os o cocinas. La sLine IP67 est\u00e1 encapsulada en una carcasa de aluminio resistente al agua y a los rayos UV. Dentro [&hellip;]<\/p>\n","protected":false},"author":15,"featured_media":120809,"parent":121242,"menu_order":8,"comment_status":"closed","ping_status":"closed","template":"tpl-product.php","meta":{"footnotes":""},"related":[105,85],"filter":[382,257,265,276,286,288,274,295,297,261,311,313],"acf":[],"aioseo_notices":[],"_links":{"self":[{"href":"https:\/\/www.holectron.com\/es\/wp-json\/wp\/v2\/pages\/121245"}],"collection":[{"href":"https:\/\/www.holectron.com\/es\/wp-json\/wp\/v2\/pages"}],"about":[{"href":"https:\/\/www.holectron.com\/es\/wp-json\/wp\/v2\/types\/page"}],"author":[{"embeddable":true,"href":"https:\/\/www.holectron.com\/es\/wp-json\/wp\/v2\/users\/15"}],"replies":[{"embeddable":true,"href":"https:\/\/www.holectron.com\/es\/wp-json\/wp\/v2\/comments?post=121245"}],"version-history":[{"count":0,"href":"https:\/\/www.holectron.com\/es\/wp-json\/wp\/v2\/pages\/121245\/revisions"}],"up":[{"embeddable":true,"href":"https:\/\/www.holectron.com\/es\/wp-json\/wp\/v2\/pages\/121242"}],"wp:featuredmedia":[{"embeddable":true,"href":"https:\/\/www.holectron.com\/es\/wp-json\/wp\/v2\/media\/120809"}],"wp:attachment":[{"href":"https:\/\/www.holectron.com\/es\/wp-json\/wp\/v2\/media?parent=121245"}],"wp:term":[{"taxonomy":"related","embeddable":true,"href":"https:\/\/www.holectron.com\/es\/wp-json\/wp\/v2\/related?post=121245"},{"taxonomy":"filter","embeddable":true,"href":"https:\/\/www.holectron.com\/es\/wp-json\/wp\/v2\/filter?post=121245"}],"curies":[{"name":"wp","href":"https:\/\/api.w.org\/{rel}","templated":true}]}}