{"id":121244,"date":"2019-08-06T16:17:49","date_gmt":"2019-08-06T14:17:49","guid":{"rendered":"https:\/\/www.holectron.com\/productos\/perfileria-exterior\/perfiles-de-exterior\/mline-ip67\/"},"modified":"2026-01-19T11:49:06","modified_gmt":"2026-01-19T09:49:06","slug":"mline-ip67","status":"publish","type":"page","link":"https:\/\/www.holectron.com\/es\/productos\/perfileria-exterior\/perfiles-de-exterior\/mline-ip67\/","title":{"rendered":"mLine IP67"},"content":{"rendered":"<div class=\"wpb-content-wrapper\"><p>[vc_row gap=\u00bb30&#8243;][vc_column width=\u00bb1\/2&#8243;][vc_single_image image=\u00bb113744&#8243; img_size=\u00bb680&#215;400&#8243; css=\u00bb\u00bb][\/vc_column][vc_column width=\u00bb1\/2&#8243;][vc_column_text css=\u00bb\u00bb]<span style=\"font-size: 10.5pt;\">La mLine IP67 es una luminaria LED NICHIA estanca que ofrece una iluminaci\u00f3n directa sin puntos visibles, perfecta para aparcamientos o iluminaci\u00f3n arquitect\u00f3nica.  <\/span><\/p>\n<p><span style=\"font-size: 10.5pt;\">Totalmente encapsulada dentro de una carcasa de aluminio, la mLine es impermeable y resistente a los rayos UV. Esto garantiza que los LED japoneses NICHIA de alta calidad y el sistema interno de estabilizaci\u00f3n de corriente est\u00e9n totalmente protegidos.   <\/span><\/p>\n<p><span style=\"font-size: 10.5pt;\">La mLine es robusta y est\u00e1 preparada para una amplia gama de usos de iluminaci\u00f3n directa en exteriores.<\/span>[\/vc_column_text][vc_raw_html css=\u00bb\u00bb]PHN0eWxlPgouYnV0dG9uLW91dGxpbmUgewogIGRpc3BsYXk6IGlubGluZS1ibG9jazsKICB0ZXh0LWRlY29yYXRpb246IG5vbmU7CiAgZm9udC1zaXplOiAxOHB4OwogIGZvbnQtd2VpZ2h0OiA1MDA7CiAgY29sb3I6ICMzMzk5Y2M7CiAgYm9yZGVyOiAycHggc29saWQgIzMzOTljYzsKICBwYWRkaW5nOiAxMHB4IDI0cHg7CiAgYm9yZGVyLXJhZGl1czogOHB4OwogIGJhY2tncm91bmQtY29sb3I6IHRyYW5zcGFyZW50OwogIGJveC1zaXppbmc6IGJvcmRlci1ib3g7CiAgdHJhbnNpdGlvbjogYWxsIDAuM3MgZWFzZTsKICB0ZXh0LWFsaWduOiBjZW50ZXI7Cn0KLmJ1dHRvbi1vdXRsaW5lOmhvdmVyIHsKICBiYWNrZ3JvdW5kLWNvbG9yOiAjYzhlYWZhOwogIGNvbG9yOiAjMzM5OWNjOwp9Cjwvc3R5bGU+Cgo8YSBjbGFzcz0iYnV0dG9uLW91dGxpbmUiIGhyZWY9Imh0dHBzOi8vd3d3LmhvbGVjdHJvbi5jb20vd3AtY29udGVudC91cGxvYWRzL21MaW5lLUlQNjctU3BlY2lmaWNhdGlvbi1TaGVldC0yMDI1LTExLTAxLnBkZiIgdGFyZ2V0PSJfYmxhbmsiIHJlbD0ibm9vcGVuZXIiPgogIEhvamEgZGUgZXNwZWNpZmljYWNpb25lcyAiCjwvYT4=[\/vc_raw_html][vc_single_image source=\u00bbexternal_link\u00bb external_img_size=\u00bb440&#215;33&#8243; custom_src=\u00bbhttps:\/\/www.holectron.com\/wp-content\/uploads\/featured-ip67-c-1.svg\u00bb][\/vc_column][\/vc_row][vc_row full_width=\u00bbstretch_row\u00bb][vc_column][vc_empty_space height=\u00bb20&#8243;][\/vc_column][\/vc_row][vc_row gap=\u00bb30&#8243;][vc_column width=\u00bb1\/2&#8243;][vc_column_text css=\u00bb\u00bb]<\/p>\n<h2>Principales ventajas<\/h2>\n<ul>\n<li>Luminaria LED estanca IP67 para aplicaciones de iluminaci\u00f3n lineal en exteriores<\/li>\n<li>Carcasa de aluminio con encapsulado opal para una iluminaci\u00f3n sin puntos<\/li>\n<li>Resistente a los rayos UV<\/li>\n<li>Componentes de la m\u00e1s alta calidad, chips LED NICHIA<\/li>\n<li>LEDs MacAdam de 3 pasos<\/li>\n<li>Dise\u00f1o de corriente estabilizada<\/li>\n<li>CRI90+ alto<\/li>\n<li>Regulable<\/li>\n<li>Entrada de tensi\u00f3n continua de 24 V\/48 V<\/li>\n<li>Protecci\u00f3n contra tensi\u00f3n inversa<\/li>\n<\/ul>\n<p>[\/vc_column_text][\/vc_column][vc_column width=\u00bb1\/2&#8243;][vc_single_image image=\u00bb114837&#8243; img_size=\u00bb680&#215;400&#8243; css=\u00bb\u00bb][\/vc_column][\/vc_row][vc_row full_width=\u00bbstretch_row\u00bb css=\u00bb.vc_custom_1756125628795{background-color: #f5f5f5 !important;}\u00bb][vc_column][vc_empty_space height=\u00bb20&#8243;][\/vc_column][\/vc_row][vc_row full_width=\u00bbstretch_row\u00bb gap=\u00bb30&#8243; content_placement=\u00bbmiddle\u00bb css=\u00bb.vc_custom_1756129952418{background-color: #f5f5f5 !important;}\u00bb][vc_column width=\u00bb1\/2&#8243;][vc_single_image image=\u00bb114810&#8243; img_size=\u00bbfull\u00bb css=\u00bb\u00bb][\/vc_column][vc_column width=\u00bb1\/2&#8243;][vc_column_text css=\u00bb\u00bb]<\/p>\n<h2>Dibujos<\/h2>\n<p>[\/vc_column_text][\/vc_column][\/vc_row][vc_row full_width=\u00bbstretch_row\u00bb css=\u00bb.vc_custom_1756125635515{background-color: #f5f5f5 !important;}\u00bb][vc_column][vc_empty_space height=\u00bb20&#8243; el_id=\u00bb0002&#8243;][\/vc_column][\/vc_row]<\/p>\n<\/div>","protected":false},"excerpt":{"rendered":"<p>[vc_row gap=\u00bb30&#8243;][vc_column width=\u00bb1\/2&#8243;][vc_single_image image=\u00bb113744&#8243; img_size=\u00bb680&#215;400&#8243; css=\u00bb\u00bb][\/vc_column][vc_column width=\u00bb1\/2&#8243;][vc_column_text css=\u00bb\u00bb]La mLine IP67 es una luminaria LED NICHIA estanca que ofrece una iluminaci\u00f3n directa sin puntos visibles, perfecta para aparcamientos o iluminaci\u00f3n arquitect\u00f3nica. Totalmente encapsulada dentro de una carcasa de aluminio, la mLine es impermeable y resistente a los rayos UV. Esto garantiza que los LED japoneses NICHIA [&hellip;]<\/p>\n","protected":false},"author":15,"featured_media":120782,"parent":121242,"menu_order":10,"comment_status":"closed","ping_status":"closed","template":"tpl-product-led.php","meta":{"footnotes":""},"related":[98,105],"filter":[382,257,265,280,276,332,274,299,261,313,315,317,278,319,282],"acf":[],"aioseo_notices":[],"_links":{"self":[{"href":"https:\/\/www.holectron.com\/es\/wp-json\/wp\/v2\/pages\/121244"}],"collection":[{"href":"https:\/\/www.holectron.com\/es\/wp-json\/wp\/v2\/pages"}],"about":[{"href":"https:\/\/www.holectron.com\/es\/wp-json\/wp\/v2\/types\/page"}],"author":[{"embeddable":true,"href":"https:\/\/www.holectron.com\/es\/wp-json\/wp\/v2\/users\/15"}],"replies":[{"embeddable":true,"href":"https:\/\/www.holectron.com\/es\/wp-json\/wp\/v2\/comments?post=121244"}],"version-history":[{"count":0,"href":"https:\/\/www.holectron.com\/es\/wp-json\/wp\/v2\/pages\/121244\/revisions"}],"up":[{"embeddable":true,"href":"https:\/\/www.holectron.com\/es\/wp-json\/wp\/v2\/pages\/121242"}],"wp:featuredmedia":[{"embeddable":true,"href":"https:\/\/www.holectron.com\/es\/wp-json\/wp\/v2\/media\/120782"}],"wp:attachment":[{"href":"https:\/\/www.holectron.com\/es\/wp-json\/wp\/v2\/media?parent=121244"}],"wp:term":[{"taxonomy":"related","embeddable":true,"href":"https:\/\/www.holectron.com\/es\/wp-json\/wp\/v2\/related?post=121244"},{"taxonomy":"filter","embeddable":true,"href":"https:\/\/www.holectron.com\/es\/wp-json\/wp\/v2\/filter?post=121244"}],"curies":[{"name":"wp","href":"https:\/\/api.w.org\/{rel}","templated":true}]}}