{"id":121243,"date":"2025-07-09T13:43:24","date_gmt":"2025-07-09T11:43:24","guid":{"rendered":"https:\/\/www.holectron.com\/productos\/perfileria-exterior\/perfiles-de-exterior\/xline-ip67\/"},"modified":"2026-01-19T11:49:49","modified_gmt":"2026-01-19T09:49:49","slug":"xline-ip67","status":"publish","type":"page","link":"https:\/\/www.holectron.com\/es\/productos\/perfileria-exterior\/perfiles-de-exterior\/xline-ip67\/","title":{"rendered":"xLine IP67"},"content":{"rendered":"<div class=\"wpb-content-wrapper\"><p>[vc_row gap=\u00bb30&#8243;][vc_column width=\u00bb1\/2&#8243;][vc_single_image image=\u00bb113755&#8243; img_size=\u00bb680&#215;400&#8243; css=\u00bb\u00bb][\/vc_column][vc_column width=\u00bb1\/2&#8243;][vc_column_text css=\u00bb\u00bb]xLine IP67 es una luminaria LED lineal estanca no flexible con encapsulado opal.<\/p>\n<p>Estas luces LED NICHIA impermeables IP67 est\u00e1n dise\u00f1adas para aplicaciones de iluminaci\u00f3n profesional a largo plazo y se adaptan perfectamente a la iluminaci\u00f3n LED lineal decorativa para exteriores, iluminaci\u00f3n de bordes, iluminaci\u00f3n de ensenadas, iluminaci\u00f3n de bordes y muchas m\u00e1s aplicaciones.<\/p>\n<p>Para estas luces LED lineales impermeables IP67 utilizamos materiales de la m\u00e1s alta calidad, LEDs NICHIA de Jap\u00f3n, sistema de estabilizaci\u00f3n de corriente en el interior. Carcasa de aluminio encapsulado no atrae el polvo y la suciedad, es f\u00e1cil de limpiar y es totalmente resistente a los rayos UV.<br \/>\nTodas estas caracter\u00edsticas garantizan una vida \u00fatil extra larga y un rendimiento estable. <\/p>\n<p>Potente, vers\u00e1til y robusta, la xLine ofrece a los dise\u00f1adores de iluminaci\u00f3n una soluci\u00f3n de iluminaci\u00f3n fiable a largo plazo.[\/vc_column_text][vc_raw_html css=\u00bb\u00bb]PHN0eWxlPgouYnV0dG9uLW91dGxpbmUgewogIGRpc3BsYXk6IGlubGluZS1ibG9jazsKICB0ZXh0LWRlY29yYXRpb246IG5vbmU7CiAgZm9udC1zaXplOiAxOHB4OwogIGZvbnQtd2VpZ2h0OiA1MDA7CiAgY29sb3I6ICMzMzk5Y2M7CiAgYm9yZGVyOiAycHggc29saWQgIzMzOTljYzsKICBwYWRkaW5nOiAxMHB4IDI0cHg7CiAgYm9yZGVyLXJhZGl1czogOHB4OwogIGJhY2tncm91bmQtY29sb3I6IHRyYW5zcGFyZW50OwogIGJveC1zaXppbmc6IGJvcmRlci1ib3g7CiAgdHJhbnNpdGlvbjogYWxsIDAuM3MgZWFzZTsKICB0ZXh0LWFsaWduOiBjZW50ZXI7Cn0KLmJ1dHRvbi1vdXRsaW5lOmhvdmVyIHsKICBiYWNrZ3JvdW5kLWNvbG9yOiAjYzhlYWZhOwogIGNvbG9yOiAjMzM5OWNjOwp9Cjwvc3R5bGU+Cgo8YSBjbGFzcz0iYnV0dG9uLW91dGxpbmUiIGhyZWY9Imh0dHBzOi8vd3d3LmhvbGVjdHJvbi5jb20vd3AtY29udGVudC91cGxvYWRzL3hsaW5lLWlwNjctU3BlY2lmaWNhdGlvbi1TaGVldC0yMDI1LTA4LTI4LnBkZiIgdGFyZ2V0PSJfYmxhbmsiIHJlbD0ibm9vcGVuZXIiPgogIEhvamEgZGUgZXNwZWNpZmljYWNpb25lcyAiCjwvYT4=[\/vc_raw_html][vc_single_image source=\u00bbexternal_link\u00bb external_img_size=\u00bb440&#215;33&#8243; custom_src=\u00bbhttps:\/\/www.holectron.com\/wp-content\/uploads\/featured-ip67-c-1.svg\u00bb][\/vc_column][\/vc_row][vc_row full_width=\u00bbstretch_row\u00bb][vc_column][vc_empty_space height=\u00bb20&#8243;][\/vc_column][\/vc_row][vc_row gap=\u00bb30&#8243;][vc_column width=\u00bb1\/2&#8243;][vc_column_text css=\u00bb\u00bb]<\/p>\n<h2>Principales ventajas<\/h2>\n<ul>\n<li>Luminaria LED estanca IP67 para aplicaciones de iluminaci\u00f3n lineal en exteriores<\/li>\n<li>Carcasa de aluminio con encapsulado opal para una iluminaci\u00f3n sin puntos<\/li>\n<li>Resistente a los rayos UV<\/li>\n<li>Componentes de la m\u00e1s alta calidad, chips LED NICHIA<\/li>\n<li>LEDs MacAdam de 3 pasos<\/li>\n<li>Dise\u00f1o de corriente estabilizada<\/li>\n<li>CRI90+ alto<\/li>\n<li>Regulable<\/li>\n<li>Entrada de tensi\u00f3n continua de 24 V\/48 V<\/li>\n<li>Protecci\u00f3n contra tensi\u00f3n inversa<\/li>\n<\/ul>\n<p>[\/vc_column_text][\/vc_column][vc_column width=\u00bb1\/2&#8243;][vc_single_image image=\u00bb114842&#8243; img_size=\u00bb680&#215;400&#8243; css=\u00bb\u00bb][\/vc_column][\/vc_row][vc_row full_width=\u00bbstretch_row\u00bb css=\u00bb.vc_custom_1756185286894{background-color: #f5f5f5 !important;}\u00bb][vc_column][vc_empty_space height=\u00bb20&#8243;][\/vc_column][\/vc_row][vc_row full_width=\u00bbstretch_row\u00bb css=\u00bb.vc_custom_1756185286894{background-color: #f5f5f5 !important;}\u00bb][vc_column][vc_empty_space height=\u00bb20&#8243;][\/vc_column][\/vc_row][vc_row full_width=\u00bbstretch_row\u00bb gap=\u00bb30&#8243; content_placement=\u00bbmiddle\u00bb css=\u00bb.vc_custom_1756185356171{background-color: #f5f5f5 !important;}\u00bb][vc_column width=\u00bb1\/2&#8243;][vc_single_image image=\u00bb114815&#8243; img_size=\u00bbfull\u00bb css=\u00bb\u00bb][\/vc_column][vc_column width=\u00bb1\/2&#8243;][vc_column_text css=\u00bb\u00bb el_id=\u00bb0002&#8243;]<\/p>\n<h2>Dibujos<\/h2>\n<p>[\/vc_column_text][\/vc_column][\/vc_row]<\/p>\n<\/div>","protected":false},"excerpt":{"rendered":"<p>[vc_row gap=\u00bb30&#8243;][vc_column width=\u00bb1\/2&#8243;][vc_single_image image=\u00bb113755&#8243; img_size=\u00bb680&#215;400&#8243; css=\u00bb\u00bb][\/vc_column][vc_column width=\u00bb1\/2&#8243;][vc_column_text css=\u00bb\u00bb]xLine IP67 es una luminaria LED lineal estanca no flexible con encapsulado opal. Estas luces LED NICHIA impermeables IP67 est\u00e1n dise\u00f1adas para aplicaciones de iluminaci\u00f3n profesional a largo plazo y se adaptan perfectamente a la iluminaci\u00f3n LED lineal decorativa para exteriores, iluminaci\u00f3n de bordes, iluminaci\u00f3n de ensenadas, iluminaci\u00f3n [&hellip;]<\/p>\n","protected":false},"author":15,"featured_media":120806,"parent":121242,"menu_order":9,"comment_status":"closed","ping_status":"closed","template":"tpl-product-led.php","meta":{"footnotes":""},"related":[98,105],"filter":[382,257,265,280,276,293,274,303,261,313,315,317,278,319,282],"acf":[],"aioseo_notices":[],"_links":{"self":[{"href":"https:\/\/www.holectron.com\/es\/wp-json\/wp\/v2\/pages\/121243"}],"collection":[{"href":"https:\/\/www.holectron.com\/es\/wp-json\/wp\/v2\/pages"}],"about":[{"href":"https:\/\/www.holectron.com\/es\/wp-json\/wp\/v2\/types\/page"}],"author":[{"embeddable":true,"href":"https:\/\/www.holectron.com\/es\/wp-json\/wp\/v2\/users\/15"}],"replies":[{"embeddable":true,"href":"https:\/\/www.holectron.com\/es\/wp-json\/wp\/v2\/comments?post=121243"}],"version-history":[{"count":0,"href":"https:\/\/www.holectron.com\/es\/wp-json\/wp\/v2\/pages\/121243\/revisions"}],"up":[{"embeddable":true,"href":"https:\/\/www.holectron.com\/es\/wp-json\/wp\/v2\/pages\/121242"}],"wp:featuredmedia":[{"embeddable":true,"href":"https:\/\/www.holectron.com\/es\/wp-json\/wp\/v2\/media\/120806"}],"wp:attachment":[{"href":"https:\/\/www.holectron.com\/es\/wp-json\/wp\/v2\/media?parent=121243"}],"wp:term":[{"taxonomy":"related","embeddable":true,"href":"https:\/\/www.holectron.com\/es\/wp-json\/wp\/v2\/related?post=121243"},{"taxonomy":"filter","embeddable":true,"href":"https:\/\/www.holectron.com\/es\/wp-json\/wp\/v2\/filter?post=121243"}],"curies":[{"name":"wp","href":"https:\/\/api.w.org\/{rel}","templated":true}]}}