{"id":121191,"date":"2021-03-03T13:54:20","date_gmt":"2021-03-03T11:54:20","guid":{"rendered":"https:\/\/www.holectron.com\/aqua-blanco-blanco-sintonizable-rgb-rgbw\/aqua-white-tiras-de-luz-led-flexibles-para-exteriores\/"},"modified":"2026-01-16T16:15:15","modified_gmt":"2026-01-16T14:15:15","slug":"aqua-white-tiras-de-luz-led-flexibles-para-exteriores","status":"publish","type":"page","link":"https:\/\/www.holectron.com\/es\/productos\/exterior-flexible\/tiras-led-flexibles-para-exterior\/aqua-blanco-blanco-sintonizable-rgb-rgbw\/aqua-white-tiras-de-luz-led-flexibles-para-exteriores\/","title":{"rendered":"Aqua White &#8211; Tiras de luz LED flexibles para exteriores"},"content":{"rendered":"<div class=\"wpb-content-wrapper\"><p>[vc_row][vc_column][vc_single_image source=\u00bbexternal_link\u00bb external_img_size=\u00bb230&#215;26&#8243; css=\u00bb.vc_custom_1716188154402{margin-bottom: 10px !important;border-bottom-width: 0px !important;padding-bottom: 0px !important;}\u00bb custom_src=\u00bbhttps:\/\/www.holectron.com\/wp-content\/uploads\/information-updates5.svg\u00bb][vc_separator color=\u00bbblack\u00bb css=\u00bb.vc_custom_1716187851480{margin-top: 0px !important;margin-bottom: 0px !important;border-top-width: 0px !important;border-bottom-width: 0px !important;padding-top: 0px !important;}\u00bb][vc_tta_accordion section_title_tag=\u00bbp\u00bb shape=\u00bbsquare\u00bb spacing=\u00bb1&#8243; c_icon=\u00bbchevron\u00bb active_section=\u00bb50&#8243; no_fill=\u00bbtrue\u00bb collapsible_all=\u00bbtrue\u00bb css=\u00bb.vc_custom_1721973217989{margin-top: 1px !important;border-top-width: 0px !important;padding-top: 0px !important;background-color: #f5f5f5 !important;}\u00bb][vc_tta_section title=\u00bb2024.05.17 | Aqua 48V &#8211; Mayor longitud y flexibilidad para sus proyectos\u00bb tab_id=\u00bb2024-05-17-aqua-48v47e2-ef24&#8243;][vc_row_inner content_placement=\u00bbmiddle\u00bb gap=\u00bb30&#8243;][vc_column_inner width=\u00bb1\/2&#8243;][vc_single_image image=\u00bb97664&#8243; img_size=\u00bb680&#215;400&#8243; alignment=\u00bbcenter\u00bb][\/vc_column_inner][vc_column_inner width=\u00bb1\/2&#8243;][vc_column_text css=\u00bb\u00bb]<\/p>\n<h2>Aqua 48V<\/h2>\n<p>Nos complace anunciar el lanzamiento de la nueva <strong>Aqua 48V<\/strong>, una versi\u00f3n avanzada de nuestra tira de LED para exteriores. El modelo de 48 V puede alcanzar ahora los<strong> 28,5 metros<\/strong> de longitud sin que se produzca ninguna ca\u00edda de luz, mientras que el modelo de 24 V s\u00f3lo alcanzaba los 13 metros. Este desarrollo permite una cobertura de iluminaci\u00f3n mayor y m\u00e1s continua para entornos exteriores amplios, ideal para grandes propiedades comerciales y largas pasarelas.[\/vc_column_text][\/vc_column_inner][\/vc_row_inner][vc_separator][\/vc_tta_section][\/vc_tta_accordion][vc_empty_space height=\u00bb40&#8243;][\/vc_column][\/vc_row][vc_row gap=\u00bb30&#8243; content_placement=\u00bbtop\u00bb][vc_column width=\u00bb1\/2&#8243;][vc_single_image image=\u00bb97642&#8243; img_size=\u00bb680&#215;400&#8243;][\/vc_column][vc_column width=\u00bb1\/2&#8243;][vc_column_text]<\/p>\n<h2>Aqua 24V \/ 48V<\/h2>\n<p>&nbsp;<\/p>\n<p>Las tiras LED flexibles impermeables AQUA White est\u00e1n dise\u00f1adas para aplicaciones de iluminaci\u00f3n profesional a largo plazo y se adaptan perfectamente a la iluminaci\u00f3n LED lineal decorativa para exteriores, iluminaci\u00f3n de ensenadas, aplicaciones curvas, iluminaci\u00f3n de bordes y muchas m\u00e1s aplicaciones.<\/p>\n<p>Para estas tiras LED flexibles impermeables IP67 utilizamos materiales de la m\u00e1s alta calidad, LEDs NICHIA de Jap\u00f3n, sistema de estabilizaci\u00f3n de corriente en el interior. La carcasa no atrae el polvo ni la suciedad, es f\u00e1cil de limpiar y es totalmente resistente a los rayos UV, as\u00ed como a la sal y a los disolventes. <\/p>\n<p>Su peque\u00f1o tama\u00f1o y radio de curvatura, combinados con un dise\u00f1o resistente, lo convierten en una opci\u00f3n fiable y vers\u00e1til a largo plazo para la iluminaci\u00f3n creativa de exteriores.<\/p>\n<p>Esta tira de LED est\u00e1 disponible con 3 Step MacAdam o Single Bin LED.[\/vc_column_text][vc_single_image source=\u00bbexternal_link\u00bb external_img_size=\u00bb440&#215;33&#8243; custom_src=\u00bbhttps:\/\/www.holectron.com\/wp-content\/uploads\/featured-ip67-c-1.svg\u00bb][\/vc_column][\/vc_row][vc_row][vc_column][vc_empty_space height=\u00bb60&#8243; el_id=\u00bb1001&#8243;][\/vc_column][\/vc_row][vc_row full_width=\u00bbstretch_row\u00bb css=\u00bb.vc_custom_1716188709015{background-color: #f5f5f5 !important;}\u00bb][vc_column][vc_column_text]<\/p>\n<h2>Principales ventajas<\/h2>\n<p>&nbsp;<\/p>\n<p>\u25a0 Tira de LED impermeable IP67<br \/>\n\u25a0 Para aplicaciones de iluminaci\u00f3n exterior<br \/>\n\u25a0 Entrada de tensi\u00f3n de CC de 24 V y 48 V<br \/>\n\u25a0 LED MacAdam de 3 pasos o LED de cubeta \u00fanica<br \/>\n\u25a0 Carcasa transparente<br \/>\n\u25a0 Resistente a los rayos UV, la sal y los disolventes<br \/>\n\u25a0 Componentes de la m\u00e1xima calidad, chips de LED NICHIA<br \/>\n\u25a0 Dise\u00f1o de corriente estabilizada<br \/>\n\u25a0 Regulable<br \/>\n\u25a0 Protecci\u00f3n contra tensi\u00f3n inversa.[\/vc_column_text][vc_empty_space height=\u00bb40&#8243;][\/vc_column][\/vc_row]<\/p>\n<\/div>","protected":false},"excerpt":{"rendered":"<p>[vc_row][vc_column][vc_single_image source=\u00bbexternal_link\u00bb external_img_size=\u00bb230&#215;26&#8243; css=\u00bb.vc_custom_1716188154402{margin-bottom: 10px !important;border-bottom-width: 0px !important;padding-bottom: 0px !important;}\u00bb custom_src=\u00bbhttps:\/\/www.holectron.com\/wp-content\/uploads\/information-updates5.svg\u00bb][vc_separator color=\u00bbblack\u00bb css=\u00bb.vc_custom_1716187851480{margin-top: 0px !important;margin-bottom: 0px !important;border-top-width: 0px !important;border-bottom-width: 0px !important;padding-top: 0px !important;}\u00bb][vc_tta_accordion section_title_tag=\u00bbp\u00bb shape=\u00bbsquare\u00bb spacing=\u00bb1&#8243; c_icon=\u00bbchevron\u00bb active_section=\u00bb50&#8243; no_fill=\u00bbtrue\u00bb collapsible_all=\u00bbtrue\u00bb css=\u00bb.vc_custom_1721973217989{margin-top: 1px !important;border-top-width: 0px !important;padding-top: 0px !important;background-color: #f5f5f5 !important;}\u00bb][vc_tta_section title=\u00bb2024.05.17 | Aqua 48V &#8211; Mayor longitud y flexibilidad para sus proyectos\u00bb tab_id=\u00bb2024-05-17-aqua-48v47e2-ef24&#8243;][vc_row_inner content_placement=\u00bbmiddle\u00bb gap=\u00bb30&#8243;][vc_column_inner width=\u00bb1\/2&#8243;][vc_single_image [&hellip;]<\/p>\n","protected":false},"author":15,"featured_media":114550,"parent":121176,"menu_order":0,"comment_status":"closed","ping_status":"closed","template":"tpl-product-led.php","meta":{"footnotes":""},"related":[121],"filter":[257,259,265,276,270,261],"acf":[],"aioseo_notices":[],"_links":{"self":[{"href":"https:\/\/www.holectron.com\/es\/wp-json\/wp\/v2\/pages\/121191"}],"collection":[{"href":"https:\/\/www.holectron.com\/es\/wp-json\/wp\/v2\/pages"}],"about":[{"href":"https:\/\/www.holectron.com\/es\/wp-json\/wp\/v2\/types\/page"}],"author":[{"embeddable":true,"href":"https:\/\/www.holectron.com\/es\/wp-json\/wp\/v2\/users\/15"}],"replies":[{"embeddable":true,"href":"https:\/\/www.holectron.com\/es\/wp-json\/wp\/v2\/comments?post=121191"}],"version-history":[{"count":0,"href":"https:\/\/www.holectron.com\/es\/wp-json\/wp\/v2\/pages\/121191\/revisions"}],"up":[{"embeddable":true,"href":"https:\/\/www.holectron.com\/es\/wp-json\/wp\/v2\/pages\/121176"}],"wp:featuredmedia":[{"embeddable":true,"href":"https:\/\/www.holectron.com\/es\/wp-json\/wp\/v2\/media\/114550"}],"wp:attachment":[{"href":"https:\/\/www.holectron.com\/es\/wp-json\/wp\/v2\/media?parent=121191"}],"wp:term":[{"taxonomy":"related","embeddable":true,"href":"https:\/\/www.holectron.com\/es\/wp-json\/wp\/v2\/related?post=121191"},{"taxonomy":"filter","embeddable":true,"href":"https:\/\/www.holectron.com\/es\/wp-json\/wp\/v2\/filter?post=121191"}],"curies":[{"name":"wp","href":"https:\/\/api.w.org\/{rel}","templated":true}]}}