{"id":121186,"date":"2022-07-05T15:39:05","date_gmt":"2022-07-05T13:39:05","guid":{"rendered":"https:\/\/www.holectron.com\/atlantis-side-g2-blanco-tw-rgb\/atlantis-side-g2-rgb-lineas-led-nichia-flexibles-para-exteriores\/"},"modified":"2026-01-16T16:25:50","modified_gmt":"2026-01-16T14:25:50","slug":"atlantis-side-g2-rgb-lineas-led-nichia-flexibles-para-exteriores","status":"publish","type":"page","link":"https:\/\/www.holectron.com\/es\/productos\/exterior-flexible\/tiras-led-flexibles-para-exterior\/atlantis-side-g2-blanco-tw-rgb\/atlantis-side-g2-rgb-lineas-led-nichia-flexibles-para-exteriores\/","title":{"rendered":"Atlantis Side G2 RGB &#8211; L\u00edneas LED NICHIA flexibles para exteriores"},"content":{"rendered":"<div class=\"wpb-content-wrapper\"><p>[vc_row gap=\u00bb30&#8243;][vc_column width=\u00bb1\/2&#8243;][vc_video link=\u00bbhttps:\/\/youtu.be\/I2LMPtsr860&#8243; css=\u00bb\u00bb][\/vc_column][vc_column width=\u00bb1\/2&#8243;][vc_column_text]Nuestras l\u00edneas LED <strong>Atlantis Side G2 RGB<\/strong> plegables IP67 han sido dise\u00f1adas para proyectos de iluminaci\u00f3n exterior que necesitan una soluci\u00f3n de iluminaci\u00f3n creativa y flexible.<\/p>\n<p>Con una carcasa de poliuretano flexible, Atlantis G2 puede ajustarse a la geometr\u00eda org\u00e1nica de las fachadas y estructuras de los edificios, al tiempo que garantiza un efecto de luz uniforme.<\/p>\n<p>Totalmente encapsuladas y protegidas de los elementos, estas tiras de LED de alta calidad est\u00e1n dise\u00f1adas para aplicaciones profesionales de larga duraci\u00f3n.[\/vc_column_text][vc_single_image source=\u00bbexternal_link\u00bb external_img_size=\u00bb380&#215;33&#8243; custom_src=\u00bbhttps:\/\/www.holectron.com\/wp-content\/uploads\/featured-ip67-c-1.svg\u00bb][\/vc_column][\/vc_row][vc_row][vc_column][vc_empty_space height=\u00bb60&#8243;][vc_column_text]<\/p>\n<h2 style=\"text-align: center;\">Innovaciones Atlantis G2<\/h2>\n<p>[\/vc_column_text][vc_empty_space height=\u00bb40px\u00bb][\/vc_column][\/vc_row][vc_row gap=\u00bb30&#8243; content_placement=\u00bbmiddle\u00bb][vc_column offset=\u00bbvc_hidden-lg vc_hidden-md vc_hidden-sm\u00bb][vc_single_image image=\u00bb73515&#8243; img_size=\u00bb680&#215;400&#8243;][\/vc_column][\/vc_row][vc_row gap=\u00bb30&#8243; content_placement=\u00bbmiddle\u00bb][vc_column width=\u00bb1\/2&#8243;][vc_column_text]<\/p>\n<h2>Discreto:<\/h2>\n<p>Con un tama\u00f1o de 14 x 16 mm, la segunda generaci\u00f3n de Atlantis es m\u00e1s delgada que antes, pero conserva todas las ventajas de la Atlantis original.[\/vc_column_text][\/vc_column][vc_column width=\u00bb1\/2&#8243; offset=\u00bbvc_hidden-xs\u00bb][vc_single_image image=\u00bb73515&#8243; img_size=\u00bb680&#215;400&#8243;][\/vc_column][\/vc_row][vc_row][vc_column][vc_empty_space height=\u00bb40px\u00bb][\/vc_column][\/vc_row][vc_row gap=\u00bb30&#8243; content_placement=\u00bbmiddle\u00bb][vc_column width=\u00bb1\/2&#8243;][vc_single_image image=\u00bb71200&#8243; img_size=\u00bb680&#215;400&#8243;][\/vc_column][vc_column width=\u00bb1\/2&#8243;][vc_column_text]<\/p>\n<h2>Genial:<\/h2>\n<p>El perfil externo redise\u00f1ado presenta ranuras laterales adicionales para facilitar la instalaci\u00f3n y mejorar la retenci\u00f3n.[\/vc_column_text][\/vc_column][\/vc_row][vc_row][vc_column][vc_empty_space height=\u00bb40px\u00bb][\/vc_column][\/vc_row][vc_row gap=\u00bb30&#8243; content_placement=\u00bbmiddle\u00bb][vc_column offset=\u00bbvc_hidden-lg vc_hidden-md vc_hidden-sm\u00bb][vc_single_image image=\u00bb71202&#8243; img_size=\u00bb680&#215;400&#8243;][\/vc_column][\/vc_row][vc_row gap=\u00bb30&#8243; content_placement=\u00bbmiddle\u00bb][vc_column width=\u00bb1\/2&#8243;][vc_column_text]<\/p>\n<h2>Infinito:<\/h2>\n<p>La nueva forma de la tapa facilita a\u00fan m\u00e1s la conexi\u00f3n de varias unidades para crear l\u00edneas de luz continuas.[\/vc_column_text][\/vc_column][vc_column width=\u00bb1\/2&#8243; offset=\u00bbvc_hidden-xs\u00bb][vc_single_image image=\u00bb71202&#8243; img_size=\u00bb680&#215;400&#8243;][\/vc_column][\/vc_row][vc_row][vc_column][vc_empty_space height=\u00bb40px\u00bb][\/vc_column][\/vc_row][vc_row gap=\u00bb30&#8243; content_placement=\u00bbmiddle\u00bb][vc_column width=\u00bb1\/4&#8243; offset=\u00bbvc_col-lg-3 vc_col-md-3 vc_col-xs-6&#8243;][vc_single_image image=\u00bb71201&#8243; img_size=\u00bb400&#215;400&#8243;][\/vc_column][vc_column width=\u00bb1\/4&#8243; offset=\u00bbvc_col-lg-3 vc_col-md-3 vc_col-xs-6&#8243;][vc_single_image image=\u00bb99929&#8243; img_size=\u00bbfull\u00bb][\/vc_column][vc_column width=\u00bb1\/2&#8243; offset=\u00bbvc_col-lg-6 vc_col-md-6 vc_col-xs-12&#8243;][vc_column_text]<\/p>\n<h2>Fiable:<\/h2>\n<p>Los clips de montaje redise\u00f1ados, junto con el nuevo perfil exterior Atlantis, constituyen una soluci\u00f3n de montaje sin fisuras.[\/vc_column_text][\/vc_column][\/vc_row][vc_row][vc_column][vc_empty_space height=\u00bb40px\u00bb][\/vc_column][\/vc_row][vc_row gap=\u00bb30&#8243; content_placement=\u00bbmiddle\u00bb][vc_column offset=\u00bbvc_hidden-lg vc_hidden-md vc_hidden-sm\u00bb][vc_single_image image=\u00bb71199&#8243; img_size=\u00bb680&#215;400&#8243;][\/vc_column][\/vc_row][vc_row gap=\u00bb30&#8243; content_placement=\u00bbmiddle\u00bb][vc_column width=\u00bb1\/2&#8243;][vc_column_text]<\/p>\n<h2>Impermeable:<\/h2>\n<p>impermeable y resistente a la suciedad y al polvo gracias a los nuevos materiales mejorados[\/vc_column_text][\/vc_column][vc_column width=\u00bb1\/2&#8243; offset=\u00bbvc_hidden-xs\u00bb][vc_single_image image=\u00bb71199&#8243; img_size=\u00bb680&#215;400&#8243;][\/vc_column][\/vc_row][vc_row][vc_column][vc_empty_space height=\u00bb40px\u00bb][\/vc_column][\/vc_row][vc_row gap=\u00bb30&#8243; content_placement=\u00bbmiddle\u00bb][vc_column width=\u00bb1\/2&#8243;][vc_single_image image=\u00bb71203&#8243; img_size=\u00bb680&#215;400&#8243;][\/vc_column][vc_column width=\u00bb1\/2&#8243;][vc_column_text]<\/p>\n<h2>Vers\u00e1til:<\/h2>\n<p>Las versiones Top y Side, de id\u00e9nticas dimensiones, permiten combinar curvas verticales y horizontales en una misma l\u00ednea.[\/vc_column_text][\/vc_column][\/vc_row][vc_row][vc_column][vc_empty_space height=\u00bb40px\u00bb][\/vc_column][\/vc_row][vc_row][vc_column][vc_empty_space height=\u00bb60&#8243;][vc_column_text]<\/p>\n<h2 style=\"text-align: center;\">Inspiraci\u00f3n<\/h2>\n<p>[\/vc_column_text][\/vc_column][\/vc_row][vc_row gap=\u00bb30&#8243; content_placement=\u00bbmiddle\u00bb][vc_column offset=\u00bbvc_hidden-lg vc_hidden-md vc_hidden-sm\u00bb][vc_single_image image=\u00bb56625&#8243; img_size=\u00bb680&#215;400&#8243;][\/vc_column][\/vc_row][vc_row gap=\u00bb30&#8243; content_placement=\u00bbmiddle\u00bb][vc_column width=\u00bb1\/2&#8243;][vc_column_text]<\/p>\n<h2>Iluminaci\u00f3n de pasillos<\/h2>\n<p>Paisajes de luces sorprendentes y experiencias extraordinarias. Atlantis RGB es todo lo que hace falta. <\/p>\n<p><strong>Producto:<\/strong> Atlantis RGB \/ Atlantis 9W ROJO \/ Atlantis 9W AZUL[\/vc_column_text][\/vc_column][vc_column width=\u00bb1\/2&#8243; offset=\u00bbvc_hidden-xs\u00bb][vc_single_image image=\u00bb56625&#8243; img_size=\u00bb680&#215;400&#8243;][\/vc_column][\/vc_row][vc_row][vc_column][vc_empty_space height=\u00bb40px\u00bb][\/vc_column][\/vc_row][vc_row gap=\u00bb30&#8243; content_placement=\u00bbmiddle\u00bb][vc_column width=\u00bb1\/2&#8243;][vc_single_image image=\u00bb56621&#8243; img_size=\u00bb680&#215;400&#8243;][\/vc_column][vc_column width=\u00bb1\/2&#8243;][vc_column_text]<\/p>\n<h2>Iluminaci\u00f3n de yates<\/h2>\n<p>Iluminaci\u00f3n decorativa para embarcaciones, flexible y din\u00e1mica. Completamente encapsulada para mantener alejada la humedad. <\/p>\n<p>Productos: Atlantis RGB \/ Aqua RGB[\/vc_column_text][\/vc_column][\/vc_row][vc_row][vc_column][vc_empty_space height=\u00bb40px\u00bb][\/vc_column][\/vc_row][vc_row gap=\u00bb30&#8243; content_placement=\u00bbmiddle\u00bb][vc_column offset=\u00bbvc_hidden-lg vc_hidden-md vc_hidden-sm\u00bb][vc_single_image image=\u00bb56623&#8243; img_size=\u00bb680&#215;400&#8243;][\/vc_column][\/vc_row][vc_row gap=\u00bb30&#8243; content_placement=\u00bbmiddle\u00bb][vc_column width=\u00bb1\/2&#8243;][vc_column_text]<\/p>\n<h2>Iluminaci\u00f3n de acento<\/h2>\n<p>Las ideas de iluminaci\u00f3n modernas cobran vida sin esfuerzo con la minimalista tira LED Atlantis.<\/p>\n<p><strong>Producto:<\/strong> Atlantis RGB[\/vc_column_text][\/vc_column][vc_column width=\u00bb1\/2&#8243; offset=\u00bbvc_hidden-xs\u00bb][vc_single_image image=\u00bb56623&#8243; img_size=\u00bb680&#215;400&#8243;][\/vc_column][\/vc_row][vc_row][vc_column][vc_empty_space height=\u00bb40px\u00bb][\/vc_column][\/vc_row][vc_row gap=\u00bb30&#8243; content_placement=\u00bbmiddle\u00bb][vc_column width=\u00bb1\/2&#8243;][vc_single_image image=\u00bb56618&#8243; img_size=\u00bb680&#215;400&#8243;][\/vc_column][vc_column width=\u00bb1\/2&#8243;][vc_column_text]<\/p>\n<h2>Iluminaci\u00f3n de fachadas<\/h2>\n<p>Atlantis crea un efecto tridimensional al reproducir los contornos y tonos de color de la fachada.<\/p>\n<p><strong>Producto:<\/strong> Atlantis RGB[\/vc_column_text][\/vc_column][\/vc_row][vc_row][vc_column][vc_empty_space height=\u00bb40px\u00bb][\/vc_column][\/vc_row][vc_row content_placement=\u00bbmiddle\u00bb css=\u00bb.vc_custom_1658389954091{margin-top: 0px !important;margin-right: 0px !important;margin-bottom: 0px !important;margin-left: 0px !important;border-top-width: 0px !important;border-right-width: 0px !important;border-bottom-width: 0px !important;border-left-width: 0px !important;padding-top: 0px !important;padding-right: 0px !important;padding-bottom: 0px !important;padding-left: 0px !important;}\u00bb][vc_column width=\u00bb1\/5&#8243; offset=\u00bbvc_col-lg-1\/5 vc_col-md-1\/5 vc_col-xs-6&#8243; css=\u00bb.vc_custom_1658389896757{margin-top: 0px !important;margin-right: 0px !important;margin-bottom: 0px !important;margin-left: 0px !important;border-top-width: 0px !important;border-right-width: 0px !important;border-bottom-width: 0px !important;border-left-width: 0px !important;padding-top: 0px !important;padding-right: 0px !important;padding-bottom: 0px !important;padding-left: 0px !important;}\u00bb][vc_single_image image=\u00bb73336&#8243; img_size=\u00bb600&#215;600&#8243; alignment=\u00bbcenter\u00bb onclick=\u00bbimg_link_large\u00bb][\/vc_column][vc_column width=\u00bb1\/5&#8243; css=\u00bb.vc_custom_1658389683277{margin-top: 0px !important;margin-right: 0px !important;margin-bottom: 0px !important;margin-left: 0px !important;border-top-width: 0px !important;border-right-width: 0px !important;border-bottom-width: 0px !important;border-left-width: 0px !important;padding-top: 0px !important;padding-right: 0px !important;padding-bottom: 0px !important;padding-left: 0px !important;}\u00bb offset=\u00bbvc_col-lg-1\/5 vc_col-md-1\/5 vc_col-xs-6&#8243;][vc_single_image image=\u00bb73341&#8243; img_size=\u00bb600&#215;600&#8243; alignment=\u00bbcenter\u00bb onclick=\u00bbimg_link_large\u00bb][\/vc_column][vc_column width=\u00bb1\/5&#8243; css=\u00bb.vc_custom_1658389708431{margin-top: 0px !important;margin-right: 0px !important;margin-bottom: 0px !important;margin-left: 0px !important;border-top-width: 0px !important;border-right-width: 0px !important;border-bottom-width: 0px !important;border-left-width: 0px !important;padding-top: 0px !important;padding-right: 0px !important;padding-bottom: 0px !important;padding-left: 0px !important;}\u00bb offset=\u00bbvc_col-lg-1\/5 vc_col-md-1\/5 vc_col-xs-6&#8243;][vc_single_image image=\u00bb73340&#8243; img_size=\u00bb600&#215;600&#8243; alignment=\u00bbcenter\u00bb onclick=\u00bbimg_link_large\u00bb][\/vc_column][vc_column width=\u00bb1\/5&#8243; css=\u00bb.vc_custom_1658389767917{margin-top: 0px !important;margin-right: 0px !important;margin-bottom: 0px !important;margin-left: 0px !important;border-top-width: 0px !important;border-right-width: 0px !important;border-bottom-width: 0px !important;border-left-width: 0px !important;padding-top: 0px !important;padding-right: 0px !important;padding-bottom: 0px !important;padding-left: 0px !important;}\u00bb offset=\u00bbvc_col-lg-1\/5 vc_col-md-1\/5 vc_col-xs-6&#8243;][vc_single_image image=\u00bb73344&#8243; img_size=\u00bb600&#215;600&#8243; alignment=\u00bbcenter\u00bb onclick=\u00bbimg_link_large\u00bb][\/vc_column][vc_column width=\u00bb1\/5&#8243; css=\u00bb.vc_custom_1658389789057{margin-top: 0px !important;margin-right: 0px !important;margin-bottom: 0px !important;margin-left: 0px !important;border-top-width: 0px !important;border-right-width: 0px !important;border-bottom-width: 0px !important;border-left-width: 0px !important;padding-top: 0px !important;padding-right: 0px !important;padding-bottom: 0px !important;padding-left: 0px !important;}\u00bb offset=\u00bbvc_col-lg-1\/5 vc_col-md-1\/5 vc_col-xs-6&#8243;][vc_single_image image=\u00bb73339&#8243; img_size=\u00bb600&#215;600&#8243; alignment=\u00bbcenter\u00bb onclick=\u00bbimg_link_large\u00bb][\/vc_column][\/vc_row][vc_row][vc_column][vc_empty_space height=\u00bb40px\u00bb][\/vc_column][\/vc_row][vc_row full_width=\u00bbstretch_row\u00bb css=\u00bb.vc_custom_1657282919238{background-color: #f5f5f5 !important;}\u00bb][vc_column][vc_empty_space height=\u00bb40&#8243;][vc_column_text]<\/p>\n<h2>Dibujo<\/h2>\n<p>[\/vc_column_text][vc_single_image image=\u00bb73483&#8243; img_size=\u00bbfull\u00bb][vc_empty_space height=\u00bb40&#8243; el_id=\u00bb1001&#8243;][\/vc_column][\/vc_row]<\/p>\n<\/div>","protected":false},"excerpt":{"rendered":"<p>[vc_row gap=\u00bb30&#8243;][vc_column width=\u00bb1\/2&#8243;][vc_video link=\u00bbhttps:\/\/youtu.be\/I2LMPtsr860&#8243; css=\u00bb\u00bb][\/vc_column][vc_column width=\u00bb1\/2&#8243;][vc_column_text]Nuestras l\u00edneas LED Atlantis Side G2 RGB plegables IP67 han sido dise\u00f1adas para proyectos de iluminaci\u00f3n exterior que necesitan una soluci\u00f3n de iluminaci\u00f3n creativa y flexible. Con una carcasa de poliuretano flexible, Atlantis G2 puede ajustarse a la geometr\u00eda org\u00e1nica de las fachadas y estructuras de los edificios, al tiempo [&hellip;]<\/p>\n","protected":false},"author":16,"featured_media":111784,"parent":121174,"menu_order":2,"comment_status":"closed","ping_status":"closed","template":"tpl-product-led.php","meta":{"footnotes":""},"related":[121],"filter":[257,265,280,270,261],"acf":[],"aioseo_notices":[],"_links":{"self":[{"href":"https:\/\/www.holectron.com\/es\/wp-json\/wp\/v2\/pages\/121186"}],"collection":[{"href":"https:\/\/www.holectron.com\/es\/wp-json\/wp\/v2\/pages"}],"about":[{"href":"https:\/\/www.holectron.com\/es\/wp-json\/wp\/v2\/types\/page"}],"author":[{"embeddable":true,"href":"https:\/\/www.holectron.com\/es\/wp-json\/wp\/v2\/users\/16"}],"replies":[{"embeddable":true,"href":"https:\/\/www.holectron.com\/es\/wp-json\/wp\/v2\/comments?post=121186"}],"version-history":[{"count":0,"href":"https:\/\/www.holectron.com\/es\/wp-json\/wp\/v2\/pages\/121186\/revisions"}],"up":[{"embeddable":true,"href":"https:\/\/www.holectron.com\/es\/wp-json\/wp\/v2\/pages\/121174"}],"wp:featuredmedia":[{"embeddable":true,"href":"https:\/\/www.holectron.com\/es\/wp-json\/wp\/v2\/media\/111784"}],"wp:attachment":[{"href":"https:\/\/www.holectron.com\/es\/wp-json\/wp\/v2\/media?parent=121186"}],"wp:term":[{"taxonomy":"related","embeddable":true,"href":"https:\/\/www.holectron.com\/es\/wp-json\/wp\/v2\/related?post=121186"},{"taxonomy":"filter","embeddable":true,"href":"https:\/\/www.holectron.com\/es\/wp-json\/wp\/v2\/filter?post=121186"}],"curies":[{"name":"wp","href":"https:\/\/api.w.org\/{rel}","templated":true}]}}