{"id":121179,"date":"2022-07-05T14:44:38","date_gmt":"2022-07-05T12:44:38","guid":{"rendered":"https:\/\/www.holectron.com\/atlantis-side-g2-blanco-tw-rgb\/atlantis-side-g2-blanco-lineas-led-flexibles-para-exteriores\/"},"modified":"2026-01-16T16:23:46","modified_gmt":"2026-01-16T14:23:46","slug":"atlantis-side-g2-blanco-lineas-led-flexibles-para-exteriores","status":"publish","type":"page","link":"https:\/\/www.holectron.com\/es\/productos\/exterior-flexible\/tiras-led-flexibles-para-exterior\/atlantis-side-g2-blanco-tw-rgb\/atlantis-side-g2-blanco-lineas-led-flexibles-para-exteriores\/","title":{"rendered":"Atlantis Side G2 Blanco &#8211; L\u00edneas LED flexibles para exteriores"},"content":{"rendered":"<div class=\"wpb-content-wrapper\"><p>[vc_row][vc_column][vc_single_image source=\u00bbexternal_link\u00bb external_img_size=\u00bb230&#215;26&#8243; css=\u00bb.vc_custom_1716188154402{margin-bottom: 10px !important;border-bottom-width: 0px !important;padding-bottom: 0px !important;}\u00bb custom_src=\u00bbhttps:\/\/www.holectron.com\/wp-content\/uploads\/information-updates5.svg\u00bb][vc_separator color=\u00bbblack\u00bb css=\u00bb.vc_custom_1716187851480{margin-top: 0px !important;margin-bottom: 0px !important;border-top-width: 0px !important;border-bottom-width: 0px !important;padding-top: 0px !important;}\u00bb][vc_tta_accordion section_title_tag=\u00bbp\u00bb shape=\u00bbsquare\u00bb c_icon=\u00bbchevron\u00bb active_section=\u00bb50&#8243; no_fill=\u00bbtrue\u00bb collapsible_all=\u00bbtrue\u00bb css=\u00bb.vc_custom_1721133096159{margin-top: 1px !important;border-top-width: 0px !important;padding-top: 0px !important;background-color: #f5f5f5 !important;}\u00bb][vc_tta_section title=\u00bb2024.05.17 | Atlantis 48V\u00bb tab_id=\u00bb2024-05-17-atlantis-48vf9ce-33c1&#8243;][vc_row_inner content_placement=\u00bbmiddle\u00bb gap=\u00bb30&#8243;][vc_column_inner width=\u00bb1\/2&#8243;][vc_single_image image=\u00bb98601&#8243; img_size=\u00bb400&#215;400&#8243; alignment=\u00bbcenter\u00bb][\/vc_column_inner][vc_column_inner width=\u00bb1\/2&#8243;][vc_column_text css=\u00bb\u00bb]<\/p>\n<h2>Atlantis 48V<\/h2>\n<p>Nos complace anunciar la \u00faltima incorporaci\u00f3n a nuestras soluciones de iluminaci\u00f3n exterior: la tira LED flexible <strong>Atlantis de 48 V<\/strong>. Esta versi\u00f3n mejorada ampl\u00eda su alcance m\u00e1ximo a unos impresionantes <strong>28<\/strong><strong>,5 metros<\/strong>, duplicando la capacidad de su predecesora de 24V. Esto significa m\u00e1s alcance y m\u00e1s libertad para iluminar espacios exteriores con precisi\u00f3n y creatividad.[\/vc_column_text][\/vc_column_inner][\/vc_row_inner][vc_separator][\/vc_tta_section][vc_tta_section title=\u00bb2024.05.17 | Soporte flexible Atlantis\u00bb tab_id=\u00bb2024-05-17-atlantis-flexible-holderf9ce-33c1&#8243;][vc_row_inner content_placement=\u00bbmiddle\u00bb gap=\u00bb30&#8243;][vc_column_inner width=\u00bb1\/2&#8243;][vc_single_image image=\u00bb98602&#8243; img_size=\u00bb400&#215;400&#8243; alignment=\u00bbcenter\u00bb][\/vc_column_inner][vc_column_inner width=\u00bb1\/2&#8243;][vc_column_text]<\/p>\n<h2>Soporte flexible<\/h2>\n<p>El nuevo soporte flexible Atlantis est\u00e1 dise\u00f1ado para proporcionar un apoyo estable a nuestra tira de LED, especialmente al formar curvas. Con una estabilidad mejorada, permite una conformaci\u00f3n m\u00e1s precisa y una instalaci\u00f3n m\u00e1s sencilla. Este soporte acent\u00faa el lado luminoso de la tira, mejorando el impacto visual de sus instalaciones de iluminaci\u00f3n.[\/vc_column_text][\/vc_column_inner][\/vc_row_inner][vc_separator][\/vc_tta_section][vc_tta_section title=\u00bb2023.03.17 | Atlantis G2 Innovations\u00bb tab_id=\u00bb2023-03-17-atlantis-g2-innovationsf9ce-33c1&#8243;][vc_row_inner content_placement=\u00bbmiddle\u00bb gap=\u00bb30&#8243;][vc_column_inner width=\u00bb1\/2&#8243;][vc_single_image image=\u00bb71202&#8243; img_size=\u00bb680&#215;400&#8243;][\/vc_column_inner][vc_column_inner width=\u00bb1\/2&#8243;][vc_column_text]<strong>Discreto:<\/strong><\/p>\n<p>Con un tama\u00f1o de 14 x 16 mm, la segunda generaci\u00f3n de Atlantis es m\u00e1s delgada que antes, pero conserva todas las ventajas de la Atlantis original.<\/p>\n<p><strong>Genial:<\/strong><\/p>\n<p>El perfil externo redise\u00f1ado presenta ranuras laterales adicionales para facilitar la instalaci\u00f3n y mejorar la retenci\u00f3n.<\/p>\n<p><strong>Infinito:<\/strong><\/p>\n<p>La nueva forma de la tapa facilita a\u00fan m\u00e1s la conexi\u00f3n de varias unidades para crear l\u00edneas de luz continuas.<\/p>\n<p><strong>Fiable:<\/strong><\/p>\n<p>Los clips de montaje redise\u00f1ados, junto con el nuevo perfil exterior Atlantis, constituyen una soluci\u00f3n de montaje sin fisuras.<\/p>\n<p><strong>Impermeable:<\/strong><\/p>\n<p>impermeable y resistente a la suciedad y al polvo gracias a los nuevos materiales mejorados<\/p>\n<p><strong>Vers\u00e1til:<\/strong><\/p>\n<p>Las versiones Top y Side, de id\u00e9nticas dimensiones, permiten combinar curvas verticales y horizontales en una misma l\u00ednea.[\/vc_column_text][\/vc_column_inner][\/vc_row_inner][vc_separator][\/vc_tta_section][\/vc_tta_accordion][\/vc_column][\/vc_row][vc_row gap=\u00bb30&#8243;][vc_column width=\u00bb1\/2&#8243;][vc_video link=\u00bbhttps:\/\/youtu.be\/I2LMPtsr860&#8243; css=\u00bb\u00bb][\/vc_column][vc_column width=\u00bb1\/2&#8243;][vc_column_text]Nuestras l\u00edneas LED Atlantis <strong>Side G2 Blancas<\/strong> curvables IP67 han sido dise\u00f1adas para proyectos de iluminaci\u00f3n exterior que necesitan una soluci\u00f3n de iluminaci\u00f3n creativa y flexible.<\/p>\n<p>Con carcasa de poliuretano flexible, las Atlantis G2 pueden ajustarse a la geometr\u00eda org\u00e1nica de fachadas y estructuras de edificios, al tiempo que garantizan un efecto de luz uniforme.<\/p>\n<p>Totalmente encapsuladas y protegidas de los elementos, estas tiras LED de alta calidad est\u00e1n fabricadas para aplicaciones profesionales a largo plazo.[\/vc_column_text][vc_single_image source=\u00bbexternal_link\u00bb external_img_size=\u00bb380&#215;33&#8243; custom_src=\u00bbhttps:\/\/www.holectron.com\/wp-content\/uploads\/featured-ip67-c-1.svg\u00bb][\/vc_column][\/vc_row][vc_row][vc_column][vc_empty_space height=\u00bb60&#8243;][\/vc_column][\/vc_row][vc_row content_placement=\u00bbmiddle\u00bb css=\u00bb.vc_custom_1658389954091{margin-top: 0px !important;margin-right: 0px !important;margin-bottom: 0px !important;margin-left: 0px !important;border-top-width: 0px !important;border-right-width: 0px !important;border-bottom-width: 0px !important;border-left-width: 0px !important;padding-top: 0px !important;padding-right: 0px !important;padding-bottom: 0px !important;padding-left: 0px !important;}\u00bb][vc_column width=\u00bb1\/5&#8243; offset=\u00bbvc_col-lg-1\/5 vc_col-md-1\/5 vc_col-xs-6&#8243; css=\u00bb.vc_custom_1658389896757{margin-top: 0px !important;margin-right: 0px !important;margin-bottom: 0px !important;margin-left: 0px !important;border-top-width: 0px !important;border-right-width: 0px !important;border-bottom-width: 0px !important;border-left-width: 0px !important;padding-top: 0px !important;padding-right: 0px !important;padding-bottom: 0px !important;padding-left: 0px !important;}\u00bb][vc_single_image image=\u00bb73336&#8243; img_size=\u00bb600&#215;600&#8243; alignment=\u00bbcenter\u00bb onclick=\u00bbimg_link_large\u00bb][\/vc_column][vc_column width=\u00bb1\/5&#8243; css=\u00bb.vc_custom_1658389683277{margin-top: 0px !important;margin-right: 0px !important;margin-bottom: 0px !important;margin-left: 0px !important;border-top-width: 0px !important;border-right-width: 0px !important;border-bottom-width: 0px !important;border-left-width: 0px !important;padding-top: 0px !important;padding-right: 0px !important;padding-bottom: 0px !important;padding-left: 0px !important;}\u00bb offset=\u00bbvc_col-lg-1\/5 vc_col-md-1\/5 vc_col-xs-6&#8243;][vc_single_image image=\u00bb73339&#8243; img_size=\u00bb600&#215;600&#8243; alignment=\u00bbcenter\u00bb onclick=\u00bbimg_link_large\u00bb][\/vc_column][vc_column width=\u00bb1\/5&#8243; css=\u00bb.vc_custom_1658389708431{margin-top: 0px !important;margin-right: 0px !important;margin-bottom: 0px !important;margin-left: 0px !important;border-top-width: 0px !important;border-right-width: 0px !important;border-bottom-width: 0px !important;border-left-width: 0px !important;padding-top: 0px !important;padding-right: 0px !important;padding-bottom: 0px !important;padding-left: 0px !important;}\u00bb offset=\u00bbvc_col-lg-1\/5 vc_col-md-1\/5 vc_col-xs-6&#8243;][vc_single_image image=\u00bb73340&#8243; img_size=\u00bb600&#215;600&#8243; alignment=\u00bbcenter\u00bb onclick=\u00bbimg_link_large\u00bb][\/vc_column][vc_column width=\u00bb1\/5&#8243; css=\u00bb.vc_custom_1658389767917{margin-top: 0px !important;margin-right: 0px !important;margin-bottom: 0px !important;margin-left: 0px !important;border-top-width: 0px !important;border-right-width: 0px !important;border-bottom-width: 0px !important;border-left-width: 0px !important;padding-top: 0px !important;padding-right: 0px !important;padding-bottom: 0px !important;padding-left: 0px !important;}\u00bb offset=\u00bbvc_col-lg-1\/5 vc_col-md-1\/5 vc_col-xs-6&#8243;][vc_single_image image=\u00bb73341&#8243; img_size=\u00bb600&#215;600&#8243; alignment=\u00bbcenter\u00bb onclick=\u00bbimg_link_large\u00bb][\/vc_column][vc_column width=\u00bb1\/5&#8243; css=\u00bb.vc_custom_1658389789057{margin-top: 0px !important;margin-right: 0px !important;margin-bottom: 0px !important;margin-left: 0px !important;border-top-width: 0px !important;border-right-width: 0px !important;border-bottom-width: 0px !important;border-left-width: 0px !important;padding-top: 0px !important;padding-right: 0px !important;padding-bottom: 0px !important;padding-left: 0px !important;}\u00bb offset=\u00bbvc_col-lg-1\/5 vc_col-md-1\/5 vc_col-xs-6&#8243;][vc_single_image image=\u00bb73247&#8243; img_size=\u00bb600&#215;600&#8243; alignment=\u00bbcenter\u00bb onclick=\u00bbimg_link_large\u00bb][\/vc_column][\/vc_row][vc_row][vc_column][vc_empty_space height=\u00bb40px\u00bb][\/vc_column][\/vc_row][vc_row full_width=\u00bbstretch_row\u00bb css=\u00bb.vc_custom_1657282919238{background-color: #f5f5f5 !important;}\u00bb][vc_column][vc_empty_space height=\u00bb40&#8243;][vc_column_text]<\/p>\n<h2>Dibujo<\/h2>\n<p>[\/vc_column_text][vc_single_image image=\u00bb73483&#8243; img_size=\u00bbfull\u00bb][vc_empty_space height=\u00bb40&#8243; el_id=\u00bb1001&#8243;][\/vc_column][\/vc_row][vc_row gap=\u00bb30&#8243; content_placement=\u00bbmiddle\u00bb][vc_column width=\u00bb1\/4&#8243; offset=\u00bbvc_col-lg-3 vc_col-md-3 vc_col-xs-6&#8243;][vc_single_image image=\u00bb71201&#8243; img_size=\u00bb400&#215;400&#8243;][\/vc_column][vc_column width=\u00bb1\/4&#8243; offset=\u00bbvc_col-lg-3 vc_col-md-3 vc_col-xs-6&#8243;][vc_single_image image=\u00bb99929&#8243; img_size=\u00bbfull\u00bb][\/vc_column][vc_column width=\u00bb1\/2&#8243; offset=\u00bbvc_col-lg-6 vc_col-md-6 vc_col-xs-12&#8243;][vc_column_text]<\/p>\n<h2>Fiable:<\/h2>\n<p>Los clips de montaje redise\u00f1ados, junto con el nuevo perfil exterior Atlantis, constituyen una soluci\u00f3n de montaje sin fisuras.[\/vc_column_text][\/vc_column][\/vc_row][vc_row][vc_column][vc_empty_space height=\u00bb40&#8243;][\/vc_column][\/vc_row]<\/p>\n<\/div>","protected":false},"excerpt":{"rendered":"<p>[vc_row][vc_column][vc_single_image source=\u00bbexternal_link\u00bb external_img_size=\u00bb230&#215;26&#8243; css=\u00bb.vc_custom_1716188154402{margin-bottom: 10px !important;border-bottom-width: 0px !important;padding-bottom: 0px !important;}\u00bb custom_src=\u00bbhttps:\/\/www.holectron.com\/wp-content\/uploads\/information-updates5.svg\u00bb][vc_separator color=\u00bbblack\u00bb css=\u00bb.vc_custom_1716187851480{margin-top: 0px !important;margin-bottom: 0px !important;border-top-width: 0px !important;border-bottom-width: 0px !important;padding-top: 0px !important;}\u00bb][vc_tta_accordion section_title_tag=\u00bbp\u00bb shape=\u00bbsquare\u00bb c_icon=\u00bbchevron\u00bb active_section=\u00bb50&#8243; no_fill=\u00bbtrue\u00bb collapsible_all=\u00bbtrue\u00bb css=\u00bb.vc_custom_1721133096159{margin-top: 1px !important;border-top-width: 0px !important;padding-top: 0px !important;background-color: #f5f5f5 !important;}\u00bb][vc_tta_section title=\u00bb2024.05.17 | Atlantis 48V\u00bb tab_id=\u00bb2024-05-17-atlantis-48vf9ce-33c1&#8243;][vc_row_inner content_placement=\u00bbmiddle\u00bb gap=\u00bb30&#8243;][vc_column_inner width=\u00bb1\/2&#8243;][vc_single_image image=\u00bb98601&#8243; img_size=\u00bb400&#215;400&#8243; alignment=\u00bbcenter\u00bb][\/vc_column_inner][vc_column_inner width=\u00bb1\/2&#8243;][vc_column_text css=\u00bb\u00bb] Atlantis 48V Nos complace [&hellip;]<\/p>\n","protected":false},"author":16,"featured_media":114558,"parent":121174,"menu_order":0,"comment_status":"closed","ping_status":"closed","template":"tpl-product-led.php","meta":{"footnotes":""},"related":[121],"filter":[257,259,265,276,270,261],"acf":[],"aioseo_notices":[],"_links":{"self":[{"href":"https:\/\/www.holectron.com\/es\/wp-json\/wp\/v2\/pages\/121179"}],"collection":[{"href":"https:\/\/www.holectron.com\/es\/wp-json\/wp\/v2\/pages"}],"about":[{"href":"https:\/\/www.holectron.com\/es\/wp-json\/wp\/v2\/types\/page"}],"author":[{"embeddable":true,"href":"https:\/\/www.holectron.com\/es\/wp-json\/wp\/v2\/users\/16"}],"replies":[{"embeddable":true,"href":"https:\/\/www.holectron.com\/es\/wp-json\/wp\/v2\/comments?post=121179"}],"version-history":[{"count":0,"href":"https:\/\/www.holectron.com\/es\/wp-json\/wp\/v2\/pages\/121179\/revisions"}],"up":[{"embeddable":true,"href":"https:\/\/www.holectron.com\/es\/wp-json\/wp\/v2\/pages\/121174"}],"wp:featuredmedia":[{"embeddable":true,"href":"https:\/\/www.holectron.com\/es\/wp-json\/wp\/v2\/media\/114558"}],"wp:attachment":[{"href":"https:\/\/www.holectron.com\/es\/wp-json\/wp\/v2\/media?parent=121179"}],"wp:term":[{"taxonomy":"related","embeddable":true,"href":"https:\/\/www.holectron.com\/es\/wp-json\/wp\/v2\/related?post=121179"},{"taxonomy":"filter","embeddable":true,"href":"https:\/\/www.holectron.com\/es\/wp-json\/wp\/v2\/filter?post=121179"}],"curies":[{"name":"wp","href":"https:\/\/api.w.org\/{rel}","templated":true}]}}