{"id":121171,"date":"2017-05-10T09:59:28","date_gmt":"2017-05-10T07:59:28","guid":{"rendered":"https:\/\/www.holectron.com\/productos\/exterior-flexible\/"},"modified":"2025-12-18T11:15:04","modified_gmt":"2025-12-18T09:15:04","slug":"exterior-flexible","status":"publish","type":"page","link":"https:\/\/www.holectron.com\/es\/productos\/exterior-flexible\/","title":{"rendered":"Exterior flexible"},"content":{"rendered":"<div class=\"wpb-content-wrapper\"><p>[vc_row gap=\u00bb35&#8243;][vc_column][vc_column_text]Esta l\u00ednea de LED se ha dise\u00f1ado especialmente para aplicaciones profesionales de iluminaci\u00f3n decorativa de exteriores. Tiene una clasificaci\u00f3n IP67 de protecci\u00f3n contra el ingreso y est\u00e1 completamente protegida contra part\u00edculas s\u00f3lidas y agua. Las tiras de LED para exteriores son resistentes a la sal y a los disolventes y totalmente resistentes a los rayos UV.  <\/p>\n<p>Esta l\u00ednea de LED flexibles y resistentes es popular entre los dise\u00f1adores de iluminaci\u00f3n para la iluminaci\u00f3n decorativa y directa tanto en exteriores como en interiores.[\/vc_column_text][vc_single_image source=\u00bbexternal_link\u00bb external_img_size=\u00bb340&#215;25&#8243; custom_src=\u00bbhttps:\/\/www.holectron.com\/wp-content\/uploads\/features-logos-w-h-a.svg\u00bb][\/vc_column][\/vc_row]<\/p>\n<\/div>","protected":false},"excerpt":{"rendered":"<p>[vc_row gap=\u00bb35&#8243;][vc_column][vc_column_text]Esta l\u00ednea de LED se ha dise\u00f1ado especialmente para aplicaciones profesionales de iluminaci\u00f3n decorativa de exteriores. Tiene una clasificaci\u00f3n IP67 de protecci\u00f3n contra el ingreso y est\u00e1 completamente protegida contra part\u00edculas s\u00f3lidas y agua. Las tiras de LED para exteriores son resistentes a la sal y a los disolventes y totalmente resistentes a los [&hellip;]<\/p>\n","protected":false},"author":4,"featured_media":110434,"parent":115213,"menu_order":3,"comment_status":"closed","ping_status":"closed","template":"tpl-general-category.php","meta":{"footnotes":""},"related":[],"filter":[],"acf":[],"aioseo_notices":[],"_links":{"self":[{"href":"https:\/\/www.holectron.com\/es\/wp-json\/wp\/v2\/pages\/121171"}],"collection":[{"href":"https:\/\/www.holectron.com\/es\/wp-json\/wp\/v2\/pages"}],"about":[{"href":"https:\/\/www.holectron.com\/es\/wp-json\/wp\/v2\/types\/page"}],"author":[{"embeddable":true,"href":"https:\/\/www.holectron.com\/es\/wp-json\/wp\/v2\/users\/4"}],"replies":[{"embeddable":true,"href":"https:\/\/www.holectron.com\/es\/wp-json\/wp\/v2\/comments?post=121171"}],"version-history":[{"count":0,"href":"https:\/\/www.holectron.com\/es\/wp-json\/wp\/v2\/pages\/121171\/revisions"}],"up":[{"embeddable":true,"href":"https:\/\/www.holectron.com\/es\/wp-json\/wp\/v2\/pages\/115213"}],"wp:featuredmedia":[{"embeddable":true,"href":"https:\/\/www.holectron.com\/es\/wp-json\/wp\/v2\/media\/110434"}],"wp:attachment":[{"href":"https:\/\/www.holectron.com\/es\/wp-json\/wp\/v2\/media?parent=121171"}],"wp:term":[{"taxonomy":"related","embeddable":true,"href":"https:\/\/www.holectron.com\/es\/wp-json\/wp\/v2\/related?post=121171"},{"taxonomy":"filter","embeddable":true,"href":"https:\/\/www.holectron.com\/es\/wp-json\/wp\/v2\/filter?post=121171"}],"curies":[{"name":"wp","href":"https:\/\/api.w.org\/{rel}","templated":true}]}}