{"id":121147,"date":"2024-11-26T10:57:52","date_gmt":"2024-11-26T08:57:52","guid":{"rendered":"https:\/\/www.holectron.com\/productos\/luminarias-de-interior\/luminarias\/neris-opalo-microprisma\/neris-microprisma-opalo-superficie\/"},"modified":"2026-01-16T15:26:56","modified_gmt":"2026-01-16T13:26:56","slug":"neris-microprisma-opalo-superficie","status":"publish","type":"page","link":"https:\/\/www.holectron.com\/es\/productos\/luminarias-de-interior\/luminarias\/neris-opalo-microprisma\/neris-microprisma-opalo-superficie\/","title":{"rendered":"Neris Microprisma \/ \u00d3palo &#8211; Superficie"},"content":{"rendered":"<div class=\"wpb-content-wrapper\"><p>[vc_row gap=\u00bb30&#8243;][vc_column width=\u00bb1\/2&#8243;][vc_single_image image=\u00bb101651&#8243; img_size=\u00bbfull\u00bb css=\u00bb\u00bb][\/vc_column][vc_column width=\u00bb1\/2&#8243;][vc_column_text css=\u00bb\u00bb]Las luminarias <strong>Neris Opal\/Microprism Surface<\/strong> est\u00e1n dise\u00f1adas para su montaje en techos. Pueden utilizarse como luminarias independientes o para formar un sistema de l\u00ednea continua para aplicaciones de iluminaci\u00f3n de oficinas, comercios, centros comerciales y restaurantes. <\/p>\n<p>La cubierta opalina garantiza una luz uniforme y continua, as\u00ed como un aspecto moderno de la luminaria. Las luminarias Opal ofrecen diversas posibilidades de disposici\u00f3n en la formaci\u00f3n de instalaciones de iluminaci\u00f3n con formas. Esta flexibilidad hace que las l\u00edneas continuas de <strong>Neris Opal\/Microprism Surface<\/strong> sean una soluci\u00f3n ideal para la iluminaci\u00f3n de diversas salas y espacios.  <\/p>\n<p>Neris utiliza LED MacAdam de 3 pasos de la m\u00e1s alta calidad, con una gama de color blanco de 2700K &#8211; 4000K y un alto \u00edndice de reproducci\u00f3n crom\u00e1tica (CRI), que es CRI90+, con opci\u00f3n de CRI95+. Adem\u00e1s de la salida est\u00e1ndar, existe una versi\u00f3n de alta salida.[\/vc_column_text][vc_single_image source=\u00bbexternal_link\u00bb external_img_size=\u00bb380&#215;25&#8243; css=\u00bb\u00bb custom_src=\u00bbhttps:\/\/www.holectron.com\/wp-content\/uploads\/features-with-etl.svg\u00bb el_id=\u00bb0002&#8243;][\/vc_column][\/vc_row]<\/p>\n<\/div>","protected":false},"excerpt":{"rendered":"<p>[vc_row gap=\u00bb30&#8243;][vc_column width=\u00bb1\/2&#8243;][vc_single_image image=\u00bb101651&#8243; img_size=\u00bbfull\u00bb css=\u00bb\u00bb][\/vc_column][vc_column width=\u00bb1\/2&#8243;][vc_column_text css=\u00bb\u00bb]Las luminarias Neris Opal\/Microprism Surface est\u00e1n dise\u00f1adas para su montaje en techos. Pueden utilizarse como luminarias independientes o para formar un sistema de l\u00ednea continua para aplicaciones de iluminaci\u00f3n de oficinas, comercios, centros comerciales y restaurantes. La cubierta opalina garantiza una luz uniforme y continua, as\u00ed como un [&hellip;]<\/p>\n","protected":false},"author":15,"featured_media":112066,"parent":121126,"menu_order":1,"comment_status":"closed","ping_status":"closed","template":"tpl-product.php","meta":{"footnotes":""},"related":[],"filter":[286,307,295,305],"acf":[],"aioseo_notices":[],"_links":{"self":[{"href":"https:\/\/www.holectron.com\/es\/wp-json\/wp\/v2\/pages\/121147"}],"collection":[{"href":"https:\/\/www.holectron.com\/es\/wp-json\/wp\/v2\/pages"}],"about":[{"href":"https:\/\/www.holectron.com\/es\/wp-json\/wp\/v2\/types\/page"}],"author":[{"embeddable":true,"href":"https:\/\/www.holectron.com\/es\/wp-json\/wp\/v2\/users\/15"}],"replies":[{"embeddable":true,"href":"https:\/\/www.holectron.com\/es\/wp-json\/wp\/v2\/comments?post=121147"}],"version-history":[{"count":0,"href":"https:\/\/www.holectron.com\/es\/wp-json\/wp\/v2\/pages\/121147\/revisions"}],"up":[{"embeddable":true,"href":"https:\/\/www.holectron.com\/es\/wp-json\/wp\/v2\/pages\/121126"}],"wp:featuredmedia":[{"embeddable":true,"href":"https:\/\/www.holectron.com\/es\/wp-json\/wp\/v2\/media\/112066"}],"wp:attachment":[{"href":"https:\/\/www.holectron.com\/es\/wp-json\/wp\/v2\/media?parent=121147"}],"wp:term":[{"taxonomy":"related","embeddable":true,"href":"https:\/\/www.holectron.com\/es\/wp-json\/wp\/v2\/related?post=121147"},{"taxonomy":"filter","embeddable":true,"href":"https:\/\/www.holectron.com\/es\/wp-json\/wp\/v2\/filter?post=121147"}],"curies":[{"name":"wp","href":"https:\/\/api.w.org\/{rel}","templated":true}]}}