{"id":121146,"date":"2018-10-18T16:35:56","date_gmt":"2018-10-18T14:35:56","guid":{"rendered":"https:\/\/www.holectron.com\/productos\/luminarias-de-interior\/luminarias\/neman-panal\/neman-honeycomb-colgante-directo-indirecto\/"},"modified":"2026-01-16T15:16:29","modified_gmt":"2026-01-16T13:16:29","slug":"neman-honeycomb-colgante-directo-indirecto","status":"publish","type":"page","link":"https:\/\/www.holectron.com\/es\/productos\/luminarias-de-interior\/luminarias\/neman-panal\/neman-honeycomb-colgante-directo-indirecto\/","title":{"rendered":"Neman Honeycomb &#8211; Colgante directo\/indirecto"},"content":{"rendered":"<div class=\"wpb-content-wrapper\"><p>[vc_row gap=\u00bb30&#8243; content_placement=\u00bbmiddle\u00bb][vc_column width=\u00bb1\/2&#8243;][vc_single_image image=\u00bb62786&#8243; img_size=\u00bb680&#215;400&#8243;][\/vc_column][vc_column width=\u00bb1\/2&#8243;][vc_column_text]La luminaria <strong>Neman Honeycomb Colgante Directa\/Indirecta <\/strong> est\u00e1 especialmente dise\u00f1ada para soluciones creativas tanto en iluminaci\u00f3n general como en aplicaciones de iluminaci\u00f3n de trabajo. La luz ascendente que emite ilumina la habitaci\u00f3n reflejando la luz del techo, mientras que la luz descendente proporciona un haz de luz concentrado y de bajo deslumbramiento perfectamente adecuado para la iluminaci\u00f3n de zonas de trabajo. La luz puede atenuarse para generar el efecto luminoso deseado.[\/vc_column_text][vc_single_image source=\u00bbexternal_link\u00bb external_img_size=\u00bb380&#215;25&#8243; css=\u00bb\u00bb custom_src=\u00bbhttps:\/\/www.holectron.com\/wp-content\/uploads\/features-with-etl.svg\u00bb][\/vc_column][\/vc_row][vc_row][vc_column][vc_empty_space height=\u00bb40px\u00bb][\/vc_column][\/vc_row][vc_row gap=\u00bb30&#8243; content_placement=\u00bbmiddle\u00bb][vc_column][vc_single_image image=\u00bb69159&#8243; img_size=\u00bbfull\u00bb alignment=\u00bbcenter\u00bb][vc_column_text]Neman utiliza LED MacAdam de 3 pasos de la m\u00e1s alta calidad, con una gama de color blanco de 2700K &#8211; 4000K, una gama de color blanco sintonizable de 2700 &#8211; 6500K y un alto \u00edndice de reproducci\u00f3n crom\u00e1tica (CRI), que es CRI90+ , con opci\u00f3n de CRI95+. Adem\u00e1s de la salida est\u00e1ndar, existe una versi\u00f3n de alta salida.[\/vc_column_text][\/vc_column][\/vc_row][vc_row gap=\u00bb30&#8243; content_placement=\u00bbmiddle\u00bb][vc_column width=\u00bb1\/2&#8243;][vc_single_image image=\u00bb62281&#8243; img_size=\u00bb680&#215;400&#8243;][\/vc_column][vc_column width=\u00bb1\/2&#8243;][vc_column_text css=\u00bb\u00bb]El difusor alveolar antideslumbrante de dise\u00f1o especial garantiza un confort visual perfecto, una salida de luz suave muy agradable y un aspecto de luminaria moderna. El difusor de nido de abeja puede pintarse en color negro, dorado o plateado.  Las carcasas de las luminarias Neman Honeycomb Pendant Direct\/Indirect vienen en colores est\u00e1ndar blanco, negro o gris. Sin embargo, esta luminaria Neman puede personalizarse con cualquier color RAL y casi cualquier longitud.[\/vc_column_text][\/vc_column][\/vc_row][vc_row][vc_column][vc_empty_space height=\u00bb40px\u00bb el_id=\u00bb0002&#8243;][\/vc_column][\/vc_row]<\/p>\n<\/div>","protected":false},"excerpt":{"rendered":"<p>[vc_row gap=\u00bb30&#8243; content_placement=\u00bbmiddle\u00bb][vc_column width=\u00bb1\/2&#8243;][vc_single_image image=\u00bb62786&#8243; img_size=\u00bb680&#215;400&#8243;][\/vc_column][vc_column width=\u00bb1\/2&#8243;][vc_column_text]La luminaria Neman Honeycomb Colgante Directa\/Indirecta est\u00e1 especialmente dise\u00f1ada para soluciones creativas tanto en iluminaci\u00f3n general como en aplicaciones de iluminaci\u00f3n de trabajo. La luz ascendente que emite ilumina la habitaci\u00f3n reflejando la luz del techo, mientras que la luz descendente proporciona un haz de luz concentrado y de [&hellip;]<\/p>\n","protected":false},"author":15,"featured_media":110766,"parent":121127,"menu_order":0,"comment_status":"closed","ping_status":"closed","template":"tpl-product-led.php","meta":{"footnotes":""},"related":[118],"filter":[257,263,272,255],"acf":[],"aioseo_notices":[],"_links":{"self":[{"href":"https:\/\/www.holectron.com\/es\/wp-json\/wp\/v2\/pages\/121146"}],"collection":[{"href":"https:\/\/www.holectron.com\/es\/wp-json\/wp\/v2\/pages"}],"about":[{"href":"https:\/\/www.holectron.com\/es\/wp-json\/wp\/v2\/types\/page"}],"author":[{"embeddable":true,"href":"https:\/\/www.holectron.com\/es\/wp-json\/wp\/v2\/users\/15"}],"replies":[{"embeddable":true,"href":"https:\/\/www.holectron.com\/es\/wp-json\/wp\/v2\/comments?post=121146"}],"version-history":[{"count":0,"href":"https:\/\/www.holectron.com\/es\/wp-json\/wp\/v2\/pages\/121146\/revisions"}],"up":[{"embeddable":true,"href":"https:\/\/www.holectron.com\/es\/wp-json\/wp\/v2\/pages\/121127"}],"wp:featuredmedia":[{"embeddable":true,"href":"https:\/\/www.holectron.com\/es\/wp-json\/wp\/v2\/media\/110766"}],"wp:attachment":[{"href":"https:\/\/www.holectron.com\/es\/wp-json\/wp\/v2\/media?parent=121146"}],"wp:term":[{"taxonomy":"related","embeddable":true,"href":"https:\/\/www.holectron.com\/es\/wp-json\/wp\/v2\/related?post=121146"},{"taxonomy":"filter","embeddable":true,"href":"https:\/\/www.holectron.com\/es\/wp-json\/wp\/v2\/filter?post=121146"}],"curies":[{"name":"wp","href":"https:\/\/api.w.org\/{rel}","templated":true}]}}