{"id":121144,"date":"2018-04-30T18:01:04","date_gmt":"2018-04-30T16:01:04","guid":{"rendered":"https:\/\/www.holectron.com\/productos\/luminarias-de-interior\/luminarias\/neman-panal\/neman-honeycomb-empotrado\/"},"modified":"2026-01-16T15:19:44","modified_gmt":"2026-01-16T13:19:44","slug":"neman-honeycomb-empotrado","status":"publish","type":"page","link":"https:\/\/www.holectron.com\/es\/productos\/luminarias-de-interior\/luminarias\/neman-panal\/neman-honeycomb-empotrado\/","title":{"rendered":"Neman Honeycomb &#8211; Empotrado"},"content":{"rendered":"<div class=\"wpb-content-wrapper\"><p>[vc_row gap=\u00bb30&#8243;][vc_column width=\u00bb1\/2&#8243;][vc_single_image image=\u00bb102251&#8243; img_size=\u00bb680&#215;400&#8243; css=\u00bb\u00bb][\/vc_column][vc_column width=\u00bb1\/2&#8243;][vc_column_text]Las luminarias <strong>empotrables Neman Honeycomb<\/strong> est\u00e1n dise\u00f1adas para instalarse en el interior de techos y paredes. Son f\u00e1ciles de instalar y pueden utilizarse como luminarias independientes o para formar un sistema de l\u00ednea continua para aplicaciones de iluminaci\u00f3n de oficinas, comercios, centros comerciales y restaurantes. <\/p>\n<p>El difusor alveolar antideslumbrante de dise\u00f1o especial garantiza un confort visual perfecto, una salida de luz suave muy agradable y un aspecto de luminaria moderna. El difusor de nido de abeja puede pintarse en color negro, dorado o plateado. <\/p>\n<p>Neman utiliza LED MacAdam de 3 pasos de la m\u00e1s alta calidad, con una gama de color blanco de 2700K &#8211; 4000K, una gama de color blanco sintonizable de 2700 &#8211; 6500K y un alto \u00edndice de reproducci\u00f3n crom\u00e1tica (CRI), que es CRI90+, con opci\u00f3n de CRI95+. Adem\u00e1s de la salida est\u00e1ndar, existe una versi\u00f3n de alta salida. <\/p>\n<p>Las luminarias empotrables Neman Opal se instalan f\u00e1cilmente en los techos utilizando muelles de sujeci\u00f3n y no requieren nada m\u00e1s que un agujero para encajarla. Los colores est\u00e1ndar de las luminarias son blanco, negro o gris, pero las luminarias Neman pueden personalizarse con cualquier color RAL y casi cualquier longitud.[\/vc_column_text][vc_single_image source=\u00bbexternal_link\u00bb external_img_size=\u00bb380&#215;25&#8243; css=\u00bb\u00bb custom_src=\u00bbhttps:\/\/www.holectron.com\/wp-content\/uploads\/features-logos-w-h-a2.svg\u00bb el_id=\u00bb0002&#8243;][\/vc_column][\/vc_row]<\/p>\n<\/div>","protected":false},"excerpt":{"rendered":"<p>[vc_row gap=\u00bb30&#8243;][vc_column width=\u00bb1\/2&#8243;][vc_single_image image=\u00bb102251&#8243; img_size=\u00bb680&#215;400&#8243; css=\u00bb\u00bb][\/vc_column][vc_column width=\u00bb1\/2&#8243;][vc_column_text]Las luminarias empotrables Neman Honeycomb est\u00e1n dise\u00f1adas para instalarse en el interior de techos y paredes. Son f\u00e1ciles de instalar y pueden utilizarse como luminarias independientes o para formar un sistema de l\u00ednea continua para aplicaciones de iluminaci\u00f3n de oficinas, comercios, centros comerciales y restaurantes. El difusor alveolar antideslumbrante [&hellip;]<\/p>\n","protected":false},"author":4,"featured_media":110772,"parent":121127,"menu_order":2,"comment_status":"closed","ping_status":"closed","template":"tpl-product-led.php","meta":{"footnotes":""},"related":[118],"filter":[257,263,272,328],"acf":[],"aioseo_notices":[],"_links":{"self":[{"href":"https:\/\/www.holectron.com\/es\/wp-json\/wp\/v2\/pages\/121144"}],"collection":[{"href":"https:\/\/www.holectron.com\/es\/wp-json\/wp\/v2\/pages"}],"about":[{"href":"https:\/\/www.holectron.com\/es\/wp-json\/wp\/v2\/types\/page"}],"author":[{"embeddable":true,"href":"https:\/\/www.holectron.com\/es\/wp-json\/wp\/v2\/users\/4"}],"replies":[{"embeddable":true,"href":"https:\/\/www.holectron.com\/es\/wp-json\/wp\/v2\/comments?post=121144"}],"version-history":[{"count":0,"href":"https:\/\/www.holectron.com\/es\/wp-json\/wp\/v2\/pages\/121144\/revisions"}],"up":[{"embeddable":true,"href":"https:\/\/www.holectron.com\/es\/wp-json\/wp\/v2\/pages\/121127"}],"wp:featuredmedia":[{"embeddable":true,"href":"https:\/\/www.holectron.com\/es\/wp-json\/wp\/v2\/media\/110772"}],"wp:attachment":[{"href":"https:\/\/www.holectron.com\/es\/wp-json\/wp\/v2\/media?parent=121144"}],"wp:term":[{"taxonomy":"related","embeddable":true,"href":"https:\/\/www.holectron.com\/es\/wp-json\/wp\/v2\/related?post=121144"},{"taxonomy":"filter","embeddable":true,"href":"https:\/\/www.holectron.com\/es\/wp-json\/wp\/v2\/filter?post=121144"}],"curies":[{"name":"wp","href":"https:\/\/api.w.org\/{rel}","templated":true}]}}