{"id":121143,"date":"2018-04-25T14:06:41","date_gmt":"2018-04-25T12:06:41","guid":{"rendered":"https:\/\/www.holectron.com\/productos\/luminarias-de-interior\/luminarias\/neman-panal\/neman-honeycomb-colgante-directo\/"},"modified":"2026-01-16T15:22:44","modified_gmt":"2026-01-16T13:22:44","slug":"neman-honeycomb-colgante-directo","status":"publish","type":"page","link":"https:\/\/www.holectron.com\/es\/productos\/luminarias-de-interior\/luminarias\/neman-panal\/neman-honeycomb-colgante-directo\/","title":{"rendered":"Neman Honeycomb &#8211; Colgante directo"},"content":{"rendered":"<div class=\"wpb-content-wrapper\"><p>[vc_row gap=\u00bb30&#8243; content_placement=\u00bbmiddle\u00bb][vc_column width=\u00bb1\/2&#8243;][vc_single_image image=\u00bb62816&#8243; img_size=\u00bbfull\u00bb][\/vc_column][vc_column width=\u00bb1\/2&#8243;][vc_column_text]<strong>Neman Honeycomb Pendant Direct<\/strong> es una luminaria suspendida de una cuerda ajustable. Esta caracter\u00edstica la convierte en una luminaria perfecta para estancias con techos altos.[\/vc_column_text][vc_single_image source=\u00bbexternal_link\u00bb external_img_size=\u00bb380&#215;25&#8243; css=\u00bb\u00bb custom_src=\u00bbhttps:\/\/www.holectron.com\/wp-content\/uploads\/features-with-etl.svg\u00bb][\/vc_column][\/vc_row][vc_row][vc_column][vc_empty_space height=\u00bb40px\u00bb][\/vc_column][\/vc_row][vc_row gap=\u00bb35&#8243; content_placement=\u00bbmiddle\u00bb][vc_column width=\u00bb1\/2&#8243;][vc_column_text]La luminaria <strong>Neman Honeycomb Pendant<\/strong> puede utilizarse como luminaria individual o para formar un sistema de luminarias en fila continua para aplicaciones de iluminaci\u00f3n de oficinas, comercios, centros comerciales y restaurantes.[\/vc_column_text][\/vc_column][vc_column width=\u00bb1\/2&#8243;][vc_single_image image=\u00bb69215&#8243; img_size=\u00bbfull\u00bb][\/vc_column][\/vc_row][vc_row gap=\u00bb30&#8243; content_placement=\u00bbmiddle\u00bb][vc_column][vc_single_image image=\u00bb69159&#8243; img_size=\u00bbfull\u00bb alignment=\u00bbcenter\u00bb][vc_column_text]El difusor alveolar antideslumbrante de dise\u00f1o especial garantiza un confort visual perfecto, una salida de luz suave muy agradable y un aspecto de luminaria moderna. El difusor de nido de abeja puede pintarse en color negro, dorado o plateado.[\/vc_column_text][\/vc_column][\/vc_row][vc_row gap=\u00bb30&#8243; content_placement=\u00bbmiddle\u00bb][vc_column width=\u00bb1\/2&#8243;][vc_single_image image=\u00bb69216&#8243; img_size=\u00bbfull\u00bb][\/vc_column][vc_column width=\u00bb1\/2&#8243;][vc_column_text]Neman utiliza LED MacAdam de 3 pasos de la m\u00e1s alta calidad, con una gama de color blanco de 2700K &#8211; 4000K, una gama de color blanco sintonizable de 2700 &#8211; 6500K y un alto \u00edndice de reproducci\u00f3n crom\u00e1tica (CRI), que es CRI90+, con opci\u00f3n de CRI95+. Adem\u00e1s de la salida est\u00e1ndar, existe una versi\u00f3n de alta salida.[\/vc_column_text][\/vc_column][\/vc_row][vc_row][vc_column][vc_empty_space height=\u00bb40px\u00bb][\/vc_column][\/vc_row][vc_row gap=\u00bb30&#8243; content_placement=\u00bbmiddle\u00bb][vc_column width=\u00bb1\/2&#8243;][vc_column_text]Las carcasas de las luminarias Neman Honeycomb Pendant vienen en colores est\u00e1ndar blanco, negro o gris. Sin embargo, esta luminaria Neman puede personalizarse con cualquier color RAL y casi cualquier longitud.[\/vc_column_text][\/vc_column][vc_column width=\u00bb1\/2&#8243;][vc_single_image image=\u00bb68392&#8243; img_size=\u00bbfull\u00bb css=\u00bb\u00bb el_id=\u00bb0002&#8243;][\/vc_column][\/vc_row]<\/p>\n<\/div>","protected":false},"excerpt":{"rendered":"<p>[vc_row gap=\u00bb30&#8243; content_placement=\u00bbmiddle\u00bb][vc_column width=\u00bb1\/2&#8243;][vc_single_image image=\u00bb62816&#8243; img_size=\u00bbfull\u00bb][\/vc_column][vc_column width=\u00bb1\/2&#8243;][vc_column_text]Neman Honeycomb Pendant Direct es una luminaria suspendida de una cuerda ajustable. Esta caracter\u00edstica la convierte en una luminaria perfecta para estancias con techos altos.[\/vc_column_text][vc_single_image source=\u00bbexternal_link\u00bb external_img_size=\u00bb380&#215;25&#8243; css=\u00bb\u00bb custom_src=\u00bbhttps:\/\/www.holectron.com\/wp-content\/uploads\/features-with-etl.svg\u00bb][\/vc_column][\/vc_row][vc_row][vc_column][vc_empty_space height=\u00bb40px\u00bb][\/vc_column][\/vc_row][vc_row gap=\u00bb35&#8243; content_placement=\u00bbmiddle\u00bb][vc_column width=\u00bb1\/2&#8243;][vc_column_text]La luminaria Neman Honeycomb Pendant puede utilizarse como luminaria individual o para formar un sistema de luminarias [&hellip;]<\/p>\n","protected":false},"author":4,"featured_media":110766,"parent":121127,"menu_order":4,"comment_status":"closed","ping_status":"closed","template":"tpl-product-led.php","meta":{"footnotes":""},"related":[118],"filter":[257,263,272,255],"acf":[],"aioseo_notices":[],"_links":{"self":[{"href":"https:\/\/www.holectron.com\/es\/wp-json\/wp\/v2\/pages\/121143"}],"collection":[{"href":"https:\/\/www.holectron.com\/es\/wp-json\/wp\/v2\/pages"}],"about":[{"href":"https:\/\/www.holectron.com\/es\/wp-json\/wp\/v2\/types\/page"}],"author":[{"embeddable":true,"href":"https:\/\/www.holectron.com\/es\/wp-json\/wp\/v2\/users\/4"}],"replies":[{"embeddable":true,"href":"https:\/\/www.holectron.com\/es\/wp-json\/wp\/v2\/comments?post=121143"}],"version-history":[{"count":0,"href":"https:\/\/www.holectron.com\/es\/wp-json\/wp\/v2\/pages\/121143\/revisions"}],"up":[{"embeddable":true,"href":"https:\/\/www.holectron.com\/es\/wp-json\/wp\/v2\/pages\/121127"}],"wp:featuredmedia":[{"embeddable":true,"href":"https:\/\/www.holectron.com\/es\/wp-json\/wp\/v2\/media\/110766"}],"wp:attachment":[{"href":"https:\/\/www.holectron.com\/es\/wp-json\/wp\/v2\/media?parent=121143"}],"wp:term":[{"taxonomy":"related","embeddable":true,"href":"https:\/\/www.holectron.com\/es\/wp-json\/wp\/v2\/related?post=121143"},{"taxonomy":"filter","embeddable":true,"href":"https:\/\/www.holectron.com\/es\/wp-json\/wp\/v2\/filter?post=121143"}],"curies":[{"name":"wp","href":"https:\/\/api.w.org\/{rel}","templated":true}]}}