{"id":121142,"date":"2025-06-11T17:43:59","date_gmt":"2025-06-11T15:43:59","guid":{"rendered":"https:\/\/www.holectron.com\/productos\/luminarias-de-interior\/luminarias\/neman-blank\/superficie-en-blanco-neman\/"},"modified":"2026-01-16T14:53:35","modified_gmt":"2026-01-16T12:53:35","slug":"superficie-en-blanco-neman","status":"publish","type":"page","link":"https:\/\/www.holectron.com\/es\/productos\/luminarias-de-interior\/luminarias\/neman-blank\/superficie-en-blanco-neman\/","title":{"rendered":"Superficie en blanco Neman"},"content":{"rendered":"<div class=\"wpb-content-wrapper\"><p>[vc_row gap=\u00bb30&#8243;][vc_column width=\u00bb1\/2&#8243;][vc_single_image image=\u00bb101642&#8243; img_size=\u00bbfull\u00bb css=\u00bb\u00bb][\/vc_column][vc_column width=\u00bb1\/2&#8243;][vc_column_text css=\u00bb\u00bb]Las luminarias <strong>de superficie Neman<\/strong> est\u00e1n dise\u00f1adas para su montaje en techos. Pueden utilizarse como luminarias independientes o para formar un sistema de l\u00ednea continua para aplicaciones de iluminaci\u00f3n de oficinas, comercios, centros comerciales y restaurantes. <\/p>\n<p>Neman utiliza LED MacAdam de 3 pasos de la m\u00e1s alta calidad, con una gama de color blanco de 2700K &#8211; 4000K, una gama de color blanco sintonizable de 2700 &#8211; 6500K y un alto \u00edndice de reproducci\u00f3n crom\u00e1tica (CRI), que es CRI90+, con opci\u00f3n de CRI95+. Adem\u00e1s de la salida est\u00e1ndar, existe una versi\u00f3n de alta salida. <\/p>\n<p>Las carcasas de las luminarias de superficie Neman vienen en colores est\u00e1ndar blanco, negro o gris. Sin embargo, esta luminaria Neman puede personalizarse con cualquier color RAL y casi cualquier longitud.[\/vc_column_text][vc_single_image source=\u00bbexternal_link\u00bb external_img_size=\u00bb380&#215;33&#8243; css=\u00bb\u00bb custom_src=\u00bbhttps:\/\/www.holectron.com\/wp-content\/uploads\/features-with-etl-1.svg\u00bb el_id=\u00bb0002&#8243;][\/vc_column][\/vc_row]<\/p>\n<\/div>","protected":false},"excerpt":{"rendered":"<p>[vc_row gap=\u00bb30&#8243;][vc_column width=\u00bb1\/2&#8243;][vc_single_image image=\u00bb101642&#8243; img_size=\u00bbfull\u00bb css=\u00bb\u00bb][\/vc_column][vc_column width=\u00bb1\/2&#8243;][vc_column_text css=\u00bb\u00bb]Las luminarias de superficie Neman est\u00e1n dise\u00f1adas para su montaje en techos. Pueden utilizarse como luminarias independientes o para formar un sistema de l\u00ednea continua para aplicaciones de iluminaci\u00f3n de oficinas, comercios, centros comerciales y restaurantes. Neman utiliza LED MacAdam de 3 pasos de la m\u00e1s alta calidad, [&hellip;]<\/p>\n","protected":false},"author":15,"featured_media":110770,"parent":121128,"menu_order":1,"comment_status":"closed","ping_status":"closed","template":"tpl-product-led.php","meta":{"footnotes":""},"related":[118,213],"filter":[],"acf":[],"aioseo_notices":[],"_links":{"self":[{"href":"https:\/\/www.holectron.com\/es\/wp-json\/wp\/v2\/pages\/121142"}],"collection":[{"href":"https:\/\/www.holectron.com\/es\/wp-json\/wp\/v2\/pages"}],"about":[{"href":"https:\/\/www.holectron.com\/es\/wp-json\/wp\/v2\/types\/page"}],"author":[{"embeddable":true,"href":"https:\/\/www.holectron.com\/es\/wp-json\/wp\/v2\/users\/15"}],"replies":[{"embeddable":true,"href":"https:\/\/www.holectron.com\/es\/wp-json\/wp\/v2\/comments?post=121142"}],"version-history":[{"count":0,"href":"https:\/\/www.holectron.com\/es\/wp-json\/wp\/v2\/pages\/121142\/revisions"}],"up":[{"embeddable":true,"href":"https:\/\/www.holectron.com\/es\/wp-json\/wp\/v2\/pages\/121128"}],"wp:featuredmedia":[{"embeddable":true,"href":"https:\/\/www.holectron.com\/es\/wp-json\/wp\/v2\/media\/110770"}],"wp:attachment":[{"href":"https:\/\/www.holectron.com\/es\/wp-json\/wp\/v2\/media?parent=121142"}],"wp:term":[{"taxonomy":"related","embeddable":true,"href":"https:\/\/www.holectron.com\/es\/wp-json\/wp\/v2\/related?post=121142"},{"taxonomy":"filter","embeddable":true,"href":"https:\/\/www.holectron.com\/es\/wp-json\/wp\/v2\/filter?post=121142"}],"curies":[{"name":"wp","href":"https:\/\/api.w.org\/{rel}","templated":true}]}}