{"id":121120,"date":"2021-03-26T10:21:07","date_gmt":"2021-03-26T08:21:07","guid":{"rendered":"https:\/\/www.holectron.com\/productos\/luminarias-de-interior\/luminarias\/neman-mesh-colgante\/"},"modified":"2026-03-12T11:36:35","modified_gmt":"2026-03-12T09:36:35","slug":"neman-mesh-colgante","status":"publish","type":"page","link":"https:\/\/www.holectron.com\/es\/productos\/luminarias-de-interior\/luminarias\/neman-mesh-colgante\/","title":{"rendered":"Neman Mesh &#8211; Colgante"},"content":{"rendered":"<div class=\"wpb-content-wrapper\"><p>[vc_row gap=\u00bb35&#8243; content_placement=\u00bbmiddle\u00bb][vc_column width=\u00bb1\/2&#8243;][vc_single_image image=\u00bb64108&#8243; img_size=\u00bbfull\u00bb][\/vc_column][vc_column width=\u00bb1\/2&#8243;][vc_column_text]<\/p>\n<h2>Construir imprevistos<\/h2>\n<p>Sorprendente. Ilumine espacios de formas nuevas, creativas e inesperadas mediante el uso de las formas altamente modificables de Neman Mesh. <\/p>\n<p>La estructura Neman Mesh puede construirse uniendo diferentes formas y elementos en una enorme red. Le permite llevar su dise\u00f1o de iluminaci\u00f3n a un nivel superior, donde la creatividad y la luz se unen para crear una aut\u00e9ntica obra maestra de la iluminaci\u00f3n.[\/vc_column_text][vc_single_image source=\u00bbexternal_link\u00bb external_img_size=\u00bb380&#215;25&#8243; css=\u00bb\u00bb custom_src=\u00bbhttps:\/\/www.holectron.com\/wp-content\/uploads\/features-with-etl.svg\u00bb][\/vc_column][\/vc_row][vc_row][vc_column][vc_empty_space height=\u00bb40px\u00bb][\/vc_column][\/vc_row][vc_row gap=\u00bb35&#8243; content_placement=\u00bbmiddle\u00bb][vc_column width=\u00bb1\/2&#8243; offset=\u00bbvc_hidden-xs\u00bb][vc_column_text]<\/p>\n<h2>Dale forma a tu luz<\/h2>\n<p>Adaptable. Convierta la luminaria en parte de su expresi\u00f3n creativa para crear una aut\u00e9ntica obra maestra de la iluminaci\u00f3n. Tan amplia y asombrosa como su imaginaci\u00f3n.  <\/p>\n<p>\u00a1Si\u00e9ntete como Mozart con Neman Mesh! Componga su patr\u00f3n uniendo diferentes formas, cubiertas o cree sus formas.[\/vc_column_text][\/vc_column][vc_column width=\u00bb1\/2&#8243; offset=\u00bbvc_hidden-xs\u00bb][vc_single_image image=\u00bb62598&#8243; img_size=\u00bbfull\u00bb][\/vc_column][\/vc_row][vc_row gap=\u00bb35&#8243; content_placement=\u00bbmiddle\u00bb][vc_column width=\u00bb1\/2&#8243; offset=\u00bbvc_hidden-lg vc_hidden-md vc_hidden-sm\u00bb][vc_single_image image=\u00bb52524&#8243; img_size=\u00bbfull\u00bb][\/vc_column][vc_column width=\u00bb1\/2&#8243; offset=\u00bbvc_hidden-lg vc_hidden-md vc_hidden-sm\u00bb][vc_column_text]<\/p>\n<h2>Dale forma a tu luz<\/h2>\n<p>Adaptable. Convierta la luminaria en parte de su expresi\u00f3n creativa para crear una aut\u00e9ntica obra maestra de la iluminaci\u00f3n. Tan amplia y asombrosa como su imaginaci\u00f3n.  <\/p>\n<p>\u00a1Si\u00e9ntete como Mozart con Neman Mesh! Componga su patr\u00f3n uniendo diferentes formas, cubiertas o cree sus formas.[\/vc_column_text][\/vc_column][\/vc_row][vc_row][vc_column][vc_empty_space height=\u00bb40px\u00bb][\/vc_column][\/vc_row][vc_row gap=\u00bb35&#8243; content_placement=\u00bbmiddle\u00bb][vc_column width=\u00bb1\/2&#8243;][vc_single_image image=\u00bb52579&#8243; img_size=\u00bb680&#215;400&#8243;][\/vc_column][vc_column width=\u00bb1\/2&#8243;][vc_column_text]<\/p>\n<h2>Casi invisible<\/h2>\n<p>Todos los kits de suspensi\u00f3n cuelgan la luminaria en el centro de un empalme, \u00a1no es f\u00e1cil verlo mirando desde arriba![\/vc_column_text][\/vc_column][\/vc_row][vc_row][vc_column][vc_empty_space height=\u00bb40px\u00bb][\/vc_column][\/vc_row][vc_row gap=\u00bb35&#8243; content_placement=\u00bbmiddle\u00bb][vc_column width=\u00bb1\/2&#8243; offset=\u00bbvc_hidden-xs\u00bb][vc_column_text]<\/p>\n<h2>S\u00f3lo 1<\/h2>\n<p>Un solo cable de alimentaci\u00f3n para toda la red.[\/vc_column_text][\/vc_column][vc_column width=\u00bb1\/2&#8243; offset=\u00bbvc_hidden-xs\u00bb][vc_single_image image=\u00bb52620&#8243; img_size=\u00bbfull\u00bb][\/vc_column][\/vc_row][vc_row gap=\u00bb35&#8243; content_placement=\u00bbmiddle\u00bb][vc_column width=\u00bb1\/2&#8243; offset=\u00bbvc_hidden-lg vc_hidden-md vc_hidden-sm\u00bb][vc_single_image image=\u00bb52620&#8243; img_size=\u00bbfull\u00bb][\/vc_column][vc_column width=\u00bb1\/2&#8243; offset=\u00bbvc_hidden-lg vc_hidden-md vc_hidden-sm\u00bb][vc_column_text]<\/p>\n<h2>S\u00f3lo 1<\/h2>\n<p>Un solo cable de alimentaci\u00f3n para toda la red.[\/vc_column_text][\/vc_column][\/vc_row][vc_row][vc_column][vc_empty_space height=\u00bb40px\u00bb][\/vc_column][\/vc_row][vc_row gap=\u00bb35&#8243; content_placement=\u00bbmiddle\u00bb][vc_column width=\u00bb1\/2&#8243;][vc_single_image image=\u00bb53612&#8243; img_size=\u00bbfull\u00bb][\/vc_column][vc_column width=\u00bb1\/2&#8243;][vc_column_text]<\/p>\n<h2><a style=\"text-decoration: none;\" href=\"https:\/\/www.holectron.com\/wp-content\/uploads\/neman-mesh-2022-10-13.pdf\" target=\"_blank\" rel=\"noopener\"><br \/><span style=\"color: #333333;\"><br \/>Descargar folleto \u00ab<\/span><\/a><\/h2>\n<p>[\/vc_column_text][\/vc_column][\/vc_row][vc_row][vc_column][vc_empty_space height=\u00bb40px\u00bb][\/vc_column][\/vc_row][vc_row gap=\u00bb35&#8243;][vc_column width=\u00bb1\/2&#8243; offset=\u00bbvc_hidden-xs\u00bb][vc_column_text]<\/p>\n<h2>Dimensiones del sistema de malla hexagonal<\/h2>\n<p>[\/vc_column_text][vc_column_text]<\/p>\n<table>\n<tbody>\n<tr>\n<td width=\"128\"><strong>M\u00f3dulos, mm<\/strong><\/td>\n<td width=\"128\"><strong>P*, mm<\/strong><\/td>\n<td width=\"128\"><strong>L1, mm<\/strong><\/td>\n<td width=\"128\"><strong>L2, mm<\/strong><\/td>\n<td width=\"128\"><strong>L3, mm<\/strong><\/td>\n<\/tr>\n<tr>\n<td width=\"128\"><b>  <\/b><\/td>\n<td width=\"128\"><\/td>\n<td width=\"128\"><\/td>\n<td width=\"128\"><b> <\/b><\/td>\n<td width=\"128\"><b> <\/b><\/td>\n<\/tr>\n<tr>\n<td width=\"128\"><strong>840<\/strong><\/td>\n<td width=\"128\">33.6<\/td>\n<td width=\"128\">1541.82<\/td>\n<td width=\"128\">3050.04<\/td>\n<td width=\"128\">4558.26<\/td>\n<\/tr>\n<tr>\n<td width=\"128\"><strong>1120<\/strong><\/td>\n<td width=\"128\">33.6<\/td>\n<td width=\"128\">2026.79<\/td>\n<td width=\"128\">4019.98<\/td>\n<td width=\"128\">6013.17<\/td>\n<\/tr>\n<tr>\n<td width=\"128\"><strong>1400<\/strong><\/td>\n<td width=\"128\">33.6<\/td>\n<td width=\"128\">2511.77<\/td>\n<td width=\"128\">4989.94<\/td>\n<td width=\"128\">7468.11<\/td>\n<\/tr>\n<tr>\n<td width=\"128\"><strong>1680<\/strong><\/td>\n<td width=\"128\">33.6<\/td>\n<td width=\"128\">2996.74<\/td>\n<td width=\"128\">5959.88<\/td>\n<td width=\"128\">8923.02<\/td>\n<\/tr>\n<tr>\n<td width=\"128\"><strong>1960<\/strong><\/td>\n<td width=\"128\">33.6<\/td>\n<td width=\"128\">3481.72<\/td>\n<td width=\"128\">6929.84<\/td>\n<td width=\"128\">10377.96<\/td>\n<\/tr>\n<tr>\n<td width=\"128\"><strong>2240<\/strong><\/td>\n<td width=\"128\">33.6<\/td>\n<td width=\"128\">3966.69<\/td>\n<td width=\"128\">7899.78<\/td>\n<td width=\"128\">11832.87<\/td>\n<\/tr>\n<tr>\n<td width=\"128\"><strong>2520<\/strong><\/td>\n<td width=\"128\">33.6<\/td>\n<td width=\"128\">4451.66<\/td>\n<td width=\"128\">8869.72<\/td>\n<td width=\"128\">13287.78<\/td>\n<\/tr>\n<tr>\n<td width=\"128\"><strong>2800<\/strong><\/td>\n<td width=\"128\">33.6<\/td>\n<td width=\"128\">4936.64<\/td>\n<td width=\"128\">9839.68<\/td>\n<td width=\"128\">14742.72<\/td>\n<\/tr>\n<tr>\n<td width=\"128\"><strong>3080<\/strong><\/td>\n<td width=\"128\">33.6<\/td>\n<td width=\"128\">5421.61<\/td>\n<td width=\"128\">10809.62<\/td>\n<td width=\"128\">16197.63<\/td>\n<\/tr>\n<\/tbody>\n<\/table>\n<p>[\/vc_column_text][vc_column_text]P* &#8211; Anchura del perfil[\/vc_column_text][vc_separator][vc_column_text]<\/p>\n<table>\n<tbody>\n<tr>\n<td width=\"128\"><strong>M\u00f3dulos, mm<\/strong><\/td>\n<td width=\"128\"><strong>i, mm<\/strong><\/td>\n<td width=\"128\"><strong>L, mm<\/strong><\/td>\n<td width=\"128\"><strong>Ams, mm<\/strong><\/td>\n<\/tr>\n<tr>\n<td width=\"128\"><b>  <\/b><\/td>\n<td width=\"128\"><b> <\/b><\/td>\n<td width=\"128\"><b> <\/b><\/td>\n<td width=\"128\"><b> <\/b><\/td>\n<\/tr>\n<tr>\n<td width=\"128\"><strong>840<\/strong><\/td>\n<td width=\"128\">874.9<\/td>\n<td width=\"128\">1763.02<\/td>\n<td width=\"128\">3070<\/td>\n<\/tr>\n<tr>\n<td width=\"128\"><strong>1120<\/strong><\/td>\n<td width=\"128\">1154.9<\/td>\n<td width=\"128\">2323.03<\/td>\n<td width=\"128\">4050<\/td>\n<\/tr>\n<tr>\n<td width=\"128\"><strong>1400<\/strong><\/td>\n<td width=\"128\">1434.9<\/td>\n<td width=\"128\">2883.02<\/td>\n<td width=\"128\">5030<\/td>\n<\/tr>\n<tr>\n<td width=\"128\"><strong>1680<\/strong><\/td>\n<td width=\"128\">1714.9<\/td>\n<td width=\"128\">3443.02<\/td>\n<td width=\"128\">6010<\/td>\n<\/tr>\n<tr>\n<td width=\"128\"><strong>1960<\/strong><\/td>\n<td width=\"128\">1994.9<\/td>\n<td width=\"128\">4003.02<\/td>\n<td width=\"128\">6990<\/td>\n<\/tr>\n<tr>\n<td width=\"128\"><strong>2240<\/strong><\/td>\n<td width=\"128\">2274.9<\/td>\n<td width=\"128\">4563.02<\/td>\n<td width=\"128\">7970<\/td>\n<\/tr>\n<tr>\n<td width=\"128\"><strong>2520<\/strong><\/td>\n<td width=\"128\">2554.9<\/td>\n<td width=\"128\">5123.02<\/td>\n<td width=\"128\">8950<\/td>\n<\/tr>\n<tr>\n<td width=\"128\"><strong>2800<\/strong><\/td>\n<td width=\"128\">2834.9<\/td>\n<td width=\"128\">5683.02<\/td>\n<td width=\"128\">9930<\/td>\n<\/tr>\n<tr>\n<td width=\"128\"><strong>3080<\/strong><\/td>\n<td width=\"128\">3114.9<\/td>\n<td width=\"128\">6243.02<\/td>\n<td width=\"128\">10910<\/td>\n<\/tr>\n<\/tbody>\n<\/table>\n<p>[\/vc_column_text][\/vc_column][vc_column width=\u00bb1\/2&#8243; offset=\u00bbvc_hidden-xs\u00bb][vc_single_image image=\u00bb62313&#8243; img_size=\u00bbfull\u00bb][vc_column_text]<\/p>\n<h2 style=\"text-align: center;\">Articulaciones<\/h2>\n<p>[\/vc_column_text][vc_row_inner][vc_column_inner width=\u00bb1\/3&#8243;][vc_single_image image=\u00bb62429&#8243; img_size=\u00bbmedium\u00bb alignment=\u00bbcenter\u00bb][vc_column_text]<\/p>\n<p style=\"text-align: center;\">Y3 conjunto<\/p>\n<p>[\/vc_column_text][\/vc_column_inner][vc_column_inner width=\u00bb1\/3&#8243;][vc_single_image image=\u00bb62428&#8243; img_size=\u00bbmedium\u00bb alignment=\u00bbcenter\u00bb][vc_column_text]<\/p>\n<p style=\"text-align: center;\">Articulaci\u00f3n Y2<\/p>\n<p>[\/vc_column_text][\/vc_column_inner][vc_column_inner width=\u00bb1\/3&#8243;][\/vc_column_inner][\/vc_row_inner][\/vc_column][\/vc_row][vc_row gap=\u00bb35&#8243;][vc_column width=\u00bb1\/2&#8243; offset=\u00bbvc_hidden-lg vc_hidden-md vc_hidden-sm\u00bb][vc_column_text]<\/p>\n<h2>Dimensiones del sistema de malla hexagonal<\/h2>\n<p>[\/vc_column_text][vc_single_image image=\u00bb62313&#8243; img_size=\u00bbfull\u00bb][vc_column_text]<\/p>\n<table>\n<tbody>\n<tr>\n<td width=\"128\"><strong>M\u00f3dulos, mm<\/strong><\/td>\n<td width=\"128\"><strong>P*, mm<\/strong><\/td>\n<td width=\"128\"><strong>L1, mm<\/strong><\/td>\n<td width=\"128\"><strong>L2, mm<\/strong><\/td>\n<td width=\"128\"><strong>L3, mm<\/strong><\/td>\n<\/tr>\n<tr>\n<td width=\"128\"><b>  <\/b><\/td>\n<td width=\"128\"><\/td>\n<td width=\"128\"><\/td>\n<td width=\"128\"><b> <\/b><\/td>\n<td width=\"128\"><b> <\/b><\/td>\n<\/tr>\n<tr>\n<td width=\"128\"><strong>840<\/strong><\/td>\n<td width=\"128\">33.6<\/td>\n<td width=\"128\">1541.82<\/td>\n<td width=\"128\">3050.04<\/td>\n<td width=\"128\">4558.26<\/td>\n<\/tr>\n<tr>\n<td width=\"128\"><strong>1120<\/strong><\/td>\n<td width=\"128\">33.6<\/td>\n<td width=\"128\">2026.79<\/td>\n<td width=\"128\">4019.98<\/td>\n<td width=\"128\">6013.17<\/td>\n<\/tr>\n<tr>\n<td width=\"128\"><strong>1400<\/strong><\/td>\n<td width=\"128\">33.6<\/td>\n<td width=\"128\">2511.77<\/td>\n<td width=\"128\">4989.94<\/td>\n<td width=\"128\">7468.11<\/td>\n<\/tr>\n<tr>\n<td width=\"128\"><strong>1680<\/strong><\/td>\n<td width=\"128\">33.6<\/td>\n<td width=\"128\">2996.74<\/td>\n<td width=\"128\">5959.88<\/td>\n<td width=\"128\">8923.02<\/td>\n<\/tr>\n<tr>\n<td width=\"128\"><strong>1960<\/strong><\/td>\n<td width=\"128\">33.6<\/td>\n<td width=\"128\">3481.72<\/td>\n<td width=\"128\">6929.84<\/td>\n<td width=\"128\">10377.96<\/td>\n<\/tr>\n<tr>\n<td width=\"128\"><strong>2240<\/strong><\/td>\n<td width=\"128\">33.6<\/td>\n<td width=\"128\">3966.69<\/td>\n<td width=\"128\">7899.78<\/td>\n<td width=\"128\">11832.87<\/td>\n<\/tr>\n<tr>\n<td width=\"128\"><strong>2520<\/strong><\/td>\n<td width=\"128\">33.6<\/td>\n<td width=\"128\">4451.66<\/td>\n<td width=\"128\">8869.72<\/td>\n<td width=\"128\">13287.78<\/td>\n<\/tr>\n<tr>\n<td width=\"128\"><strong>2800<\/strong><\/td>\n<td width=\"128\">33.6<\/td>\n<td width=\"128\">4936.64<\/td>\n<td width=\"128\">9839.68<\/td>\n<td width=\"128\">14742.72<\/td>\n<\/tr>\n<tr>\n<td width=\"128\"><strong>3080<\/strong><\/td>\n<td width=\"128\">33.6<\/td>\n<td width=\"128\">5421.61<\/td>\n<td width=\"128\">10809.62<\/td>\n<td width=\"128\">16197.63<\/td>\n<\/tr>\n<\/tbody>\n<\/table>\n<p>[\/vc_column_text][vc_column_text]P* &#8211; Anchura del perfil[\/vc_column_text][vc_separator][vc_column_text]<\/p>\n<table>\n<tbody>\n<tr>\n<td width=\"128\"><strong>M\u00f3dulos, mm<\/strong><\/td>\n<td width=\"128\"><strong>i, mm<\/strong><\/td>\n<td width=\"128\"><strong>L, mm<\/strong><\/td>\n<td width=\"128\"><strong>Ams, mm<\/strong><\/td>\n<\/tr>\n<tr>\n<td width=\"128\"><b>  <\/b><\/td>\n<td width=\"128\"><b> <\/b><\/td>\n<td width=\"128\"><b> <\/b><\/td>\n<td width=\"128\"><b> <\/b><\/td>\n<\/tr>\n<tr>\n<td width=\"128\"><strong>840<\/strong><\/td>\n<td width=\"128\">874.9<\/td>\n<td width=\"128\">1763.02<\/td>\n<td width=\"128\">3070<\/td>\n<\/tr>\n<tr>\n<td width=\"128\"><strong>1120<\/strong><\/td>\n<td width=\"128\">1154.9<\/td>\n<td width=\"128\">2323.03<\/td>\n<td width=\"128\">4050<\/td>\n<\/tr>\n<tr>\n<td width=\"128\"><strong>1400<\/strong><\/td>\n<td width=\"128\">1434.9<\/td>\n<td width=\"128\">2883.02<\/td>\n<td width=\"128\">5030<\/td>\n<\/tr>\n<tr>\n<td width=\"128\"><strong>1680<\/strong><\/td>\n<td width=\"128\">1714.9<\/td>\n<td width=\"128\">3443.02<\/td>\n<td width=\"128\">6010<\/td>\n<\/tr>\n<tr>\n<td width=\"128\"><strong>1960<\/strong><\/td>\n<td width=\"128\">1994.9<\/td>\n<td width=\"128\">4003.02<\/td>\n<td width=\"128\">6990<\/td>\n<\/tr>\n<tr>\n<td width=\"128\"><strong>2240<\/strong><\/td>\n<td width=\"128\">2274.9<\/td>\n<td width=\"128\">4563.02<\/td>\n<td width=\"128\">7970<\/td>\n<\/tr>\n<tr>\n<td width=\"128\"><strong>2520<\/strong><\/td>\n<td width=\"128\">2554.9<\/td>\n<td width=\"128\">5123.02<\/td>\n<td width=\"128\">8950<\/td>\n<\/tr>\n<tr>\n<td width=\"128\"><strong>2800<\/strong><\/td>\n<td width=\"128\">2834.9<\/td>\n<td width=\"128\">5683.02<\/td>\n<td width=\"128\">9930<\/td>\n<\/tr>\n<tr>\n<td width=\"128\"><strong>3080<\/strong><\/td>\n<td width=\"128\">3114.9<\/td>\n<td width=\"128\">6243.02<\/td>\n<td width=\"128\">10910<\/td>\n<\/tr>\n<\/tbody>\n<\/table>\n<p>[\/vc_column_text][\/vc_column][vc_column width=\u00bb1\/2&#8243; offset=\u00bbvc_hidden-lg vc_hidden-md vc_hidden-sm\u00bb][vc_column_text]<\/p>\n<h2 style=\"text-align: center;\">Articulaciones<\/h2>\n<p>[\/vc_column_text][vc_row_inner][vc_column_inner width=\u00bb1\/3&#8243;][vc_single_image image=\u00bb62429&#8243; img_size=\u00bbmedium\u00bb alignment=\u00bbcenter\u00bb][vc_column_text]<\/p>\n<p style=\"text-align: center;\">Y3 conjunto<\/p>\n<p>[\/vc_column_text][\/vc_column_inner][vc_column_inner width=\u00bb1\/3&#8243;][vc_single_image image=\u00bb62428&#8243; img_size=\u00bbmedium\u00bb alignment=\u00bbcenter\u00bb][vc_column_text]<\/p>\n<p style=\"text-align: center;\">Articulaci\u00f3n Y2<\/p>\n<p>[\/vc_column_text][\/vc_column_inner][vc_column_inner width=\u00bb1\/3&#8243;][\/vc_column_inner][\/vc_row_inner][\/vc_column][\/vc_row][vc_row gap=\u00bb35&#8243;][vc_column width=\u00bb1\/2&#8243;][vc_column_text]<\/p>\n<h2>Dimensiones del sistema de malla cuadrada<\/h2>\n<p>[\/vc_column_text][vc_single_image image=\u00bb62378&#8243; img_size=\u00bbfull\u00bb][\/vc_column][vc_column width=\u00bb1\/2&#8243;][vc_column_text]<\/p>\n<table>\n<tbody>\n<tr>\n<td width=\"128\">\n<p><strong>Padres<\/strong><\/p>\n<p><strong>  mm<\/strong><\/td>\n<td width=\"128\">\n<p><strong>Ni\u00f1o<\/strong><\/p>\n<p><strong>  mm<\/strong><\/td>\n<td width=\"128\">\n<p><strong>L<\/strong><\/p>\n<p><strong>mm<\/strong><\/td>\n<td width=\"128\">\n<p><strong>Montaje en L<\/strong><\/p>\n<p><strong>mm<\/strong><\/td>\n<td width=\"128\">\n<p><strong>Malla L<\/strong><\/p>\n<p><strong>mm<\/strong><\/td>\n<\/tr>\n<tr>\n<td width=\"128\"><b>  <\/b><\/td>\n<td width=\"128\"><\/td>\n<td width=\"128\"><\/td>\n<td width=\"128\"><b> <\/b><\/td>\n<td width=\"128\"><b> <\/b><\/td>\n<\/tr>\n<tr>\n<td width=\"128\"><strong>840<\/strong><\/td>\n<td width=\"128\">840<\/td>\n<td width=\"128\">929.0<\/td>\n<td width=\"128\">864.8<\/td>\n<td width=\"128\">1811.8<\/td>\n<\/tr>\n<tr>\n<td width=\"128\"><strong>1120<\/strong><\/td>\n<td width=\"128\">1120<\/td>\n<td width=\"128\">1209.0<\/td>\n<td width=\"128\">1144.8<\/td>\n<td width=\"128\">2371.8<\/td>\n<\/tr>\n<tr>\n<td width=\"128\"><strong>1400<\/strong><\/td>\n<td width=\"128\">1400<\/td>\n<td width=\"128\">1489.0<\/td>\n<td width=\"128\">1424.8<\/td>\n<td width=\"128\">2931.8<\/td>\n<\/tr>\n<tr>\n<td width=\"128\"><strong>1680<\/strong><\/td>\n<td width=\"128\">1680<\/td>\n<td width=\"128\">1769.0<\/td>\n<td width=\"128\">1704.8<\/td>\n<td width=\"128\">3491.8<\/td>\n<\/tr>\n<tr>\n<td width=\"128\"><strong>1960<\/strong><\/td>\n<td width=\"128\">1960<\/td>\n<td width=\"128\">2049.0<\/td>\n<td width=\"128\">2084.8<\/td>\n<td width=\"128\">4051.8<\/td>\n<\/tr>\n<tr>\n<td width=\"128\"><strong>2240<\/strong><\/td>\n<td width=\"128\">2240<\/td>\n<td width=\"128\">2329.0<\/td>\n<td width=\"128\">2364.8<\/td>\n<td width=\"128\">4611.8<\/td>\n<\/tr>\n<tr>\n<td width=\"128\"><strong>2520<\/strong><\/td>\n<td width=\"128\">&#8211;<\/td>\n<td width=\"128\">2609.0<\/td>\n<td width=\"128\">2544.8<\/td>\n<td width=\"128\">5171.8<\/td>\n<\/tr>\n<tr>\n<td width=\"128\"><strong>2800<\/strong><\/td>\n<td width=\"128\">&#8211;<\/td>\n<td width=\"128\">2889.0<\/td>\n<td width=\"128\">2824.8<\/td>\n<td width=\"128\">5731.8<\/td>\n<\/tr>\n<tr>\n<td width=\"128\"><strong>3080<\/strong><\/td>\n<td width=\"128\">&#8211;<\/td>\n<td width=\"128\">3087.5<\/td>\n<td width=\"128\">3104.8<\/td>\n<td width=\"128\">6127.8<\/td>\n<\/tr>\n<\/tbody>\n<\/table>\n<p>[\/vc_column_text][vc_column_text]<\/p>\n<h2 style=\"text-align: center;\">Articulaciones<\/h2>\n<p>[\/vc_column_text][vc_row_inner][vc_column_inner width=\u00bb1\/3&#8243;][vc_single_image image=\u00bb62407&#8243; img_size=\u00bbmedium\u00bb alignment=\u00bbcenter\u00bb][vc_column_text]<\/p>\n<p style=\"text-align: center;\">Junta X4<\/p>\n<p>[\/vc_column_text][\/vc_column_inner][vc_column_inner width=\u00bb1\/3&#8243;][vc_single_image image=\u00bb62406&#8243; img_size=\u00bbmedium\u00bb alignment=\u00bbcenter\u00bb][vc_column_text]<\/p>\n<p style=\"text-align: center;\">Junta X3<\/p>\n<p>[\/vc_column_text][\/vc_column_inner][vc_column_inner width=\u00bb1\/3&#8243;][vc_single_image image=\u00bb62405&#8243; img_size=\u00bbmedium\u00bb alignment=\u00bbcenter\u00bb el_id=\u00bb1001&#8243;][vc_column_text]<\/p>\n<p style=\"text-align: center;\">Junta X2<\/p>\n<p>[\/vc_column_text][\/vc_column_inner][\/vc_row_inner][\/vc_column][\/vc_row]<\/p>\n<\/div>","protected":false},"excerpt":{"rendered":"<p>[vc_row gap=\u00bb35&#8243; content_placement=\u00bbmiddle\u00bb][vc_column width=\u00bb1\/2&#8243;][vc_single_image image=\u00bb64108&#8243; img_size=\u00bbfull\u00bb][\/vc_column][vc_column width=\u00bb1\/2&#8243;][vc_column_text] Construir imprevistos Sorprendente. Ilumine espacios de formas nuevas, creativas e inesperadas mediante el uso de las formas altamente modificables de Neman Mesh. La estructura Neman Mesh puede construirse uniendo diferentes formas y elementos en una enorme red. Le permite llevar su dise\u00f1o de iluminaci\u00f3n a un nivel superior, [&hellip;]<\/p>\n","protected":false},"author":15,"featured_media":110787,"parent":121116,"menu_order":2,"comment_status":"closed","ping_status":"closed","template":"tpl-product-led.php","meta":{"footnotes":""},"related":[118,173],"filter":[401,257,263,276,286,329,295,272,255,305,311,315,317,278,319,321],"acf":[],"aioseo_notices":[],"_links":{"self":[{"href":"https:\/\/www.holectron.com\/es\/wp-json\/wp\/v2\/pages\/121120"}],"collection":[{"href":"https:\/\/www.holectron.com\/es\/wp-json\/wp\/v2\/pages"}],"about":[{"href":"https:\/\/www.holectron.com\/es\/wp-json\/wp\/v2\/types\/page"}],"author":[{"embeddable":true,"href":"https:\/\/www.holectron.com\/es\/wp-json\/wp\/v2\/users\/15"}],"replies":[{"embeddable":true,"href":"https:\/\/www.holectron.com\/es\/wp-json\/wp\/v2\/comments?post=121120"}],"version-history":[{"count":0,"href":"https:\/\/www.holectron.com\/es\/wp-json\/wp\/v2\/pages\/121120\/revisions"}],"up":[{"embeddable":true,"href":"https:\/\/www.holectron.com\/es\/wp-json\/wp\/v2\/pages\/121116"}],"wp:featuredmedia":[{"embeddable":true,"href":"https:\/\/www.holectron.com\/es\/wp-json\/wp\/v2\/media\/110787"}],"wp:attachment":[{"href":"https:\/\/www.holectron.com\/es\/wp-json\/wp\/v2\/media?parent=121120"}],"wp:term":[{"taxonomy":"related","embeddable":true,"href":"https:\/\/www.holectron.com\/es\/wp-json\/wp\/v2\/related?post=121120"},{"taxonomy":"filter","embeddable":true,"href":"https:\/\/www.holectron.com\/es\/wp-json\/wp\/v2\/filter?post=121120"}],"curies":[{"name":"wp","href":"https:\/\/api.w.org\/{rel}","templated":true}]}}