{"id":121119,"date":"2021-05-04T15:00:25","date_gmt":"2021-05-04T13:00:25","guid":{"rendered":"https:\/\/www.holectron.com\/productos\/luminarias-de-interior\/luminarias\/forma-neman-colgante\/"},"modified":"2026-01-16T13:23:42","modified_gmt":"2026-01-16T11:23:42","slug":"forma-neman-colgante","status":"publish","type":"page","link":"https:\/\/www.holectron.com\/es\/productos\/luminarias-de-interior\/luminarias\/forma-neman-colgante\/","title":{"rendered":"Forma Neman &#8211; Colgante"},"content":{"rendered":"<div class=\"wpb-content-wrapper\"><p>[vc_row][vc_column][vc_empty_space height=\u00bb20px\u00bb][\/vc_column][\/vc_row][vc_row gap=\u00bb30&#8243;][vc_column width=\u00bb1\/2&#8243;][vc_single_image image=\u00bb80505&#8243; img_size=\u00bb680&#215;400&#8243;][\/vc_column][vc_column width=\u00bb1\/2&#8243;][vc_column_text]<\/p>\n<p>Cree una atm\u00f3sfera relajante y realce sus espacios con Neman Shapes. Las llamativas formas geom\u00e9tricas -tri\u00e1ngulos, cuadrados y hex\u00e1gonos- llenar\u00e1n la habitaci\u00f3n con una luz suave y uniforme. Las Shapes combinan funci\u00f3n y forma en un dise\u00f1o que encaja tanto en ambientes cl\u00e1sicos como modernos. Las luminarias Neman Shape son perfectas para tiendas, oficinas, restaurantes y viviendas. Fabricadas en Europa con materiales de la m\u00e1xima calidad.    <\/p>\n<p>[\/vc_column_text][vc_single_image source=\u00bbexternal_link\u00bb external_img_size=\u00bb380&#215;25&#8243; css=\u00bb\u00bb custom_src=\u00bbhttps:\/\/www.holectron.com\/wp-content\/uploads\/features-with-etl.svg\u00bb][\/vc_column][\/vc_row][vc_row][vc_column][vc_empty_space height=\u00bb40px\u00bb][\/vc_column][\/vc_row][vc_row gap=\u00bb35&#8243; content_placement=\u00bbmiddle\u00bb][vc_column width=\u00bb1\/2&#8243; offset=\u00bbvc_hidden-xs\u00bb][vc_column_text]<\/p>\n<h2>Iluminaci\u00f3n para el trabajo y el ocio<\/h2>\n<p>La iluminaci\u00f3n es fundamental para configurar la forma en que experimentamos los espacios e interactuamos con ellos. Tiene un efecto sobre el bienestar de las personas que puede ser positivo o perjudicial: la soluci\u00f3n adecuada puede ayudar a levantar el \u00e1nimo, mejorar la productividad o ayudar a relajarse tras una jornada de trabajo. <\/p>\n<p>Neman Shape ofrece distintos modos de iluminaci\u00f3n, tanto para mejorar el confort como para crear experiencias \u00fanicas.<\/p>\n<p><strong>\u00d3ptica<\/strong><br \/>NemanX Louvre \/ Microprisma \/ \u00d3palo<\/p>\n<p><strong>Color del perfil:<\/strong><br \/>Negro, gris, blanco<\/p>\n<p><strong>Luz directa, directa\/indirecta e indirecta<\/strong>[\/vc_column_text][\/vc_column][vc_column width=\u00bb1\/2&#8243; offset=\u00bbvc_hidden-xs\u00bb][vc_single_image image=\u00bb62653&#8243; img_size=\u00bbfull\u00bb][\/vc_column][\/vc_row][vc_row gap=\u00bb35&#8243; content_placement=\u00bbmiddle\u00bb][vc_column width=\u00bb1\/2&#8243; offset=\u00bbvc_hidden-lg vc_hidden-md vc_hidden-sm\u00bb][vc_single_image image=\u00bb62653&#8243; img_size=\u00bbfull\u00bb][\/vc_column][vc_column width=\u00bb1\/2&#8243; offset=\u00bbvc_hidden-lg vc_hidden-md vc_hidden-sm\u00bb][vc_column_text]<\/p>\n<h2>Iluminaci\u00f3n para el trabajo y el ocio<\/h2>\n<p>La iluminaci\u00f3n es fundamental para configurar la forma en que experimentamos los espacios e interactuamos con ellos. Tiene un efecto sobre el bienestar de las personas que puede ser positivo o perjudicial: la soluci\u00f3n adecuada puede ayudar a levantar el \u00e1nimo, mejorar la productividad o ayudar a relajarse tras una jornada de trabajo. <\/p>\n<p>Neman Shape ofrece distintos modos de iluminaci\u00f3n, tanto para mejorar el confort como para crear experiencias \u00fanicas.<\/p>\n<p><strong>\u00d3ptica<\/strong><br \/>NemanX Louvre \/ Microprisma \/ \u00d3palo<\/p>\n<p><strong>Color del perfil:<\/strong><br \/>Negro, gris, blanco<\/p>\n<p><strong>Luz directa, directa\/indirecta e indirecta<\/strong>[\/vc_column_text][\/vc_column][\/vc_row][vc_row][vc_column][vc_empty_space height=\u00bb40px\u00bb][\/vc_column][\/vc_row][vc_row gap=\u00bb35&#8243; content_placement=\u00bbmiddle\u00bb][vc_column width=\u00bb1\/2&#8243;][vc_single_image image=\u00bb62671&#8243; img_size=\u00bbfull\u00bb][\/vc_column][vc_column width=\u00bb1\/2&#8243;][vc_column_text]<\/p>\n<p><a style=\"text-decoration: none;\" href=\"https:\/\/www.holectron.com\/wp-content\/uploads\/Broshiura-Neman-Shapes-interactive-2021-06-12.pdf\" target=\"_blank\" rel=\"noopener\"> <span style=\"font-size: 26px; color: #333333;\"> <strong>Descargar folleto \u00ab<\/strong><\/span><\/a><\/p>\n<p>[\/vc_column_text][\/vc_column][\/vc_row][vc_row][vc_column][vc_empty_space height=\u00bb40px\u00bb][\/vc_column][\/vc_row][vc_row gap=\u00bb35&#8243; content_placement=\u00bbmiddle\u00bb][vc_column offset=\u00bbvc_hidden-xs\u00bb][vc_column_text]<\/p>\n<h2 style=\"text-align: center;\">Elija su elemento<\/h2>\n<p style=\"text-align: center;\">Elige la m\u00e1s adecuada entre 3 formas geom\u00e9tricas predefinidas.<\/p>\n<p>[\/vc_column_text][\/vc_column][\/vc_row][vc_row gap=\u00bb35&#8243; content_placement=\u00bbtop\u00bb][vc_column width=\u00bb1\/3&#8243;][vc_single_image image=\u00bb58371&#8243; img_size=\u00bbfull\u00bb][vc_column_text]<\/p>\n<h2>Hex\u00e1gonos<\/h2>\n<p>Juega con las formas y crea tu propio patr\u00f3n de iluminaci\u00f3n.[\/vc_column_text][\/vc_column][vc_column width=\u00bb1\/3&#8243;][vc_single_image image=\u00bb58373&#8243; img_size=\u00bbfull\u00bb][vc_column_text]<\/p>\n<h2>Plazas<\/h2>\n<p>Esta forma es adecuada para cualquier habitaci\u00f3n. Combinando con el interior y a\u00f1adiendo un ambiente de negocios a su oficina, el cuadrado encontrar\u00e1 su lugar en cualquier espacio.[\/vc_column_text][\/vc_column][vc_column width=\u00bb1\/3&#8243;][vc_single_image image=\u00bb58374&#8243; img_size=\u00bbfull\u00bb][vc_column_text]<\/p>\n<h2>Tri\u00e1ngulos<\/h2>\n<p>A\u00f1ada expresi\u00f3n y energ\u00eda, llene el interior de emoci\u00f3n.[\/vc_column_text][\/vc_column][\/vc_row][vc_row][vc_column][vc_empty_space height=\u00bb40px\u00bb][\/vc_column][\/vc_row][vc_row][vc_column][vc_column_text]<\/p>\n<h2>Tama\u00f1os y dimensiones<\/h2>\n<p>[\/vc_column_text][\/vc_column][\/vc_row][vc_row gap=\u00bb35&#8243; content_placement=\u00bbmiddle\u00bb][vc_column width=\u00bb1\/2&#8243;][vc_single_image image=\u00bb114775&#8243; img_size=\u00bbfull\u00bb css=\u00bb\u00bb][\/vc_column][vc_column width=\u00bb1\/2&#8243;][vc_column_text]<\/p>\n<h2>Hex\u00e1gono<\/h2>\n<p>[\/vc_column_text][vc_column_text css=\u00bb\u00bb]<\/p>\n<p>&nbsp;<\/p>\n<table>\n<tbody>\n<tr>\n<td width=\"128\"><strong>Longitud, mm<\/strong><\/td>\n<td width=\"128\"><strong>O, mm<\/strong><\/td>\n<td width=\"128\"><strong>O1, mm<\/strong><\/td>\n<td width=\"128\"><strong>O2, mm<\/strong><\/td>\n<\/tr>\n<tr>\n<td width=\"128\"><b>  <\/b><\/td>\n<td width=\"128\"><\/td>\n<td width=\"128\"><\/td>\n<td width=\"128\"><b> <\/b><\/td>\n<\/tr>\n<tr>\n<td width=\"128\"><strong>840<\/strong><\/td>\n<td width=\"128\">867<\/td>\n<td width=\"128\">1734<\/td>\n<td width=\"128\">1501.69<\/td>\n<\/tr>\n<tr>\n<td width=\"128\"><strong>1120<\/strong><\/td>\n<td width=\"128\">1147<\/td>\n<td width=\"128\">2294<\/td>\n<td width=\"128\">1986.66<\/td>\n<\/tr>\n<tr>\n<td width=\"128\"><strong>1400<\/strong><\/td>\n<td width=\"128\">1427<\/td>\n<td width=\"128\">2854<\/td>\n<td width=\"128\">2417.11<\/td>\n<\/tr>\n<tr>\n<td width=\"128\"><strong>1680<\/strong><\/td>\n<td width=\"128\">1707<\/td>\n<td width=\"128\">3414<\/td>\n<td width=\"128\">2956.61<\/td>\n<\/tr>\n<tr>\n<td width=\"128\"><strong>1960<\/strong><\/td>\n<td width=\"128\">1987<\/td>\n<td width=\"128\">3974<\/td>\n<td width=\"128\">3441.59<\/td>\n<\/tr>\n<tr>\n<td width=\"128\"><strong>2240<\/strong><\/td>\n<td width=\"128\">2267<\/td>\n<td width=\"128\">4534<\/td>\n<td width=\"128\">3926.56<\/td>\n<\/tr>\n<tr>\n<td width=\"128\"><strong>2520<\/strong><\/td>\n<td width=\"128\">2547<\/td>\n<td width=\"128\">5094<\/td>\n<td width=\"128\">4411.53<\/td>\n<\/tr>\n<tr>\n<td width=\"128\"><strong>2800<\/strong><\/td>\n<td width=\"128\">2827<\/td>\n<td width=\"128\">5654<\/td>\n<td width=\"128\">4896.51<\/td>\n<\/tr>\n<tr>\n<td width=\"128\"><strong>3080<\/strong><\/td>\n<td width=\"128\">3107<\/td>\n<td width=\"128\">6214<\/td>\n<td width=\"128\">5381.48<\/td>\n<\/tr>\n<\/tbody>\n<\/table>\n<p>[\/vc_column_text][\/vc_column][\/vc_row][vc_row][vc_column][vc_empty_space height=\u00bb40px\u00bb][\/vc_column][\/vc_row][vc_row gap=\u00bb35&#8243; content_placement=\u00bbmiddle\u00bb][vc_column width=\u00bb1\/2&#8243;][vc_single_image image=\u00bb62703&#8243; img_size=\u00bbfull\u00bb alignment=\u00bbcenter\u00bb][\/vc_column][vc_column width=\u00bb1\/2&#8243;][vc_column_text]<\/p>\n<h2 style=\"text-align: left;\">Cuadrado<\/h2>\n<p>[\/vc_column_text][vc_column_text]<\/p>\n<table class=\" aligncenter\">\n<tbody>\n<tr>\n<td width=\"128\"><strong>Longitud, mm<\/strong><\/td>\n<td width=\"128\"><strong>O, mm<\/strong><\/td>\n<td width=\"128\"><strong>l, mm<\/strong><\/td>\n<\/tr>\n<tr>\n<td width=\"128\"><b>  <\/b><\/td>\n<td width=\"128\"><\/td>\n<td width=\"128\"><\/td>\n<\/tr>\n<tr>\n<td width=\"128\"><strong>840<\/strong><\/td>\n<td width=\"128\">885<\/td>\n<td width=\"128\">832.5<\/td>\n<\/tr>\n<tr>\n<td width=\"128\"><strong>1120<\/strong><\/td>\n<td width=\"128\">1165<\/td>\n<td width=\"128\">1112.5<\/td>\n<\/tr>\n<tr>\n<td width=\"128\"><strong>1400<\/strong><\/td>\n<td width=\"128\">1445<\/td>\n<td width=\"128\">1392.5<\/td>\n<\/tr>\n<tr>\n<td width=\"128\"><strong>1680<\/strong><\/td>\n<td width=\"128\">1725<\/td>\n<td width=\"128\">1672.5<\/td>\n<\/tr>\n<tr>\n<td width=\"128\"><strong>1960<\/strong><\/td>\n<td width=\"128\">2005<\/td>\n<td width=\"128\">1952.5<\/td>\n<\/tr>\n<tr>\n<td width=\"128\"><strong>2240<\/strong><\/td>\n<td width=\"128\">2285<\/td>\n<td width=\"128\">2232.5<\/td>\n<\/tr>\n<tr>\n<td width=\"128\"><strong>2520<\/strong><\/td>\n<td width=\"128\">2565<\/td>\n<td width=\"128\">2512.5<\/td>\n<\/tr>\n<tr>\n<td width=\"128\"><strong>2800<\/strong><\/td>\n<td width=\"128\">2845<\/td>\n<td width=\"128\">2792.5<\/td>\n<\/tr>\n<tr>\n<td width=\"128\"><strong>3080<\/strong><\/td>\n<td width=\"128\">3125<\/td>\n<td width=\"128\">3072.5<\/td>\n<\/tr>\n<\/tbody>\n<\/table>\n<p>[\/vc_column_text][\/vc_column][\/vc_row][vc_row][vc_column][vc_empty_space height=\u00bb40px\u00bb][\/vc_column][\/vc_row][vc_row gap=\u00bb35&#8243; content_placement=\u00bbmiddle\u00bb][vc_column width=\u00bb1\/2&#8243;][vc_single_image image=\u00bb62705&#8243; img_size=\u00bbfull\u00bb][\/vc_column][vc_column width=\u00bb1\/2&#8243;][vc_column_text]<\/p>\n<h2 style=\"text-align: left;\">Tri\u00e1ngulo<\/h2>\n<p>[\/vc_column_text][vc_column_text]<\/p>\n<table>\n<tbody>\n<tr>\n<td width=\"128\"><strong>Longitud, mm<\/strong><\/td>\n<td width=\"128\"><strong>L, mm<\/strong><\/td>\n<td width=\"128\"><strong>l, mm<\/strong><\/td>\n<\/tr>\n<tr>\n<td width=\"128\"><b>  <\/b><\/td>\n<td width=\"128\"><\/td>\n<td width=\"128\"><\/td>\n<\/tr>\n<tr>\n<td width=\"128\"><strong>840<\/strong><\/td>\n<td width=\"128\">916<\/td>\n<td width=\"128\">819.72<\/td>\n<\/tr>\n<tr>\n<td width=\"128\"><strong>1120<\/strong><\/td>\n<td width=\"128\">1196<\/td>\n<td width=\"128\">1099.72<\/td>\n<\/tr>\n<tr>\n<td width=\"128\"><strong>1400<\/strong><\/td>\n<td width=\"128\">1476<\/td>\n<td width=\"128\">1379.72<\/td>\n<\/tr>\n<tr>\n<td width=\"128\"><strong>1680<\/strong><\/td>\n<td width=\"128\">1756<\/td>\n<td width=\"128\">1659.72<\/td>\n<\/tr>\n<tr>\n<td width=\"128\"><strong>1960<\/strong><\/td>\n<td width=\"128\">2036<\/td>\n<td width=\"128\">1939.72<\/td>\n<\/tr>\n<tr>\n<td width=\"128\"><strong>2240<\/strong><\/td>\n<td width=\"128\">2316<\/td>\n<td width=\"128\">2219.72<\/td>\n<\/tr>\n<tr>\n<td width=\"128\"><strong>2520<\/strong><\/td>\n<td width=\"128\">2596<\/td>\n<td width=\"128\">2499.72<\/td>\n<\/tr>\n<tr>\n<td width=\"128\"><strong>2800<\/strong><\/td>\n<td width=\"128\">2876<\/td>\n<td width=\"128\">2779.72<\/td>\n<\/tr>\n<tr>\n<td width=\"128\"><strong>3080<\/strong><\/td>\n<td width=\"128\">3156<\/td>\n<td width=\"128\">3059.72<\/td>\n<\/tr>\n<\/tbody>\n<\/table>\n<p>[\/vc_column_text][\/vc_column][\/vc_row][vc_row][vc_column][vc_column_text]<\/p>\n<h2>Principales ventajas<\/h2>\n<ul>\n<li>Posibilidad de elegir entre 3 formas geom\u00e9tricas que pueden ser de cualquier tama\u00f1o desde<\/li>\n<li>De 560 mm a 3080 mm<\/li>\n<li>Dise\u00f1o delgado 34&#215;60 mm<\/li>\n<li>Flujo luminoso de hasta 3600 lm\/m<\/li>\n<li>Potencia hasta 25 W\/m<\/li>\n<li>Temperatura de color: 2700K, 3000K, 3500K, 4000K o 2700K-6500K<\/li>\n<li>CRI90+ o CRI98+ (bajo pedido)<\/li>\n<li>LED MacAdam de 3 pasos<\/li>\n<li>Eficacia de hasta 148 lm\/W<\/li>\n<li>Carcasa de la luminaria en color est\u00e1ndar blanco, gris, negro o cualquier color RAL personalizado bajo pedido<\/li>\n<li>Encendido\/apagado, Dali, Bluetooth regulable<\/li>\n<li>Sensor de presencia y luz diurna<\/li>\n<li>Paquete de emergencia disponible previa solicitud<\/li>\n<li>IP40<\/li>\n<\/ul>\n<p>[\/vc_column_text][\/vc_column][\/vc_row][vc_row][vc_column][vc_empty_space height=\u00bb40px\u00bb][vc_column_text]<\/p>\n<h2>Proyectos<\/h2>\n<p>[\/vc_column_text][\/vc_column][\/vc_row][vc_row gap=\u00bb30&#8243;][vc_column width=\u00bb1\/2&#8243;][vc_video link=\u00bbhttps:\/\/youtu.be\/AOLPQ7lUn_8&#8243; css=\u00bb.vc_custom_1665381339828{margin-bottom: 10px !important;border-bottom-width: 0px !important;padding-bottom: 0px !important;}\u00bb][vc_column_text]<\/p>\n<p class=\"text-header text-header-lrg fw-med color-grey-dark\"><em>Fosforma. VicRoads Wendouree Ballarat Centro de inspecci\u00f3n y pruebas de licencias VIC. Productos destacados: <strong>Neman<\/strong> <strong>Shape<\/strong> &#8211; Colgante hexagonal, <strong>Neman Direct\/Indirect<\/strong> &#8211; Colgante rectangular a medida, <strong>Neman Wall<\/strong> &#8211; Aplique de superficie.  <\/em><\/p>\n<p><strong><a href=\"https:\/\/phosforma.com.au\/projects\/vicroads-wendouree-ballarat-license-testing-and-inspection-centre\/\">Fosforma \u00ab<\/a><\/strong>[\/vc_column_text][\/vc_column][vc_column width=\u00bb1\/2&#8243;][vc_single_image image=\u00bb76539&#8243; img_size=\u00bbfull\u00bb][vc_column_text]<\/p>\n<div dir=\"auto\">Neman Shapes ilumina la guarder\u00eda infantil.<\/div>\n<div dir=\"auto\"><\/div>\n<p><strong><a href=\"https:\/\/www.lsm.lv\/...\/riga-izveido-divus-jaunus...\/\">Leer m\u00e1s \u00ab<\/a><\/strong>[\/vc_column_text][\/vc_column][\/vc_row][vc_row content_placement=\u00bbmiddle\u00bb css=\u00bb.vc_custom_1658389954091{margin-top: 0px !important;margin-right: 0px !important;margin-bottom: 0px !important;margin-left: 0px !important;border-top-width: 0px !important;border-right-width: 0px !important;border-bottom-width: 0px !important;border-left-width: 0px !important;padding-top: 0px !important;padding-right: 0px !important;padding-bottom: 0px !important;padding-left: 0px !important;}\u00bb][vc_column width=\u00bb1\/5&#8243; offset=\u00bbvc_col-lg-1\/5 vc_col-md-1\/5 vc_col-xs-6&#8243; css=\u00bb.vc_custom_1658389896757{margin-top: 0px !important;margin-right: 0px !important;margin-bottom: 0px !important;margin-left: 0px !important;border-top-width: 0px !important;border-right-width: 0px !important;border-bottom-width: 0px !important;border-left-width: 0px !important;padding-top: 0px !important;padding-right: 0px !important;padding-bottom: 0px !important;padding-left: 0px !important;}\u00bb][vc_single_image image=\u00bb76005&#8243; img_size=\u00bb600&#215;600&#8243; alignment=\u00bbcenter\u00bb onclick=\u00bbimg_link_large\u00bb][\/vc_column][vc_column width=\u00bb1\/5&#8243; css=\u00bb.vc_custom_1658389683277{margin-top: 0px !important;margin-right: 0px !important;margin-bottom: 0px !important;margin-left: 0px !important;border-top-width: 0px !important;border-right-width: 0px !important;border-bottom-width: 0px !important;border-left-width: 0px !important;padding-top: 0px !important;padding-right: 0px !important;padding-bottom: 0px !important;padding-left: 0px !important;}\u00bb offset=\u00bbvc_col-lg-1\/5 vc_col-md-1\/5 vc_col-xs-6&#8243;][vc_single_image image=\u00bb76003&#8243; img_size=\u00bb600&#215;600&#8243; alignment=\u00bbcenter\u00bb onclick=\u00bbimg_link_large\u00bb][\/vc_column][vc_column width=\u00bb1\/5&#8243; css=\u00bb.vc_custom_1658389708431{margin-top: 0px !important;margin-right: 0px !important;margin-bottom: 0px !important;margin-left: 0px !important;border-top-width: 0px !important;border-right-width: 0px !important;border-bottom-width: 0px !important;border-left-width: 0px !important;padding-top: 0px !important;padding-right: 0px !important;padding-bottom: 0px !important;padding-left: 0px !important;}\u00bb offset=\u00bbvc_col-lg-1\/5 vc_col-md-1\/5 vc_col-xs-6&#8243;][vc_single_image image=\u00bb76068&#8243; img_size=\u00bb600&#215;600&#8243; alignment=\u00bbcenter\u00bb onclick=\u00bbimg_link_large\u00bb][\/vc_column][vc_column width=\u00bb1\/5&#8243; css=\u00bb.vc_custom_1658389767917{margin-top: 0px !important;margin-right: 0px !important;margin-bottom: 0px !important;margin-left: 0px !important;border-top-width: 0px !important;border-right-width: 0px !important;border-bottom-width: 0px !important;border-left-width: 0px !important;padding-top: 0px !important;padding-right: 0px !important;padding-bottom: 0px !important;padding-left: 0px !important;}\u00bb offset=\u00bbvc_col-lg-1\/5 vc_col-md-1\/5 vc_col-xs-6&#8243;][vc_single_image image=\u00bb76002&#8243; img_size=\u00bb600&#215;600&#8243; alignment=\u00bbcenter\u00bb onclick=\u00bbimg_link_large\u00bb][\/vc_column][vc_column width=\u00bb1\/5&#8243; css=\u00bb.vc_custom_1658389789057{margin-top: 0px !important;margin-right: 0px !important;margin-bottom: 0px !important;margin-left: 0px !important;border-top-width: 0px !important;border-right-width: 0px !important;border-bottom-width: 0px !important;border-left-width: 0px !important;padding-top: 0px !important;padding-right: 0px !important;padding-bottom: 0px !important;padding-left: 0px !important;}\u00bb offset=\u00bbvc_col-lg-1\/5 vc_col-md-1\/5 vc_col-xs-6&#8243;][vc_single_image image=\u00bb76001&#8243; img_size=\u00bb600&#215;600&#8243; alignment=\u00bbcenter\u00bb onclick=\u00bbimg_link_large\u00bb el_id=\u00bb1001&#8243;][\/vc_column][\/vc_row]<\/p>\n<\/div>","protected":false},"excerpt":{"rendered":"<p>[vc_row][vc_column][vc_empty_space height=\u00bb20px\u00bb][\/vc_column][\/vc_row][vc_row gap=\u00bb30&#8243;][vc_column width=\u00bb1\/2&#8243;][vc_single_image image=\u00bb80505&#8243; img_size=\u00bb680&#215;400&#8243;][\/vc_column][vc_column width=\u00bb1\/2&#8243;][vc_column_text] Cree una atm\u00f3sfera relajante y realce sus espacios con Neman Shapes. Las llamativas formas geom\u00e9tricas -tri\u00e1ngulos, cuadrados y hex\u00e1gonos- llenar\u00e1n la habitaci\u00f3n con una luz suave y uniforme. Las Shapes combinan funci\u00f3n y forma en un dise\u00f1o que encaja tanto en ambientes cl\u00e1sicos como modernos. Las luminarias Neman [&hellip;]<\/p>\n","protected":false},"author":15,"featured_media":110788,"parent":121116,"menu_order":3,"comment_status":"closed","ping_status":"closed","template":"tpl-product-led.php","meta":{"footnotes":""},"related":[118,173],"filter":[382,257,263,276,286,329,295,272,255,305,311,278,319,321],"acf":[],"aioseo_notices":[],"_links":{"self":[{"href":"https:\/\/www.holectron.com\/es\/wp-json\/wp\/v2\/pages\/121119"}],"collection":[{"href":"https:\/\/www.holectron.com\/es\/wp-json\/wp\/v2\/pages"}],"about":[{"href":"https:\/\/www.holectron.com\/es\/wp-json\/wp\/v2\/types\/page"}],"author":[{"embeddable":true,"href":"https:\/\/www.holectron.com\/es\/wp-json\/wp\/v2\/users\/15"}],"replies":[{"embeddable":true,"href":"https:\/\/www.holectron.com\/es\/wp-json\/wp\/v2\/comments?post=121119"}],"version-history":[{"count":0,"href":"https:\/\/www.holectron.com\/es\/wp-json\/wp\/v2\/pages\/121119\/revisions"}],"up":[{"embeddable":true,"href":"https:\/\/www.holectron.com\/es\/wp-json\/wp\/v2\/pages\/121116"}],"wp:featuredmedia":[{"embeddable":true,"href":"https:\/\/www.holectron.com\/es\/wp-json\/wp\/v2\/media\/110788"}],"wp:attachment":[{"href":"https:\/\/www.holectron.com\/es\/wp-json\/wp\/v2\/media?parent=121119"}],"wp:term":[{"taxonomy":"related","embeddable":true,"href":"https:\/\/www.holectron.com\/es\/wp-json\/wp\/v2\/related?post=121119"},{"taxonomy":"filter","embeddable":true,"href":"https:\/\/www.holectron.com\/es\/wp-json\/wp\/v2\/filter?post=121119"}],"curies":[{"name":"wp","href":"https:\/\/api.w.org\/{rel}","templated":true}]}}