{"id":121107,"date":"2021-03-01T14:19:46","date_gmt":"2021-03-01T12:19:46","guid":{"rendered":"https:\/\/www.holectron.com\/productos\/tiras-led-flexibles-para-interior\/tiras-led-flexibles-rgbblanco\/rgbw48-nn-tiras-led-flexibles-rgbblanco-nichia\/"},"modified":"2026-01-16T11:17:53","modified_gmt":"2026-01-16T09:17:53","slug":"rgbw48-nn-tiras-led-flexibles-rgbblanco-nichia","status":"publish","type":"page","link":"https:\/\/www.holectron.com\/es\/productos\/tiras-led-flexibles-para-interior\/tiras-led-flexibles-rgbblanco\/rgbw48-nn-tiras-led-flexibles-rgbblanco-nichia\/","title":{"rendered":"RGBW48\/NN &#8211; Tiras LED flexibles RGB+blanco NICHIA"},"content":{"rendered":"<div class=\"wpb-content-wrapper\"><p>[vc_row gap=\u00bb30&#8243; content_placement=\u00bbtop\u00bb][vc_column width=\u00bb1\/2&#8243;][vc_single_image image=\u00bb86334&#8243; img_size=\u00bb680&#215;400&#8243;][\/vc_column][vc_column width=\u00bb1\/2&#8243;][vc_column_text]Siempre que sea necesario cambiar de iluminaci\u00f3n general a decorativa en un abrir y cerrar de ojos, estas tiras de LED son una excelente elecci\u00f3n. Con 48 LED RGB y 48 LED blancos NICHIA por metro, est\u00e1n dise\u00f1adas para iluminar entornos siempre cambiantes. <\/p>\n<p>Estas tiras ofrecen una excepcional salida de luz RGB combinada con un excelente rendimiento de luz blanca. Esto se consigue gracias a la combinaci\u00f3n de una placa de circuito impreso de cobre, LED de alta gama y un sistema de estabilizaci\u00f3n de corriente. Adem\u00e1s, la cinta especial termoconductora de la parte posterior garantiza una transferencia de calor perfecta a la superficie de montaje.  <\/p>\n<p>El resultado es una tira de LED de larga duraci\u00f3n que ofrece versatilidad en entornos en constante cambio.[\/vc_column_text][vc_single_image source=\u00bbexternal_link\u00bb external_img_size=\u00bb380&#215;33&#8243; css=\u00bb\u00bb custom_src=\u00bbhttps:\/\/www.holectron.com\/wp-content\/uploads\/features-with-etl-1.svg\u00bb el_id=\u00bb0002&#8243;][\/vc_column][\/vc_row]<\/p>\n<\/div>","protected":false},"excerpt":{"rendered":"<p>[vc_row gap=\u00bb30&#8243; content_placement=\u00bbtop\u00bb][vc_column width=\u00bb1\/2&#8243;][vc_single_image image=\u00bb86334&#8243; img_size=\u00bb680&#215;400&#8243;][\/vc_column][vc_column width=\u00bb1\/2&#8243;][vc_column_text]Siempre que sea necesario cambiar de iluminaci\u00f3n general a decorativa en un abrir y cerrar de ojos, estas tiras de LED son una excelente elecci\u00f3n. Con 48 LED RGB y 48 LED blancos NICHIA por metro, est\u00e1n dise\u00f1adas para iluminar entornos siempre cambiantes. Estas tiras ofrecen una excepcional salida [&hellip;]<\/p>\n","protected":false},"author":15,"featured_media":112024,"parent":121079,"menu_order":0,"comment_status":"closed","ping_status":"closed","template":"tpl-product.php","meta":{"footnotes":""},"related":[137,138],"filter":[382,257,263,286,288,270,295,297,311,313,315,317,282],"acf":[],"aioseo_notices":[],"_links":{"self":[{"href":"https:\/\/www.holectron.com\/es\/wp-json\/wp\/v2\/pages\/121107"}],"collection":[{"href":"https:\/\/www.holectron.com\/es\/wp-json\/wp\/v2\/pages"}],"about":[{"href":"https:\/\/www.holectron.com\/es\/wp-json\/wp\/v2\/types\/page"}],"author":[{"embeddable":true,"href":"https:\/\/www.holectron.com\/es\/wp-json\/wp\/v2\/users\/15"}],"replies":[{"embeddable":true,"href":"https:\/\/www.holectron.com\/es\/wp-json\/wp\/v2\/comments?post=121107"}],"version-history":[{"count":0,"href":"https:\/\/www.holectron.com\/es\/wp-json\/wp\/v2\/pages\/121107\/revisions"}],"up":[{"embeddable":true,"href":"https:\/\/www.holectron.com\/es\/wp-json\/wp\/v2\/pages\/121079"}],"wp:featuredmedia":[{"embeddable":true,"href":"https:\/\/www.holectron.com\/es\/wp-json\/wp\/v2\/media\/112024"}],"wp:attachment":[{"href":"https:\/\/www.holectron.com\/es\/wp-json\/wp\/v2\/media?parent=121107"}],"wp:term":[{"taxonomy":"related","embeddable":true,"href":"https:\/\/www.holectron.com\/es\/wp-json\/wp\/v2\/related?post=121107"},{"taxonomy":"filter","embeddable":true,"href":"https:\/\/www.holectron.com\/es\/wp-json\/wp\/v2\/filter?post=121107"}],"curies":[{"name":"wp","href":"https:\/\/api.w.org\/{rel}","templated":true}]}}