{"id":121106,"date":"2021-03-02T13:46:34","date_gmt":"2021-03-02T11:46:34","guid":{"rendered":"https:\/\/www.holectron.com\/productos\/tiras-led-flexibles-para-interior\/tiras-led-flexibles-rgb\/rgb48-nx-tiras-led-flexibles-rgb-nichia\/"},"modified":"2026-01-16T11:15:44","modified_gmt":"2026-01-16T09:15:44","slug":"rgb48-nx-tiras-led-flexibles-rgb-nichia","status":"publish","type":"page","link":"https:\/\/www.holectron.com\/es\/productos\/tiras-led-flexibles-para-interior\/tiras-led-flexibles-rgb\/rgb48-nx-tiras-led-flexibles-rgb-nichia\/","title":{"rendered":"RGB48\/Nx &#8211; Tiras LED flexibles RGB NICHIA"},"content":{"rendered":"<div class=\"wpb-content-wrapper\"><p>[vc_row gap=\u00bb30&#8243;][vc_column width=\u00bb1\/2&#8243;][vc_single_image image=\u00bb101487&#8243; img_size=\u00bb680&#215;400&#8243; css=\u00bb\u00bb][\/vc_column][vc_column width=\u00bb1\/2&#8243;][vc_column_text]Ya sea para iluminaci\u00f3n decorativa o iluminaci\u00f3n de escaparates, estas tiras flexibles de LED son una excelente opci\u00f3n cuando se necesita iluminaci\u00f3n de color. Con 48 LED RGB por metro, est\u00e1n dise\u00f1adas para aplicaciones profesionales de iluminaci\u00f3n de color a largo plazo. <\/p>\n<p>Estas tiras ofrecen una vida \u00fatil extralarga combinada con un rendimiento estable. Esto se consigue mediante la combinaci\u00f3n de una placa de circuito impreso de cobre y un sistema de estabilizaci\u00f3n de corriente. Adem\u00e1s, la cinta especial termoconductora de la parte posterior garantiza una transferencia de calor perfecta a la superficie de montaje.  <\/p>\n<p>El resultado es una luz coloreada de alta calidad que ofrece una vida \u00fatil extralarga, durabilidad y flexibilidad.[\/vc_column_text][vc_single_image source=\u00bbexternal_link\u00bb external_img_size=\u00bb380&#215;33&#8243; css=\u00bb\u00bb custom_src=\u00bbhttps:\/\/www.holectron.com\/wp-content\/uploads\/features-with-etl-1.svg\u00bb el_id=\u00bb0002&#8243;][\/vc_column][\/vc_row]<\/p>\n<\/div>","protected":false},"excerpt":{"rendered":"<p>[vc_row gap=\u00bb30&#8243;][vc_column width=\u00bb1\/2&#8243;][vc_single_image image=\u00bb101487&#8243; img_size=\u00bb680&#215;400&#8243; css=\u00bb\u00bb][\/vc_column][vc_column width=\u00bb1\/2&#8243;][vc_column_text]Ya sea para iluminaci\u00f3n decorativa o iluminaci\u00f3n de escaparates, estas tiras flexibles de LED son una excelente opci\u00f3n cuando se necesita iluminaci\u00f3n de color. Con 48 LED RGB por metro, est\u00e1n dise\u00f1adas para aplicaciones profesionales de iluminaci\u00f3n de color a largo plazo. Estas tiras ofrecen una vida \u00fatil extralarga [&hellip;]<\/p>\n","protected":false},"author":15,"featured_media":112022,"parent":121080,"menu_order":0,"comment_status":"closed","ping_status":"closed","template":"tpl-product.php","meta":{"footnotes":""},"related":[137,138],"filter":[382,257,263,280,286,288,270,295,297,311,313],"acf":[],"aioseo_notices":[],"_links":{"self":[{"href":"https:\/\/www.holectron.com\/es\/wp-json\/wp\/v2\/pages\/121106"}],"collection":[{"href":"https:\/\/www.holectron.com\/es\/wp-json\/wp\/v2\/pages"}],"about":[{"href":"https:\/\/www.holectron.com\/es\/wp-json\/wp\/v2\/types\/page"}],"author":[{"embeddable":true,"href":"https:\/\/www.holectron.com\/es\/wp-json\/wp\/v2\/users\/15"}],"replies":[{"embeddable":true,"href":"https:\/\/www.holectron.com\/es\/wp-json\/wp\/v2\/comments?post=121106"}],"version-history":[{"count":0,"href":"https:\/\/www.holectron.com\/es\/wp-json\/wp\/v2\/pages\/121106\/revisions"}],"up":[{"embeddable":true,"href":"https:\/\/www.holectron.com\/es\/wp-json\/wp\/v2\/pages\/121080"}],"wp:featuredmedia":[{"embeddable":true,"href":"https:\/\/www.holectron.com\/es\/wp-json\/wp\/v2\/media\/112022"}],"wp:attachment":[{"href":"https:\/\/www.holectron.com\/es\/wp-json\/wp\/v2\/media?parent=121106"}],"wp:term":[{"taxonomy":"related","embeddable":true,"href":"https:\/\/www.holectron.com\/es\/wp-json\/wp\/v2\/related?post=121106"},{"taxonomy":"filter","embeddable":true,"href":"https:\/\/www.holectron.com\/es\/wp-json\/wp\/v2\/filter?post=121106"}],"curies":[{"name":"wp","href":"https:\/\/api.w.org\/{rel}","templated":true}]}}