{"id":121105,"date":"2021-03-02T15:21:31","date_gmt":"2021-03-02T13:21:31","guid":{"rendered":"https:\/\/www.holectron.com\/productos\/tiras-led-flexibles-para-interior\/tiras-led-flexibles-rgb\/rgb96-nx-tiras-led-flexibles-rgb-nichia\/"},"modified":"2026-01-16T11:16:50","modified_gmt":"2026-01-16T09:16:50","slug":"rgb96-nx-tiras-led-flexibles-rgb-nichia","status":"publish","type":"page","link":"https:\/\/www.holectron.com\/es\/productos\/tiras-led-flexibles-para-interior\/tiras-led-flexibles-rgb\/rgb96-nx-tiras-led-flexibles-rgb-nichia\/","title":{"rendered":"RGB96\/Nx &#8211; Tiras LED flexibles RGB NICHIA"},"content":{"rendered":"<div class=\"wpb-content-wrapper\"><p>[vc_row gap=\u00bb30&#8243; content_placement=\u00bbtop\u00bb][vc_column width=\u00bb1\/2&#8243;][vc_single_image image=\u00bb83717&#8243; img_size=\u00bb680&#215;400&#8243;][\/vc_column][vc_column width=\u00bb1\/2&#8243;][vc_column_text]Al ofrecer una combinaci\u00f3n de mayor densidad y paso de corte m\u00e1s corto, estas tiras de LED son id\u00f3neas para la iluminaci\u00f3n decorativa. Con 96 LED por metro, son una potente soluci\u00f3n a largo plazo all\u00ed donde se necesite un efecto de luz colorida. <\/p>\n<p>Una combinaci\u00f3n de componentes de calidad, soluciones de dise\u00f1o inteligentes y una producci\u00f3n milim\u00e9trica garantizan el rendimiento estable y la vida \u00fatil extralarga de estas tiras. Una placa de circuito impreso (PCB) de cobre flexible con sistema de estabilizaci\u00f3n de corriente integrado proporciona la base para los LED, y la cinta adhesiva conductora del calor garantiza una transferencia t\u00e9rmica perfecta a la superficie de montaje. <\/p>\n<p>Dise\u00f1adas para una iluminaci\u00f3n suave y coloreada, estas tiras ofrecen calidad y rendimiento en una amplia gama de aplicaciones.[\/vc_column_text][vc_single_image source=\u00bbexternal_link\u00bb external_img_size=\u00bb380&#215;33&#8243; css=\u00bb\u00bb custom_src=\u00bbhttps:\/\/www.holectron.com\/wp-content\/uploads\/features-with-etl-1.svg\u00bb el_id=\u00bb0002&#8243;][\/vc_column][\/vc_row]<\/p>\n<\/div>","protected":false},"excerpt":{"rendered":"<p>[vc_row gap=\u00bb30&#8243; content_placement=\u00bbtop\u00bb][vc_column width=\u00bb1\/2&#8243;][vc_single_image image=\u00bb83717&#8243; img_size=\u00bb680&#215;400&#8243;][\/vc_column][vc_column width=\u00bb1\/2&#8243;][vc_column_text]Al ofrecer una combinaci\u00f3n de mayor densidad y paso de corte m\u00e1s corto, estas tiras de LED son id\u00f3neas para la iluminaci\u00f3n decorativa. Con 96 LED por metro, son una potente soluci\u00f3n a largo plazo all\u00ed donde se necesite un efecto de luz colorida. Una combinaci\u00f3n de componentes de [&hellip;]<\/p>\n","protected":false},"author":15,"featured_media":111975,"parent":121080,"menu_order":1,"comment_status":"closed","ping_status":"closed","template":"tpl-product.php","meta":{"footnotes":""},"related":[137,138],"filter":[382,257,263,280,286,288,270,295,297,311,313],"acf":[],"aioseo_notices":[],"_links":{"self":[{"href":"https:\/\/www.holectron.com\/es\/wp-json\/wp\/v2\/pages\/121105"}],"collection":[{"href":"https:\/\/www.holectron.com\/es\/wp-json\/wp\/v2\/pages"}],"about":[{"href":"https:\/\/www.holectron.com\/es\/wp-json\/wp\/v2\/types\/page"}],"author":[{"embeddable":true,"href":"https:\/\/www.holectron.com\/es\/wp-json\/wp\/v2\/users\/15"}],"replies":[{"embeddable":true,"href":"https:\/\/www.holectron.com\/es\/wp-json\/wp\/v2\/comments?post=121105"}],"version-history":[{"count":0,"href":"https:\/\/www.holectron.com\/es\/wp-json\/wp\/v2\/pages\/121105\/revisions"}],"up":[{"embeddable":true,"href":"https:\/\/www.holectron.com\/es\/wp-json\/wp\/v2\/pages\/121080"}],"wp:featuredmedia":[{"embeddable":true,"href":"https:\/\/www.holectron.com\/es\/wp-json\/wp\/v2\/media\/111975"}],"wp:attachment":[{"href":"https:\/\/www.holectron.com\/es\/wp-json\/wp\/v2\/media?parent=121105"}],"wp:term":[{"taxonomy":"related","embeddable":true,"href":"https:\/\/www.holectron.com\/es\/wp-json\/wp\/v2\/related?post=121105"},{"taxonomy":"filter","embeddable":true,"href":"https:\/\/www.holectron.com\/es\/wp-json\/wp\/v2\/filter?post=121105"}],"curies":[{"name":"wp","href":"https:\/\/api.w.org\/{rel}","templated":true}]}}