{"id":121103,"date":"2019-04-25T15:53:57","date_gmt":"2019-04-25T13:53:57","guid":{"rendered":"https:\/\/www.holectron.com\/productos\/tiras-led-flexibles-para-interior\/tiras-de-led-flexibles-blancas-sintonizables\/tw56-dd-g5-tiras-led-flexibles-delta-blancas-sintonizables\/"},"modified":"2026-01-16T11:12:40","modified_gmt":"2026-01-16T09:12:40","slug":"tw56-dd-g5-tiras-led-flexibles-delta-blancas-sintonizables","status":"publish","type":"page","link":"https:\/\/www.holectron.com\/es\/productos\/tiras-led-flexibles-para-interior\/tiras-de-led-flexibles-blancas-sintonizables\/tw56-dd-g5-tiras-led-flexibles-delta-blancas-sintonizables\/","title":{"rendered":"TW56\/DD G5 &#8211; Tiras LED flexibles DELTA blancas sintonizables"},"content":{"rendered":"<div class=\"wpb-content-wrapper\"><p>[vc_row gap=\u00bb30&#8243; content_placement=\u00bbtop\u00bb][vc_column width=\u00bb1\/2&#8243;][vc_single_image image=\u00bb86162&#8243; img_size=\u00bb680&#215;400&#8243;][\/vc_column][vc_column width=\u00bb1\/2&#8243;][vc_column_text]Estas tiras flexibles de LED blancos sintonizables contienen 56 LED DELTA blancos c\u00e1lidos y 56 DELTA blancos fr\u00edos por metro y est\u00e1n dise\u00f1adas para aplicaciones profesionales de iluminaci\u00f3n centrada en el ser humano a largo plazo y se adaptan perfectamente a la iluminaci\u00f3n lineal general, la iluminaci\u00f3n de calas, las aplicaciones curvas, la iluminaci\u00f3n de muebles y en cualquier lugar donde se necesite un efecto de ritmo circadiano humano.<\/p>\n<p>Para estas tiras flexibles de LED blancos sintonizables, utilizamos LED NICHIA de Jap\u00f3n, PCB de cobre grueso y un sistema IC de estabilizaci\u00f3n de corriente en el interior. Una cinta adhesiva termoconductora especial en la cara posterior garantiza una transferencia de calor perfecta a la superficie de montaje. <\/p>\n<p>Todas estas caracter\u00edsticas garantizan una vida \u00fatil extralarga y un rendimiento estable.[\/vc_column_text][vc_single_image source=\u00bbexternal_link\u00bb external_img_size=\u00bb380&#215;33&#8243; css=\u00bb\u00bb custom_src=\u00bbhttps:\/\/www.holectron.com\/wp-content\/uploads\/features-with-etl-1.svg\u00bb el_id=\u00bb0002&#8243;][\/vc_column][\/vc_row]<\/p>\n<\/div>","protected":false},"excerpt":{"rendered":"<p>[vc_row gap=\u00bb30&#8243; content_placement=\u00bbtop\u00bb][vc_column width=\u00bb1\/2&#8243;][vc_single_image image=\u00bb86162&#8243; img_size=\u00bb680&#215;400&#8243;][\/vc_column][vc_column width=\u00bb1\/2&#8243;][vc_column_text]Estas tiras flexibles de LED blancos sintonizables contienen 56 LED DELTA blancos c\u00e1lidos y 56 DELTA blancos fr\u00edos por metro y est\u00e1n dise\u00f1adas para aplicaciones profesionales de iluminaci\u00f3n centrada en el ser humano a largo plazo y se adaptan perfectamente a la iluminaci\u00f3n lineal general, la iluminaci\u00f3n de calas, [&hellip;]<\/p>\n","protected":false},"author":15,"featured_media":112063,"parent":121081,"menu_order":1,"comment_status":"closed","ping_status":"closed","template":"tpl-product.php","meta":{"footnotes":""},"related":[136],"filter":[382,257,263,286,288,270,295,297,311,315,317,278,319,321],"acf":[],"aioseo_notices":[],"_links":{"self":[{"href":"https:\/\/www.holectron.com\/es\/wp-json\/wp\/v2\/pages\/121103"}],"collection":[{"href":"https:\/\/www.holectron.com\/es\/wp-json\/wp\/v2\/pages"}],"about":[{"href":"https:\/\/www.holectron.com\/es\/wp-json\/wp\/v2\/types\/page"}],"author":[{"embeddable":true,"href":"https:\/\/www.holectron.com\/es\/wp-json\/wp\/v2\/users\/15"}],"replies":[{"embeddable":true,"href":"https:\/\/www.holectron.com\/es\/wp-json\/wp\/v2\/comments?post=121103"}],"version-history":[{"count":0,"href":"https:\/\/www.holectron.com\/es\/wp-json\/wp\/v2\/pages\/121103\/revisions"}],"up":[{"embeddable":true,"href":"https:\/\/www.holectron.com\/es\/wp-json\/wp\/v2\/pages\/121081"}],"wp:featuredmedia":[{"embeddable":true,"href":"https:\/\/www.holectron.com\/es\/wp-json\/wp\/v2\/media\/112063"}],"wp:attachment":[{"href":"https:\/\/www.holectron.com\/es\/wp-json\/wp\/v2\/media?parent=121103"}],"wp:term":[{"taxonomy":"related","embeddable":true,"href":"https:\/\/www.holectron.com\/es\/wp-json\/wp\/v2\/related?post=121103"},{"taxonomy":"filter","embeddable":true,"href":"https:\/\/www.holectron.com\/es\/wp-json\/wp\/v2\/filter?post=121103"}],"curies":[{"name":"wp","href":"https:\/\/api.w.org\/{rel}","templated":true}]}}