{"id":121102,"date":"2019-04-08T15:37:18","date_gmt":"2019-04-08T13:37:18","guid":{"rendered":"https:\/\/www.holectron.com\/productos\/tiras-led-flexibles-para-interior\/tiras-de-led-flexibles-blancas-sintonizables\/tw56-nn-tiras-led-flexibles-sintonizables-blancas-nichia\/"},"modified":"2026-01-16T11:12:07","modified_gmt":"2026-01-16T09:12:07","slug":"tw56-nn-tiras-led-flexibles-sintonizables-blancas-nichia","status":"publish","type":"page","link":"https:\/\/www.holectron.com\/es\/productos\/tiras-led-flexibles-para-interior\/tiras-de-led-flexibles-blancas-sintonizables\/tw56-nn-tiras-led-flexibles-sintonizables-blancas-nichia\/","title":{"rendered":"TW56\/NN &#8211; Tiras LED flexibles sintonizables blancas NICHIA"},"content":{"rendered":"<div class=\"wpb-content-wrapper\"><p>[vc_row gap=\u00bb30&#8243; content_placement=\u00bbtop\u00bb][vc_column width=\u00bb1\/2&#8243;][vc_single_image image=\u00bb86288&#8243; img_size=\u00bb680&#215;400&#8243;][\/vc_column][vc_column width=\u00bb1\/2&#8243;][vc_column_text]Tanto si se trata de iluminaci\u00f3n general como de iluminaci\u00f3n de escaparates, estas tiras flexibles de LED son una opci\u00f3n excelente siempre que se necesite un efecto de ritmo circadiano humano. Con 56 LEDs NICHIA blanco c\u00e1lido y 56 LEDs NICHIA blanco fr\u00edo por metro, est\u00e1n dise\u00f1adas para aplicaciones de iluminaci\u00f3n profesional a largo plazo centradas en el ser humano. <\/p>\n<p>Estas tiras ofrecen una vida \u00fatil extralarga combinada con un rendimiento estable. Esto se consigue mediante la combinaci\u00f3n de una placa de circuito impreso de cobre y un sistema de estabilizaci\u00f3n de corriente. Adem\u00e1s, la cinta especial termoconductora de la parte posterior garantiza una transferencia de calor perfecta a la superficie de montaje.  <\/p>\n<p>El resultado es una luz de alta calidad, centrada en el ser humano, que ofrece una vida \u00fatil extralarga, durabilidad y flexibilidad.[\/vc_column_text][vc_single_image source=\u00bbexternal_link\u00bb external_img_size=\u00bb380&#215;33&#8243; css=\u00bb\u00bb custom_src=\u00bbhttps:\/\/www.holectron.com\/wp-content\/uploads\/features-with-etl-1.svg\u00bb el_id=\u00bb0002&#8243;][\/vc_column][\/vc_row]<\/p>\n<\/div>","protected":false},"excerpt":{"rendered":"<p>[vc_row gap=\u00bb30&#8243; content_placement=\u00bbtop\u00bb][vc_column width=\u00bb1\/2&#8243;][vc_single_image image=\u00bb86288&#8243; img_size=\u00bb680&#215;400&#8243;][\/vc_column][vc_column width=\u00bb1\/2&#8243;][vc_column_text]Tanto si se trata de iluminaci\u00f3n general como de iluminaci\u00f3n de escaparates, estas tiras flexibles de LED son una opci\u00f3n excelente siempre que se necesite un efecto de ritmo circadiano humano. Con 56 LEDs NICHIA blanco c\u00e1lido y 56 LEDs NICHIA blanco fr\u00edo por metro, est\u00e1n dise\u00f1adas para aplicaciones [&hellip;]<\/p>\n","protected":false},"author":15,"featured_media":112063,"parent":121081,"menu_order":0,"comment_status":"closed","ping_status":"closed","template":"tpl-product.php","meta":{"footnotes":""},"related":[136],"filter":[382,257,263,286,288,270,295,297,311,315,317,278,319,321],"acf":[],"aioseo_notices":[],"_links":{"self":[{"href":"https:\/\/www.holectron.com\/es\/wp-json\/wp\/v2\/pages\/121102"}],"collection":[{"href":"https:\/\/www.holectron.com\/es\/wp-json\/wp\/v2\/pages"}],"about":[{"href":"https:\/\/www.holectron.com\/es\/wp-json\/wp\/v2\/types\/page"}],"author":[{"embeddable":true,"href":"https:\/\/www.holectron.com\/es\/wp-json\/wp\/v2\/users\/15"}],"replies":[{"embeddable":true,"href":"https:\/\/www.holectron.com\/es\/wp-json\/wp\/v2\/comments?post=121102"}],"version-history":[{"count":0,"href":"https:\/\/www.holectron.com\/es\/wp-json\/wp\/v2\/pages\/121102\/revisions"}],"up":[{"embeddable":true,"href":"https:\/\/www.holectron.com\/es\/wp-json\/wp\/v2\/pages\/121081"}],"wp:featuredmedia":[{"embeddable":true,"href":"https:\/\/www.holectron.com\/es\/wp-json\/wp\/v2\/media\/112063"}],"wp:attachment":[{"href":"https:\/\/www.holectron.com\/es\/wp-json\/wp\/v2\/media?parent=121102"}],"wp:term":[{"taxonomy":"related","embeddable":true,"href":"https:\/\/www.holectron.com\/es\/wp-json\/wp\/v2\/related?post=121102"},{"taxonomy":"filter","embeddable":true,"href":"https:\/\/www.holectron.com\/es\/wp-json\/wp\/v2\/filter?post=121102"}],"curies":[{"name":"wp","href":"https:\/\/api.w.org\/{rel}","templated":true}]}}