{"id":121101,"date":"2019-04-25T15:54:33","date_gmt":"2019-04-25T13:54:33","guid":{"rendered":"https:\/\/www.holectron.com\/productos\/tiras-led-flexibles-para-interior\/tiras-de-led-flexibles-blancas-sintonizables\/tw70-dd-tiras-led-flexibles-delta-blancas-sintonizables\/"},"modified":"2026-01-16T11:14:02","modified_gmt":"2026-01-16T09:14:02","slug":"tw70-dd-tiras-led-flexibles-delta-blancas-sintonizables","status":"publish","type":"page","link":"https:\/\/www.holectron.com\/es\/productos\/tiras-led-flexibles-para-interior\/tiras-de-led-flexibles-blancas-sintonizables\/tw70-dd-tiras-led-flexibles-delta-blancas-sintonizables\/","title":{"rendered":"TW70\/DD &#8211; Tiras LED flexibles DELTA blancas sintonizables"},"content":{"rendered":"<div class=\"wpb-content-wrapper\"><p>[vc_row gap=\u00bb30&#8243; content_placement=\u00bbtop\u00bb][vc_column width=\u00bb1\/2&#8243;][vc_single_image image=\u00bb86160&#8243; img_size=\u00bb680&#215;400&#8243;][\/vc_column][vc_column width=\u00bb1\/2&#8243;][vc_column_text]Estas tiras flexibles ofrecen versatilidad y competitividad en costes, con una potencia a\u00f1adida gracias a una mayor densidad de LED. Con 70 LED DELTA blanco c\u00e1lido y 70 LED DELTA blanco fr\u00edo por metro, estas tiras est\u00e1n dise\u00f1adas para aplicaciones de iluminaci\u00f3n profesional de larga duraci\u00f3n. Ideales para iluminaci\u00f3n directa, iluminaci\u00f3n de tareas e iluminaci\u00f3n decorativa, representan la opci\u00f3n m\u00e1s econ\u00f3mica para este nivel de calidad de iluminaci\u00f3n.  <\/p>\n<p>Robustas y duraderas, estas tiras utilizan componentes de alta calidad para garantizar un rendimiento estable. Los LED DELTA se basan en una placa de circuito impreso de cobre flexible que incorpora un sistema integrado de estabilizaci\u00f3n de corriente. Adem\u00e1s, la cinta adhesiva especial termoconductora de la parte posterior garantiza una transferencia de calor perfecta a la superficie de montaje.  <\/p>\n<p>Los LED DELTA utilizados proporcionan el equilibrio ideal entre valor, alta eficiencia y calidad de iluminaci\u00f3n.[\/vc_column_text][vc_single_image source=\u00bbexternal_link\u00bb external_img_size=\u00bb380&#215;33&#8243; custom_src=\u00bbhttps:\/\/www.holectron.com\/wp-content\/uploads\/features-with-etl-1.svg\u00bb][\/vc_column][\/vc_row][vc_row full_width=\u00bbstretch_row\u00bb css=\u00bb.vc_custom_1750325740864{background-color: #f5f5f5 !important;}\u00bb][vc_column][vc_empty_space height=\u00bb40&#8243;][vc_column_text css=\u00bb\u00bb]<\/p>\n<h2>Caracter\u00edsticas principales<\/h2>\n<p>\u25a0 Dise\u00f1o de corriente estabilizada<\/p>\n<p>\u25a0 Cinta adhesiva termoconductora en la cara posterior para una mejor conducci\u00f3n del calor.<\/p>\n<p>PCB de cobre grueso y duradero<\/p>\n<p>\u25a0 Regulable<\/p>\n<p>\u25a0 Entrada de tensi\u00f3n continua de 24 V<\/p>\n<p>\u25a0 Protecci\u00f3n contra tensi\u00f3n inversa<\/p>\n<p>\u25a0 LED MacAdam de 3 pasos<\/p>\n<p>\u25a0 Anchura compacta de 8 mm<\/p>\n<p>\u25a0 Alto CRI Ra90+<\/p>\n<p>\u25a0 Amplia gama de colores blancos 2200K-6500K<\/p>\n<p>Chips LED de alta calidad[\/vc_column_text][vc_empty_space height=\u00bb40&#8243; el_id=\u00bb0002&#8243;][\/vc_column][\/vc_row]<\/p>\n<\/div>","protected":false},"excerpt":{"rendered":"<p>[vc_row gap=\u00bb30&#8243; content_placement=\u00bbtop\u00bb][vc_column width=\u00bb1\/2&#8243;][vc_single_image image=\u00bb86160&#8243; img_size=\u00bb680&#215;400&#8243;][\/vc_column][vc_column width=\u00bb1\/2&#8243;][vc_column_text]Estas tiras flexibles ofrecen versatilidad y competitividad en costes, con una potencia a\u00f1adida gracias a una mayor densidad de LED. Con 70 LED DELTA blanco c\u00e1lido y 70 LED DELTA blanco fr\u00edo por metro, estas tiras est\u00e1n dise\u00f1adas para aplicaciones de iluminaci\u00f3n profesional de larga duraci\u00f3n. Ideales para iluminaci\u00f3n [&hellip;]<\/p>\n","protected":false},"author":15,"featured_media":112064,"parent":121081,"menu_order":3,"comment_status":"closed","ping_status":"closed","template":"tpl-product.php","meta":{"footnotes":""},"related":[136],"filter":[382,257,263,286,288,270,295,297,311,315,317,278,319,321],"acf":[],"aioseo_notices":[],"_links":{"self":[{"href":"https:\/\/www.holectron.com\/es\/wp-json\/wp\/v2\/pages\/121101"}],"collection":[{"href":"https:\/\/www.holectron.com\/es\/wp-json\/wp\/v2\/pages"}],"about":[{"href":"https:\/\/www.holectron.com\/es\/wp-json\/wp\/v2\/types\/page"}],"author":[{"embeddable":true,"href":"https:\/\/www.holectron.com\/es\/wp-json\/wp\/v2\/users\/15"}],"replies":[{"embeddable":true,"href":"https:\/\/www.holectron.com\/es\/wp-json\/wp\/v2\/comments?post=121101"}],"version-history":[{"count":0,"href":"https:\/\/www.holectron.com\/es\/wp-json\/wp\/v2\/pages\/121101\/revisions"}],"up":[{"embeddable":true,"href":"https:\/\/www.holectron.com\/es\/wp-json\/wp\/v2\/pages\/121081"}],"wp:featuredmedia":[{"embeddable":true,"href":"https:\/\/www.holectron.com\/es\/wp-json\/wp\/v2\/media\/112064"}],"wp:attachment":[{"href":"https:\/\/www.holectron.com\/es\/wp-json\/wp\/v2\/media?parent=121101"}],"wp:term":[{"taxonomy":"related","embeddable":true,"href":"https:\/\/www.holectron.com\/es\/wp-json\/wp\/v2\/related?post=121101"},{"taxonomy":"filter","embeddable":true,"href":"https:\/\/www.holectron.com\/es\/wp-json\/wp\/v2\/filter?post=121101"}],"curies":[{"name":"wp","href":"https:\/\/api.w.org\/{rel}","templated":true}]}}