{"id":121100,"date":"2019-04-24T13:46:58","date_gmt":"2019-04-24T11:46:58","guid":{"rendered":"https:\/\/www.holectron.com\/productos\/tiras-led-flexibles-para-interior\/tiras-de-led-flexibles-blancas-sintonizables\/tw70-nn-tiras-led-flexibles-sintonizables-blancas-nichia\/"},"modified":"2026-01-16T11:13:25","modified_gmt":"2026-01-16T09:13:25","slug":"tw70-nn-tiras-led-flexibles-sintonizables-blancas-nichia","status":"publish","type":"page","link":"https:\/\/www.holectron.com\/es\/productos\/tiras-led-flexibles-para-interior\/tiras-de-led-flexibles-blancas-sintonizables\/tw70-nn-tiras-led-flexibles-sintonizables-blancas-nichia\/","title":{"rendered":"TW70\/NN &#8211; Tiras LED flexibles sintonizables blancas NICHIA"},"content":{"rendered":"<div class=\"wpb-content-wrapper\"><p>[vc_row gap=\u00bb30&#8243; content_placement=\u00bbtop\u00bb][vc_column width=\u00bb1\/2&#8243;][vc_single_image image=\u00bb86300&#8243; img_size=\u00bb680&#215;400&#8243;][\/vc_column][vc_column width=\u00bb1\/2&#8243;][vc_column_text]Al ofrecer una combinaci\u00f3n de mayor densidad y paso de corte m\u00e1s corto, estas tiras de LED son id\u00f3neas para la iluminaci\u00f3n directa, de trabajo y decorativa. Con 70 LED NICHIA blanco c\u00e1lido y 70 LED NICHIA blanco fr\u00edo por metro, son una potente soluci\u00f3n a largo plazo all\u00ed donde se necesite un efecto de ritmo circadiano humano. <\/p>\n<p>Una combinaci\u00f3n de componentes de calidad, soluciones de dise\u00f1o inteligentes y una producci\u00f3n milim\u00e9trica garantizan el rendimiento estable y la vida \u00fatil extralarga de estas tiras. Una placa de circuito impreso (PCB) de cobre flexible con sistema de estabilizaci\u00f3n de corriente integrado proporciona la base para los LED, y la cinta adhesiva conductora del calor garantiza una transferencia t\u00e9rmica perfecta a la superficie de montaje. <\/p>\n<p>Dise\u00f1adas para una iluminaci\u00f3n suave y centrada en el ser humano, estas tiras ofrecen calidad y rendimiento en una amplia gama de aplicaciones.[\/vc_column_text][vc_single_image source=\u00bbexternal_link\u00bb external_img_size=\u00bb380&#215;33&#8243; css=\u00bb\u00bb custom_src=\u00bbhttps:\/\/www.holectron.com\/wp-content\/uploads\/features-with-etl-1.svg\u00bb el_id=\u00bb0002&#8243;][\/vc_column][\/vc_row]<\/p>\n<\/div>","protected":false},"excerpt":{"rendered":"<p>[vc_row gap=\u00bb30&#8243; content_placement=\u00bbtop\u00bb][vc_column width=\u00bb1\/2&#8243;][vc_single_image image=\u00bb86300&#8243; img_size=\u00bb680&#215;400&#8243;][\/vc_column][vc_column width=\u00bb1\/2&#8243;][vc_column_text]Al ofrecer una combinaci\u00f3n de mayor densidad y paso de corte m\u00e1s corto, estas tiras de LED son id\u00f3neas para la iluminaci\u00f3n directa, de trabajo y decorativa. Con 70 LED NICHIA blanco c\u00e1lido y 70 LED NICHIA blanco fr\u00edo por metro, son una potente soluci\u00f3n a largo plazo all\u00ed [&hellip;]<\/p>\n","protected":false},"author":15,"featured_media":112064,"parent":121081,"menu_order":2,"comment_status":"closed","ping_status":"closed","template":"tpl-product.php","meta":{"footnotes":""},"related":[136],"filter":[382,257,263,286,288,270,295,297,311,315,317,278,319,321],"acf":[],"aioseo_notices":[],"_links":{"self":[{"href":"https:\/\/www.holectron.com\/es\/wp-json\/wp\/v2\/pages\/121100"}],"collection":[{"href":"https:\/\/www.holectron.com\/es\/wp-json\/wp\/v2\/pages"}],"about":[{"href":"https:\/\/www.holectron.com\/es\/wp-json\/wp\/v2\/types\/page"}],"author":[{"embeddable":true,"href":"https:\/\/www.holectron.com\/es\/wp-json\/wp\/v2\/users\/15"}],"replies":[{"embeddable":true,"href":"https:\/\/www.holectron.com\/es\/wp-json\/wp\/v2\/comments?post=121100"}],"version-history":[{"count":0,"href":"https:\/\/www.holectron.com\/es\/wp-json\/wp\/v2\/pages\/121100\/revisions"}],"up":[{"embeddable":true,"href":"https:\/\/www.holectron.com\/es\/wp-json\/wp\/v2\/pages\/121081"}],"wp:featuredmedia":[{"embeddable":true,"href":"https:\/\/www.holectron.com\/es\/wp-json\/wp\/v2\/media\/112064"}],"wp:attachment":[{"href":"https:\/\/www.holectron.com\/es\/wp-json\/wp\/v2\/media?parent=121100"}],"wp:term":[{"taxonomy":"related","embeddable":true,"href":"https:\/\/www.holectron.com\/es\/wp-json\/wp\/v2\/related?post=121100"},{"taxonomy":"filter","embeddable":true,"href":"https:\/\/www.holectron.com\/es\/wp-json\/wp\/v2\/filter?post=121100"}],"curies":[{"name":"wp","href":"https:\/\/api.w.org\/{rel}","templated":true}]}}