{"id":121082,"date":"2025-07-01T13:34:23","date_gmt":"2025-07-01T11:34:23","guid":{"rendered":"https:\/\/www.holectron.com\/productos\/tiras-led-flexibles-para-interior\/tiras-led-flexibles-de-color-blanco\/fl112s-nx-tiras-led-flexibles-nichia\/"},"modified":"2026-01-16T10:27:15","modified_gmt":"2026-01-16T08:27:15","slug":"fl112s-nx-tiras-led-flexibles-nichia","status":"publish","type":"page","link":"https:\/\/www.holectron.com\/es\/productos\/tiras-led-flexibles-para-interior\/tiras-led-flexibles-de-color-blanco\/fl112s-nx-tiras-led-flexibles-nichia\/","title":{"rendered":"FL112s\/Nx &#8211; Tiras LED flexibles NICHIA"},"content":{"rendered":"<div class=\"wpb-content-wrapper\"><p>[vc_row gap=\u00bb30&#8243; content_placement=\u00bbtop\u00bb][vc_column width=\u00bb1\/2&#8243;][vc_single_image image=\u00bb109434&#8243; img_size=\u00bb680&#215;400&#8243; css=\u00bb\u00bb][\/vc_column][vc_column width=\u00bb1\/2&#8243;][vc_column_text css=\u00bb\u00bb]<\/p>\n<h2><span data-olk-copy-source=\"MessageBody\">Ultraplano, pleno rendimiento<\/span><\/h2>\n<p>Con una combinaci\u00f3n de potencia y eficiencia, estas tiras LED compactas de 5 mm de ancho son id\u00f3neas para la iluminaci\u00f3n directa, de trabajo y decorativa. Su flexibilidad significa que tambi\u00e9n son excelentes para su uso en aplicaciones curvas e iluminaci\u00f3n de muebles. Con 112 LED NICHIA por metro, son una potente soluci\u00f3n a largo plazo para una amplia gama de aplicaciones de iluminaci\u00f3n profesional.  <\/p>\n<p>La combinaci\u00f3n de componentes de calidad, un dise\u00f1o inteligente y una producci\u00f3n precisa garantizan un rendimiento estable y una vida \u00fatil muy larga de estas tiras. Una placa de circuito impreso (PCB) de cobre flexible con sistema de estabilizaci\u00f3n de corriente integrado proporciona la base para los LED, y la cinta adhesiva conductora del calor garantiza una transferencia t\u00e9rmica perfecta a la superficie de montaje. <\/p>\n<p>Construidas para ser potentes y dise\u00f1adas para ser eficientes, estas tiras ofrecer\u00e1n calidad y rendimiento en una amplia gama de aplicaciones.[\/vc_column_text][vc_single_image source=\u00bbexternal_link\u00bb external_img_size=\u00bb380&#215;33&#8243; css=\u00bb\u00bb custom_src=\u00bbhttps:\/\/www.holectron.com\/wp-content\/uploads\/features-with-etl-1.svg\u00bb el_id=\u00bb0002&#8243;][\/vc_column][\/vc_row]<\/p>\n<\/div>","protected":false},"excerpt":{"rendered":"<p>[vc_row gap=\u00bb30&#8243; content_placement=\u00bbtop\u00bb][vc_column width=\u00bb1\/2&#8243;][vc_single_image image=\u00bb109434&#8243; img_size=\u00bb680&#215;400&#8243; css=\u00bb\u00bb][\/vc_column][vc_column width=\u00bb1\/2&#8243;][vc_column_text css=\u00bb\u00bb] Ultraplano, pleno rendimiento Con una combinaci\u00f3n de potencia y eficiencia, estas tiras LED compactas de 5 mm de ancho son id\u00f3neas para la iluminaci\u00f3n directa, de trabajo y decorativa. Su flexibilidad significa que tambi\u00e9n son excelentes para su uso en aplicaciones curvas e iluminaci\u00f3n de muebles. [&hellip;]<\/p>\n","protected":false},"author":15,"featured_media":113037,"parent":115222,"menu_order":9,"comment_status":"closed","ping_status":"closed","template":"tpl-product.php","meta":{"footnotes":""},"related":[135],"filter":[382,257,263,276,288,270,297,313,315,317,319],"acf":[],"aioseo_notices":[],"_links":{"self":[{"href":"https:\/\/www.holectron.com\/es\/wp-json\/wp\/v2\/pages\/121082"}],"collection":[{"href":"https:\/\/www.holectron.com\/es\/wp-json\/wp\/v2\/pages"}],"about":[{"href":"https:\/\/www.holectron.com\/es\/wp-json\/wp\/v2\/types\/page"}],"author":[{"embeddable":true,"href":"https:\/\/www.holectron.com\/es\/wp-json\/wp\/v2\/users\/15"}],"replies":[{"embeddable":true,"href":"https:\/\/www.holectron.com\/es\/wp-json\/wp\/v2\/comments?post=121082"}],"version-history":[{"count":0,"href":"https:\/\/www.holectron.com\/es\/wp-json\/wp\/v2\/pages\/121082\/revisions"}],"up":[{"embeddable":true,"href":"https:\/\/www.holectron.com\/es\/wp-json\/wp\/v2\/pages\/115222"}],"wp:featuredmedia":[{"embeddable":true,"href":"https:\/\/www.holectron.com\/es\/wp-json\/wp\/v2\/media\/113037"}],"wp:attachment":[{"href":"https:\/\/www.holectron.com\/es\/wp-json\/wp\/v2\/media?parent=121082"}],"wp:term":[{"taxonomy":"related","embeddable":true,"href":"https:\/\/www.holectron.com\/es\/wp-json\/wp\/v2\/related?post=121082"},{"taxonomy":"filter","embeddable":true,"href":"https:\/\/www.holectron.com\/es\/wp-json\/wp\/v2\/filter?post=121082"}],"curies":[{"name":"wp","href":"https:\/\/api.w.org\/{rel}","templated":true}]}}