{"id":121080,"date":"2017-09-07T14:49:10","date_gmt":"2017-09-07T12:49:10","guid":{"rendered":"https:\/\/www.holectron.com\/productos\/tiras-led-flexibles-para-interior\/tiras-led-flexibles-rgb\/"},"modified":"2017-09-07T14:49:10","modified_gmt":"2017-09-07T12:49:10","slug":"tiras-led-flexibles-rgb","status":"publish","type":"page","link":"https:\/\/www.holectron.com\/es\/productos\/tiras-led-flexibles-para-interior\/tiras-led-flexibles-rgb\/","title":{"rendered":"Tiras LED flexibles RGB"},"content":{"rendered":"<p>Las tiras LED RGB-48\/O2 flexibles contienen 48 LED OSRAM RGB por metro y utilizan una potencia de 9,2 W\/m.<\/p>\n<p>Estas cintas RGB est\u00e1n dise\u00f1adas para aplicaciones profesionales de iluminaci\u00f3n lineal de colores de larga duraci\u00f3n y se adaptan perfectamente a la iluminaci\u00f3n decorativa, la iluminaci\u00f3n de calas, las aplicaciones curvas, la iluminaci\u00f3n de bordes o la iluminaci\u00f3n de muebles.<\/p>\n<p>Para esta tira de LED RGB plegable utilizamos LED OSRAM de Alemania, una placa de circuito impreso de cobre de 2 capas de grosor y un controlador IC para estabilizar el flujo de corriente en su interior. Una cinta adhesiva termoconductora especial en la parte posterior garantiza una transferencia de calor perfecta a la superficie de montaje. Todas estas caracter\u00edsticas garantizan una vida \u00fatil extra larga y un rendimiento estable.  <\/p>\n<p>Esta tira LED RGB flexible est\u00e1 disponible con <b>3 STEP MacAdam<\/b> o <strong>Single Bin <\/strong>LED de color blanco<strong>.<\/strong><\/p>\n<p><img loading=\"lazy\" decoding=\"async\" class=\"alignnone wp-image-855\" src=\"http:\/\/www.holectron.com\/wp-content\/uploads\/ico-ce-rohs-warranty-300x33.png\" alt=\"Conformidad CE RoHS, 5 a\u00f1os de garant\u00eda\" width=\"230\" height=\"25\" srcset=\"https:\/\/www.holectron.com\/wp-content\/uploads\/ico-ce-rohs-warranty-300x33.png 300w, https:\/\/www.holectron.com\/wp-content\/uploads\/ico-ce-rohs-warranty-768x84.png 768w, https:\/\/www.holectron.com\/wp-content\/uploads\/ico-ce-rohs-warranty-600x65.png 600w, https:\/\/www.holectron.com\/wp-content\/uploads\/ico-ce-rohs-warranty.png 956w\" sizes=\"(max-width: 230px) 100vw, 230px\" \/><\/p>\n","protected":false},"excerpt":{"rendered":"<p>Las tiras LED RGB-48\/O2 flexibles contienen 48 LED OSRAM RGB por metro y utilizan una potencia de 9,2 W\/m. Estas cintas RGB est\u00e1n dise\u00f1adas para aplicaciones profesionales de iluminaci\u00f3n lineal de colores de larga duraci\u00f3n y se adaptan perfectamente a la iluminaci\u00f3n decorativa, la iluminaci\u00f3n de calas, las aplicaciones curvas, la iluminaci\u00f3n de bordes o [&hellip;]<\/p>\n","protected":false},"author":4,"featured_media":0,"parent":115217,"menu_order":2,"comment_status":"closed","ping_status":"closed","template":"tpl-product-category.php","meta":{"footnotes":""},"related":[],"filter":[],"acf":[],"aioseo_notices":[],"_links":{"self":[{"href":"https:\/\/www.holectron.com\/es\/wp-json\/wp\/v2\/pages\/121080"}],"collection":[{"href":"https:\/\/www.holectron.com\/es\/wp-json\/wp\/v2\/pages"}],"about":[{"href":"https:\/\/www.holectron.com\/es\/wp-json\/wp\/v2\/types\/page"}],"author":[{"embeddable":true,"href":"https:\/\/www.holectron.com\/es\/wp-json\/wp\/v2\/users\/4"}],"replies":[{"embeddable":true,"href":"https:\/\/www.holectron.com\/es\/wp-json\/wp\/v2\/comments?post=121080"}],"version-history":[{"count":0,"href":"https:\/\/www.holectron.com\/es\/wp-json\/wp\/v2\/pages\/121080\/revisions"}],"up":[{"embeddable":true,"href":"https:\/\/www.holectron.com\/es\/wp-json\/wp\/v2\/pages\/115217"}],"wp:attachment":[{"href":"https:\/\/www.holectron.com\/es\/wp-json\/wp\/v2\/media?parent=121080"}],"wp:term":[{"taxonomy":"related","embeddable":true,"href":"https:\/\/www.holectron.com\/es\/wp-json\/wp\/v2\/related?post=121080"},{"taxonomy":"filter","embeddable":true,"href":"https:\/\/www.holectron.com\/es\/wp-json\/wp\/v2\/filter?post=121080"}],"curies":[{"name":"wp","href":"https:\/\/api.w.org\/{rel}","templated":true}]}}