{"id":121078,"date":"2016-08-02T19:15:01","date_gmt":"2016-08-02T17:15:01","guid":{"rendered":"https:\/\/www.holectron.com\/quienes-somos\/"},"modified":"2025-12-17T09:03:07","modified_gmt":"2025-12-17T07:03:07","slug":"quienes-somos","status":"publish","type":"page","link":"https:\/\/www.holectron.com\/es\/quienes-somos\/","title":{"rendered":"Qui\u00e9nes somos"},"content":{"rendered":"<div class=\"wpb-content-wrapper\"><p>[vc_row content_placement=\u00bbtop\u00bb css=\u00bb.vc_custom_1715777265025{margin-left: 0px !important;border-left-width: 0px !important;padding-left: 0px !important;}\u00bb][vc_column][vc_tta_tour section_title_tag=\u00bbh2&#8243; shape=\u00bbsquare\u00bb color=\u00bbwhite\u00bb spacing=\u00bb\u00bb gap=\u00bb10&#8243; controls_size=\u00bbsm\u00bb active_section=\u00bb1&#8243; no_fill_content_area=\u00bbtrue\u00bb][vc_tta_section title=\u00bbQui\u00e9nes somos\u00bb tab_id=\u00bbabout-us-tabs\u00bb][vc_row_inner][vc_column_inner][vc_column_text]<\/p>\n<h1>Qui\u00e9nes somos<\/h1>\n<p>[\/vc_column_text][\/vc_column_inner][\/vc_row_inner][vc_row_inner content_placement=\u00bbtop\u00bb gap=\u00bb30&#8243;][vc_column_inner width=\u00bb1\/2&#8243;][vc_column_text]Holectron, situada en Vilnius (Lituania), posee una f\u00e1brica en la que se fabrican tiras de LED, fuentes de luz y diversas luminarias para aplicaciones interiores y exteriores. Las nuevas instalaciones de 2000 metros cuadrados incluyen una zona de producci\u00f3n, una moderna oficina con iluminaci\u00f3n centrada en el ser humano, un almac\u00e9n y un laboratorio fotom\u00e9trico y de pruebas. <\/p>\n<p>&nbsp;<\/p>\n<p>Nuestro equipo est\u00e1 formado por hasta 80 trabajadores de f\u00e1brica, incluidos los departamentos de I+D, Ventas y Administraci\u00f3n. Como equipo, compartimos una misi\u00f3n y una visi\u00f3n que nos impulsan a luchar por la perfecci\u00f3n. <\/p>\n<p>&nbsp;<\/p>\n<p><strong>Misi\u00f3n:<\/strong> Iluminar un camino sostenible entre el ser humano y el medio ambiente a trav\u00e9s de la calidad de la luz.<\/p>\n<p>&nbsp;<\/p>\n<p><strong>Visi\u00f3n: <\/strong>Crear y desarrollar productos de iluminaci\u00f3n LED de alta calidad y larga duraci\u00f3n que vayan m\u00e1s all\u00e1 de un enfoque funcional y aporten m\u00e1s eficiencia a edificios y espacios centrados en el ser humano en todo el mundo.<\/p>\n<p>&nbsp;<\/p>\n<p>En Holectron, nuestro objetivo es ser flexibles en todo, excepto en la calidad. Trabajamos incansablemente para adaptar nuestros procesos de producci\u00f3n a las \u00faltimas tendencias en tecnolog\u00eda LED.[\/vc_column_text][\/vc_column_inner][vc_column_inner width=\u00bb1\/2&#8243;][vc_column_text]Esto significa que siempre estamos ampliando y mejorando nuestra gama de productos. Este enfoque nos mantiene en constante innovaci\u00f3n y cambio, pero lo que nunca cambia es nuestro compromiso inquebrantable con la calidad. Siempre deseosos de mejorar. Siempre cumpliendo las normas de calidad m\u00e1s estrictas de la UE. Estas son las normas que prometemos a nuestros clientes y a las que nos atenemos cada d\u00eda. Todo nuestro desarrollo y producci\u00f3n se gestionan internamente en nuestra sede de Vilna (Lituania).     <\/p>\n<p>&nbsp;<\/p>\n<p>Esto nos permite garantizar que nuestros clientes de todo el mundo s\u00f3lo reciben productos LED de la m\u00e1xima calidad. Utilizamos internamente la m\u00e1s avanzada maquinaria SMT pick &amp; place, de ensamblaje autom\u00e1tico, de procesamiento y corte de metales CNC y una estaci\u00f3n de hermetizaci\u00f3n de productos para fabricar productos LED con una precisi\u00f3n milim\u00e9trica. Cada producto se somete a pruebas de uso intensivo antes de salir de f\u00e1brica. Por eso podemos ofrecer una garant\u00eda de 5 a\u00f1os en todos nuestros productos.   <\/p>\n<p>&nbsp;<\/p>\n<p>Gracias a nuestro compromiso con la calidad, s\u00f3lo tendr\u00e1 que pensar en cu\u00e1l de nuestros productos se adapta mejor a su proyecto. Y si no encuentra exactamente el producto adecuado, puede personalizar el suyo. Sea cual sea su elecci\u00f3n, nuestro experimentado equipo est\u00e1 a su disposici\u00f3n para ayudarle en todo momento con c\u00e1lculos y recomendaciones espec\u00edficas para su proyecto.[\/vc_column_text][\/vc_column_inner][\/vc_row_inner][\/vc_tta_section][vc_tta_section title=\u00bbCondiciones generales\u00bb tab_id=\u00bbterms-conditions\u00bb][vc_row_inner gap=\u00bb30&#8243;][vc_column_inner][vc_column_text css=\u00bb\u00bb]<\/p>\n<h2 style=\"text-align: left;\">Condiciones generales<\/h2>\n<p><strong>Garant\u00eda<\/strong><\/p>\n<p>HOLECTRON garantiza que cada Producto estar\u00e1 libre de cualquier defecto de materiales y mano de obra que provoque que el Producto no funcione de acuerdo con las especificaciones publicadas por HOLECTRON para dicho Producto vigentes en la fecha de env\u00edo. La garant\u00eda anterior es v\u00e1lida durante cinco (5) a\u00f1os a partir de la fecha de env\u00edo. Esta garant\u00eda cubre la luminaria LED, no el controlador LED. El Driver LED est\u00e1 cubierto por una garant\u00eda independiente. En el momento de la compra se pueden ampliar los periodos de garant\u00eda; consulte a la f\u00e1brica para obtener m\u00e1s informaci\u00f3n. Si un Producto no funciona de acuerdo con esta garant\u00eda, HOLECTRON, a su elecci\u00f3n, reparar\u00e1 o sustituir\u00e1 el Producto o la pieza defectuosa del mismo, o abonar\u00e1 al Comprador el precio de compra. Debido a las condiciones meteorol\u00f3gicas, la decoloraci\u00f3n de los acabados es normal y no est\u00e1 garantizada. HOLECTRON, a su entera discreci\u00f3n, sustituir\u00e1 cualquier producto garantizado o componentes de un producto garantizado. Se aplicar\u00e1n los plazos de entrega est\u00e1ndar a todas las sustituciones; no obstante, HOLECTRON har\u00e1 todo lo posible por realizar los env\u00edos en un plazo de tiempo razonable. Los recambios se enviar\u00e1n por transporte terrestre\/est\u00e1ndar. HOLECTRON correr\u00e1 con los gastos de env\u00edo de los productos o componentes garantizados. HOLECTRON no ser\u00e1 responsable en virtud de esta garant\u00eda a menos que se notifique por escrito a HOLECTRON inmediatamente despu\u00e9s de que el Comprador descubra el defecto y los art\u00edculos defectuosos se devuelvan a HOLECTRON, a portes pagados, y HOLECTRON los reciba en un plazo m\u00e1ximo de diez (10) d\u00edas tras la detecci\u00f3n del problema en garant\u00eda y antes de que expire el per\u00edodo de garant\u00eda. Esta garant\u00eda no se aplicar\u00e1 a ning\u00fan defecto o fallo de funcionamiento resultante de una mala aplicaci\u00f3n, instalaci\u00f3n incorrecta, funcionamiento inadecuado, abuso o contaminaci\u00f3n, ya sea interna o externa, y s\u00f3lo se aplicar\u00e1 cuando el Producto haya sido correctamente cableado e instalado y utilizado dentro de los valores el\u00e9ctricos, rangos de funcionamiento y condiciones ambientales previstos en las especificaciones o instrucciones de instalaci\u00f3n de dicho Producto.            <\/p>\n<p>La responsabilidad de garant\u00eda de HOLECTRON se limita a la sustituci\u00f3n de los productos defectuosos. HOLECTRON no se hace responsable de los costes de mano de obra relacionados con las reclamaciones de garant\u00eda, ni de los da\u00f1os accidentales o consecuentes. A menos que HOLECTRON acuerde expresamente lo contrario por escrito, esta garant\u00eda no se aplicar\u00e1 al producto fabricado por HOLECTRON seg\u00fan los dise\u00f1os o especificaciones del comprador, y no se ofrecer\u00e1 ninguna garant\u00eda en relaci\u00f3n con dicho producto no est\u00e1ndar. Esta garant\u00eda quedar\u00e1 anulada en caso de que cualquier persona realice reparaciones o modificaciones en el producto que no hayan sido debidamente autorizadas por escrito por HOLECTRON. Con respecto a los productos vendidos al Comprador por HOLECTRON pero que no lleven el nombre o la submarca de HOLECTRON (incluyendo, sin limitaci\u00f3n, l\u00e1mparas, sistemas de control, balastos, controladores y otros productos), HOLECTRON no ofrece garant\u00edas de ning\u00fan tipo, expresas o impl\u00edcitas, incluyendo, sin limitaci\u00f3n, cualquier garant\u00eda de comerciabilidad o idoneidad para un fin determinado, pero las pondr\u00e1 a disposici\u00f3n del Comprador que las solicite pero s\u00f3lo en la medida en que lo permita la ley y el Producto correspondiente. Si HOLECTRON opta por sustituir el Producto y no puede hacerlo porque ha sido descatalogado o no est\u00e1 disponible, HOLECTRON podr\u00e1 sustituirlo por un Producto comparable.[\/vc_column_text][\/vc_column_inner][\/vc_row_inner][vc_row_inner gap=\u00bb30&#8243;][vc_column_inner width=\u00bb1\/2&#8243;][vc_column_text css=\u00bb\u00bb]<strong>Limitaci\u00f3n de responsabilidad  <\/strong><\/p>\n<p>Todas las ventas est\u00e1n sujetas a las condiciones generales de HOLECTRON, incluidas las de la p\u00f3liza de responsabilidad limitada. HOLECTRON, en ning\u00fan caso y bajo ninguna circunstancia, ser\u00e1 responsable de los da\u00f1os especiales, accidentales, consecuentes, indirectos o compensatorios, resultantes, entre otros, de la p\u00e9rdida de uso, la p\u00e9rdida de ingresos, la p\u00e9rdida de beneficios, la p\u00e9rdida de negocio o la p\u00e9rdida de fondo de comercio, en relaci\u00f3n o por la venta, el uso, la falta de entrega o la entrega de sus productos. HOLECTRON no ser\u00e1 responsable, bajo ninguna circunstancia y sin limitaci\u00f3n alguna, de cualquier circunstancia o da\u00f1o especial o indirecto.[\/vc_column_text][vc_column_text css=\u00bb\u00bb]<strong>Devoluciones y reposici\u00f3n<\/strong><br \/>\nDado que todos nuestros productos est\u00e1n hechos a medida, no aceptamos devoluciones bajo ninguna circunstancia. Esto incluye art\u00edculos con colores de carrocer\u00eda, formas u otras propiedades personalizadas. Una vez realizado el pedido, no podr\u00e1 modificarse, cancelarse ni devolverse a menos que se obtenga previamente permiso por escrito de HOLECTRON.  <\/p>\n<p>Recomendamos a los clientes que revisen detenidamente los detalles de su pedido antes de completar la compra. Si tiene alguna duda sobre el producto, p\u00f3ngase en contacto con nosotros antes de confirmar el pedido.[\/vc_column_text][vc_column_text css=\u00bb\u00bb]Da\u00f1os <strong>y faltas<\/strong><br \/>\nEs responsabilidad del cliente informar a HOLECTRON de cualquier da\u00f1o o falta ocultos en el plazo de un (1) d\u00eda laborable a partir de la recepci\u00f3n. Las reclamaciones por da\u00f1os requerir\u00e1n una confirmaci\u00f3n por escrito y\/o una fotograf\u00eda. Si el cliente ha elegido que su pedido se env\u00ede con un transportista de su elecci\u00f3n, HOLECTRON no podr\u00e1 asumir responsabilidad alguna por da\u00f1os. En el momento de la recepci\u00f3n, es responsabilidad del cliente notificar al transportista cualquier da\u00f1o visible en el embalaje y hacer que el transportista lo haga constar en los documentos de recepci\u00f3n. Los plazos de entrega est\u00e1ndar se aplicar\u00e1n a todas las sustituciones; no obstante, HOLECTRON har\u00e1 todo lo posible por realizar los env\u00edos en un plazo razonable. Las sustituciones se enviar\u00e1n por transporte terrestre\/est\u00e1ndar. Los art\u00edculos personalizados requieren el pago completo con cada pedido y no son retornables. Los art\u00edculos personalizados incluyen productos acabados con un color personalizado.[\/vc_column_text][\/vc_column_inner][vc_column_inner width=\u00bb1\/2&#8243;][vc_column_text css=\u00bb\u00bb]Plazo <strong>de entrega y env\u00edo<\/strong><br \/>\nEl plazo de entrega se mide en d\u00edas entre el env\u00edo de la OC (confirmaci\u00f3n del pedido) al Comprador y la preparaci\u00f3n de la mercanc\u00eda para su env\u00edo. El plazo de entrega facilitado por HOLECTRON es una estimaci\u00f3n y puede variar debido a factores internos y\/o externos, por lo que no se garantiza un plazo de entrega exacto. El plazo de entrega medio es de cuatro a seis (4-6) semanas. El cliente puede acordar con HOLECTRON los plazos de entrega antes de realizar el pedido. Todos los art\u00edculos se env\u00edan por tierra\/transporte est\u00e1ndar y los tiempos de tr\u00e1nsito dependen de la proximidad del destino a HOLECTRON. Los tiempos de tr\u00e1nsito habituales son de 1 a 7 d\u00edas laborables. HOLECTRON no puede garantizar los tiempos de tr\u00e1nsito y no se hace responsable de los retrasos, incluidos los debidos a las condiciones meteorol\u00f3gicas. Para m\u00e1s informaci\u00f3n, p\u00f3ngase en contacto con su representante local de HOLECTRON.[\/vc_column_text][vc_column_text css=\u00bb\u00bb]<strong>Fuerza mayor<\/strong><br \/>\nNi HOLECTRON ni el Comprador ser\u00e1n responsables ante la otra parte de ning\u00fan retraso o incumplimiento de sus obligaciones en virtud del presente contrato en la medida en que el retraso o incumplimiento est\u00e9 causado por un acontecimiento que escape a su control razonable y sin culpa o negligencia, incluidos casos fortuitos, inundaciones, incendios, tormentas, terremotos, sabotajes de guerra o acciones de cualquier autoridad gubernamental. La parte afectada lo notificar\u00e1 sin demora a la otra parte. Las huelgas, los conflictos laborales y la imposibilidad de obtener materias primas por parte del Vendedor no constituir\u00e1n acontecimientos de fuerza mayor.[\/vc_column_text][vc_column_text css=\u00bb\u00bb]<strong>Legislaci\u00f3n aplicable, fuero competente, varios<\/strong><br \/>\nTodas las reclamaciones o litigios relativos a las obligaciones o relaciones entre HOLECTRON y el Comprador se regir\u00e1n por la legislaci\u00f3n lituana, con exclusi\u00f3n de la Convenci\u00f3n de las Naciones Unidas sobre los Contratos de Compraventa Internacional de Mercader\u00edas.[\/vc_column_text][\/vc_column_inner][\/vc_row_inner][\/vc_tta_section][\/vc_tta_tour][\/vc_column][\/vc_row][vc_row][vc_column offset=\u00bbvc_hidden-lg vc_hidden-md vc_hidden-sm vc_hidden-xs\u00bb][vc_column_text]<\/p>\n<h1>Qui\u00e9nes somos<\/h1>\n<p>[\/vc_column_text][\/vc_column][\/vc_row][vc_row][vc_column width=\u00bb1\/2&#8243; offset=\u00bbvc_hidden-lg vc_hidden-md vc_hidden-sm vc_hidden-xs\u00bb][vc_column_text]Holectron, situada en Vilnius (Lituania), posee una f\u00e1brica en la que se fabrican tiras de LED, fuentes de luz y diversas luminarias para aplicaciones interiores y exteriores. Las nuevas instalaciones de 2000 metros cuadrados incluyen una zona de producci\u00f3n, una moderna oficina con iluminaci\u00f3n centrada en el ser humano, un almac\u00e9n y un laboratorio fotom\u00e9trico y de pruebas. <\/p>\n<p>&nbsp;<\/p>\n<p>Nuestro equipo est\u00e1 formado por hasta 80 trabajadores de f\u00e1brica, incluidos los departamentos de I+D, Ventas y Administraci\u00f3n. Como equipo, compartimos una misi\u00f3n y una visi\u00f3n que nos impulsan a luchar por la perfecci\u00f3n. <\/p>\n<p>&nbsp;<\/p>\n<p><strong>Misi\u00f3n:<\/strong> Iluminar un camino sostenible entre el ser humano y el medio ambiente a trav\u00e9s de la calidad de la luz.<\/p>\n<p>&nbsp;<\/p>\n<p><strong>Visi\u00f3n: <\/strong>Crear y desarrollar productos de iluminaci\u00f3n LED de alta calidad y larga duraci\u00f3n que vayan m\u00e1s all\u00e1 de un enfoque funcional y aporten m\u00e1s eficiencia a edificios y espacios centrados en el ser humano en todo el mundo.<\/p>\n<p>&nbsp;<\/p>\n<p>En Holectron, nuestro objetivo es ser flexibles en todo, excepto en la calidad. Trabajamos incansablemente para adaptar nuestros procesos de producci\u00f3n a las \u00faltimas tendencias en tecnolog\u00eda LED.[\/vc_column_text][\/vc_column][vc_column width=\u00bb1\/2&#8243; offset=\u00bbvc_hidden-lg vc_hidden-md vc_hidden-sm vc_hidden-xs\u00bb][vc_column_text]Esto significa que siempre estamos ampliando y mejorando nuestra gama de productos. Este enfoque nos mantiene en constante innovaci\u00f3n y cambio, pero lo que nunca cambia es nuestro compromiso inquebrantable con la calidad. Siempre deseosos de mejorar. Siempre cumpliendo las normas de calidad m\u00e1s estrictas de la UE. Estas son las normas que prometemos a nuestros clientes y a las que nos atenemos cada d\u00eda. Todo nuestro desarrollo y producci\u00f3n se gestionan internamente en nuestra sede de Vilna (Lituania).     <\/p>\n<p>&nbsp;<\/p>\n<p>Esto nos permite garantizar que nuestros clientes de todo el mundo s\u00f3lo reciben productos LED de la m\u00e1xima calidad. Utilizamos internamente la m\u00e1s avanzada maquinaria SMT pick &amp; place, de ensamblaje autom\u00e1tico, de procesamiento y corte de metales CNC y una estaci\u00f3n de hermetizaci\u00f3n de productos para fabricar productos LED con una precisi\u00f3n milim\u00e9trica. Cada producto se somete a pruebas de uso intensivo antes de salir de f\u00e1brica. Por eso podemos ofrecer una garant\u00eda de 5 a\u00f1os en todos nuestros productos.   <\/p>\n<p>&nbsp;<\/p>\n<p>Gracias a nuestro compromiso con la calidad, s\u00f3lo tendr\u00e1 que pensar en cu\u00e1l de nuestros productos se adapta mejor a su proyecto. Y si no encuentra exactamente el producto adecuado, puede personalizar el suyo. Sea cual sea su elecci\u00f3n, nuestro experimentado equipo est\u00e1 a su disposici\u00f3n para ayudarle en todo momento con c\u00e1lculos y recomendaciones espec\u00edficas para su proyecto.[\/vc_column_text][\/vc_column][\/vc_row]<\/p>\n<\/div>","protected":false},"excerpt":{"rendered":"<p>[vc_row content_placement=\u00bbtop\u00bb css=\u00bb.vc_custom_1715777265025{margin-left: 0px !important;border-left-width: 0px !important;padding-left: 0px !important;}\u00bb][vc_column][vc_tta_tour section_title_tag=\u00bbh2&#8243; shape=\u00bbsquare\u00bb color=\u00bbwhite\u00bb spacing=\u00bb\u00bb gap=\u00bb10&#8243; controls_size=\u00bbsm\u00bb active_section=\u00bb1&#8243; no_fill_content_area=\u00bbtrue\u00bb][vc_tta_section title=\u00bbQui\u00e9nes somos\u00bb tab_id=\u00bbabout-us-tabs\u00bb][vc_row_inner][vc_column_inner][vc_column_text] Qui\u00e9nes somos [\/vc_column_text][\/vc_column_inner][\/vc_row_inner][vc_row_inner content_placement=\u00bbtop\u00bb gap=\u00bb30&#8243;][vc_column_inner width=\u00bb1\/2&#8243;][vc_column_text]Holectron, situada en Vilnius (Lituania), posee una f\u00e1brica en la que se fabrican tiras de LED, fuentes de luz y diversas luminarias para aplicaciones interiores y exteriores. Las nuevas instalaciones [&hellip;]<\/p>\n","protected":false},"author":4,"featured_media":0,"parent":0,"menu_order":2,"comment_status":"closed","ping_status":"closed","template":"","meta":{"footnotes":""},"related":[],"filter":[],"acf":[],"aioseo_notices":[],"_links":{"self":[{"href":"https:\/\/www.holectron.com\/es\/wp-json\/wp\/v2\/pages\/121078"}],"collection":[{"href":"https:\/\/www.holectron.com\/es\/wp-json\/wp\/v2\/pages"}],"about":[{"href":"https:\/\/www.holectron.com\/es\/wp-json\/wp\/v2\/types\/page"}],"author":[{"embeddable":true,"href":"https:\/\/www.holectron.com\/es\/wp-json\/wp\/v2\/users\/4"}],"replies":[{"embeddable":true,"href":"https:\/\/www.holectron.com\/es\/wp-json\/wp\/v2\/comments?post=121078"}],"version-history":[{"count":0,"href":"https:\/\/www.holectron.com\/es\/wp-json\/wp\/v2\/pages\/121078\/revisions"}],"wp:attachment":[{"href":"https:\/\/www.holectron.com\/es\/wp-json\/wp\/v2\/media?parent=121078"}],"wp:term":[{"taxonomy":"related","embeddable":true,"href":"https:\/\/www.holectron.com\/es\/wp-json\/wp\/v2\/related?post=121078"},{"taxonomy":"filter","embeddable":true,"href":"https:\/\/www.holectron.com\/es\/wp-json\/wp\/v2\/filter?post=121078"}],"curies":[{"name":"wp","href":"https:\/\/api.w.org\/{rel}","templated":true}]}}