{"id":121074,"date":"2024-10-11T09:36:10","date_gmt":"2024-10-11T07:36:10","guid":{"rendered":"https:\/\/www.holectron.com\/carrera-profesional\/"},"modified":"2025-12-17T09:02:54","modified_gmt":"2025-12-17T07:02:54","slug":"carrera-profesional","status":"publish","type":"page","link":"https:\/\/www.holectron.com\/es\/carrera-profesional\/","title":{"rendered":"Carrera profesional"},"content":{"rendered":"<div class=\"wpb-content-wrapper\"><p>[vc_row gap=\u00bb30&#8243;][vc_column width=\u00bb1\/2&#8243;][vc_single_image image=\u00bb102318&#8243; img_size=\u00bb680&#215;400&#8243; css=\u00bb\u00bb][\/vc_column][vc_column width=\u00bb1\/2&#8243;][vc_column_text css=\u00bb\u00bb]<\/p>\n<h2>Se buscan agentes comerciales<\/h2>\n<p>[\/vc_column_text][vc_column_text css=\u00bb\u00bb]<strong>Oportunidad de negocio: Agente de Ventas Independiente<\/strong><\/p>\n<p>Buscamos agentes comerciales din\u00e1micos y motivados para promocionar la marca Holectron. Los candidatos ideales ayudar\u00e1n a dar a conocer nuestras innovadoras soluciones de iluminaci\u00f3n presentando Holectron a dise\u00f1adores de iluminaci\u00f3n, prescriptores y arquitectos. <\/p>\n<p><strong>Responsabilidades clave:<\/strong><\/p>\n<p>&#8211; Promocionar la marca Holectron en el sector de la iluminaci\u00f3n.<br \/>\n&#8211; Establecer relaciones con dise\u00f1adores de iluminaci\u00f3n, prescriptores y arquitectos.<br \/>\n&#8211; Participe en proyectos locales e internacionales.<br \/>\n&#8211; Desarrollar estrategias para ampliar la presencia de la marca en el mercado.<\/p>\n<p><strong>Cualificaciones:<\/strong><br \/>\n&#8211; Experiencia en ventas y desarrollo comercial, especialmente en el sector de la iluminaci\u00f3n o el dise\u00f1o.<br \/>\n&#8211; Gran capacidad de comunicaci\u00f3n y de trabajo en red.<br \/>\n&#8211; Iniciativa propia, centrada en alcanzar y superar objetivos.<\/p>\n<p>&nbsp;<\/p>\n<p>Env\u00ede su propuesta o curr\u00edculum vitae a <strong>info@holectron.com<\/strong>[\/vc_column_text][\/vc_column][\/vc_row]<\/p>\n<\/div>","protected":false},"excerpt":{"rendered":"<p>[vc_row gap=\u00bb30&#8243;][vc_column width=\u00bb1\/2&#8243;][vc_single_image image=\u00bb102318&#8243; img_size=\u00bb680&#215;400&#8243; css=\u00bb\u00bb][\/vc_column][vc_column width=\u00bb1\/2&#8243;][vc_column_text css=\u00bb\u00bb] Se buscan agentes comerciales [\/vc_column_text][vc_column_text css=\u00bb\u00bb]Oportunidad de negocio: Agente de Ventas Independiente Buscamos agentes comerciales din\u00e1micos y motivados para promocionar la marca Holectron. Los candidatos ideales ayudar\u00e1n a dar a conocer nuestras innovadoras soluciones de iluminaci\u00f3n presentando Holectron a dise\u00f1adores de iluminaci\u00f3n, prescriptores y arquitectos. Responsabilidades clave: [&hellip;]<\/p>\n","protected":false},"author":16,"featured_media":0,"parent":0,"menu_order":3,"comment_status":"closed","ping_status":"closed","template":"","meta":{"footnotes":""},"related":[],"filter":[],"acf":[],"aioseo_notices":[],"_links":{"self":[{"href":"https:\/\/www.holectron.com\/es\/wp-json\/wp\/v2\/pages\/121074"}],"collection":[{"href":"https:\/\/www.holectron.com\/es\/wp-json\/wp\/v2\/pages"}],"about":[{"href":"https:\/\/www.holectron.com\/es\/wp-json\/wp\/v2\/types\/page"}],"author":[{"embeddable":true,"href":"https:\/\/www.holectron.com\/es\/wp-json\/wp\/v2\/users\/16"}],"replies":[{"embeddable":true,"href":"https:\/\/www.holectron.com\/es\/wp-json\/wp\/v2\/comments?post=121074"}],"version-history":[{"count":0,"href":"https:\/\/www.holectron.com\/es\/wp-json\/wp\/v2\/pages\/121074\/revisions"}],"wp:attachment":[{"href":"https:\/\/www.holectron.com\/es\/wp-json\/wp\/v2\/media?parent=121074"}],"wp:term":[{"taxonomy":"related","embeddable":true,"href":"https:\/\/www.holectron.com\/es\/wp-json\/wp\/v2\/related?post=121074"},{"taxonomy":"filter","embeddable":true,"href":"https:\/\/www.holectron.com\/es\/wp-json\/wp\/v2\/filter?post=121074"}],"curies":[{"name":"wp","href":"https:\/\/api.w.org\/{rel}","templated":true}]}}