{"id":113491,"date":"2025-05-16T08:49:01","date_gmt":"2025-05-16T06:49:01","guid":{"rendered":"https:\/\/www.holectron.com\/gravix\/"},"modified":"2026-02-05T14:28:30","modified_gmt":"2026-02-05T12:28:30","slug":"gravix","status":"publish","type":"page","link":"https:\/\/www.holectron.com\/es\/productos\/perfileria-exterior\/perfiles-de-exterior\/gravix\/","title":{"rendered":"Gravix"},"content":{"rendered":"<div class=\"wpb-content-wrapper\"><p>[vc_row gap=\u00bb35&#8243;][vc_column width=\u00bb1\/2&#8243;][vc_single_image image=\u00bb114346&#8243; img_size=\u00bb680&#215;400&#8243; onclick=\u00bbimg_link_large\u00bb img_link_target=\u00bb_blank\u00bb css=\u00bb\u00bb][\/vc_column][vc_column width=\u00bb1\/2&#8243;][vc_column_text css=\u00bb\u00bb]La luminaria Gravix IP67 est\u00e1 dise\u00f1ada para uso en exteriores en entornos que requieren una alta resistencia a impactos y vibraciones. Cuenta con una clasificaci\u00f3n de impacto IK10 y cumple con los requisitos de la prueba de vibraci\u00f3n 3G.Esta luminaria es ideal para aplicaciones de iluminaci\u00f3n en estaciones de transporte p\u00fablico, ferrocarril y metro.<\/p>\n<p><strong>\u25a0 Construido IK10 fuerte<\/strong><br \/>\n\u25a0 <strong>Sellado IP67. Preparado para las condiciones m\u00e1s adversas.<\/strong><br \/>\n<strong>\u25a0 Alta eficiencia y durabilidad.<\/strong>[\/vc_column_text][vc_raw_html css=\u00bb\u00bb]PHN0eWxlPgouYnV0dG9uLW91dGxpbmUgewogIGRpc3BsYXk6IGlubGluZS1ibG9jazsKICB0ZXh0LWRlY29yYXRpb246IG5vbmU7CiAgZm9udC1zaXplOiAxOHB4OwogIGZvbnQtd2VpZ2h0OiA1MDA7CiAgY29sb3I6ICMzMzk5Y2M7CiAgYm9yZGVyOiAycHggc29saWQgIzMzOTljYzsKICBwYWRkaW5nOiAxMHB4IDI0cHg7CiAgYm9yZGVyLXJhZGl1czogOHB4OwogIGJhY2tncm91bmQtY29sb3I6IHRyYW5zcGFyZW50OwogIGJveC1zaXppbmc6IGJvcmRlci1ib3g7CiAgdHJhbnNpdGlvbjogYWxsIDAuM3MgZWFzZTsKICB0ZXh0LWFsaWduOiBjZW50ZXI7Cn0KLmJ1dHRvbi1vdXRsaW5lOmhvdmVyIHsKICBiYWNrZ3JvdW5kLWNvbG9yOiAjYzhlYWZhOwogIGNvbG9yOiAjMzM5OWNjOwp9Cjwvc3R5bGU+Cgo8YSBjbGFzcz0iYnV0dG9uLW91dGxpbmUiIGhyZWY9Imh0dHBzOi8vd3d3LmhvbGVjdHJvbi5jb20vd3AtY29udGVudC91cGxvYWRzL0dyYXZpeC1TcGVjaWZpY2F0aW9uLVNoZWV0LTIwMjUtMTEtMTgucGRmIiB0YXJnZXQ9Il9ibGFuayIgcmVsPSJub29wZW5lciI+CiAgSG9qYSBkZSBlc3BlY2lmaWNhY2lvbmVzICIKPC9hPg==[\/vc_raw_html][vc_single_image source=\u00bbexternal_link\u00bb external_img_size=\u00bb520&#215;33&#8243; css=\u00bb\u00bb custom_src=\u00bbhttps:\/\/www.holectron.com\/wp-content\/uploads\/featured-ik10-etl.svg\u00bb][\/vc_column][\/vc_row][vc_row full_width=\u00bbstretch_row\u00bb][vc_column][vc_empty_space height=\u00bb60&#8243;][\/vc_column][\/vc_row][vc_row full_width=\u00bbstretch_row\u00bb css=\u00bb.vc_custom_1745838340651{background-color: #f5f5f5 !important;}\u00bb][vc_column][vc_empty_space height=\u00bb20&#8243;][\/vc_column][\/vc_row][vc_row full_width=\u00bbstretch_row\u00bb gap=\u00bb35&#8243; css=\u00bb.vc_custom_1754049685153{background-color: #f5f5f5 !important;}\u00bb][vc_column width=\u00bb1\/2&#8243;][vc_column_text css=\u00bb\u00bb]Gravix est\u00e1 disponible en configuraciones blanco, blanco modulable (1800\u20136500 K), RGB y RGBW, con un CRI 90+, alta eficacia luminosa y una precisa consistencia de color MacAdam de 3 pasos.<\/p>\n<p>La luminaria cuenta con una carcasa resistente con clasificaci\u00f3n IP67 e IK10 y un elegante perfil de aluminio. Funciona con regulaci\u00f3n de 24 V o 48 V, con una salida de l\u00famenes de hasta 2400 lm, y tambi\u00e9n est\u00e1 disponible en configuraci\u00f3n de alta eficacia.[\/vc_column_text][\/vc_column][vc_column width=\u00bb1\/2&#8243;][vc_single_image image=\u00bb109085&#8243; img_size=\u00bb680&#215;400&#8243; onclick=\u00bbimg_link_large\u00bb img_link_target=\u00bb_blank\u00bb css=\u00bb\u00bb][\/vc_column][\/vc_row][vc_row full_width=\u00bbstretch_row\u00bb css=\u00bb.vc_custom_1745838340651{background-color: #f5f5f5 !important;}\u00bb][vc_column][vc_empty_space height=\u00bb20&#8243;][\/vc_column][\/vc_row][vc_row full_width=\u00bbstretch_row\u00bb][vc_column][vc_empty_space height=\u00bb20&#8243;][\/vc_column][\/vc_row][vc_row full_width=\u00bbstretch_row\u00bb gap=\u00bb35&#8243; content_placement=\u00bbmiddle\u00bb el_id=\u00bb0002&#8243;][vc_column width=\u00bb1\/2&#8243;][vc_single_image image=\u00bb109381&#8243; img_size=\u00bb200&#215;200&#8243; alignment=\u00bbcenter\u00bb css=\u00bb\u00bb][\/vc_column][vc_column width=\u00bb1\/2&#8243;][vc_column_text css=\u00bb\u00bb]<\/p>\n<h2>Dibujo t\u00e9cnico<\/h2>\n<p>[\/vc_column_text][\/vc_column][\/vc_row]<\/p>\n<\/div>","protected":false},"excerpt":{"rendered":"<p>[vc_row gap=\u00bb35&#8243;][vc_column width=\u00bb1\/2&#8243;][vc_single_image image=\u00bb114346&#8243; img_size=\u00bb680&#215;400&#8243; onclick=\u00bbimg_link_large\u00bb img_link_target=\u00bb_blank\u00bb css=\u00bb\u00bb][\/vc_column][vc_column width=\u00bb1\/2&#8243;][vc_column_text css=\u00bb\u00bb]La luminaria Gravix IP67 est\u00e1 dise\u00f1ada para uso en exteriores en entornos que requieren una alta resistencia a impactos y vibraciones. Cuenta con una clasificaci\u00f3n de impacto IK10 y cumple con los requisitos de la prueba de vibraci\u00f3n 3G.Esta luminaria es ideal para aplicaciones de iluminaci\u00f3n [&hellip;]<\/p>\n","protected":false},"author":15,"featured_media":120839,"parent":121242,"menu_order":0,"comment_status":"closed","ping_status":"closed","template":"tpl-product.php","meta":{"footnotes":""},"related":[118],"filter":[382,257,259,265,280,276,286,274,307,295,261,305,311,313,315,317,278,319,282],"acf":[],"aioseo_notices":[],"_links":{"self":[{"href":"https:\/\/www.holectron.com\/es\/wp-json\/wp\/v2\/pages\/113491"}],"collection":[{"href":"https:\/\/www.holectron.com\/es\/wp-json\/wp\/v2\/pages"}],"about":[{"href":"https:\/\/www.holectron.com\/es\/wp-json\/wp\/v2\/types\/page"}],"author":[{"embeddable":true,"href":"https:\/\/www.holectron.com\/es\/wp-json\/wp\/v2\/users\/15"}],"replies":[{"embeddable":true,"href":"https:\/\/www.holectron.com\/es\/wp-json\/wp\/v2\/comments?post=113491"}],"version-history":[{"count":0,"href":"https:\/\/www.holectron.com\/es\/wp-json\/wp\/v2\/pages\/113491\/revisions"}],"up":[{"embeddable":true,"href":"https:\/\/www.holectron.com\/es\/wp-json\/wp\/v2\/pages\/121242"}],"wp:featuredmedia":[{"embeddable":true,"href":"https:\/\/www.holectron.com\/es\/wp-json\/wp\/v2\/media\/120839"}],"wp:attachment":[{"href":"https:\/\/www.holectron.com\/es\/wp-json\/wp\/v2\/media?parent=113491"}],"wp:term":[{"taxonomy":"related","embeddable":true,"href":"https:\/\/www.holectron.com\/es\/wp-json\/wp\/v2\/related?post=113491"},{"taxonomy":"filter","embeddable":true,"href":"https:\/\/www.holectron.com\/es\/wp-json\/wp\/v2\/filter?post=113491"}],"curies":[{"name":"wp","href":"https:\/\/api.w.org\/{rel}","templated":true}]}}