{"id":113113,"date":"2016-08-04T14:00:10","date_gmt":"2016-08-04T12:00:10","guid":{"rendered":"https:\/\/www.holectron.com\/home-page-2\/"},"modified":"2026-01-15T15:28:38","modified_gmt":"2026-01-15T13:28:38","slug":"home-page-2-2","status":"publish","type":"page","link":"https:\/\/www.holectron.com\/es\/","title":{"rendered":"Holectron LED Tech &#8211; soluciones profesionales de iluminaci\u00f3n LED"},"content":{"rendered":"<div class=\"wpb-content-wrapper\"><p>[vc_row][vc_column][vc_empty_space height=\u00bb40&#8243;][\/vc_column][\/vc_row][vc_row gap=\u00bb30&#8243;][vc_column][vc_video link=\u00bbhttps:\/\/youtu.be\/SRX8aWni6GI\u00bb css=\u00bb\u00bb][vc_column_text css=\u00bb\u00bb]<\/p>\n<h2>Venta<\/h2>\n<p><strong><a href=\"https:\/\/www.holectron.com\/products\/indoor-luminaires\/office-lighting\/minia-mesh\/\">M\u00e1s informaci\u00f3n \u00ab<\/a><\/strong>[\/vc_column_text][\/vc_column][\/vc_row][vc_row gap=\u00bb30&#8243;][vc_column width=\u00bb1\/2&#8243;][vc_single_image image=\u00bb121017&#8243; img_size=\u00bb680&#215;400&#8243; onclick=\u00bbcustom_link\u00bb css=\u00bb\u00bb link=\u00bbhttps:\/\/www.holectron.com\/es\/gravix\/\u00bb][vc_column_text css=\u00bb\u00bb]<\/p>\n<h2>Gravix<\/h2>\n<p>Construido IK10 fuerte. Sellado IP67. Preparada para las condiciones m\u00e1s duras.   Alta eficiencia y durabilidad.<\/p>\n<p><strong><a href=\"https:\/\/www.holectron.com\/es\/gravix\/\">Leer m\u00e1s \u00ab<\/a><\/strong>[\/vc_column_text][\/vc_column][vc_column width=\u00bb1\/2&#8243;][vc_single_image image=\u00bb121014&#8243; img_size=\u00bb680&#215;400&#8243; onclick=\u00bbcustom_link\u00bb css=\u00bb\u00bb link=\u00bbhttps:\/\/www.holectron.com\/es\/productos\/tiras-led-flexibles-para-interior\/tiras-led-flexibles-de-color-blanco\/fl112s-nx-tiras-led-flexibles-nichia\/\u00bb][vc_column_text css=\u00bb\u00bb]<\/p>\n<h2>Fl112s<\/h2>\n<p>Con una combinaci\u00f3n de potencia y eficiencia, estas tiras LED de tama\u00f1o compacto y 5 mm de anchura son id\u00f3neas para la iluminaci\u00f3n directa, de trabajo y decorativa.<\/p>\n<p><strong><a href=\"https:\/\/www.holectron.com\/es\/productos\/tiras-led-flexibles-para-interior\/tiras-led-flexibles-de-color-blanco\/fl112s-nx-tiras-led-flexibles-nichia\/\">Leer m\u00e1s \u00ab<\/a><\/strong>[\/vc_column_text][\/vc_column][\/vc_row][vc_row gap=\u00bb30&#8243;][vc_column width=\u00bb1\/2&#8243;][vc_single_image image=\u00bb121027&#8243; img_size=\u00bb680&#215;400&#8243; onclick=\u00bbcustom_link\u00bb css=\u00bb\u00bb link=\u00bbhttps:\/\/www.holectron.com\/es\/productos\/luminarias-de-exterior\/exterior-lineal\/radio-enterrado\/\u00bb][vc_column_text css=\u00bb\u00bb]<\/p>\n<h2>Radio<\/h2>\n<p>Construida con materiales de alta calidad, la luminaria promete un rendimiento duradero y un funcionamiento de bajo mantenimiento.<\/p>\n<p><strong><a href=\"https:\/\/www.holectron.com\/es\/productos\/luminarias-de-exterior\/exterior-lineal\/radio-enterrado\/\">Leer m\u00e1s \u00ab<\/a><\/strong>[\/vc_column_text][\/vc_column][vc_column width=\u00bb1\/2&#8243;][vc_single_image image=\u00bb98602&#8243; img_size=\u00bb680&#215;400&#8243; onclick=\u00bbcustom_link\u00bb css=\u00bb\u00bb link=\u00bbhttps:\/\/www.holectron.com\/es\/atlantis-top-g2-blanco-tw-rgb\/atlantis-top-g2-blanco-lineas-led-flexibles-para-exteriores\/\u00bb][vc_column_text css=\u00bb\u00bb]<\/p>\n<h2>Atlantis 48V<\/h2>\n<p>Esta versi\u00f3n mejorada ampl\u00eda su recorrido m\u00e1ximo hasta unos impresionantes <strong>28,5 metros<\/strong>, duplicando la capacidad de su predecesora de 24 V.<\/p>\n<p><strong><a href=\"https:\/\/www.holectron.com\/es\/atlantis-top-g2-blanco-tw-rgb\/atlantis-top-g2-blanco-lineas-led-flexibles-para-exteriores\/\">Leer m\u00e1s \u00ab<\/a><\/strong>[\/vc_column_text][\/vc_column][\/vc_row][vc_row gap=\u00bb30&#8243;][vc_column width=\u00bb1\/2&#8243;][vc_single_image image=\u00bb97982&#8243; img_size=\u00bb680&#215;400&#8243; onclick=\u00bbcustom_link\u00bb link=\u00bbhttps:\/\/www.holectron.com\/es\/descargas\/\u00bb][vc_column_text]<\/p>\n<h2>Cat\u00e1logo Holectron n\u00ba 5<\/h2>\n<p>2024<\/p>\n<p><strong><a href=\"https:\/\/www.holectron.com\/es\/descargas\/\">Leer m\u00e1s \u00ab<\/a><\/strong>[\/vc_column_text][\/vc_column][vc_column width=\u00bb1\/2&#8243;][vc_single_image image=\u00bb97664&#8243; img_size=\u00bb680&#215;400&#8243; onclick=\u00bbcustom_link\u00bb css=\u00bb\u00bb link=\u00bbhttps:\/\/www.holectron.com\/es\/aqua-blanco-blanco-sintonizable-rgb-rgbw\/aqua-white-tiras-de-luz-led-flexibles-para-exteriores\/\u00bb][vc_column_text css=\u00bb\u00bb]<\/p>\n<h2>Aqua 48V<\/h2>\n<p>hasta 32,5 metros de longitud sin ca\u00edda de luz<\/p>\n<p><strong><a href=\"https:\/\/www.holectron.com\/es\/aqua-blanco-blanco-sintonizable-rgb-rgbw\/aqua-white-tiras-de-luz-led-flexibles-para-exteriores\/#2024-05-17-aqua-48v47e2-ef24\">Leer m\u00e1s \u00ab<\/a><\/strong>[\/vc_column_text][\/vc_column][\/vc_row][vc_row gap=\u00bb30&#8243;][vc_column width=\u00bb1\/2&#8243;][vc_single_image image=\u00bb97983&#8243; img_size=\u00bb680&#215;400&#8243; onclick=\u00bbcustom_link\u00bb css=\u00bb\u00bb link=\u00bbhttps:\/\/www.holectron.com\/es\/productos\/luminarias-de-interior\/luminarias\/quadro-empotrado\/\u00bb][vc_column_text]<\/p>\n<h2>Quadro<\/h2>\n<p>Sencillez y elegancia<\/p>\n<p><strong><a href=\"https:\/\/www.holectron.com\/es\/productos\/luminarias-de-interior\/luminarias\/quadro-superficie\/\">Leer m\u00e1s \u00ab<\/a><\/strong>[\/vc_column_text][\/vc_column][vc_column width=\u00bb1\/2&#8243;][vc_video link=\u00bbhttps:\/\/www.youtube.com\/watch?v=bCtOM3vfZqY\u00bb][vc_column_text]<\/p>\n<h2>Luminarias Minia<\/h2>\n<p>F\u00e1cil de instalar, f\u00e1cil de modificar. Basta con retirar el inserto sin desmontar toda la estructura. <\/p>\n<p><strong><a href=\"https:\/\/www.holectron.com\/products\/indoor-luminaires\/office-lighting\/minia-mesh\/\">Leer m\u00e1s \u00ab<\/a><\/strong>[\/vc_column_text][\/vc_column][\/vc_row][vc_row][vc_column offset=\u00bbvc_hidden-xs\u00bb][vc_empty_space height=\u00bb20px\u00bb][\/vc_column][\/vc_row][vc_row gap=\u00bb30&#8243;][vc_column width=\u00bb1\/2&#8243;][vc_single_image image=\u00bb79704&#8243; img_size=\u00bb680&#215;400&#8243; onclick=\u00bbcustom_link\u00bb link=\u00bbhttps:\/\/www.holectron.com\/es\/productos\/luminarias-de-interior\/luminarias\/miniax\/\u00bb][vc_column_text]<\/p>\n<h2>MiniaX<\/h2>\n<p>Para una iluminaci\u00f3n perfecta en oficinas<\/p>\n<p><strong><a href=\"https:\/\/www.holectron.com\/es\/productos\/luminarias-de-interior\/luminarias\/miniax\/\">Leer m\u00e1s \u00ab<\/a><\/strong>[\/vc_column_text][\/vc_column][vc_column width=\u00bb1\/2&#8243;][vc_single_image image=\u00bb70847&#8243; img_size=\u00bb680&#215;400&#8243; onclick=\u00bbcustom_link\u00bb css=\u00bb\u00bb link=\u00bbhttps:\/\/www.holectron.com\/es\/productos\/luminarias-de-exterior\/exterior-lineal\/venta-exterior-ip65-ip67\/\u00bb][vc_column_text]<\/p>\n<h2>Venta Exterior IP67<\/h2>\n<p>\u00c1ngulo de rotaci\u00f3n fijo: hasta 200\u00b0.<\/p>\n<p><strong><a href=\"https:\/\/www.holectron.com\/es\/productos\/luminarias-de-exterior\/exterior-lineal\/venta-exterior-ip65-ip67\/\">Leer m\u00e1s \u00ab<\/a><\/strong>[\/vc_column_text][\/vc_column][\/vc_row][vc_row][vc_column offset=\u00bbvc_hidden-xs\u00bb][vc_empty_space height=\u00bb20px\u00bb][\/vc_column][\/vc_row][vc_row gap=\u00bb30&#8243; content_placement=\u00bbtop\u00bb][vc_column width=\u00bb1\/3&#8243; css=\u00bb.vc_custom_1639378791380{padding-right: 30px !important;padding-bottom: 46px !important;padding-left: 30px !important;background-color: #f0f0f0 !important;}\u00bb][vc_single_image image=\u00bb1314&#8243; img_size=\u00bbfull\u00bb alignment=\u00bbcenter\u00bb][vc_column_text]<\/p>\n<h2 style=\"text-align: left\">LED de alta calidad<\/h2>\n<p style=\"text-align: left\">En nuestros productos s\u00f3lo utilizamos LED NICHIA y OSRAM de la m\u00e1xima calidad.<\/p>\n<p>[\/vc_column_text][\/vc_column][vc_column width=\u00bb1\/3&#8243; css=\u00bb.vc_custom_1639063805697{padding-right: 30px !important;padding-left: 30px !important;background-color: #f0f0f0 !important;}\u00bb][vc_single_image image=\u00bb1313&#8243; img_size=\u00bbfull\u00bb alignment=\u00bbcenter\u00bb][vc_column_text]<\/p>\n<h2 style=\"text-align: left\">Fabricado en Europa<\/h2>\n<p style=\"text-align: left\">Todos nuestros productos LED se dise\u00f1an y fabrican en Europa con materiales de calidad superior procedentes de fabricantes europeos y japoneses.<\/p>\n<p>[\/vc_column_text][\/vc_column][vc_column width=\u00bb1\/3&#8243; css=\u00bb.vc_custom_1639378800128{padding-right: 30px !important;padding-bottom: 46px !important;padding-left: 30px !important;background-color: #f0f0f0 !important;}\u00bb][vc_single_image image=\u00bb1312&#8243; img_size=\u00bbfull\u00bb alignment=\u00bbcenter\u00bb][vc_column_text]<\/p>\n<h2 style=\"text-align: left\">5 a\u00f1os de garant\u00eda<\/h2>\n<p style=\"text-align: left\">5 a\u00f1os de garant\u00eda para todos los productos LED que fabricamos.<\/p>\n<p>[\/vc_column_text][\/vc_column][\/vc_row][vc_row][vc_column][vc_empty_space height=\u00bb40&#8243;][\/vc_column][\/vc_row]<\/p>\n<\/div>","protected":false},"excerpt":{"rendered":"<p>[vc_row][vc_column][vc_empty_space height=\u00bb40&#8243;][\/vc_column][\/vc_row][vc_row gap=\u00bb30&#8243;][vc_column][vc_video link=\u00bbhttps:\/\/youtu.be\/SRX8aWni6GI\u00bb css=\u00bb\u00bb][vc_column_text css=\u00bb\u00bb] Venta M\u00e1s informaci\u00f3n \u00ab[\/vc_column_text][\/vc_column][\/vc_row][vc_row gap=\u00bb30&#8243;][vc_column width=\u00bb1\/2&#8243;][vc_single_image image=\u00bb121017&#8243; img_size=\u00bb680&#215;400&#8243; onclick=\u00bbcustom_link\u00bb css=\u00bb\u00bb link=\u00bbhttps:\/\/www.holectron.com\/es\/gravix\/\u00bb][vc_column_text css=\u00bb\u00bb] Gravix Construido IK10 fuerte. Sellado IP67. Preparada para las condiciones m\u00e1s duras. Alta eficiencia y durabilidad. Leer m\u00e1s \u00ab[\/vc_column_text][\/vc_column][vc_column width=\u00bb1\/2&#8243;][vc_single_image image=\u00bb121014&#8243; img_size=\u00bb680&#215;400&#8243; onclick=\u00bbcustom_link\u00bb css=\u00bb\u00bb link=\u00bbhttps:\/\/www.holectron.com\/es\/productos\/tiras-led-flexibles-para-interior\/tiras-led-flexibles-de-color-blanco\/fl112s-nx-tiras-led-flexibles-nichia\/\u00bb][vc_column_text css=\u00bb\u00bb] Fl112s Con una combinaci\u00f3n de potencia y eficiencia, estas tiras LED [&hellip;]<\/p>\n","protected":false},"author":4,"featured_media":0,"parent":0,"menu_order":0,"comment_status":"closed","ping_status":"closed","template":"tpl-homepage.php","meta":{"footnotes":""},"related":[],"filter":[],"acf":[],"aioseo_notices":[],"_links":{"self":[{"href":"https:\/\/www.holectron.com\/es\/wp-json\/wp\/v2\/pages\/113113"}],"collection":[{"href":"https:\/\/www.holectron.com\/es\/wp-json\/wp\/v2\/pages"}],"about":[{"href":"https:\/\/www.holectron.com\/es\/wp-json\/wp\/v2\/types\/page"}],"author":[{"embeddable":true,"href":"https:\/\/www.holectron.com\/es\/wp-json\/wp\/v2\/users\/4"}],"replies":[{"embeddable":true,"href":"https:\/\/www.holectron.com\/es\/wp-json\/wp\/v2\/comments?post=113113"}],"version-history":[{"count":0,"href":"https:\/\/www.holectron.com\/es\/wp-json\/wp\/v2\/pages\/113113\/revisions"}],"wp:attachment":[{"href":"https:\/\/www.holectron.com\/es\/wp-json\/wp\/v2\/media?parent=113113"}],"wp:term":[{"taxonomy":"related","embeddable":true,"href":"https:\/\/www.holectron.com\/es\/wp-json\/wp\/v2\/related?post=113113"},{"taxonomy":"filter","embeddable":true,"href":"https:\/\/www.holectron.com\/es\/wp-json\/wp\/v2\/filter?post=113113"}],"curies":[{"name":"wp","href":"https:\/\/api.w.org\/{rel}","templated":true}]}}