{"id":125162,"date":"2016-11-22T09:42:55","date_gmt":"2016-11-22T07:42:55","guid":{"rendered":"https:\/\/www.holectron.com\/dim-el-dmx-tw-dmx-dimmer-fuer-abstimmbare-weisse-led-streifen\/"},"modified":"2026-02-25T15:43:42","modified_gmt":"2026-02-25T13:43:42","slug":"dim-el-dmx-tw-dmx-dimmer-fuer-abstimmbare-weisse-led-streifen","status":"publish","type":"page","link":"https:\/\/www.holectron.com\/de\/produkte\/zubehoer\/steuerungen\/dim-el-dmx-tw-dmx-dimmer-fuer-abstimmbare-weisse-led-streifen\/","title":{"rendered":"DIM-EL-DMX\/TW &#8211; DMX-Dimmer f\u00fcr abstimmbare wei\u00dfe LED-Streifen"},"content":{"rendered":"<div class=\"wpb-content-wrapper\"><p>[vc_row][vc_column width=&#8220;1\/2&#8243;][vc_single_image image=&#8220;1272&#8243; img_size=&#8220;full&#8220;][\/vc_column][vc_column width=&#8220;1\/2&#8243;][vc_column_text]<\/p>\n<table class=\"table table-hover\">\n<tbody>\n<tr>\n<td><strong>Beschreibung:<\/strong><\/td>\n<td>DIM-EL-DALI\/TW &#8211; DMX-Dimmer f\u00fcr abstimmbare wei\u00dfe LED-Streifen<\/td>\n<\/tr>\n<tr>\n<td><strong>Dimm-Protokoll:<\/strong><\/td>\n<td>DMX<\/td>\n<\/tr>\n<tr>\n<td><strong>Typ:<\/strong><\/td>\n<td>Abstimmbar wei\u00df<\/td>\n<\/tr>\n<tr>\n<td><strong>Ausgang:<\/strong><\/td>\n<td>2 Ausg\u00e4nge (96W pro Ausgang)<\/td>\n<\/tr>\n<tr>\n<td><strong>Votlage:<\/strong><\/td>\n<td>24VDC<\/td>\n<\/tr>\n<tr>\n<td><strong>Abmessungen:<\/strong><\/td>\n<td>154x51x24mm<\/td>\n<\/tr>\n<tr>\n<td><strong>IP-Schutz:<\/strong><\/td>\n<td>IP20<\/td>\n<\/tr>\n<\/tbody>\n<\/table>\n<p>[\/vc_column_text][\/vc_column][\/vc_row]<\/p>\n<\/div>","protected":false},"excerpt":{"rendered":"<p>[vc_row][vc_column width=&#8220;1\/2&#8243;][vc_single_image image=&#8220;1272&#8243; img_size=&#8220;full&#8220;][\/vc_column][vc_column width=&#8220;1\/2&#8243;][vc_column_text] Beschreibung: DIM-EL-DALI\/TW &#8211; DMX-Dimmer f\u00fcr abstimmbare wei\u00dfe LED-Streifen Dimm-Protokoll: DMX Typ: Abstimmbar wei\u00df Ausgang: 2 Ausg\u00e4nge (96W pro Ausgang) Votlage: 24VDC Abmessungen: 154x51x24mm IP-Schutz: IP20 [\/vc_column_text][\/vc_column][\/vc_row]<\/p>\n","protected":false},"author":4,"featured_media":125163,"parent":125176,"menu_order":6,"comment_status":"closed","ping_status":"closed","template":"tpl-product-simple.php","meta":{"footnotes":""},"related":[56],"filter":[342],"acf":[],"aioseo_notices":[],"_links":{"self":[{"href":"https:\/\/www.holectron.com\/de\/wp-json\/wp\/v2\/pages\/125162"}],"collection":[{"href":"https:\/\/www.holectron.com\/de\/wp-json\/wp\/v2\/pages"}],"about":[{"href":"https:\/\/www.holectron.com\/de\/wp-json\/wp\/v2\/types\/page"}],"author":[{"embeddable":true,"href":"https:\/\/www.holectron.com\/de\/wp-json\/wp\/v2\/users\/4"}],"replies":[{"embeddable":true,"href":"https:\/\/www.holectron.com\/de\/wp-json\/wp\/v2\/comments?post=125162"}],"version-history":[{"count":0,"href":"https:\/\/www.holectron.com\/de\/wp-json\/wp\/v2\/pages\/125162\/revisions"}],"up":[{"embeddable":true,"href":"https:\/\/www.holectron.com\/de\/wp-json\/wp\/v2\/pages\/125176"}],"wp:featuredmedia":[{"embeddable":true,"href":"https:\/\/www.holectron.com\/de\/wp-json\/wp\/v2\/media\/125163"}],"wp:attachment":[{"href":"https:\/\/www.holectron.com\/de\/wp-json\/wp\/v2\/media?parent=125162"}],"wp:term":[{"taxonomy":"related","embeddable":true,"href":"https:\/\/www.holectron.com\/de\/wp-json\/wp\/v2\/related?post=125162"},{"taxonomy":"filter","embeddable":true,"href":"https:\/\/www.holectron.com\/de\/wp-json\/wp\/v2\/filter?post=125162"}],"curies":[{"name":"wp","href":"https:\/\/api.w.org\/{rel}","templated":true}]}}