{"id":125115,"date":"2019-12-05T10:31:13","date_gmt":"2019-12-05T08:31:13","guid":{"rendered":"https:\/\/www.holectron.com\/datenschutzbestimmungen\/"},"modified":"2019-12-05T10:31:13","modified_gmt":"2019-12-05T08:31:13","slug":"datenschutzbestimmungen","status":"publish","type":"page","link":"https:\/\/www.holectron.com\/de\/datenschutzbestimmungen\/","title":{"rendered":"Datenschutzbestimmungen"},"content":{"rendered":"<p><strong>Holectron Datenschutzrichtlinie (GDPR-konform)  <\/strong><\/p>\n<p>Bei Holectron, erreichbar unter www.holectron.com, k\u00fcmmern wir uns um die Privatsph\u00e4re unserer Besucher. Diese Datenschutzrichtlinie enth\u00e4lt die Arten von Informationen, die von www.holectron.com gesammelt und aufgezeichnet werden, und wie wir sie verwenden. <\/p>\n<p>Wenn Sie weitere Fragen haben oder mehr Informationen \u00fcber unsere Datenschutzrichtlinie ben\u00f6tigen, z\u00f6gern Sie nicht, uns per E-Mail an info@holectron.com zu kontaktieren.<\/p>\n<p><strong>Allgemeine Datenschutzverordnung (GDPR)<\/strong><\/p>\n<p>Wir sind ein Data Controller Ihrer Informationen.<\/p>\n<p>Die Rechtsgrundlage von Holectron f\u00fcr die Erfassung und Verwendung der in dieser Datenschutzrichtlinie beschriebenen pers\u00f6nlichen Daten h\u00e4ngt von den pers\u00f6nlichen Daten ab, die wir erfassen, sowie von dem spezifischen Kontext, in dem wir die Daten erfassen:<br \/>\n&#8211; Holectron muss einen Vertrag mit Ihnen erf\u00fcllen.<br \/>\n&#8211; Sie haben Holectron die Erlaubnis dazu erteilt.<br \/>\n&#8211; Die Verarbeitung Ihrer pers\u00f6nlichen Daten liegt im legitimen Interesse von Holectron.<br \/>\n&#8211; Holectron muss sich an das Gesetz halten.<br \/>\n&#8211; Holectron wird Ihre pers\u00f6nlichen Daten nur so lange aufbewahren, wie es f\u00fcr die in dieser Datenschutzrichtlinie dargelegten Zwecke erforderlich ist. Wir werden Ihre Daten in dem Ma\u00dfe aufbewahren und verwenden, wie es notwendig ist, um unseren rechtlichen Verpflichtungen nachzukommen, Streitigkeiten beizulegen und unsere Richtlinien durchzusetzen. <\/p>\n<p>Wenn Sie im Europ\u00e4ischen Wirtschaftsraum (EWR) ans\u00e4ssig sind, haben Sie bestimmte Datenschutzrechte. Wenn Sie dar\u00fcber informiert werden m\u00f6chten, welche pers\u00f6nlichen Daten wir \u00fcber Sie gespeichert haben und wenn Sie m\u00f6chten, dass diese aus unseren Systemen entfernt werden, kontaktieren Sie uns bitte. <\/p>\n<p>Unter bestimmten Umst\u00e4nden haben Sie die folgenden Datenschutzrechte:<br \/>\n&#8211; Das Recht, auf die Informationen, die wir \u00fcber Sie haben, zuzugreifen, sie zu aktualisieren oder zu l\u00f6schen.<br \/>\n&#8211; Das Recht auf Berichtigung.<br \/>\n&#8211; Das Recht auf Widerspruch.<br \/>\n&#8211; Das Recht auf Einschr\u00e4nkung.<br \/>\n&#8211; Das Recht auf Daten\u00fcbertragbarkeit<br \/>\n&#8211; Das Recht auf Widerruf der Einwilligung<\/p>\n<p><strong>Log-Dateien<\/strong><\/p>\n<p>Holectron.com arbeitet standardm\u00e4\u00dfig mit Protokolldateien. Diese Dateien protokollieren die Besuche von Besuchern auf Websites. Alle Hosting-Unternehmen tun dies und es ist Teil der Analyse der Hosting-Dienste. Zu den von den Protokolldateien gesammelten Informationen geh\u00f6ren Internetprotokolladressen (IP), Browsertyp, Internetdienstanbieter (ISP), Datums- und Zeitstempel, Verweis- und Ausgangsseiten und m\u00f6glicherweise die Anzahl der Klicks. Diese Daten sind nicht mit Informationen verkn\u00fcpft, die eine pers\u00f6nliche Identifizierung erm\u00f6glichen. Der Zweck dieser Informationen besteht darin, Trends zu analysieren, die Website zu verwalten, die Bewegungen der Benutzer auf der Website zu verfolgen und demographische Informationen zu sammeln.     <\/p>\n<p><strong>Cookies und Web Beacons<\/strong><\/p>\n<p>Wie jede andere Website auch, verwendet Holectron.com &#8218;Cookies&#8216;. Diese Cookies werden verwendet, um Informationen zu speichern, einschlie\u00dflich der Pr\u00e4ferenzen der Besucher und der Seiten auf der Website, die der Besucher aufgerufen oder besucht hat. Diese Informationen werden verwendet, um die Erfahrung des Benutzers zu optimieren, indem der Inhalt unserer Webseite auf der Grundlage des Browsertyps des Besuchers und\/oder anderer Informationen angepasst wird.  <\/p>\n<p><strong>DoubleClick DART Cookie<\/strong><\/p>\n<p>Google ist einer der Drittanbieter auf unserer Website. Google verwendet auch Cookies, so genannte DART-Cookies, um Anzeigen f\u00fcr die Besucher unserer Website zu schalten, die auf deren Besuch auf www.website.com und anderen Websites im Internet basieren. Sie k\u00f6nnen jedoch die Verwendung von DART-Cookies ablehnen, indem Sie die Datenschutzbestimmungen des Google-Anzeigen- und Content-Netzwerks unter der folgenden URL aufrufen: https:\/\/policies.google.com\/technologies\/ads.<br \/>\nEinige der Werbepartner auf unserer Website verwenden m\u00f6glicherweise Cookies und Web-Beacons. Unsere Werbepartner sind unten aufgef\u00fchrt. Jeder unserer Werbepartner hat seine eigenen Datenschutzrichtlinien f\u00fcr den Umgang mit Nutzerdaten. Um Ihnen den Zugang zu erleichtern, haben wir unten einen Hyperlink zu ihren Datenschutzrichtlinien gesetzt.     <\/p>\n<p>Google<br \/>\nhttps:\/\/policies.google.com\/technologies\/ads<\/p>\n<p>Datenschutzrichtlinien<br \/>\nSie k\u00f6nnen diese Liste konsultieren, um die Datenschutzrichtlinien f\u00fcr jeden der Werbepartner von www.holectron.com zu finden.<\/p>\n<p>Werbeserver oder Werbenetzwerke von Drittanbietern verwenden Technologien wie Cookies, JavaScript oder Web Beacons, die in ihren jeweiligen Anzeigen und Links auf www.holectron.com verwendet werden und direkt an den Browser des Nutzers gesendet werden. Sie erhalten automatisch Ihre IP-Adresse, wenn dies geschieht. Diese Technologien werden verwendet, um die Effektivit\u00e4t ihrer Werbekampagnen zu messen und\/oder die Werbeinhalte, die Sie auf den von Ihnen besuchten Websites sehen, zu personalisieren.<br \/>\nBeachten Sie, dass www.holectron.com keinen Zugriff auf oder Kontrolle \u00fcber diese Cookies hat, die von Drittanbietern verwendet werden.  <\/p>\n<p><strong>Datenschutzrichtlinien von Drittanbietern<\/strong><\/p>\n<p>Die Datenschutzrichtlinie von www.holectron.com gilt nicht f\u00fcr andere Werbetreibende oder Websites. Wir raten Ihnen daher, die jeweiligen Datenschutzrichtlinien dieser Werbeserver Dritter zu konsultieren, um genauere Informationen zu erhalten. Diese k\u00f6nnen deren Praktiken und Anweisungen dar\u00fcber enthalten, wie Sie sich von bestimmten Optionen abmelden k\u00f6nnen. Eine vollst\u00e4ndige Liste dieser Datenschutzrichtlinien und deren Links finden Sie hier: Links zu Datenschutzrichtlinien.   <\/p>\n<p>Sie k\u00f6nnen Cookies \u00fcber Ihre individuellen Browseroptionen deaktivieren. Ausf\u00fchrlichere Informationen zur Cookie-Verwaltung mit bestimmten Webbrowsern finden Sie auf den jeweiligen Websites der Browser. Was sind Cookies?  <\/p>\n<p><strong>Informationen f\u00fcr Kinder<\/strong><\/p>\n<p>Ein weiterer Teil unserer Priorit\u00e4t ist der Schutz von Kindern bei der Nutzung des Internets. Wir ermutigen Eltern und Erziehungsberechtigte, ihre Online-Aktivit\u00e4ten zu beobachten, daran teilzunehmen und\/oder sie zu \u00fcberwachen und anzuleiten. <\/p>\n<p>Holectron sammelt nicht wissentlich pers\u00f6nliche Daten von Kindern unter 13 Jahren. Wenn Sie glauben, dass Ihr Kind diese Art von Daten auf unserer Website angegeben hat, bitten wir Sie dringend, uns sofort zu kontaktieren, und wir werden unser Bestes tun, um diese Daten umgehend aus unseren Unterlagen zu entfernen. <\/p>\n<p><strong>Nur Online-Datenschutzerkl\u00e4rung<\/strong><\/p>\n<p>Diese Datenschutzrichtlinie gilt nur f\u00fcr unsere Online-Aktivit\u00e4ten und f\u00fcr die Besucher unserer Website in Bezug auf die Informationen, die sie in Website Name mitgeteilt und\/oder gesammelt haben. Diese Richtlinie gilt nicht f\u00fcr Informationen, die offline oder \u00fcber andere Kan\u00e4le als diese Website gesammelt werden. <\/p>\n<p><strong>Einverst\u00e4ndnis<\/strong><\/p>\n<p>Durch die Nutzung unserer Website erkl\u00e4ren Sie sich mit unserer Datenschutzrichtlinie einverstanden und stimmen den darin enthaltenen Bedingungen und Konditionen zu.<\/p>\n","protected":false},"excerpt":{"rendered":"<p>Holectron Datenschutzrichtlinie (GDPR-konform) Bei Holectron, erreichbar unter www.holectron.com, k\u00fcmmern wir uns um die Privatsph\u00e4re unserer Besucher. Diese Datenschutzrichtlinie enth\u00e4lt die Arten von Informationen, die von www.holectron.com gesammelt und aufgezeichnet werden, und wie wir sie verwenden. Wenn Sie weitere Fragen haben oder mehr Informationen \u00fcber unsere Datenschutzrichtlinie ben\u00f6tigen, z\u00f6gern Sie nicht, uns per E-Mail an info@holectron.com [&hellip;]<\/p>\n","protected":false},"author":15,"featured_media":0,"parent":0,"menu_order":4,"comment_status":"closed","ping_status":"closed","template":"","meta":{"footnotes":""},"related":[],"filter":[],"acf":[],"aioseo_notices":[],"_links":{"self":[{"href":"https:\/\/www.holectron.com\/de\/wp-json\/wp\/v2\/pages\/125115"}],"collection":[{"href":"https:\/\/www.holectron.com\/de\/wp-json\/wp\/v2\/pages"}],"about":[{"href":"https:\/\/www.holectron.com\/de\/wp-json\/wp\/v2\/types\/page"}],"author":[{"embeddable":true,"href":"https:\/\/www.holectron.com\/de\/wp-json\/wp\/v2\/users\/15"}],"replies":[{"embeddable":true,"href":"https:\/\/www.holectron.com\/de\/wp-json\/wp\/v2\/comments?post=125115"}],"version-history":[{"count":0,"href":"https:\/\/www.holectron.com\/de\/wp-json\/wp\/v2\/pages\/125115\/revisions"}],"wp:attachment":[{"href":"https:\/\/www.holectron.com\/de\/wp-json\/wp\/v2\/media?parent=125115"}],"wp:term":[{"taxonomy":"related","embeddable":true,"href":"https:\/\/www.holectron.com\/de\/wp-json\/wp\/v2\/related?post=125115"},{"taxonomy":"filter","embeddable":true,"href":"https:\/\/www.holectron.com\/de\/wp-json\/wp\/v2\/filter?post=125115"}],"curies":[{"name":"wp","href":"https:\/\/api.w.org\/{rel}","templated":true}]}}