{"id":125113,"date":"2024-10-11T09:36:10","date_gmt":"2024-10-11T07:36:10","guid":{"rendered":"https:\/\/www.holectron.com\/karriere\/"},"modified":"2026-02-25T15:41:11","modified_gmt":"2026-02-25T13:41:11","slug":"karriere","status":"publish","type":"page","link":"https:\/\/www.holectron.com\/de\/karriere\/","title":{"rendered":"Karriere"},"content":{"rendered":"<div class=\"wpb-content-wrapper\"><p>[vc_row gap=&#8220;30&#8243;][vc_column width=&#8220;1\/2&#8243;][vc_single_image image=&#8220;102318&#8243; img_size=&#8220;680&#215;400&#8243; css=&#8220;&#8220;][\/vc_column][vc_column width=&#8220;1\/2&#8243;][vc_column_text css=&#8220;&#8220;]<\/p>\n<h2>Vertriebsmitarbeiter gesucht<\/h2>\n<p>[\/vc_column_text][vc_column_text css=&#8220;&#8220;]<strong>Gesch\u00e4ftsgelegenheit: Unabh\u00e4ngiger Handelsvertreter<\/strong><\/p>\n<p>Wir suchen dynamische und motivierte Vertriebsmitarbeiter, die f\u00fcr die Marke Holectron werben. Die idealen Kandidaten werden dazu beitragen, den Bekanntheitsgrad unserer innovativen Beleuchtungsl\u00f6sungen zu steigern, indem sie Holectron bei Beleuchtungsdesignern, Planern und Architekten vorstellen. <\/p>\n<p><strong>Hauptverantwortlichkeiten:<\/strong><\/p>\n<p>&#8211; Bewerben Sie die Marke Holectron in der Beleuchtungsindustrie.<br \/>\n&#8211; Bauen Sie Beziehungen zu Lichtdesignern, Planern und Architekten auf.<br \/>\n&#8211; Engagieren Sie sich in lokalen und internationalen Projekten.<br \/>\n&#8211; Entwickeln Sie Strategien, um die Marktpr\u00e4senz der Marke zu erweitern.<\/p>\n<p><strong>Qualifikationen:<\/strong><br \/>\n&#8211; Erfahrung im Vertrieb und in der Gesch\u00e4ftsentwicklung, insbesondere in der Beleuchtungs- oder Designbranche.<br \/>\n&#8211; Ausgepr\u00e4gte Kommunikations- und Netzwerkf\u00e4higkeiten.<br \/>\n&#8211; Selbstst\u00e4ndig, mit dem Ziel, Ziele zu erreichen und zu \u00fcbertreffen.<\/p>\n<p>&nbsp;<\/p>\n<p>Bitte senden Sie Ihr Angebot oder Ihren Lebenslauf an <strong>info@holectron.com<\/strong>[\/vc_column_text][\/vc_column][\/vc_row]<\/p>\n<\/div>","protected":false},"excerpt":{"rendered":"<p>[vc_row gap=&#8220;30&#8243;][vc_column width=&#8220;1\/2&#8243;][vc_single_image image=&#8220;102318&#8243; img_size=&#8220;680&#215;400&#8243; css=&#8220;&#8220;][\/vc_column][vc_column width=&#8220;1\/2&#8243;][vc_column_text css=&#8220;&#8220;] Vertriebsmitarbeiter gesucht [\/vc_column_text][vc_column_text css=&#8220;&#8220;]Gesch\u00e4ftsgelegenheit: Unabh\u00e4ngiger Handelsvertreter Wir suchen dynamische und motivierte Vertriebsmitarbeiter, die f\u00fcr die Marke Holectron werben. Die idealen Kandidaten werden dazu beitragen, den Bekanntheitsgrad unserer innovativen Beleuchtungsl\u00f6sungen zu steigern, indem sie Holectron bei Beleuchtungsdesignern, Planern und Architekten vorstellen. Hauptverantwortlichkeiten: &#8211; Bewerben Sie die Marke Holectron [&hellip;]<\/p>\n","protected":false},"author":16,"featured_media":0,"parent":0,"menu_order":3,"comment_status":"closed","ping_status":"closed","template":"","meta":{"footnotes":""},"related":[],"filter":[],"acf":[],"aioseo_notices":[],"_links":{"self":[{"href":"https:\/\/www.holectron.com\/de\/wp-json\/wp\/v2\/pages\/125113"}],"collection":[{"href":"https:\/\/www.holectron.com\/de\/wp-json\/wp\/v2\/pages"}],"about":[{"href":"https:\/\/www.holectron.com\/de\/wp-json\/wp\/v2\/types\/page"}],"author":[{"embeddable":true,"href":"https:\/\/www.holectron.com\/de\/wp-json\/wp\/v2\/users\/16"}],"replies":[{"embeddable":true,"href":"https:\/\/www.holectron.com\/de\/wp-json\/wp\/v2\/comments?post=125113"}],"version-history":[{"count":0,"href":"https:\/\/www.holectron.com\/de\/wp-json\/wp\/v2\/pages\/125113\/revisions"}],"wp:attachment":[{"href":"https:\/\/www.holectron.com\/de\/wp-json\/wp\/v2\/media?parent=125113"}],"wp:term":[{"taxonomy":"related","embeddable":true,"href":"https:\/\/www.holectron.com\/de\/wp-json\/wp\/v2\/related?post=125113"},{"taxonomy":"filter","embeddable":true,"href":"https:\/\/www.holectron.com\/de\/wp-json\/wp\/v2\/filter?post=125113"}],"curies":[{"name":"wp","href":"https:\/\/api.w.org\/{rel}","templated":true}]}}