{"id":125112,"date":"2016-08-02T19:15:01","date_gmt":"2016-08-02T17:15:01","guid":{"rendered":"https:\/\/www.holectron.com\/ueber-uns\/"},"modified":"2026-02-25T15:41:11","modified_gmt":"2026-02-25T13:41:11","slug":"ueber-uns","status":"publish","type":"page","link":"https:\/\/www.holectron.com\/de\/ueber-uns\/","title":{"rendered":"\u00dcber uns"},"content":{"rendered":"<div class=\"wpb-content-wrapper\"><p>[vc_row content_placement=&#8220;top&#8220; css=&#8220;.vc_custom_1715777265025{margin-left: 0px !important;border-left-width: 0px !important;padding-left: 0px !important;}&#8220;][vc_column][vc_tta_tour section_title_tag=&#8220;h2&#8243; shape=&#8220;square&#8220; color=&#8220;white&#8220; spacing=&#8220;&#8220; gap=&#8220;10&#8243; controls_size=&#8220;sm&#8220; active_section=&#8220;1&#8243; no_fill_content_area=&#8220;true&#8220;][vc_tta_section title=&#8220;\u00dcber uns&#8220; tab_id=&#8220;about-us-tabs&#8220;][vc_row_inner][vc_column_inner][vc_column_text]<\/p>\n<h1>\u00dcber uns<\/h1>\n<p>[\/vc_column_text][\/vc_column_inner][\/vc_row_inner][vc_row_inner content_placement=&#8220;top&#8220; gap=&#8220;30&#8243;][vc_column_inner width=&#8220;1\/2&#8243;][vc_column_text]Holectron, mit Sitz in Vilnius, Litauen, besitzt eine Fabrik, in der LED-Streifen, Lichtquellen und verschiedene Leuchten f\u00fcr Innen- und Au\u00dfenanwendungen hergestellt werden. Die neueste 2000 m\u00b2 gro\u00dfe Anlage umfasst einen Produktionsbereich, ein modernes, von Menschen beleuchtetes B\u00fcro, ein Lager sowie ein Fotometrie- und Testlabor. <\/p>\n<p>&nbsp;<\/p>\n<p>Unser Team besteht aus bis zu 80 Mitarbeitern in der Fabrik, einschlie\u00dflich der Abteilungen f\u00fcr Forschung und Entwicklung, Vertrieb und Verwaltung. Als Team teilen wir eine Mission und eine Vision, die uns antreibt, nach Perfektion zu streben. <\/p>\n<p>&nbsp;<\/p>\n<p><strong>Mission:<\/strong> Einen nachhaltigen Weg zwischen Mensch und Umwelt durch die Qualit\u00e4t des Lichts zu beleuchten.<\/p>\n<p>&nbsp;<\/p>\n<p><strong>Vision: <\/strong>Schaffung und Entwicklung hochwertiger, langlebiger LED-Beleuchtungsprodukte, die \u00fcber einen funktionalen Ansatz hinausgehen und f\u00fcr mehr Effizienz in Geb\u00e4uden und menschenzentrierten R\u00e4umen auf der ganzen Welt sorgen<\/p>\n<p>&nbsp;<\/p>\n<p>Bei Holectron wollen wir in allem flexibel sein &#8211; au\u00dfer bei der Qualit\u00e4t. Wir arbeiten unerm\u00fcdlich daran, unsere Produktionsprozesse an die neuesten Trends in der LED-Technologie anzupassen.[\/vc_column_text][\/vc_column_inner][vc_column_inner width=&#8220;1\/2&#8243;][vc_column_text]Das bedeutet, dass wir unsere Produktpalette st\u00e4ndig erweitern und verbessern. Dieser Ansatz sorgt daf\u00fcr, dass wir st\u00e4ndig innovativ sind und uns ver\u00e4ndern, aber was sich nie \u00e4ndert, ist unser unersch\u00fctterliches Engagement f\u00fcr Qualit\u00e4t. Wir sind immer bestrebt, uns zu verbessern. Wir erf\u00fcllen stets die h\u00f6chsten EU-Qualit\u00e4tsstandards. Das sind die Standards, die wir unseren Kunden versprechen und an die wir uns jeden Tag halten. Unsere gesamte Entwicklung und Produktion findet in unserem Hauptsitz in Vilnius, Litauen, statt.     <\/p>\n<p>&nbsp;<\/p>\n<p>So k\u00f6nnen wir sicherstellen, dass nur LED-Produkte von h\u00f6chster Qualit\u00e4t an unsere weltweiten Kunden geliefert werden. Wir verwenden intern die fortschrittlichsten SMT-Best\u00fcckungsautomaten, automatische Best\u00fcckung, CNC-Metallverarbeitungs- und Schneidemaschinen sowie eine Station zur Produkthermetisierung, um LED-Produkte mit h\u00f6chster Pr\u00e4zision herzustellen. Jedes Produkt wird vor dem Verlassen des Werks umfangreichen Tests unterzogen. Deshalb k\u00f6nnen wir eine 5-Jahres-Garantie auf alle unsere Produkte geben.   <\/p>\n<p>&nbsp;<\/p>\n<p>Dank unseres Engagements f\u00fcr Qualit\u00e4t m\u00fcssen Sie sich nur noch \u00fcberlegen, welches unserer Produkte am besten zu Ihrem Projekt passt. Und wenn Sie nicht genau das richtige Produkt finden, k\u00f6nnen Sie sich Ihr eigenes zusammenstellen. Wie auch immer Sie sich entscheiden, unser erfahrenes Team steht Ihnen bei jedem Schritt mit spezifischen Projektberechnungen und Empfehlungen zur Seite.[\/vc_column_text][\/vc_column_inner][\/vc_row_inner][\/vc_tta_section][vc_tta_section title=&#8220;Bedingungen &amp; Konditionen&#8220; tab_id=&#8220;terms-conditions&#8220;][vc_row_inner gap=&#8220;30&#8243;][vc_column_inner][vc_column_text css=&#8220;&#8220;]<\/p>\n<h2 style=\"text-align: left;\">Bedingungen &amp; Konditionen<\/h2>\n<p><strong>Garantie<\/strong><\/p>\n<p>HOLECTRON garantiert, dass jedes Produkt frei von Material- und Verarbeitungsfehlern ist, die dazu f\u00fchren, dass das Produkt nicht in \u00dcbereinstimmung mit den von HOLECTRON ver\u00f6ffentlichten Spezifikationen f\u00fcr dieses Produkt in der zum Zeitpunkt der Lieferung g\u00fcltigen Fassung funktioniert. Die vorstehende Garantie gilt f\u00fcr f\u00fcnf (5) Jahre ab dem Versanddatum. Diese Garantie gilt f\u00fcr die LED-Leuchte, nicht f\u00fcr den LED-Treiber. Der LED-Treiber wird durch eine separate Garantie abgedeckt. Zus\u00e4tzliche verl\u00e4ngerte Garantiezeitr\u00e4ume sind zum Zeitpunkt des Kaufs erh\u00e4ltlich; bitte wenden Sie sich f\u00fcr Informationen an das Werk. Wenn ein Produkt nicht in \u00dcbereinstimmung mit dieser Garantie funktioniert, wird HOLECTRON nach eigenem Ermessen das Produkt oder den defekten Teil davon reparieren oder ersetzen oder dem K\u00e4ufer den Kaufpreis gutschreiben. Witterungsbedingtes Ausbleichen der Oberfl\u00e4chen ist normal und wird nicht garantiert. HOLECTRON wird nach eigenem Ermessen ein Produkt mit Garantie oder Komponenten eines Produkts mit Garantie ersetzen. F\u00fcr alle Ersatzprodukte gelten die \u00fcblichen Vorlaufzeiten; HOLECTRON wird sich jedoch bem\u00fchen, die Lieferung zeitnah vorzunehmen. Ersatzprodukte werden per Landfracht\/Standardfracht verschickt. HOLECTRON \u00fcbernimmt die Kosten f\u00fcr den Versand von Produkten oder Komponenten, f\u00fcr die eine Garantie besteht. HOLECTRON \u00fcbernimmt im Rahmen dieser Garantie keine Haftung, es sei denn, HOLECTRON wird unverz\u00fcglich nach Entdeckung des Mangels durch den K\u00e4ufer schriftlich benachrichtigt und die mangelhaften Artikel werden frachtfrei an HOLECTRON zur\u00fcckgesandt und gehen sp\u00e4testens zehn (10) Tage nach Feststellung eines Garantieproblems und nicht vor Ablauf der Garantiezeit bei HOLECTRON ein. Diese Garantie gilt nicht f\u00fcr Defekte oder Leistungsst\u00f6rungen, die auf falsche Anwendung, unsachgem\u00e4\u00dfe Installation, unsachgem\u00e4\u00dfen Betrieb, Missbrauch oder Verschmutzung, ob intern oder extern, zur\u00fcckzuf\u00fchren sind, und gilt nur, wenn das Produkt ordnungsgem\u00e4\u00df verdrahtet und installiert und innerhalb der elektrischen Werte, Betriebsbereiche und Umgebungsbedingungen betrieben wurde, die in den Spezifikationen oder Installationsanweisungen f\u00fcr dieses Produkt angegeben sind.            <\/p>\n<p>Die Garantiehaftung von HOLECTRON ist auf den Ersatz defekter Produkte beschr\u00e4nkt. HOLECTRON haftet nicht f\u00fcr Arbeitskosten im Zusammenhang mit Garantieanspr\u00fcchen oder f\u00fcr zuf\u00e4llige Sch\u00e4den oder Folgesch\u00e4den. Sofern nicht ausdr\u00fccklich schriftlich mit HOLECTRON vereinbart, gilt diese Garantie nicht f\u00fcr Produkte, die von HOLECTRON nach Entw\u00fcrfen oder Spezifikationen des K\u00e4ufers hergestellt wurden, und es wird keine Garantie f\u00fcr solche Nicht-Standardprodukte gew\u00e4hrt. Diese Garantie erlischt, wenn eine Person Reparaturen oder \u00c4nderungen an dem Produkt vornimmt, die nicht ordnungsgem\u00e4\u00df von HOLECTRON schriftlich genehmigt wurden. In Bezug auf Produkte, die von HOLECTRON an den K\u00e4ufer verkauft werden, aber nicht den Namen HOLECTRON oder den Namen einer Untermarke tragen (einschlie\u00dflich, aber nicht beschr\u00e4nkt auf Lampen, Steuersysteme, Vorschaltger\u00e4te, Treiber und andere Produkte), \u00fcbernimmt HOLECTRON keinerlei Garantie, weder ausdr\u00fccklich noch stillschweigend, einschlie\u00dflich, aber nicht beschr\u00e4nkt auf die Garantie der Marktg\u00e4ngigkeit oder der Eignung f\u00fcr einen bestimmten Zweck, stellt aber dem K\u00e4ufer auf Anfrage, aber nur in dem gesetzlich zul\u00e4ssigen Umfang, das entsprechende Produkt zur Verf\u00fcgung. Wenn HOLECTRON das Produkt ersetzen m\u00f6chte und dazu nicht in der Lage ist, weil es eingestellt wurde oder nicht verf\u00fcgbar ist, kann HOLECTRON es durch ein vergleichbares Produkt ersetzen.[\/vc_column_text][\/vc_column_inner][\/vc_row_inner][vc_row_inner gap=&#8220;30&#8243;][vc_column_inner width=&#8220;1\/2&#8243;][vc_column_text css=&#8220;&#8220;]<strong>Einschr\u00e4nkung der Haftung  <\/strong><\/p>\n<p>Alle Verk\u00e4ufe unterliegen den Standardbedingungen von HOLECTRON, einschlie\u00dflich derjenigen der Haftungsbeschr\u00e4nkung. HOLECTRON haftet in keinem Fall und unter keinen Umst\u00e4nden f\u00fcr besondere, zuf\u00e4llige, indirekte oder kompensatorische Sch\u00e4den, die sich aus Nutzungsausfall, entgangenen Einnahmen, entgangenem Gewinn, entgangenen Gesch\u00e4ften oder entgangenem Firmenwert im Zusammenhang oder aus dem Verkauf, der Nutzung, Nichtlieferung oder Lieferung seiner Produkte ergeben. HOLECTRON kann unter keinen Umst\u00e4nden und ohne Einschr\u00e4nkung f\u00fcr besondere oder indirekte Umst\u00e4nde oder Sch\u00e4den haftbar gemacht werden.[\/vc_column_text][vc_column_text css=&#8220;&#8220;]<strong>R\u00fcckgabe und Wiedereinlagerung<\/strong><br \/>\nDa alle unsere Produkte nach Ma\u00df gefertigt werden, akzeptieren wir unter keinen Umst\u00e4nden eine R\u00fcckgabe. Dies gilt auch f\u00fcr Artikel mit kundenspezifischen K\u00f6rperfarben, Formen oder anderen personalisierten Eigenschaften. Sobald die Bestellung aufgegeben wurde, kann sie nicht mehr ge\u00e4ndert, storniert oder zur\u00fcckgegeben werden, es sei denn, Sie haben vorher eine schriftliche Genehmigung von HOLECTRON erhalten.  <\/p>\n<p>Wir empfehlen unseren Kunden, die Details ihrer Bestellung sorgf\u00e4ltig zu pr\u00fcfen, bevor sie den Kauf abschlie\u00dfen. Wenn Sie Fragen zu dem Produkt haben, kontaktieren Sie uns bitte, bevor Sie Ihre Bestellung best\u00e4tigen.[\/vc_column_text][vc_column_text css=&#8220;&#8220;]<strong>Sch\u00e4den und Fehlmengen<\/strong><br \/>\nEs liegt in der Verantwortung des Kunden, HOLECTRON innerhalb eines (1) Werktages nach Erhalt der Ware \u00fcber verdeckte Sch\u00e4den oder Fehlmengen zu informieren. F\u00fcr Schadensersatzanspr\u00fcche ist eine schriftliche Best\u00e4tigung und\/oder ein Foto erforderlich. Wenn der Kunde den Versand mit einem Spediteur seiner Wahl gew\u00e4hlt hat, kann HOLECTRON keine Haftung f\u00fcr eventuelle Sch\u00e4den \u00fcbernehmen. Es liegt in der Verantwortung des Kunden, den Spediteur bei Erhalt der Ware auf sichtbare Sch\u00e4den an der Verpackung hinzuweisen und diese vom Spediteur auf den Empfangsdokumenten vermerken zu lassen. F\u00fcr alle Ersatzprodukte gelten die \u00fcblichen Vorlaufzeiten; HOLECTRON wird sich jedoch bem\u00fchen, den Versand zeitnah vorzunehmen. Ersatzartikel werden per Landfracht\/Standardfracht verschickt. Ma\u00dfgefertigte Artikel m\u00fcssen bei jeder Bestellung vollst\u00e4ndig bezahlt werden und k\u00f6nnen nicht zur\u00fcckgegeben werden. Ma\u00dfgefertigte Artikel umfassen Produkte, die mit einer individuellen Farbe versehen sind.[\/vc_column_text][\/vc_column_inner][vc_column_inner width=&#8220;1\/2&#8243;][vc_column_text css=&#8220;&#8220;]<strong>Vorlauf- und Versandzeit<\/strong><br \/>\nDie Vorlaufzeit wird in Tagen zwischen dem Versand des OC (Auftragsbest\u00e4tigung) an den K\u00e4ufer und der Vorbereitung der Ware f\u00fcr den Versand gemessen. Die von HOLECTRON angegebene Lieferzeit ist eine Sch\u00e4tzung und kann sich aufgrund interner und\/oder externer Faktoren \u00e4ndern, daher wird keine Garantie f\u00fcr eine genaue Lieferzeit gegeben. Die durchschnittliche Vorlaufzeit betr\u00e4gt vier bis sechs (4-6) Wochen. Der Kunde kann die Vorlauf- und Lieferzeiten mit HOLECRON vereinbaren, bevor er Waren bestellt. Alle Artikel werden auf dem Landweg\/Standardfrachtweg versandt und die Lieferzeiten h\u00e4ngen von der N\u00e4he des Bestimmungsortes zu HOLECTRON ab. Typische Transitzeiten sind 1-7 Werktage. HOLECTRON kann keine Lieferzeiten garantieren und haftet nicht f\u00fcr Versp\u00e4tungen, einschlie\u00dflich Versp\u00e4tungen aufgrund von Wetterbedingungen. F\u00fcr weitere Informationen wenden Sie sich bitte an Ihren HOLECTRON Vertreter vor Ort.[\/vc_column_text][vc_column_text css=&#8220;&#8220;]<strong>H\u00f6here Gewalt<\/strong><br \/>\nWeder HOLECTRON noch der K\u00e4ufer sind der jeweils anderen Partei gegen\u00fcber f\u00fcr eine Verz\u00f6gerung oder Nichterf\u00fcllung ihrer Verpflichtungen aus diesem Vertrag verantwortlich, sofern die Verz\u00f6gerung oder Nichterf\u00fcllung durch ein Ereignis verursacht wird, das au\u00dferhalb ihrer Kontrolle und ohne Verschulden oder Fahrl\u00e4ssigkeit liegt, einschlie\u00dflich h\u00f6herer Gewalt, \u00dcberschwemmung, Feuer, Sturm, Erdbeben, Krieg, Sabotage oder Ma\u00dfnahmen von Regierungsbeh\u00f6rden. Die betroffene Partei hat die andere Partei unverz\u00fcglich zu benachrichtigen. Streiks, Arbeitsk\u00e4mpfe und die Unf\u00e4higkeit des Verk\u00e4ufers, sich mit Rohstoffen zu versorgen, gelten nicht als Ereignisse h\u00f6herer Gewalt.[\/vc_column_text][vc_column_text css=&#8220;&#8220;]<strong>Anwendbares Recht, Gerichtsstand, Sonstiges<\/strong><br \/>\nAlle Anspr\u00fcche oder Streitigkeiten im Zusammenhang mit den Verpflichtungen oder der Beziehung zwischen HOLECTRON und dem K\u00e4ufer unterliegen dem litauischen Recht unter Ausschluss des \u00dcbereinkommens der Vereinten Nationen \u00fcber Vertr\u00e4ge \u00fcber den internationalen Warenkauf.[\/vc_column_text][\/vc_column_inner][\/vc_row_inner][\/vc_tta_section][\/vc_tta_tour][\/vc_column][\/vc_row][vc_row][vc_column offset=&#8220;vc_hidden-lg vc_hidden-md vc_hidden-sm vc_hidden-xs&#8220;][vc_column_text]<\/p>\n<h1>\u00dcber uns<\/h1>\n<p>[\/vc_column_text][\/vc_column][\/vc_row][vc_row][vc_column width=&#8220;1\/2&#8243; offset=&#8220;vc_hidden-lg vc_hidden-md vc_hidden-sm vc_hidden-xs&#8220;][vc_column_text]Holectron, mit Sitz in Vilnius, Litauen, besitzt eine Fabrik, in der LED-Streifen, Lichtquellen und verschiedene Leuchten f\u00fcr Innen- und Au\u00dfenanwendungen hergestellt werden. Die neueste 2000 m\u00b2 gro\u00dfe Anlage umfasst einen Produktionsbereich, ein modernes, von Menschen beleuchtetes B\u00fcro, ein Lager sowie ein Fotometrie- und Testlabor. <\/p>\n<p>&nbsp;<\/p>\n<p>Unser Team besteht aus bis zu 80 Mitarbeitern in der Fabrik, einschlie\u00dflich der Abteilungen f\u00fcr Forschung und Entwicklung, Vertrieb und Verwaltung. Als Team teilen wir eine Mission und eine Vision, die uns antreibt, nach Perfektion zu streben. <\/p>\n<p>&nbsp;<\/p>\n<p><strong>Mission:<\/strong> Einen nachhaltigen Weg zwischen Mensch und Umwelt durch die Qualit\u00e4t des Lichts zu beleuchten.<\/p>\n<p>&nbsp;<\/p>\n<p><strong>Vision: <\/strong>Schaffung und Entwicklung hochwertiger, langlebiger LED-Beleuchtungsprodukte, die \u00fcber einen funktionalen Ansatz hinausgehen und f\u00fcr mehr Effizienz in Geb\u00e4uden und menschenzentrierten R\u00e4umen auf der ganzen Welt sorgen<\/p>\n<p>&nbsp;<\/p>\n<p>Bei Holectron wollen wir in allem flexibel sein &#8211; au\u00dfer bei der Qualit\u00e4t. Wir arbeiten unerm\u00fcdlich daran, unsere Produktionsprozesse an die neuesten Trends in der LED-Technologie anzupassen.[\/vc_column_text][\/vc_column][vc_column width=&#8220;1\/2&#8243; offset=&#8220;vc_hidden-lg vc_hidden-md vc_hidden-sm vc_hidden-xs&#8220;][vc_column_text]Das bedeutet, dass wir unsere Produktpalette st\u00e4ndig erweitern und verbessern. Dieser Ansatz sorgt daf\u00fcr, dass wir st\u00e4ndig innovativ sind und uns ver\u00e4ndern, aber was sich nie \u00e4ndert, ist unser unersch\u00fctterliches Engagement f\u00fcr Qualit\u00e4t. Wir sind immer bestrebt, uns zu verbessern. Wir erf\u00fcllen stets die h\u00f6chsten EU-Qualit\u00e4tsstandards. Das sind die Standards, die wir unseren Kunden versprechen und an die wir uns jeden Tag halten. Unsere gesamte Entwicklung und Produktion findet in unserem Hauptsitz in Vilnius, Litauen, statt.     <\/p>\n<p>&nbsp;<\/p>\n<p>So k\u00f6nnen wir sicherstellen, dass nur LED-Produkte von h\u00f6chster Qualit\u00e4t an unsere weltweiten Kunden geliefert werden. Wir verwenden intern die fortschrittlichsten SMT-Best\u00fcckungsautomaten, automatische Best\u00fcckung, CNC-Metallverarbeitungs- und Schneidemaschinen sowie eine Station zur Produkthermetisierung, um LED-Produkte mit h\u00f6chster Pr\u00e4zision herzustellen. Jedes Produkt wird vor dem Verlassen des Werks umfangreichen Tests unterzogen. Deshalb k\u00f6nnen wir eine 5-Jahres-Garantie auf alle unsere Produkte geben.   <\/p>\n<p>&nbsp;<\/p>\n<p>Dank unseres Engagements f\u00fcr Qualit\u00e4t m\u00fcssen Sie sich nur noch \u00fcberlegen, welches unserer Produkte am besten zu Ihrem Projekt passt. Und wenn Sie nicht genau das richtige Produkt finden, k\u00f6nnen Sie sich Ihr eigenes zusammenstellen. Wie auch immer Sie sich entscheiden, unser erfahrenes Team steht Ihnen bei jedem Schritt mit spezifischen Projektberechnungen und Empfehlungen zur Seite.[\/vc_column_text][\/vc_column][\/vc_row]<\/p>\n<\/div>","protected":false},"excerpt":{"rendered":"<p>[vc_row content_placement=&#8220;top&#8220; css=&#8220;.vc_custom_1715777265025{margin-left: 0px !important;border-left-width: 0px !important;padding-left: 0px !important;}&#8220;][vc_column][vc_tta_tour section_title_tag=&#8220;h2&#8243; shape=&#8220;square&#8220; color=&#8220;white&#8220; spacing=&#8220;&#8220; gap=&#8220;10&#8243; controls_size=&#8220;sm&#8220; active_section=&#8220;1&#8243; no_fill_content_area=&#8220;true&#8220;][vc_tta_section title=&#8220;\u00dcber uns&#8220; tab_id=&#8220;about-us-tabs&#8220;][vc_row_inner][vc_column_inner][vc_column_text] \u00dcber uns [\/vc_column_text][\/vc_column_inner][\/vc_row_inner][vc_row_inner content_placement=&#8220;top&#8220; gap=&#8220;30&#8243;][vc_column_inner width=&#8220;1\/2&#8243;][vc_column_text]Holectron, mit Sitz in Vilnius, Litauen, besitzt eine Fabrik, in der LED-Streifen, Lichtquellen und verschiedene Leuchten f\u00fcr Innen- und Au\u00dfenanwendungen hergestellt werden. Die neueste 2000 m\u00b2 gro\u00dfe Anlage umfasst einen [&hellip;]<\/p>\n","protected":false},"author":4,"featured_media":0,"parent":0,"menu_order":2,"comment_status":"closed","ping_status":"closed","template":"","meta":{"footnotes":""},"related":[],"filter":[],"acf":[],"aioseo_notices":[],"_links":{"self":[{"href":"https:\/\/www.holectron.com\/de\/wp-json\/wp\/v2\/pages\/125112"}],"collection":[{"href":"https:\/\/www.holectron.com\/de\/wp-json\/wp\/v2\/pages"}],"about":[{"href":"https:\/\/www.holectron.com\/de\/wp-json\/wp\/v2\/types\/page"}],"author":[{"embeddable":true,"href":"https:\/\/www.holectron.com\/de\/wp-json\/wp\/v2\/users\/4"}],"replies":[{"embeddable":true,"href":"https:\/\/www.holectron.com\/de\/wp-json\/wp\/v2\/comments?post=125112"}],"version-history":[{"count":0,"href":"https:\/\/www.holectron.com\/de\/wp-json\/wp\/v2\/pages\/125112\/revisions"}],"wp:attachment":[{"href":"https:\/\/www.holectron.com\/de\/wp-json\/wp\/v2\/media?parent=125112"}],"wp:term":[{"taxonomy":"related","embeddable":true,"href":"https:\/\/www.holectron.com\/de\/wp-json\/wp\/v2\/related?post=125112"},{"taxonomy":"filter","embeddable":true,"href":"https:\/\/www.holectron.com\/de\/wp-json\/wp\/v2\/filter?post=125112"}],"curies":[{"name":"wp","href":"https:\/\/api.w.org\/{rel}","templated":true}]}}