{"id":124896,"date":"2025-06-12T18:38:59","date_gmt":"2025-06-12T16:38:59","guid":{"rendered":"https:\/\/www.holectron.com\/neman-blank-ip65\/neman-blank-ip65-oberflaeche\/"},"modified":"2026-03-03T09:04:00","modified_gmt":"2026-03-03T07:04:00","slug":"neman-blank-ip65-oberflaeche","status":"publish","type":"page","link":"https:\/\/www.holectron.com\/de\/produkte\/leuchten-fuer-den-aussenbereich\/aussen-linear\/neman-blank-ip65\/neman-blank-ip65-oberflaeche\/","title":{"rendered":"Neman Blank IP65 Oberfl\u00e4che"},"content":{"rendered":"<div class=\"wpb-content-wrapper\"><p>[vc_row gap=&#8220;30&#8243;][vc_column width=&#8220;1\/2&#8243;][vc_single_image image=&#8220;101726&#8243; img_size=&#8220;full&#8220; css=&#8220;&#8220;][\/vc_column][vc_column width=&#8220;1\/2&#8243;][vc_column_text css=&#8220;&#8220;]<strong>Die Neman IP65-Oberfl\u00e4che<\/strong> kann als Einzelleuchte f\u00fcr verschiedene Au\u00dfenbeleuchtungsanwendungen verwendet werden. Die Abdeckung sorgt f\u00fcr gleichm\u00e4\u00dfiges, kontinuierliches Licht und ein modernes Aussehen der Leuchte. <\/p>\n<p>Die <strong>IP65-Aufbauleuchte von Neman <\/strong>kann auf jede gew\u00fcnschte Lichtleistung und nahezu jede Leuchtenl\u00e4nge angepasst werden, um perfekt zu Ihrem Projekt zu passen. Das Geh\u00e4use kann wei\u00df, grau oder schwarz pulverbeschichtet werden. <\/p>\n<p>Es k\u00f6nnen verschiedene wei\u00dfe, abstimmbare wei\u00dfe, RGB- oder RGB+W-Lichtquellen verwendet werden, um eine Lichtleistung von bis zu 5000 Lm\/m und max. 33 W\/m Leistung der Leuchte. <\/p>\n<p>Neman Leuchte erh\u00e4ltlich mit 3 Step MacAdam LEDs.[\/vc_column_text][vc_raw_html css=&#8220;&#8220;]PHN0eWxlPgouYnV0dG9uLW91dGxpbmUgewogIGRpc3BsYXk6IGlubGluZS1ibG9jazsKICB0ZXh0LWRlY29yYXRpb246IG5vbmU7CiAgZm9udC1zaXplOiAxOHB4OwogIGZvbnQtd2VpZ2h0OiA1MDA7CiAgY29sb3I6ICMzMzk5Y2M7CiAgYm9yZGVyOiAycHggc29saWQgIzMzOTljYzsKICBwYWRkaW5nOiAxMHB4IDI0cHg7CiAgYm9yZGVyLXJhZGl1czogOHB4OwogIGJhY2tncm91bmQtY29sb3I6IHRyYW5zcGFyZW50OwogIGJveC1zaXppbmc6IGJvcmRlci1ib3g7CiAgdHJhbnNpdGlvbjogYWxsIDAuM3MgZWFzZTsKICB0ZXh0LWFsaWduOiBjZW50ZXI7Cn0KLmJ1dHRvbi1vdXRsaW5lOmhvdmVyIHsKICBiYWNrZ3JvdW5kLWNvbG9yOiAjYzhlYWZhOwogIGNvbG9yOiAjMzM5OWNjOwp9Cjwvc3R5bGU+Cgo8YSBjbGFzcz0iYnV0dG9uLW91dGxpbmUiIGhyZWY9Imh0dHBzOi8vd3d3LmhvbGVjdHJvbi5jb20vd3AtY29udGVudC91cGxvYWRzL05lbWFuLWJsYW5rLXN1cmZhY2UtaXA2NS1TcGVjLVNoZWV0LTIwMjUtMTItMDIucGRmIiB0YXJnZXQ9Il9ibGFuayIgcmVsPSJub29wZW5lciI+CiAgU3BlemlmaWthdGlvbnNibGF0dCAiCjwvYT4K[\/vc_raw_html][vc_single_image source=&#8220;external_link&#8220; external_img_size=&#8220;380&#215;33&#8243; css=&#8220;&#8220; custom_src=&#8220;https:\/\/www.holectron.com\/wp-content\/uploads\/features-with-etl-1.svg&#8220; el_id=&#8220;0002&#8243;][\/vc_column][\/vc_row][vc_row full_width=&#8220;stretch_row&#8220; gap=&#8220;30&#8243;][vc_column width=&#8220;1\/2&#8243;][vc_column_text css=&#8220;&#8220;]<\/p>\n<h2>Wichtigste Vorteile<\/h2>\n<p>\u25a0 IP65 f\u00fcr Au\u00dfenbeleuchtung<br \/>\u25a0 F\u00fcr Einzelleuchten<br \/>\u25a0 Schlankes Design 35,5&#215;61,5 mm<br \/>\u25a0 Lichtstrom bis zu 4000 Lm\/m<br \/>\u25a0 Wattleistung bis zu 33 W\/m<br \/>\u25a0 Farbtemperatur: 1800K-6500K<br \/>\u25a0 CRI90+<br \/>\u25a0 3step MacAdam LEDs<br \/>\u25a0 Verschiedene Wei\u00df-, Tunable White-, RGB- oder RGB+W-Modifikationen<br \/>\u25a0 Abstrahlwinkel: Klar, Wabe, Mikroprisma, Opal<br \/>\u25a0 Leuchtengeh\u00e4use in wei\u00dfer, grauer, schwarzer Farbe<br \/>\u25a0 Anpassbare Leuchtenl\u00e4nge<br \/>\u25a0 Eingangsspannung 24V\/48V DC[\/vc_column_text][\/vc_column][vc_column width=&#8220;1\/2&#8243;][vc_single_image image=&#8220;120960&#8243; img_size=&#8220;full&#8220; css=&#8220;&#8220;][\/vc_column][\/vc_row][vc_row full_width=&#8220;stretch_row&#8220; gap=&#8220;30&#8243; content_placement=&#8220;middle&#8220; css=&#8220;.vc_custom_1764764569279{background-color: #f5f5f5 !important;}&#8220;][vc_column width=&#8220;1\/2&#8243;][vc_single_image image=&#8220;120978&#8243; img_size=&#8220;full&#8220; css=&#8220;&#8220;][\/vc_column][vc_column width=&#8220;1\/2&#8243;][vc_column_text css=&#8220;&#8220;]<\/p>\n<h2>Technische Zeichnung<\/h2>\n<p>[\/vc_column_text][\/vc_column][\/vc_row]<\/p>\n<\/div>","protected":false},"excerpt":{"rendered":"<p>[vc_row gap=&#8220;30&#8243;][vc_column width=&#8220;1\/2&#8243;][vc_single_image image=&#8220;101726&#8243; img_size=&#8220;full&#8220; css=&#8220;&#8220;][\/vc_column][vc_column width=&#8220;1\/2&#8243;][vc_column_text css=&#8220;&#8220;]Die Neman IP65-Oberfl\u00e4che kann als Einzelleuchte f\u00fcr verschiedene Au\u00dfenbeleuchtungsanwendungen verwendet werden. Die Abdeckung sorgt f\u00fcr gleichm\u00e4\u00dfiges, kontinuierliches Licht und ein modernes Aussehen der Leuchte. Die IP65-Aufbauleuchte von Neman kann auf jede gew\u00fcnschte Lichtleistung und nahezu jede Leuchtenl\u00e4nge angepasst werden, um perfekt zu Ihrem Projekt zu passen. Das Geh\u00e4use [&hellip;]<\/p>\n","protected":false},"author":15,"featured_media":124900,"parent":124894,"menu_order":0,"comment_status":"closed","ping_status":"closed","template":"tpl-product-led.php","meta":{"footnotes":""},"related":[212],"filter":[391,390,385],"acf":[],"aioseo_notices":[],"_links":{"self":[{"href":"https:\/\/www.holectron.com\/de\/wp-json\/wp\/v2\/pages\/124896"}],"collection":[{"href":"https:\/\/www.holectron.com\/de\/wp-json\/wp\/v2\/pages"}],"about":[{"href":"https:\/\/www.holectron.com\/de\/wp-json\/wp\/v2\/types\/page"}],"author":[{"embeddable":true,"href":"https:\/\/www.holectron.com\/de\/wp-json\/wp\/v2\/users\/15"}],"replies":[{"embeddable":true,"href":"https:\/\/www.holectron.com\/de\/wp-json\/wp\/v2\/comments?post=124896"}],"version-history":[{"count":0,"href":"https:\/\/www.holectron.com\/de\/wp-json\/wp\/v2\/pages\/124896\/revisions"}],"up":[{"embeddable":true,"href":"https:\/\/www.holectron.com\/de\/wp-json\/wp\/v2\/pages\/124894"}],"wp:featuredmedia":[{"embeddable":true,"href":"https:\/\/www.holectron.com\/de\/wp-json\/wp\/v2\/media\/124900"}],"wp:attachment":[{"href":"https:\/\/www.holectron.com\/de\/wp-json\/wp\/v2\/media?parent=124896"}],"wp:term":[{"taxonomy":"related","embeddable":true,"href":"https:\/\/www.holectron.com\/de\/wp-json\/wp\/v2\/related?post=124896"},{"taxonomy":"filter","embeddable":true,"href":"https:\/\/www.holectron.com\/de\/wp-json\/wp\/v2\/filter?post=124896"}],"curies":[{"name":"wp","href":"https:\/\/api.w.org\/{rel}","templated":true}]}}