{"id":124868,"date":"2021-05-17T09:11:38","date_gmt":"2021-05-17T07:11:38","guid":{"rendered":"https:\/\/www.holectron.com\/produkte\/profilleuchten-fuer-den-aussenbereich\/profile-fuer-den-aussenbereich\/ula-m-ip67\/"},"modified":"2026-03-03T09:09:23","modified_gmt":"2026-03-03T07:09:23","slug":"ula-m-ip67","status":"publish","type":"page","link":"https:\/\/www.holectron.com\/de\/produkte\/profilleuchten-fuer-den-aussenbereich\/profile-fuer-den-aussenbereich\/ula-m-ip67\/","title":{"rendered":"Ula M IP67"},"content":{"rendered":"<div class=\"wpb-content-wrapper\"><p>[vc_row gap=&#8220;30&#8243;][vc_column width=&#8220;1\/2&#8243;][vc_single_image image=&#8220;101926&#8243; img_size=&#8220;full&#8220; css=&#8220;&#8220;][\/vc_column][vc_column width=&#8220;1\/2&#8243;][vc_column_text css=&#8220;&#8220;]Ula M IP67 ist eine modulare lineare LED-Leuchte mit opaler Abdeckung, die f\u00fcr langfristige professionelle Beleuchtungsanwendungen im Au\u00dfenbereich entwickelt wurde.<\/p>\n<p>Diese wasserdichten, modularen Ula M IP67 LED-Leuchten sind mit den hochwertigsten NICHIA LEDs ausgestattet. Sie k\u00f6nnen aus einer breiten Palette von Farbwiedergabeindex (CRI) und Farbtemperatur (CCT) w\u00e4hlen. NICHIA LEDs garantieren h\u00f6chste Lichtqualit\u00e4t und eine superhohe Lichtausbeute.  Dieser LED-Streifen ist mit 3 Step MacAdam oder Single Bin LEDs erh\u00e4ltlich. Die opale Abdeckung sorgt f\u00fcr einen kontinuierlichen Lichteffekt ohne dunkle Flecken. <\/p>\n<p>Jedes Modul hat integrierte Anschl\u00fcsse f\u00fcr eine einfache und zuverl\u00e4ssige Verbindung mit anderen Modulen. Die Stecker sind im Inneren der Module versteckt und die Segmente verbinden sich zu einer nahtlosen Linie.[\/vc_column_text][vc_raw_html css=&#8220;&#8220;]PHN0eWxlPgouYnV0dG9uLW91dGxpbmUgewogIGRpc3BsYXk6IGlubGluZS1ibG9jazsKICB0ZXh0LWRlY29yYXRpb246IG5vbmU7CiAgZm9udC1zaXplOiAxOHB4OwogIGZvbnQtd2VpZ2h0OiA1MDA7CiAgY29sb3I6ICMzMzk5Y2M7CiAgYm9yZGVyOiAycHggc29saWQgIzMzOTljYzsKICBwYWRkaW5nOiAxMHB4IDI0cHg7CiAgYm9yZGVyLXJhZGl1czogOHB4OwogIGJhY2tncm91bmQtY29sb3I6IHRyYW5zcGFyZW50OwogIGJveC1zaXppbmc6IGJvcmRlci1ib3g7CiAgdHJhbnNpdGlvbjogYWxsIDAuM3MgZWFzZTsKICB0ZXh0LWFsaWduOiBjZW50ZXI7Cn0KLmJ1dHRvbi1vdXRsaW5lOmhvdmVyIHsKICBiYWNrZ3JvdW5kLWNvbG9yOiAjYzhlYWZhOwogIGNvbG9yOiAjMzM5OWNjOwp9Cjwvc3R5bGU+Cgo8YSBjbGFzcz0iYnV0dG9uLW91dGxpbmUiIGhyZWY9Imh0dHBzOi8vd3d3LmhvbGVjdHJvbi5jb20vd3AtY29udGVudC91cGxvYWRzL1VMQS1tLWlwNjctU3BlY2lmaWNhdGlvbi1TaGVldC0yMDI1LTA4LTA0LnBkZiIgdGFyZ2V0PSJfYmxhbmsiIHJlbD0ibm9vcGVuZXIiPgogIFNwZXppZmlrYXRpb25zYmxhdHQgIgo8L2E+[\/vc_raw_html][vc_single_image source=&#8220;external_link&#8220; external_img_size=&#8220;440&#215;33&#8243; css=&#8220;&#8220; custom_src=&#8220;https:\/\/www.holectron.com\/wp-content\/uploads\/featured-ip67-c-1.svg&#8220; el_id=&#8220;0002&#8243;][\/vc_column][\/vc_row]<\/p>\n<\/div>","protected":false},"excerpt":{"rendered":"<p>[vc_row gap=&#8220;30&#8243;][vc_column width=&#8220;1\/2&#8243;][vc_single_image image=&#8220;101926&#8243; img_size=&#8220;full&#8220; css=&#8220;&#8220;][\/vc_column][vc_column width=&#8220;1\/2&#8243;][vc_column_text css=&#8220;&#8220;]Ula M IP67 ist eine modulare lineare LED-Leuchte mit opaler Abdeckung, die f\u00fcr langfristige professionelle Beleuchtungsanwendungen im Au\u00dfenbereich entwickelt wurde. Diese wasserdichten, modularen Ula M IP67 LED-Leuchten sind mit den hochwertigsten NICHIA LEDs ausgestattet. Sie k\u00f6nnen aus einer breiten Palette von Farbwiedergabeindex (CRI) und Farbtemperatur (CCT) w\u00e4hlen. NICHIA [&hellip;]<\/p>\n","protected":false},"author":15,"featured_media":123953,"parent":124769,"menu_order":5,"comment_status":"closed","ping_status":"closed","template":"tpl-product-led.php","meta":{"footnotes":""},"related":[117],"filter":[342,383,366,361,374,356,369,385,351,355,352,345,359,358],"acf":[],"aioseo_notices":[],"_links":{"self":[{"href":"https:\/\/www.holectron.com\/de\/wp-json\/wp\/v2\/pages\/124868"}],"collection":[{"href":"https:\/\/www.holectron.com\/de\/wp-json\/wp\/v2\/pages"}],"about":[{"href":"https:\/\/www.holectron.com\/de\/wp-json\/wp\/v2\/types\/page"}],"author":[{"embeddable":true,"href":"https:\/\/www.holectron.com\/de\/wp-json\/wp\/v2\/users\/15"}],"replies":[{"embeddable":true,"href":"https:\/\/www.holectron.com\/de\/wp-json\/wp\/v2\/comments?post=124868"}],"version-history":[{"count":0,"href":"https:\/\/www.holectron.com\/de\/wp-json\/wp\/v2\/pages\/124868\/revisions"}],"up":[{"embeddable":true,"href":"https:\/\/www.holectron.com\/de\/wp-json\/wp\/v2\/pages\/124769"}],"wp:featuredmedia":[{"embeddable":true,"href":"https:\/\/www.holectron.com\/de\/wp-json\/wp\/v2\/media\/123953"}],"wp:attachment":[{"href":"https:\/\/www.holectron.com\/de\/wp-json\/wp\/v2\/media?parent=124868"}],"wp:term":[{"taxonomy":"related","embeddable":true,"href":"https:\/\/www.holectron.com\/de\/wp-json\/wp\/v2\/related?post=124868"},{"taxonomy":"filter","embeddable":true,"href":"https:\/\/www.holectron.com\/de\/wp-json\/wp\/v2\/filter?post=124868"}],"curies":[{"name":"wp","href":"https:\/\/api.w.org\/{rel}","templated":true}]}}