{"id":124845,"date":"2025-07-11T15:29:16","date_gmt":"2025-07-11T13:29:16","guid":{"rendered":"https:\/\/www.holectron.com\/produkte\/profilleuchten-fuer-den-aussenbereich\/profile-fuer-den-aussenbereich\/umriss-ip67\/"},"modified":"2026-03-03T09:11:00","modified_gmt":"2026-03-03T07:11:00","slug":"umriss-ip67","status":"publish","type":"page","link":"https:\/\/www.holectron.com\/de\/produkte\/profilleuchten-fuer-den-aussenbereich\/profile-fuer-den-aussenbereich\/umriss-ip67\/","title":{"rendered":"Umriss IP67"},"content":{"rendered":"<div class=\"wpb-content-wrapper\"><p>[vc_row gap=&#8220;35&#8243;][vc_column width=&#8220;1\/2&#8243;][vc_single_image image=&#8220;113723&#8243; img_size=&#8220;680&#215;400&#8243; css=&#8220;&#8220;][\/vc_column][vc_column width=&#8220;1\/2&#8243;][vc_column_text css=&#8220;&#8220;]Outline IP67 ist eine nicht biegsame, wasserdichte, lineare LED-Leuchte mit klarer Verkapselung.<\/p>\n<p>Diese vollst\u00e4ndig wasserdichten NICHIA LED-Leuchten der Schutzklasse IP67 sind f\u00fcr langfristige professionelle Beleuchtungsanwendungen konzipiert und eignen sich perfekt f\u00fcr lineare LED-Dekorations-, Vouten- und Kantenbeleuchtung im Au\u00dfenbereich und viele weitere Beleuchtungsanwendungen.<\/p>\n<p>Zur Herstellung unserer wasserdichten IP67 linearen LED-Leuchten verwenden wir die hochwertigsten Materialien, NICHIA LEDs und ein Stromstabilisierungssystem im Inneren. Das gekapselte Aluminiumgeh\u00e4use zieht weder Staub noch Schmutz an, ist leicht zu reinigen und UV-best\u00e4ndig.<br \/>All diese Eigenschaften garantieren eine besonders lange Lebensdauer und stabile Leistung. <\/p>\n<p>Die Outline IP67 White ist eine robuste, hochwertige Option f\u00fcr die Beleuchtung von architektonischen Details, Fenstern, Wegen und B\u00e4nken.[\/vc_column_text][vc_raw_html css=&#8220;&#8220;]PHN0eWxlPgouYnV0dG9uLW91dGxpbmUgewogIGRpc3BsYXk6IGlubGluZS1ibG9jazsKICB0ZXh0LWRlY29yYXRpb246IG5vbmU7CiAgZm9udC1zaXplOiAxOHB4OwogIGZvbnQtd2VpZ2h0OiA1MDA7CiAgY29sb3I6ICMzMzk5Y2M7CiAgYm9yZGVyOiAycHggc29saWQgIzMzOTljYzsKICBwYWRkaW5nOiAxMHB4IDI0cHg7CiAgYm9yZGVyLXJhZGl1czogOHB4OwogIGJhY2tncm91bmQtY29sb3I6IHRyYW5zcGFyZW50OwogIGJveC1zaXppbmc6IGJvcmRlci1ib3g7CiAgdHJhbnNpdGlvbjogYWxsIDAuM3MgZWFzZTsKICB0ZXh0LWFsaWduOiBjZW50ZXI7Cn0KLmJ1dHRvbi1vdXRsaW5lOmhvdmVyIHsKICBiYWNrZ3JvdW5kLWNvbG9yOiAjYzhlYWZhOwogIGNvbG9yOiAjMzM5OWNjOwp9Cjwvc3R5bGU+Cgo8YSBjbGFzcz0iYnV0dG9uLW91dGxpbmUiIGhyZWY9Imh0dHBzOi8vd3d3LmhvbGVjdHJvbi5jb20vd3AtY29udGVudC91cGxvYWRzL291dGxpbmUtaXA2Ny1TcGVjaWZpY2F0aW9uLVNoZWV0LTIwMjUtMTEtMDEucGRmIiB0YXJnZXQ9Il9ibGFuayIgcmVsPSJub29wZW5lciI+CiAgU3BlemlmaWthdGlvbnNibGF0dCAiCjwvYT4=[\/vc_raw_html][vc_single_image source=&#8220;external_link&#8220; external_img_size=&#8220;440&#215;33&#8243; css=&#8220;&#8220; custom_src=&#8220;https:\/\/www.holectron.com\/wp-content\/uploads\/featured-ip67-c-1.svg&#8220;][\/vc_column][\/vc_row][vc_row full_width=&#8220;stretch_row&#8220; css=&#8220;.vc_custom_1749104714840{background-color: #f5f5f5 !important;}&#8220;][vc_column][vc_empty_space height=&#8220;40px&#8220;][\/vc_column][\/vc_row][vc_row full_width=&#8220;stretch_row&#8220; gap=&#8220;30&#8243; content_placement=&#8220;top&#8220; css=&#8220;.vc_custom_1749104805038{background-color: #f5f5f5 !important;}&#8220;][vc_column width=&#8220;1\/2&#8243;][vc_single_image image=&#8220;107974&#8243; img_size=&#8220;full&#8220; alignment=&#8220;center&#8220; css=&#8220;&#8220;][\/vc_column][vc_column width=&#8220;1\/2&#8243;][vc_column_text css=&#8220;&#8220;]<\/p>\n<h2>Technische Zeichnung<\/h2>\n<p>[\/vc_column_text][\/vc_column][\/vc_row][vc_row full_width=&#8220;stretch_row&#8220; css=&#8220;.vc_custom_1749104714840{background-color: #f5f5f5 !important;}&#8220;][vc_column][vc_empty_space height=&#8220;40px&#8220; el_id=&#8220;0002&#8243;][\/vc_column][\/vc_row]<\/p>\n<\/div>","protected":false},"excerpt":{"rendered":"<p>[vc_row gap=&#8220;35&#8243;][vc_column width=&#8220;1\/2&#8243;][vc_single_image image=&#8220;113723&#8243; img_size=&#8220;680&#215;400&#8243; css=&#8220;&#8220;][\/vc_column][vc_column width=&#8220;1\/2&#8243;][vc_column_text css=&#8220;&#8220;]Outline IP67 ist eine nicht biegsame, wasserdichte, lineare LED-Leuchte mit klarer Verkapselung. Diese vollst\u00e4ndig wasserdichten NICHIA LED-Leuchten der Schutzklasse IP67 sind f\u00fcr langfristige professionelle Beleuchtungsanwendungen konzipiert und eignen sich perfekt f\u00fcr lineare LED-Dekorations-, Vouten- und Kantenbeleuchtung im Au\u00dfenbereich und viele weitere Beleuchtungsanwendungen. Zur Herstellung unserer wasserdichten IP67 linearen [&hellip;]<\/p>\n","protected":false},"author":15,"featured_media":123926,"parent":124769,"menu_order":7,"comment_status":"closed","ping_status":"closed","template":"tpl-product-led.php","meta":{"footnotes":""},"related":[105,85],"filter":[342,383,366,361,346,356,349,384,385,351,355,352,353,345,359,358],"acf":[],"aioseo_notices":[],"_links":{"self":[{"href":"https:\/\/www.holectron.com\/de\/wp-json\/wp\/v2\/pages\/124845"}],"collection":[{"href":"https:\/\/www.holectron.com\/de\/wp-json\/wp\/v2\/pages"}],"about":[{"href":"https:\/\/www.holectron.com\/de\/wp-json\/wp\/v2\/types\/page"}],"author":[{"embeddable":true,"href":"https:\/\/www.holectron.com\/de\/wp-json\/wp\/v2\/users\/15"}],"replies":[{"embeddable":true,"href":"https:\/\/www.holectron.com\/de\/wp-json\/wp\/v2\/comments?post=124845"}],"version-history":[{"count":0,"href":"https:\/\/www.holectron.com\/de\/wp-json\/wp\/v2\/pages\/124845\/revisions"}],"up":[{"embeddable":true,"href":"https:\/\/www.holectron.com\/de\/wp-json\/wp\/v2\/pages\/124769"}],"wp:featuredmedia":[{"embeddable":true,"href":"https:\/\/www.holectron.com\/de\/wp-json\/wp\/v2\/media\/123926"}],"wp:attachment":[{"href":"https:\/\/www.holectron.com\/de\/wp-json\/wp\/v2\/media?parent=124845"}],"wp:term":[{"taxonomy":"related","embeddable":true,"href":"https:\/\/www.holectron.com\/de\/wp-json\/wp\/v2\/related?post=124845"},{"taxonomy":"filter","embeddable":true,"href":"https:\/\/www.holectron.com\/de\/wp-json\/wp\/v2\/filter?post=124845"}],"curies":[{"name":"wp","href":"https:\/\/api.w.org\/{rel}","templated":true}]}}