{"id":124832,"date":"2019-08-06T16:17:49","date_gmt":"2019-08-06T14:17:49","guid":{"rendered":"https:\/\/www.holectron.com\/produkte\/profilleuchten-fuer-den-aussenbereich\/profile-fuer-den-aussenbereich\/mline-ip67\/"},"modified":"2026-03-03T09:13:08","modified_gmt":"2026-03-03T07:13:08","slug":"mline-ip67","status":"publish","type":"page","link":"https:\/\/www.holectron.com\/de\/produkte\/profilleuchten-fuer-den-aussenbereich\/profile-fuer-den-aussenbereich\/mline-ip67\/","title":{"rendered":"mLine IP67"},"content":{"rendered":"<div class=\"wpb-content-wrapper\"><p>[vc_row gap=&#8220;30&#8243;][vc_column width=&#8220;1\/2&#8243;][vc_single_image image=&#8220;113744&#8243; img_size=&#8220;680&#215;400&#8243; css=&#8220;&#8220;][\/vc_column][vc_column width=&#8220;1\/2&#8243;][vc_column_text css=&#8220;&#8220;]<span style=\"font-size: 10.5pt;\">Die mLine IP67 ist eine wasserdichte LED-Leuchte von NICHIA, die eine direkte Beleuchtung ohne sichtbare Punkte bietet, perfekt f\u00fcr Parkpl\u00e4tze oder Architekturbeleuchtung.  <\/span><\/p>\n<p><span style=\"font-size: 10.5pt;\">Die mLine ist vollst\u00e4ndig in ein Aluminiumgeh\u00e4use eingekapselt und somit wasserdicht und UV-best\u00e4ndig. Dadurch sind die hochwertigen japanischen NICHIA LEDs und das interne Stromstabilisierungssystem vollst\u00e4ndig gesch\u00fctzt.   <\/span><\/p>\n<p><span style=\"font-size: 10.5pt;\">Die mLine ist robust und bereit f\u00fcr eine Vielzahl von Anwendungen im Au\u00dfenbereich mit direkter Beleuchtung.<\/span>[\/vc_column_text][vc_raw_html css=&#8220;&#8220;]PHN0eWxlPgouYnV0dG9uLW91dGxpbmUgewogIGRpc3BsYXk6IGlubGluZS1ibG9jazsKICB0ZXh0LWRlY29yYXRpb246IG5vbmU7CiAgZm9udC1zaXplOiAxOHB4OwogIGZvbnQtd2VpZ2h0OiA1MDA7CiAgY29sb3I6ICMzMzk5Y2M7CiAgYm9yZGVyOiAycHggc29saWQgIzMzOTljYzsKICBwYWRkaW5nOiAxMHB4IDI0cHg7CiAgYm9yZGVyLXJhZGl1czogOHB4OwogIGJhY2tncm91bmQtY29sb3I6IHRyYW5zcGFyZW50OwogIGJveC1zaXppbmc6IGJvcmRlci1ib3g7CiAgdHJhbnNpdGlvbjogYWxsIDAuM3MgZWFzZTsKICB0ZXh0LWFsaWduOiBjZW50ZXI7Cn0KLmJ1dHRvbi1vdXRsaW5lOmhvdmVyIHsKICBiYWNrZ3JvdW5kLWNvbG9yOiAjYzhlYWZhOwogIGNvbG9yOiAjMzM5OWNjOwp9Cjwvc3R5bGU+Cgo8YSBjbGFzcz0iYnV0dG9uLW91dGxpbmUiIGhyZWY9Imh0dHBzOi8vd3d3LmhvbGVjdHJvbi5jb20vd3AtY29udGVudC91cGxvYWRzL21MaW5lLUlQNjctU3BlY2lmaWNhdGlvbi1TaGVldC0yMDI1LTExLTAxLnBkZiIgdGFyZ2V0PSJfYmxhbmsiIHJlbD0ibm9vcGVuZXIiPgogIFNwZXppZmlrYXRpb25zYmxhdHQgIgo8L2E+[\/vc_raw_html][vc_single_image source=&#8220;external_link&#8220; external_img_size=&#8220;440&#215;33&#8243; custom_src=&#8220;https:\/\/www.holectron.com\/wp-content\/uploads\/featured-ip67-c-1.svg&#8220;][\/vc_column][\/vc_row][vc_row full_width=&#8220;stretch_row&#8220;][vc_column][vc_empty_space height=&#8220;20&#8243;][\/vc_column][\/vc_row][vc_row gap=&#8220;30&#8243;][vc_column width=&#8220;1\/2&#8243;][vc_column_text css=&#8220;&#8220;]<\/p>\n<h2>Wichtigste Vorteile<\/h2>\n<ul>\n<li>Wasserdichte IP67 LED-Leuchte f\u00fcr lineare Beleuchtungsanwendungen im Freien<\/li>\n<li>Aluminiumgeh\u00e4use mit opaler Verkapselung f\u00fcr punktfreie Beleuchtung<\/li>\n<li>UV-best\u00e4ndig<\/li>\n<li>Hochwertige Komponenten, NICHIA LED-Chips<\/li>\n<li>3-stufige MacAdam-LEDs<\/li>\n<li>Stabilisierter Stromentwurf<\/li>\n<li>Hoher CRI90+<\/li>\n<li>Dimmbar<\/li>\n<li>24V\/48V DC Spannungseingang<\/li>\n<li>Schutz vor Verpolung<\/li>\n<\/ul>\n<p>[\/vc_column_text][\/vc_column][vc_column width=&#8220;1\/2&#8243;][vc_single_image image=&#8220;114837&#8243; img_size=&#8220;680&#215;400&#8243; css=&#8220;&#8220;][\/vc_column][\/vc_row][vc_row full_width=&#8220;stretch_row&#8220; css=&#8220;.vc_custom_1756125628795{background-color: #f5f5f5 !important;}&#8220;][vc_column][vc_empty_space height=&#8220;20&#8243;][\/vc_column][\/vc_row][vc_row full_width=&#8220;stretch_row&#8220; gap=&#8220;30&#8243; content_placement=&#8220;middle&#8220; css=&#8220;.vc_custom_1756129952418{background-color: #f5f5f5 !important;}&#8220;][vc_column width=&#8220;1\/2&#8243;][vc_single_image image=&#8220;114810&#8243; img_size=&#8220;full&#8220; css=&#8220;&#8220;][\/vc_column][vc_column width=&#8220;1\/2&#8243;][vc_column_text css=&#8220;&#8220;]<\/p>\n<h2>Zeichnungen<\/h2>\n<p>[\/vc_column_text][\/vc_column][\/vc_row][vc_row full_width=&#8220;stretch_row&#8220; css=&#8220;.vc_custom_1756125635515{background-color: #f5f5f5 !important;}&#8220;][vc_column][vc_empty_space height=&#8220;20&#8243; el_id=&#8220;0002&#8243;][\/vc_column][\/vc_row]<\/p>\n<\/div>","protected":false},"excerpt":{"rendered":"<p>[vc_row gap=&#8220;30&#8243;][vc_column width=&#8220;1\/2&#8243;][vc_single_image image=&#8220;113744&#8243; img_size=&#8220;680&#215;400&#8243; css=&#8220;&#8220;][\/vc_column][vc_column width=&#8220;1\/2&#8243;][vc_column_text css=&#8220;&#8220;]Die mLine IP67 ist eine wasserdichte LED-Leuchte von NICHIA, die eine direkte Beleuchtung ohne sichtbare Punkte bietet, perfekt f\u00fcr Parkpl\u00e4tze oder Architekturbeleuchtung. Die mLine ist vollst\u00e4ndig in ein Aluminiumgeh\u00e4use eingekapselt und somit wasserdicht und UV-best\u00e4ndig. Dadurch sind die hochwertigen japanischen NICHIA LEDs und das interne Stromstabilisierungssystem vollst\u00e4ndig gesch\u00fctzt. [&hellip;]<\/p>\n","protected":false},"author":15,"featured_media":123929,"parent":124769,"menu_order":10,"comment_status":"closed","ping_status":"closed","template":"tpl-product-led.php","meta":{"footnotes":""},"related":[98,105],"filter":[342,383,366,361,375,374,356,385,351,355,352,353,345,359,358],"acf":[],"aioseo_notices":[],"_links":{"self":[{"href":"https:\/\/www.holectron.com\/de\/wp-json\/wp\/v2\/pages\/124832"}],"collection":[{"href":"https:\/\/www.holectron.com\/de\/wp-json\/wp\/v2\/pages"}],"about":[{"href":"https:\/\/www.holectron.com\/de\/wp-json\/wp\/v2\/types\/page"}],"author":[{"embeddable":true,"href":"https:\/\/www.holectron.com\/de\/wp-json\/wp\/v2\/users\/15"}],"replies":[{"embeddable":true,"href":"https:\/\/www.holectron.com\/de\/wp-json\/wp\/v2\/comments?post=124832"}],"version-history":[{"count":0,"href":"https:\/\/www.holectron.com\/de\/wp-json\/wp\/v2\/pages\/124832\/revisions"}],"up":[{"embeddable":true,"href":"https:\/\/www.holectron.com\/de\/wp-json\/wp\/v2\/pages\/124769"}],"wp:featuredmedia":[{"embeddable":true,"href":"https:\/\/www.holectron.com\/de\/wp-json\/wp\/v2\/media\/123929"}],"wp:attachment":[{"href":"https:\/\/www.holectron.com\/de\/wp-json\/wp\/v2\/media?parent=124832"}],"wp:term":[{"taxonomy":"related","embeddable":true,"href":"https:\/\/www.holectron.com\/de\/wp-json\/wp\/v2\/related?post=124832"},{"taxonomy":"filter","embeddable":true,"href":"https:\/\/www.holectron.com\/de\/wp-json\/wp\/v2\/filter?post=124832"}],"curies":[{"name":"wp","href":"https:\/\/api.w.org\/{rel}","templated":true}]}}