{"id":124809,"date":"2025-05-16T08:49:01","date_gmt":"2025-05-16T06:49:01","guid":{"rendered":"https:\/\/www.holectron.com\/produkte\/profilleuchten-fuer-den-aussenbereich\/profile-fuer-den-aussenbereich\/gravix\/"},"modified":"2026-03-03T09:05:33","modified_gmt":"2026-03-03T07:05:33","slug":"gravix","status":"publish","type":"page","link":"https:\/\/www.holectron.com\/de\/produkte\/profilleuchten-fuer-den-aussenbereich\/profile-fuer-den-aussenbereich\/gravix\/","title":{"rendered":"Gravix"},"content":{"rendered":"<div class=\"wpb-content-wrapper\"><p>[vc_row gap=&#8220;35&#8243;][vc_column width=&#8220;1\/2&#8243;][vc_single_image image=&#8220;114346&#8243; img_size=&#8220;680&#215;400&#8243; onclick=&#8220;img_link_large&#8220; img_link_target=&#8220;_blank&#8220; css=&#8220;&#8220;][\/vc_column][vc_column width=&#8220;1\/2&#8243;][vc_column_text css=&#8220;&#8220;]<\/p>\n<p data-pm-slice=\"1 1 []\">Die Gravix IP67-Leuchte wurde f\u00fcr den Au\u00dfeneinsatz in Umgebungen entwickelt, in denen ein hohes Ma\u00df an Sto\u00df- und Vibrationsfestigkeit erforderlich ist. Sie verf\u00fcgt \u00fcber eine Sto\u00dffestigkeit von IK10 und erf\u00fcllt die Anforderungen des 3G-Vibrationstests.<br \/>\nDie Leuchte ist ideal f\u00fcr Beleuchtungsanwendungen in Transit-, Bahn- und U-Bahnh\u00f6fen geeignet. <\/p>\n<p><strong>\u25a0 Gebaut IK10 stark<\/strong><br \/>\n<strong>\u25a0 Versiegelt nach IP67. Bereit f\u00fcr die h\u00e4rtesten Bedingungen. <\/strong><br \/>\n<strong>\u25a0 Hocheffizient und langlebig.<\/strong>[\/vc_column_text][vc_raw_html css=&#8220;&#8220;]PHN0eWxlPgouYnV0dG9uLW91dGxpbmUgewogIGRpc3BsYXk6IGlubGluZS1ibG9jazsKICB0ZXh0LWRlY29yYXRpb246IG5vbmU7CiAgZm9udC1zaXplOiAxOHB4OwogIGZvbnQtd2VpZ2h0OiA1MDA7CiAgY29sb3I6ICMzMzk5Y2M7CiAgYm9yZGVyOiAycHggc29saWQgIzMzOTljYzsKICBwYWRkaW5nOiAxMHB4IDI0cHg7CiAgYm9yZGVyLXJhZGl1czogOHB4OwogIGJhY2tncm91bmQtY29sb3I6IHRyYW5zcGFyZW50OwogIGJveC1zaXppbmc6IGJvcmRlci1ib3g7CiAgdHJhbnNpdGlvbjogYWxsIDAuM3MgZWFzZTsKICB0ZXh0LWFsaWduOiBjZW50ZXI7Cn0KLmJ1dHRvbi1vdXRsaW5lOmhvdmVyIHsKICBiYWNrZ3JvdW5kLWNvbG9yOiAjYzhlYWZhOwogIGNvbG9yOiAjMzM5OWNjOwp9Cjwvc3R5bGU+Cgo8YSBjbGFzcz0iYnV0dG9uLW91dGxpbmUiIGhyZWY9Imh0dHBzOi8vd3d3LmhvbGVjdHJvbi5jb20vd3AtY29udGVudC91cGxvYWRzL0dyYXZpeC1TcGVjaWZpY2F0aW9uLVNoZWV0LTIwMjUtMTEtMTgucGRmIiB0YXJnZXQ9Il9ibGFuayIgcmVsPSJub29wZW5lciI+CiAgU3BlemlmaWthdGlvbnNibGF0dCAiCjwvYT4=[\/vc_raw_html][vc_single_image source=&#8220;external_link&#8220; external_img_size=&#8220;520&#215;33&#8243; css=&#8220;&#8220; custom_src=&#8220;https:\/\/www.holectron.com\/wp-content\/uploads\/featured-ik10-etl.svg&#8220;][\/vc_column][\/vc_row][vc_row full_width=&#8220;stretch_row&#8220;][vc_column][vc_empty_space height=&#8220;60&#8243;][\/vc_column][\/vc_row][vc_row full_width=&#8220;stretch_row&#8220; css=&#8220;.vc_custom_1745838340651{background-color: #f5f5f5 !important;}&#8220;][vc_column][vc_empty_space height=&#8220;20&#8243;][\/vc_column][\/vc_row][vc_row full_width=&#8220;stretch_row&#8220; gap=&#8220;35&#8243; css=&#8220;.vc_custom_1754049685153{background-color: #f5f5f5 !important;}&#8220;][vc_column width=&#8220;1\/2&#8243;][vc_column_text css=&#8220;&#8220;]<\/p>\n<p data-start=\"69\" data-end=\"251\">Gravix ist in den Konfigurationen Wei\u00df, abstimmbares Wei\u00df (1800-6500 K), RGB und RGBW erh\u00e4ltlich und bietet einen CRI 90+, eine hohe Lichtausbeute und eine pr\u00e4zise 3-stufige MacAdam-Farbkonsistenz.<\/p>\n<p data-start=\"253\" data-end=\"489\">Die Leuchte besteht aus einem robusten Geh\u00e4use mit IP67- und IK10-Schutz und einem schlanken Aluminiumprofil. Sie unterst\u00fctzt den dimmbaren Betrieb mit 24 V oder 48 V, mit einem Lumenaussto\u00df von bis zu 2400 lm und ist auch in einer hocheffizienten Konfiguration erh\u00e4ltlich. <\/p>\n<p>[\/vc_column_text][\/vc_column][vc_column width=&#8220;1\/2&#8243;][vc_single_image image=&#8220;109085&#8243; img_size=&#8220;680&#215;400&#8243; onclick=&#8220;img_link_large&#8220; img_link_target=&#8220;_blank&#8220; css=&#8220;&#8220;][\/vc_column][\/vc_row][vc_row full_width=&#8220;stretch_row&#8220; css=&#8220;.vc_custom_1745838340651{background-color: #f5f5f5 !important;}&#8220;][vc_column][vc_empty_space height=&#8220;20&#8243;][\/vc_column][\/vc_row][vc_row full_width=&#8220;stretch_row&#8220;][vc_column][vc_empty_space height=&#8220;20&#8243;][\/vc_column][\/vc_row][vc_row full_width=&#8220;stretch_row&#8220; gap=&#8220;35&#8243; content_placement=&#8220;middle&#8220; el_id=&#8220;0002&#8243;][vc_column width=&#8220;1\/2&#8243;][vc_single_image image=&#8220;109381&#8243; img_size=&#8220;200&#215;200&#8243; alignment=&#8220;center&#8220; css=&#8220;&#8220;][\/vc_column][vc_column width=&#8220;1\/2&#8243;][vc_column_text css=&#8220;&#8220;]<\/p>\n<h2>Technische Zeichnung<\/h2>\n<p>[\/vc_column_text][\/vc_column][\/vc_row]<\/p>\n<\/div>","protected":false},"excerpt":{"rendered":"<p>[vc_row gap=&#8220;35&#8243;][vc_column width=&#8220;1\/2&#8243;][vc_single_image image=&#8220;114346&#8243; img_size=&#8220;680&#215;400&#8243; onclick=&#8220;img_link_large&#8220; img_link_target=&#8220;_blank&#8220; css=&#8220;&#8220;][\/vc_column][vc_column width=&#8220;1\/2&#8243;][vc_column_text css=&#8220;&#8220;] Die Gravix IP67-Leuchte wurde f\u00fcr den Au\u00dfeneinsatz in Umgebungen entwickelt, in denen ein hohes Ma\u00df an Sto\u00df- und Vibrationsfestigkeit erforderlich ist. Sie verf\u00fcgt \u00fcber eine Sto\u00dffestigkeit von IK10 und erf\u00fcllt die Anforderungen des 3G-Vibrationstests. Die Leuchte ist ideal f\u00fcr Beleuchtungsanwendungen in Transit-, Bahn- und U-Bahnh\u00f6fen [&hellip;]<\/p>\n","protected":false},"author":15,"featured_media":123948,"parent":124769,"menu_order":0,"comment_status":"closed","ping_status":"closed","template":"tpl-product.php","meta":{"footnotes":""},"related":[118],"filter":[371,342,383,366,361,346,363,350,356,348,385,364,351,355,352,353,345,359,358],"acf":[],"aioseo_notices":[],"_links":{"self":[{"href":"https:\/\/www.holectron.com\/de\/wp-json\/wp\/v2\/pages\/124809"}],"collection":[{"href":"https:\/\/www.holectron.com\/de\/wp-json\/wp\/v2\/pages"}],"about":[{"href":"https:\/\/www.holectron.com\/de\/wp-json\/wp\/v2\/types\/page"}],"author":[{"embeddable":true,"href":"https:\/\/www.holectron.com\/de\/wp-json\/wp\/v2\/users\/15"}],"replies":[{"embeddable":true,"href":"https:\/\/www.holectron.com\/de\/wp-json\/wp\/v2\/comments?post=124809"}],"version-history":[{"count":0,"href":"https:\/\/www.holectron.com\/de\/wp-json\/wp\/v2\/pages\/124809\/revisions"}],"up":[{"embeddable":true,"href":"https:\/\/www.holectron.com\/de\/wp-json\/wp\/v2\/pages\/124769"}],"wp:featuredmedia":[{"embeddable":true,"href":"https:\/\/www.holectron.com\/de\/wp-json\/wp\/v2\/media\/123948"}],"wp:attachment":[{"href":"https:\/\/www.holectron.com\/de\/wp-json\/wp\/v2\/media?parent=124809"}],"wp:term":[{"taxonomy":"related","embeddable":true,"href":"https:\/\/www.holectron.com\/de\/wp-json\/wp\/v2\/related?post=124809"},{"taxonomy":"filter","embeddable":true,"href":"https:\/\/www.holectron.com\/de\/wp-json\/wp\/v2\/filter?post=124809"}],"curies":[{"name":"wp","href":"https:\/\/api.w.org\/{rel}","templated":true}]}}