{"id":124802,"date":"2025-09-01T12:09:44","date_gmt":"2025-09-01T10:09:44","guid":{"rendered":"https:\/\/www.holectron.com\/produkte\/profilleuchten-fuer-den-aussenbereich\/profile-fuer-den-aussenbereich\/a058x-halterung\/"},"modified":"2026-03-03T09:06:21","modified_gmt":"2026-03-03T07:06:21","slug":"a058x-halterung","status":"publish","type":"page","link":"https:\/\/www.holectron.com\/de\/produkte\/profilleuchten-fuer-den-aussenbereich\/profile-fuer-den-aussenbereich\/a058x-halterung\/","title":{"rendered":"A058x Halterung"},"content":{"rendered":"<div class=\"wpb-content-wrapper\"><p>[vc_row gap=&#8220;35&#8243;][vc_column width=&#8220;1\/2&#8243;][vc_single_image image=&#8220;122139&#8243; img_size=&#8220;680&#215;400&#8243; onclick=&#8220;img_link_large&#8220; img_link_target=&#8220;_blank&#8220; css=&#8220;&#8220;][\/vc_column][vc_column width=&#8220;1\/2&#8243;][vc_column_text css=&#8220;&#8220;]<\/p>\n<h2>Verstellbare lineare Au\u00dfenleuchte<\/h2>\n<p>Die A058x ist eine lineare Au\u00dfenleuchte, die f\u00fcr architektonische und landschaftliche Beleuchtungsanwendungen entwickelt wurde, bei denen es auf eine pr\u00e4zise Lichtf\u00fchrung und visuelle \u00c4sthetik ankommt.<\/p>\n<p>Die Leuchte hat eine zweiteilige Konstruktion, bestehend aus einem Geh\u00e4use und einem Einsatz, der je nach Montageart des Einsatzes unterschiedliche Lichtgeometrien erm\u00f6glicht. Der Einsatz kann b\u00fcndig mit dem Geh\u00e4use oder in einem Winkel montiert werden, um das Licht auf eine oder beide Seiten zu lenken, je nach den Anforderungen des Projekts. <\/p>\n<p>Dank des Profildesigns kann das Versorgungskabel w\u00e4hrend der Installation im Inneren des Geh\u00e4uses verborgen werden, wodurch ein sauberes und pr\u00e4zises architektonisches Erscheinungsbild gew\u00e4hrleistet wird.<\/p>\n<p>Die A058x ist f\u00fcr den Einsatz im Freien gedacht und f\u00fcgt sich nat\u00fcrlich in architektonische, \u00f6ffentliche und landschaftliche Umgebungen ein.[\/vc_column_text][vc_single_image source=&#8220;external_link&#8220; external_img_size=&#8220;380&#215;33&#8243; css=&#8220;&#8220; custom_src=&#8220;https:\/\/www.holectron.com\/wp-content\/uploads\/features-with-etl-1.svg&#8220;][\/vc_column][\/vc_row][vc_row full_width=&#8220;stretch_row&#8220;][vc_column][vc_empty_space height=&#8220;60&#8243;][\/vc_column][\/vc_row][vc_row full_width=&#8220;stretch_row&#8220;][vc_column][vc_empty_space height=&#8220;20&#8243;][\/vc_column][\/vc_row][vc_row full_width=&#8220;stretch_row&#8220; gap=&#8220;35&#8243;][vc_column width=&#8220;1\/2&#8243;][vc_column_text css=&#8220;&#8220;]<\/p>\n<h2>Anwendungen<\/h2>\n<p>Parks und Landschaftsbeleuchtung (B\u00e4nke, Wege)<\/p>\n<p>\u00d6ffentliche und kommerzielle R\u00e4ume<\/p>\n<p>Flugh\u00e4fen und Verkehrsknotenpunkte<\/p>\n<p>Dekorative Wand- und Deckenbeleuchtungen<\/p>\n<p>&nbsp;<\/p>\n<h2>Licht-Optionen<\/h2>\n<p>Der A058x wurde mit dem Schwerpunkt auf Lichtqualit\u00e4t und Systemzuverl\u00e4ssigkeit entwickelt. Er unterst\u00fctzt eine breite Palette von Beleuchtungsoptionen, einschlie\u00dflich Einzelfarbe, RGB, RGBW und abstimmbares Wei\u00df mit einer korrelierten Farbtemperatur (CCT) von 1800K bis 6500K. Hochwertige LED-Streifen mit 3-stufiger MacAdam-Konsistenz sorgen f\u00fcr ein einheitliches Farberscheinungsbild auf der gesamten Linie, selbst bei langen, durchgehenden Installationen.[\/vc_column_text][\/vc_column][vc_column width=&#8220;1\/2&#8243;][vc_single_image image=&#8220;122148&#8243; img_size=&#8220;680&#215;400&#8243; onclick=&#8220;img_link_large&#8220; img_link_target=&#8220;_blank&#8220; css=&#8220;&#8220;][\/vc_column][\/vc_row][vc_row full_width=&#8220;stretch_row&#8220;][vc_column][vc_empty_space height=&#8220;20&#8243;][\/vc_column][\/vc_row][vc_row full_width=&#8220;stretch_row&#8220; css=&#8220;.vc_custom_1769618466181{background-color: #f5f5f5 !important;}&#8220;][vc_column][vc_empty_space height=&#8220;40&#8243;][\/vc_column][\/vc_row][vc_row full_width=&#8220;stretch_row&#8220; gap=&#8220;35&#8243; content_placement=&#8220;middle&#8220; css=&#8220;.vc_custom_1769618460329{background-color: #f5f5f5 !important;}&#8220;][vc_column width=&#8220;1\/2&#8243;][vc_single_image image=&#8220;120508&#8243; img_size=&#8220;full&#8220; alignment=&#8220;center&#8220; css=&#8220;&#8220;][\/vc_column][vc_column width=&#8220;1\/2&#8243;][vc_column_text css=&#8220;&#8220;]<\/p>\n<h2>Technische Zeichnung<\/h2>\n<p>[\/vc_column_text][\/vc_column][\/vc_row][vc_row full_width=&#8220;stretch_row&#8220; css=&#8220;.vc_custom_1769618475700{background-color: #f5f5f5 !important;}&#8220;][vc_column][vc_empty_space height=&#8220;20&#8243;][\/vc_column][\/vc_row]<\/p>\n<\/div>","protected":false},"excerpt":{"rendered":"<p>[vc_row gap=&#8220;35&#8243;][vc_column width=&#8220;1\/2&#8243;][vc_single_image image=&#8220;122139&#8243; img_size=&#8220;680&#215;400&#8243; onclick=&#8220;img_link_large&#8220; img_link_target=&#8220;_blank&#8220; css=&#8220;&#8220;][\/vc_column][vc_column width=&#8220;1\/2&#8243;][vc_column_text css=&#8220;&#8220;] Verstellbare lineare Au\u00dfenleuchte Die A058x ist eine lineare Au\u00dfenleuchte, die f\u00fcr architektonische und landschaftliche Beleuchtungsanwendungen entwickelt wurde, bei denen es auf eine pr\u00e4zise Lichtf\u00fchrung und visuelle \u00c4sthetik ankommt. Die Leuchte hat eine zweiteilige Konstruktion, bestehend aus einem Geh\u00e4use und einem Einsatz, der je nach Montageart [&hellip;]<\/p>\n","protected":false},"author":15,"featured_media":124808,"parent":124769,"menu_order":1,"comment_status":"closed","ping_status":"closed","template":"tpl-product.php","meta":{"footnotes":""},"related":[212],"filter":[371,342,383,366,361,346,368,350,356,348,369,385,351,355,352,353,345,359,358],"acf":[],"aioseo_notices":[],"_links":{"self":[{"href":"https:\/\/www.holectron.com\/de\/wp-json\/wp\/v2\/pages\/124802"}],"collection":[{"href":"https:\/\/www.holectron.com\/de\/wp-json\/wp\/v2\/pages"}],"about":[{"href":"https:\/\/www.holectron.com\/de\/wp-json\/wp\/v2\/types\/page"}],"author":[{"embeddable":true,"href":"https:\/\/www.holectron.com\/de\/wp-json\/wp\/v2\/users\/15"}],"replies":[{"embeddable":true,"href":"https:\/\/www.holectron.com\/de\/wp-json\/wp\/v2\/comments?post=124802"}],"version-history":[{"count":0,"href":"https:\/\/www.holectron.com\/de\/wp-json\/wp\/v2\/pages\/124802\/revisions"}],"up":[{"embeddable":true,"href":"https:\/\/www.holectron.com\/de\/wp-json\/wp\/v2\/pages\/124769"}],"wp:featuredmedia":[{"embeddable":true,"href":"https:\/\/www.holectron.com\/de\/wp-json\/wp\/v2\/media\/124808"}],"wp:attachment":[{"href":"https:\/\/www.holectron.com\/de\/wp-json\/wp\/v2\/media?parent=124802"}],"wp:term":[{"taxonomy":"related","embeddable":true,"href":"https:\/\/www.holectron.com\/de\/wp-json\/wp\/v2\/related?post=124802"},{"taxonomy":"filter","embeddable":true,"href":"https:\/\/www.holectron.com\/de\/wp-json\/wp\/v2\/filter?post=124802"}],"curies":[{"name":"wp","href":"https:\/\/api.w.org\/{rel}","templated":true}]}}