{"id":124798,"date":"2025-08-06T14:57:37","date_gmt":"2025-08-06T12:57:37","guid":{"rendered":"https:\/\/www.holectron.com\/produkte\/profilleuchten-fuer-den-aussenbereich\/profile-fuer-den-aussenbereich\/a035x-ip67-leuchte\/"},"modified":"2026-03-03T09:07:11","modified_gmt":"2026-03-03T07:07:11","slug":"a035x-ip67-leuchte","status":"publish","type":"page","link":"https:\/\/www.holectron.com\/de\/produkte\/profilleuchten-fuer-den-aussenbereich\/profile-fuer-den-aussenbereich\/a035x-ip67-leuchte\/","title":{"rendered":"A035x IP67 Leuchte"},"content":{"rendered":"<div class=\"wpb-content-wrapper\"><p>[vc_row gap=&#8220;35&#8243;][vc_column width=&#8220;1\/2&#8243;][vc_single_image image=&#8220;114585&#8243; img_size=&#8220;full&#8220; onclick=&#8220;img_link_large&#8220; img_link_target=&#8220;_blank&#8220; css=&#8220;&#8220;][\/vc_column][vc_column width=&#8220;1\/2&#8243;][vc_column_text css=&#8220;&#8220;]Die A035x IP67 ist eine Anbauleuchte f\u00fcr den Au\u00dfenbereich, die mit einer Vielzahl von Linsen und Montagehaltern geliefert wird. Sie wurde f\u00fcr Fassadenbeleuchtung, Wallwashing und Wallgrazing-Anwendungen entwickelt. Er eignet sich \u00fcberall dort, wo eine asymmetrische Lichtverteilung erforderlich ist.  <\/p>\n<p>Nutzen Sie die Vorteile des gr\u00f6\u00dften CCT-Bereichs. Passen Sie den A035x Outdoor mit abstimmbaren wei\u00dfen, RGB- oder RGBW-LED-Streifen an und stellen Sie den Abstrahlwinkel ein, um den gew\u00fcnschten Effekt f\u00fcr die Au\u00dfenbeleuchtung zu erzielen.[\/vc_column_text][vc_raw_html css=&#8220;&#8220;]PHN0eWxlPgouYnV0dG9uLW91dGxpbmUgewogIGRpc3BsYXk6IGlubGluZS1ibG9jazsKICB0ZXh0LWRlY29yYXRpb246IG5vbmU7CiAgZm9udC1zaXplOiAxOHB4OwogIGZvbnQtd2VpZ2h0OiA1MDA7CiAgY29sb3I6ICMzMzk5Y2M7CiAgYm9yZGVyOiAycHggc29saWQgIzMzOTljYzsKICBwYWRkaW5nOiAxMHB4IDI0cHg7CiAgYm9yZGVyLXJhZGl1czogOHB4OwogIGJhY2tncm91bmQtY29sb3I6IHRyYW5zcGFyZW50OwogIGJveC1zaXppbmc6IGJvcmRlci1ib3g7CiAgdHJhbnNpdGlvbjogYWxsIDAuM3MgZWFzZTsKICB0ZXh0LWFsaWduOiBjZW50ZXI7Cn0KLmJ1dHRvbi1vdXRsaW5lOmhvdmVyIHsKICBiYWNrZ3JvdW5kLWNvbG9yOiAjYzhlYWZhOwogIGNvbG9yOiAjMzM5OWNjOwp9Cjwvc3R5bGU+Cgo8YSBjbGFzcz0iYnV0dG9uLW91dGxpbmUiIGhyZWY9Imh0dHBzOi8vd3d3LmhvbGVjdHJvbi5jb20vd3AtY29udGVudC91cGxvYWRzL0EwMzV4LVNwZWNpZmljYXRpb24tU2hlZXQtMjAyNS0xMS0wMS5wZGYiIHRhcmdldD0iX2JsYW5rIiByZWw9Im5vb3BlbmVyIj4KICBTcGV6aWZpa2F0aW9uc2JsYXR0ICIKPC9hPgo=[\/vc_raw_html][vc_single_image source=&#8220;external_link&#8220; external_img_size=&#8220;440&#215;33&#8243; css=&#8220;&#8220; custom_src=&#8220;https:\/\/www.holectron.com\/wp-content\/uploads\/featured-ip67-c-1.svg&#8220;][\/vc_column][\/vc_row][vc_row full_width=&#8220;stretch_row&#8220; css=&#8220;.vc_custom_1746017910473{background-color: #f5f5f5 !important;}&#8220;][vc_column][vc_empty_space height=&#8220;20&#8243;][\/vc_column][\/vc_row][vc_row full_width=&#8220;stretch_row&#8220; gap=&#8220;35&#8243; content_placement=&#8220;middle&#8220; css=&#8220;.vc_custom_1756271782837{background-color: #f5f5f5 !important;}&#8220;][vc_column width=&#8220;1\/2&#8243;][vc_single_image image=&#8220;114749&#8243; img_size=&#8220;full&#8220; alignment=&#8220;center&#8220; onclick=&#8220;img_link_large&#8220; img_link_target=&#8220;_blank&#8220; css=&#8220;&#8220;][\/vc_column][vc_column width=&#8220;1\/2&#8243;][vc_column_text css=&#8220;&#8220;]<\/p>\n<h2>Technische Zeichnung<\/h2>\n<p>[\/vc_column_text][\/vc_column][\/vc_row][vc_row full_width=&#8220;stretch_row&#8220; css=&#8220;.vc_custom_1746017910473{background-color: #f5f5f5 !important;}&#8220;][vc_column][vc_empty_space height=&#8220;20&#8243; el_id=&#8220;0002&#8243;][\/vc_column][\/vc_row]<\/p>\n<\/div>","protected":false},"excerpt":{"rendered":"<p>[vc_row gap=&#8220;35&#8243;][vc_column width=&#8220;1\/2&#8243;][vc_single_image image=&#8220;114585&#8243; img_size=&#8220;full&#8220; onclick=&#8220;img_link_large&#8220; img_link_target=&#8220;_blank&#8220; css=&#8220;&#8220;][\/vc_column][vc_column width=&#8220;1\/2&#8243;][vc_column_text css=&#8220;&#8220;]Die A035x IP67 ist eine Anbauleuchte f\u00fcr den Au\u00dfenbereich, die mit einer Vielzahl von Linsen und Montagehaltern geliefert wird. Sie wurde f\u00fcr Fassadenbeleuchtung, Wallwashing und Wallgrazing-Anwendungen entwickelt. Er eignet sich \u00fcberall dort, wo eine asymmetrische Lichtverteilung erforderlich ist. Nutzen Sie die Vorteile des gr\u00f6\u00dften CCT-Bereichs. Passen [&hellip;]<\/p>\n","protected":false},"author":15,"featured_media":123944,"parent":124769,"menu_order":2,"comment_status":"closed","ping_status":"closed","template":"tpl-product.php","meta":{"footnotes":""},"related":[118],"filter":[342,383,366,361,388,346,375,368,350,356,348,384,376,389,390,385,351,355,352,353,345,359,358],"acf":[],"aioseo_notices":[],"_links":{"self":[{"href":"https:\/\/www.holectron.com\/de\/wp-json\/wp\/v2\/pages\/124798"}],"collection":[{"href":"https:\/\/www.holectron.com\/de\/wp-json\/wp\/v2\/pages"}],"about":[{"href":"https:\/\/www.holectron.com\/de\/wp-json\/wp\/v2\/types\/page"}],"author":[{"embeddable":true,"href":"https:\/\/www.holectron.com\/de\/wp-json\/wp\/v2\/users\/15"}],"replies":[{"embeddable":true,"href":"https:\/\/www.holectron.com\/de\/wp-json\/wp\/v2\/comments?post=124798"}],"version-history":[{"count":0,"href":"https:\/\/www.holectron.com\/de\/wp-json\/wp\/v2\/pages\/124798\/revisions"}],"up":[{"embeddable":true,"href":"https:\/\/www.holectron.com\/de\/wp-json\/wp\/v2\/pages\/124769"}],"wp:featuredmedia":[{"embeddable":true,"href":"https:\/\/www.holectron.com\/de\/wp-json\/wp\/v2\/media\/123944"}],"wp:attachment":[{"href":"https:\/\/www.holectron.com\/de\/wp-json\/wp\/v2\/media?parent=124798"}],"wp:term":[{"taxonomy":"related","embeddable":true,"href":"https:\/\/www.holectron.com\/de\/wp-json\/wp\/v2\/related?post=124798"},{"taxonomy":"filter","embeddable":true,"href":"https:\/\/www.holectron.com\/de\/wp-json\/wp\/v2\/filter?post=124798"}],"curies":[{"name":"wp","href":"https:\/\/api.w.org\/{rel}","templated":true}]}}