{"id":124787,"date":"2025-07-30T13:45:34","date_gmt":"2025-07-30T11:45:34","guid":{"rendered":"https:\/\/www.holectron.com\/profile-fuer-den-aussenbereich\/a027x-bodeneinbauleuchte\/"},"modified":"2026-03-03T09:07:54","modified_gmt":"2026-03-03T07:07:54","slug":"a027x-bodeneinbauleuchte","status":"publish","type":"page","link":"https:\/\/www.holectron.com\/de\/produkte\/profilleuchten-fuer-den-aussenbereich\/profile-fuer-den-aussenbereich\/a027x-bodeneinbauleuchte\/","title":{"rendered":"A027x Bodeneinbauleuchte"},"content":{"rendered":"<div class=\"wpb-content-wrapper\"><p>[vc_row gap=&#8220;35&#8243;][vc_column width=&#8220;1\/2&#8243;][vc_single_image image=&#8220;113182&#8243; img_size=&#8220;680&#215;400&#8243; onclick=&#8220;img_link_large&#8220; img_link_target=&#8220;_blank&#8220; css=&#8220;&#8220;][\/vc_column][vc_column width=&#8220;1\/2&#8243;][vc_column_text css=&#8220;&#8220;]Der Inground A027x wurde f\u00fcr anspruchsvolle Au\u00dfenumgebungen entwickelt und ist eine robuste Walkover- und Driveover-Leuchte mit einer IK10-Schutzklasse. Sie ist mit allen Holectron LED-Streifen kompatibel und liefert bis zu 19 W nahtlose, punktfreie Beleuchtung. Sie ist ideal f\u00fcr architektonische Akzente, Wege und Landschaftsbeleuchtung und verbindet Langlebigkeit mit raffinierter \u00c4sthetik.  <\/p>\n<p><strong>\u25a0 IK10<\/strong><\/p>\n<p><strong>\u25a0 IP67. UV-, salz- und l\u00f6sungsmittelbest\u00e4ndig <\/strong>[\/vc_column_text][vc_raw_html css=&#8220;&#8220;]PHN0eWxlPgouYnV0dG9uLW91dGxpbmUgewogIGRpc3BsYXk6IGlubGluZS1ibG9jazsKICB0ZXh0LWRlY29yYXRpb246IG5vbmU7CiAgZm9udC1zaXplOiAxOHB4OwogIGZvbnQtd2VpZ2h0OiA1MDA7CiAgY29sb3I6ICMzMzk5Y2M7CiAgYm9yZGVyOiAycHggc29saWQgIzMzOTljYzsKICBwYWRkaW5nOiAxMHB4IDI0cHg7CiAgYm9yZGVyLXJhZGl1czogOHB4OwogIGJhY2tncm91bmQtY29sb3I6IHRyYW5zcGFyZW50OwogIGJveC1zaXppbmc6IGJvcmRlci1ib3g7CiAgdHJhbnNpdGlvbjogYWxsIDAuM3MgZWFzZTsKICB0ZXh0LWFsaWduOiBjZW50ZXI7Cn0KLmJ1dHRvbi1vdXRsaW5lOmhvdmVyIHsKICBiYWNrZ3JvdW5kLWNvbG9yOiAjYzhlYWZhOwogIGNvbG9yOiAjMzM5OWNjOwp9Cjwvc3R5bGU+Cgo8YSBjbGFzcz0iYnV0dG9uLW91dGxpbmUiIGhyZWY9Imh0dHBzOi8vd3d3LmhvbGVjdHJvbi5jb20vd3AtY29udGVudC91cGxvYWRzL0EwMjd4LVNwZWNpZmljYXRpb24tU2hlZXQtMjAyNS0wOS0xMS5wZGYiIHRhcmdldD0iX2JsYW5rIiByZWw9Im5vb3BlbmVyIj4KICBTcGV6aWZpa2F0aW9uc2JsYXR0ICIKPC9hPgo=[\/vc_raw_html][vc_single_image source=&#8220;external_link&#8220; external_img_size=&#8220;520&#215;33&#8243; css=&#8220;&#8220; custom_src=&#8220;https:\/\/www.holectron.com\/wp-content\/uploads\/featured-ik10-etl.svg&#8220;][\/vc_column][\/vc_row][vc_row full_width=&#8220;stretch_row&#8220;][vc_column][vc_empty_space height=&#8220;60&#8243;][\/vc_column][\/vc_row][vc_row full_width=&#8220;stretch_row&#8220; css=&#8220;.vc_custom_1745838340651{background-color: #f5f5f5 !important;}&#8220;][vc_column][vc_empty_space height=&#8220;20&#8243;][\/vc_column][\/vc_row][vc_row full_width=&#8220;stretch_row&#8220; gap=&#8220;35&#8243; css=&#8220;.vc_custom_1755837801223{background-color: #f5f5f5 !important;}&#8220;][vc_column width=&#8220;1\/2&#8243;][vc_column_text css=&#8220;&#8220;]Inground A027x bietet wei\u00dfe, abstimmbare wei\u00dfe (1800-6500K), RGB- und RGBW-Optionen mit CRI 90+, hoher Effizienz und pr\u00e4ziser 3-stufiger MacAdam-Farbkonsistenz.<\/p>\n<p><strong>\u25a0 Spannungseingang: 24V \/48V<\/strong><\/p>\n<p><strong>\u25a0 Steuerung: DALI, Casambi, 1- 10V, Phasenanschnitt<\/strong>[\/vc_column_text][\/vc_column][vc_column width=&#8220;1\/2&#8243;][vc_single_image image=&#8220;113180&#8243; img_size=&#8220;680&#215;400&#8243; onclick=&#8220;img_link_large&#8220; img_link_target=&#8220;_blank&#8220; css=&#8220;&#8220;][\/vc_column][\/vc_row][vc_row full_width=&#8220;stretch_row&#8220; css=&#8220;.vc_custom_1745838340651{background-color: #f5f5f5 !important;}&#8220;][vc_column][vc_empty_space height=&#8220;20&#8243;][\/vc_column][\/vc_row][vc_row full_width=&#8220;stretch_row&#8220;][vc_column][vc_empty_space height=&#8220;20&#8243;][\/vc_column][\/vc_row][vc_row full_width=&#8220;stretch_row&#8220; gap=&#8220;35&#8243; content_placement=&#8220;middle&#8220;][vc_column width=&#8220;1\/2&#8243;][vc_single_image image=&#8220;115026&#8243; img_size=&#8220;full&#8220; alignment=&#8220;center&#8220; css=&#8220;&#8220;][\/vc_column][vc_column width=&#8220;1\/2&#8243;][vc_column_text css=&#8220;&#8220;]<\/p>\n<h2>Technische Zeichnung<\/h2>\n<p>[\/vc_column_text][\/vc_column][\/vc_row][vc_row][vc_column][vc_empty_space height=&#8220;40&#8243; el_id=&#8220;0002&#8243;][\/vc_column][\/vc_row]<\/p>\n<\/div>","protected":false},"excerpt":{"rendered":"<p>[vc_row gap=&#8220;35&#8243;][vc_column width=&#8220;1\/2&#8243;][vc_single_image image=&#8220;113182&#8243; img_size=&#8220;680&#215;400&#8243; onclick=&#8220;img_link_large&#8220; img_link_target=&#8220;_blank&#8220; css=&#8220;&#8220;][\/vc_column][vc_column width=&#8220;1\/2&#8243;][vc_column_text css=&#8220;&#8220;]Der Inground A027x wurde f\u00fcr anspruchsvolle Au\u00dfenumgebungen entwickelt und ist eine robuste Walkover- und Driveover-Leuchte mit einer IK10-Schutzklasse. Sie ist mit allen Holectron LED-Streifen kompatibel und liefert bis zu 19 W nahtlose, punktfreie Beleuchtung. Sie ist ideal f\u00fcr architektonische Akzente, Wege und Landschaftsbeleuchtung und verbindet Langlebigkeit [&hellip;]<\/p>\n","protected":false},"author":15,"featured_media":123941,"parent":124769,"menu_order":3,"comment_status":"closed","ping_status":"closed","template":"tpl-product.php","meta":{"footnotes":""},"related":[230],"filter":[357,371,342,383,366,387,368,356,369,385,355,345,359,358],"acf":[],"aioseo_notices":[],"_links":{"self":[{"href":"https:\/\/www.holectron.com\/de\/wp-json\/wp\/v2\/pages\/124787"}],"collection":[{"href":"https:\/\/www.holectron.com\/de\/wp-json\/wp\/v2\/pages"}],"about":[{"href":"https:\/\/www.holectron.com\/de\/wp-json\/wp\/v2\/types\/page"}],"author":[{"embeddable":true,"href":"https:\/\/www.holectron.com\/de\/wp-json\/wp\/v2\/users\/15"}],"replies":[{"embeddable":true,"href":"https:\/\/www.holectron.com\/de\/wp-json\/wp\/v2\/comments?post=124787"}],"version-history":[{"count":0,"href":"https:\/\/www.holectron.com\/de\/wp-json\/wp\/v2\/pages\/124787\/revisions"}],"up":[{"embeddable":true,"href":"https:\/\/www.holectron.com\/de\/wp-json\/wp\/v2\/pages\/124769"}],"wp:featuredmedia":[{"embeddable":true,"href":"https:\/\/www.holectron.com\/de\/wp-json\/wp\/v2\/media\/123941"}],"wp:attachment":[{"href":"https:\/\/www.holectron.com\/de\/wp-json\/wp\/v2\/media?parent=124787"}],"wp:term":[{"taxonomy":"related","embeddable":true,"href":"https:\/\/www.holectron.com\/de\/wp-json\/wp\/v2\/related?post=124787"},{"taxonomy":"filter","embeddable":true,"href":"https:\/\/www.holectron.com\/de\/wp-json\/wp\/v2\/filter?post=124787"}],"curies":[{"name":"wp","href":"https:\/\/api.w.org\/{rel}","templated":true}]}}