{"id":124770,"date":"2025-07-09T13:43:24","date_gmt":"2025-07-09T11:43:24","guid":{"rendered":"https:\/\/www.holectron.com\/xline-ip67\/"},"modified":"2026-03-03T09:12:25","modified_gmt":"2026-03-03T07:12:25","slug":"xline-ip67","status":"publish","type":"page","link":"https:\/\/www.holectron.com\/de\/produkte\/profilleuchten-fuer-den-aussenbereich\/profile-fuer-den-aussenbereich\/xline-ip67\/","title":{"rendered":"xLine IP67"},"content":{"rendered":"<div class=\"wpb-content-wrapper\"><p>[vc_row gap=&#8220;30&#8243;][vc_column width=&#8220;1\/2&#8243;][vc_single_image image=&#8220;113755&#8243; img_size=&#8220;680&#215;400&#8243; css=&#8220;&#8220;][\/vc_column][vc_column width=&#8220;1\/2&#8243;][vc_column_text css=&#8220;&#8220;]xLine IP67 ist eine nicht-flexible, wasserdichte, lineare LED-Leuchte mit opaler Verkapselung.<\/p>\n<p>Diese wasserdichten NICHIA LED-Leuchten (IP67) wurden f\u00fcr langfristige professionelle Beleuchtungsanwendungen entwickelt und eignen sich perfekt f\u00fcr lineare LED-Dekoration im Au\u00dfenbereich, Randbeleuchtung, Voutenbeleuchtung, Kantenbeleuchtung und viele weitere Anwendungen.<\/p>\n<p>F\u00fcr diese wasserdichten IP67 linearen LED-Leuchten verwenden wir die hochwertigsten Materialien, NICHIA LEDs aus Japan, Stromstabilisierungssystem im Inneren. Das gekapselte Aluminiumgeh\u00e4use zieht weder Staub noch Schmutz an, ist leicht zu reinigen und vollst\u00e4ndig UV-best\u00e4ndig.<br \/>\nAll diese Eigenschaften garantieren eine besonders lange Lebensdauer und stabile Leistung. <\/p>\n<p>Leistungsstark, vielseitig, robust &#8211; die xLine bietet Lichtdesignern eine zuverl\u00e4ssige, langfristige Beleuchtungsl\u00f6sung.[\/vc_column_text][vc_raw_html css=&#8220;&#8220;]PHN0eWxlPgouYnV0dG9uLW91dGxpbmUgewogIGRpc3BsYXk6IGlubGluZS1ibG9jazsKICB0ZXh0LWRlY29yYXRpb246IG5vbmU7CiAgZm9udC1zaXplOiAxOHB4OwogIGZvbnQtd2VpZ2h0OiA1MDA7CiAgY29sb3I6ICMzMzk5Y2M7CiAgYm9yZGVyOiAycHggc29saWQgIzMzOTljYzsKICBwYWRkaW5nOiAxMHB4IDI0cHg7CiAgYm9yZGVyLXJhZGl1czogOHB4OwogIGJhY2tncm91bmQtY29sb3I6IHRyYW5zcGFyZW50OwogIGJveC1zaXppbmc6IGJvcmRlci1ib3g7CiAgdHJhbnNpdGlvbjogYWxsIDAuM3MgZWFzZTsKICB0ZXh0LWFsaWduOiBjZW50ZXI7Cn0KLmJ1dHRvbi1vdXRsaW5lOmhvdmVyIHsKICBiYWNrZ3JvdW5kLWNvbG9yOiAjYzhlYWZhOwogIGNvbG9yOiAjMzM5OWNjOwp9Cjwvc3R5bGU+Cgo8YSBjbGFzcz0iYnV0dG9uLW91dGxpbmUiIGhyZWY9Imh0dHBzOi8vd3d3LmhvbGVjdHJvbi5jb20vd3AtY29udGVudC91cGxvYWRzL3hsaW5lLWlwNjctU3BlY2lmaWNhdGlvbi1TaGVldC0yMDI1LTA4LTI4LnBkZiIgdGFyZ2V0PSJfYmxhbmsiIHJlbD0ibm9vcGVuZXIiPgogIFNwZXppZmlrYXRpb25zYmxhdHQgIgo8L2E+[\/vc_raw_html][vc_single_image source=&#8220;external_link&#8220; external_img_size=&#8220;440&#215;33&#8243; custom_src=&#8220;https:\/\/www.holectron.com\/wp-content\/uploads\/featured-ip67-c-1.svg&#8220;][\/vc_column][\/vc_row][vc_row full_width=&#8220;stretch_row&#8220;][vc_column][vc_empty_space height=&#8220;20&#8243;][\/vc_column][\/vc_row][vc_row gap=&#8220;30&#8243;][vc_column width=&#8220;1\/2&#8243;][vc_column_text css=&#8220;&#8220;]<\/p>\n<h2>Wichtigste Vorteile<\/h2>\n<ul>\n<li>Wasserdichte IP67 LED-Leuchte f\u00fcr lineare Beleuchtungsanwendungen im Freien<\/li>\n<li>Aluminiumgeh\u00e4use mit opaler Verkapselung f\u00fcr punktfreie Beleuchtung<\/li>\n<li>UV-best\u00e4ndig<\/li>\n<li>Hochwertige Komponenten, NICHIA LED-Chips<\/li>\n<li>3-stufige MacAdam-LEDs<\/li>\n<li>Stabilisierter Stromentwurf<\/li>\n<li>Hoher CRI90+<\/li>\n<li>Dimmbar<\/li>\n<li>24V\/48V DC Spannungseingang<\/li>\n<li>Schutz vor Verpolung<\/li>\n<\/ul>\n<p>[\/vc_column_text][\/vc_column][vc_column width=&#8220;1\/2&#8243;][vc_single_image image=&#8220;114842&#8243; img_size=&#8220;680&#215;400&#8243; css=&#8220;&#8220;][\/vc_column][\/vc_row][vc_row full_width=&#8220;stretch_row&#8220; css=&#8220;.vc_custom_1756185286894{background-color: #f5f5f5 !important;}&#8220;][vc_column][vc_empty_space height=&#8220;20&#8243;][\/vc_column][\/vc_row][vc_row full_width=&#8220;stretch_row&#8220; css=&#8220;.vc_custom_1756185286894{background-color: #f5f5f5 !important;}&#8220;][vc_column][vc_empty_space height=&#8220;20&#8243;][\/vc_column][\/vc_row][vc_row full_width=&#8220;stretch_row&#8220; gap=&#8220;30&#8243; content_placement=&#8220;middle&#8220; css=&#8220;.vc_custom_1756185356171{background-color: #f5f5f5 !important;}&#8220;][vc_column width=&#8220;1\/2&#8243;][vc_single_image image=&#8220;114815&#8243; img_size=&#8220;full&#8220; css=&#8220;&#8220;][\/vc_column][vc_column width=&#8220;1\/2&#8243;][vc_column_text css=&#8220;&#8220; el_id=&#8220;0002&#8243;]<\/p>\n<h2>Zeichnungen<\/h2>\n<p>[\/vc_column_text][\/vc_column][\/vc_row]<\/p>\n<\/div>","protected":false},"excerpt":{"rendered":"<p>[vc_row gap=&#8220;30&#8243;][vc_column width=&#8220;1\/2&#8243;][vc_single_image image=&#8220;113755&#8243; img_size=&#8220;680&#215;400&#8243; css=&#8220;&#8220;][\/vc_column][vc_column width=&#8220;1\/2&#8243;][vc_column_text css=&#8220;&#8220;]xLine IP67 ist eine nicht-flexible, wasserdichte, lineare LED-Leuchte mit opaler Verkapselung. Diese wasserdichten NICHIA LED-Leuchten (IP67) wurden f\u00fcr langfristige professionelle Beleuchtungsanwendungen entwickelt und eignen sich perfekt f\u00fcr lineare LED-Dekoration im Au\u00dfenbereich, Randbeleuchtung, Voutenbeleuchtung, Kantenbeleuchtung und viele weitere Anwendungen. F\u00fcr diese wasserdichten IP67 linearen LED-Leuchten verwenden wir die hochwertigsten [&hellip;]<\/p>\n","protected":false},"author":15,"featured_media":123937,"parent":124769,"menu_order":9,"comment_status":"closed","ping_status":"closed","template":"tpl-product-led.php","meta":{"footnotes":""},"related":[98,105],"filter":[342,383,366,361,368,356,369,385,351,355,352,353,345,359,358],"acf":[],"aioseo_notices":[],"_links":{"self":[{"href":"https:\/\/www.holectron.com\/de\/wp-json\/wp\/v2\/pages\/124770"}],"collection":[{"href":"https:\/\/www.holectron.com\/de\/wp-json\/wp\/v2\/pages"}],"about":[{"href":"https:\/\/www.holectron.com\/de\/wp-json\/wp\/v2\/types\/page"}],"author":[{"embeddable":true,"href":"https:\/\/www.holectron.com\/de\/wp-json\/wp\/v2\/users\/15"}],"replies":[{"embeddable":true,"href":"https:\/\/www.holectron.com\/de\/wp-json\/wp\/v2\/comments?post=124770"}],"version-history":[{"count":0,"href":"https:\/\/www.holectron.com\/de\/wp-json\/wp\/v2\/pages\/124770\/revisions"}],"up":[{"embeddable":true,"href":"https:\/\/www.holectron.com\/de\/wp-json\/wp\/v2\/pages\/124769"}],"wp:featuredmedia":[{"embeddable":true,"href":"https:\/\/www.holectron.com\/de\/wp-json\/wp\/v2\/media\/123937"}],"wp:attachment":[{"href":"https:\/\/www.holectron.com\/de\/wp-json\/wp\/v2\/media?parent=124770"}],"wp:term":[{"taxonomy":"related","embeddable":true,"href":"https:\/\/www.holectron.com\/de\/wp-json\/wp\/v2\/related?post=124770"},{"taxonomy":"filter","embeddable":true,"href":"https:\/\/www.holectron.com\/de\/wp-json\/wp\/v2\/filter?post=124770"}],"curies":[{"name":"wp","href":"https:\/\/api.w.org\/{rel}","templated":true}]}}