{"id":124736,"date":"2022-07-05T11:55:36","date_gmt":"2022-07-05T09:55:36","guid":{"rendered":"https:\/\/www.holectron.com\/produkte\/flexibel-im-freien\/flexible-led-streifen-fuer-den-aussenbereich\/atlantis-top-g2-weiss-tw-rgb\/atlantis-top-g2-tunable-white-flexible-nichia-led-linien-fuer-den-aussenbereich\/"},"modified":"2026-03-03T08:58:05","modified_gmt":"2026-03-03T06:58:05","slug":"atlantis-top-g2-tunable-white-flexible-nichia-led-linien-fuer-den-aussenbereich","status":"publish","type":"page","link":"https:\/\/www.holectron.com\/de\/produkte\/flexibel-im-freien\/flexible-led-streifen-fuer-den-aussenbereich\/atlantis-top-g2-weiss-tw-rgb\/atlantis-top-g2-tunable-white-flexible-nichia-led-linien-fuer-den-aussenbereich\/","title":{"rendered":"Atlantis Top G2 Tunable White &#8211; Flexible NICHIA LED-Linien f\u00fcr den Au\u00dfenbereich"},"content":{"rendered":"<div class=\"wpb-content-wrapper\"><p>[vc_row gap=&#8220;30&#8243;][vc_column width=&#8220;1\/2&#8243;][vc_video link=&#8220;https:\/\/youtu.be\/I2LMPtsr860&#8243; css=&#8220;&#8220;][\/vc_column][vc_column width=&#8220;1\/2&#8243;][vc_column_text]Die Atlantis Top G2 Tunable White ist eine flexible, vielseitige und robuste LED-Linie, die sich f\u00fcr die Beleuchtung unebener Fl\u00e4chen im Au\u00dfenbereich wie Vouten, S\u00e4ulen und abgerundete Kanten eignet.<\/p>\n<p>Diese LED-Linie wurde speziell f\u00fcr professionelle dekorative Au\u00dfenbeleuchtungsanwendungen entwickelt. Sie hat die Schutzart IP67 und ist vollst\u00e4ndig gegen feste Partikel und Wasser gesch\u00fctzt. Die Atlantis Top G2 Tunable White ist salz- und l\u00f6sungsmittelbest\u00e4ndig und vollst\u00e4ndig UV-resistent.  <\/p>\n<p>Diese flexible und robuste LED-Linie ist bei Beleuchtungsdesignern f\u00fcr dekorative und direkte Beleuchtung sowohl im Au\u00dfen- als auch im Innenbereich beliebt.[\/vc_column_text][vc_single_image source=&#8220;external_link&#8220; external_img_size=&#8220;380&#215;33&#8243; custom_src=&#8220;https:\/\/www.holectron.com\/wp-content\/uploads\/featured-ip67-c-1.svg&#8220;][\/vc_column][\/vc_row][vc_row][vc_column][vc_empty_space height=&#8220;60&#8243;][vc_column_text]<\/p>\n<h2 style=\"text-align: center;\">Atlantis G2 Innovationen<\/h2>\n<p>[\/vc_column_text][vc_empty_space height=&#8220;40&#8243;][\/vc_column][\/vc_row][vc_row gap=&#8220;30&#8243; content_placement=&#8220;middle&#8220;][vc_column offset=&#8220;vc_hidden-lg vc_hidden-md vc_hidden-sm&#8220;][vc_single_image image=&#8220;73515&#8243; img_size=&#8220;680&#215;400&#8243;][\/vc_column][\/vc_row][vc_row gap=&#8220;30&#8243; content_placement=&#8220;middle&#8220;][vc_column width=&#8220;1\/2&#8243;][vc_column_text]<\/p>\n<h2>Diskret:<\/h2>\n<p>Mit 14 x 16 mm ist die zweite Generation des Atlantis schlanker als zuvor, beh\u00e4lt aber alle Vorteile des urspr\u00fcnglichen Atlantis bei.[\/vc_column_text][\/vc_column][vc_column width=&#8220;1\/2&#8243; offset=&#8220;vc_hidden-xs&#8220;][vc_single_image image=&#8220;73515&#8243; img_size=&#8220;680&#215;400&#8243;][\/vc_column][\/vc_row][vc_row][vc_column][vc_empty_space height=&#8220;40px&#8220;][\/vc_column][\/vc_row][vc_row gap=&#8220;30&#8243; content_placement=&#8220;middle&#8220;][vc_column width=&#8220;1\/2&#8243;][vc_single_image image=&#8220;71200&#8243; img_size=&#8220;680&#215;400&#8243;][\/vc_column][vc_column width=&#8220;1\/2&#8243;][vc_column_text]<\/p>\n<h2>Groovy:<\/h2>\n<p>Das neu gestaltete Au\u00dfenprofil verf\u00fcgt \u00fcber zus\u00e4tzliche seitliche Rillen f\u00fcr eine einfachere Installation und besseren Halt.[\/vc_column_text][\/vc_column][\/vc_row][vc_row][vc_column][vc_empty_space height=&#8220;40px&#8220;][\/vc_column][\/vc_row][vc_row gap=&#8220;30&#8243; content_placement=&#8220;middle&#8220;][vc_column offset=&#8220;vc_hidden-lg vc_hidden-md vc_hidden-sm&#8220;][vc_single_image image=&#8220;71202&#8243; img_size=&#8220;680&#215;400&#8243;][\/vc_column][\/vc_row][vc_row gap=&#8220;30&#8243; content_placement=&#8220;middle&#8220;][vc_column width=&#8220;1\/2&#8243;][vc_column_text]<\/p>\n<h2>Unendlich:<\/h2>\n<p>Die neue Form der Endkappe macht es noch einfacher, mehrere Ger\u00e4te miteinander zu verbinden und so nahtlose Lichtlinien zu schaffen.[\/vc_column_text][\/vc_column][vc_column width=&#8220;1\/2&#8243; offset=&#8220;vc_hidden-xs&#8220;][vc_single_image image=&#8220;71202&#8243; img_size=&#8220;680&#215;400&#8243;][\/vc_column][\/vc_row][vc_row][vc_column][vc_empty_space height=&#8220;40px&#8220;][\/vc_column][\/vc_row][vc_row gap=&#8220;30&#8243; content_placement=&#8220;middle&#8220;][vc_column width=&#8220;1\/4&#8243; offset=&#8220;vc_col-lg-3 vc_col-md-3 vc_col-xs-6&#8243;][vc_single_image image=&#8220;71201&#8243; img_size=&#8220;400&#215;400&#8243;][\/vc_column][vc_column width=&#8220;1\/4&#8243; offset=&#8220;vc_col-lg-3 vc_col-md-3 vc_col-xs-6&#8243;][vc_single_image image=&#8220;99929&#8243; img_size=&#8220;full&#8220;][\/vc_column][vc_column width=&#8220;1\/2&#8243; offset=&#8220;vc_col-lg-6 vc_col-md-6 vc_col-xs-12&#8243;][vc_column_text]<\/p>\n<h2>Zuverl\u00e4ssig:<\/h2>\n<p>Die neu gestalteten Montageclips sorgen zusammen mit dem neuen Atlantis-Au\u00dfenprofil f\u00fcr eine unbeugsame Montagel\u00f6sung.[\/vc_column_text][\/vc_column][\/vc_row][vc_row][vc_column][vc_empty_space height=&#8220;40px&#8220;][\/vc_column][\/vc_row][vc_row gap=&#8220;30&#8243; content_placement=&#8220;middle&#8220;][vc_column offset=&#8220;vc_hidden-lg vc_hidden-md vc_hidden-sm&#8220;][vc_single_image image=&#8220;71199&#8243; img_size=&#8220;680&#215;400&#8243;][\/vc_column][\/vc_row][vc_row gap=&#8220;30&#8243; content_placement=&#8220;middle&#8220;][vc_column width=&#8220;1\/2&#8243;][vc_column_text]<\/p>\n<h2>Undurchl\u00e4ssig:<\/h2>\n<p>wasserdicht und resistent gegen Schmutz und Staub dank neuer, verbesserter Materialien[\/vc_column_text][\/vc_column][vc_column width=&#8220;1\/2&#8243; offset=&#8220;vc_hidden-xs&#8220;][vc_single_image image=&#8220;71199&#8243; img_size=&#8220;680&#215;400&#8243;][\/vc_column][\/vc_row][vc_row][vc_column][vc_empty_space height=&#8220;40px&#8220;][\/vc_column][\/vc_row][vc_row gap=&#8220;30&#8243; content_placement=&#8220;middle&#8220;][vc_column width=&#8220;1\/2&#8243;][vc_single_image image=&#8220;71203&#8243; img_size=&#8220;680&#215;400&#8243;][\/vc_column][vc_column width=&#8220;1\/2&#8243;][vc_column_text]<\/p>\n<h2>Vielseitig:<\/h2>\n<p>Die gleich gro\u00dfen Versionen Top und Side erm\u00f6glichen Kombinationen von vertikalen und horizontalen Biegungen in einer einzigen Linie.[\/vc_column_text][\/vc_column][\/vc_row][vc_row][vc_column][vc_empty_space height=&#8220;40px&#8220;][\/vc_column][\/vc_row][vc_row][vc_column][vc_empty_space height=&#8220;60&#8243;][vc_column_text]<\/p>\n<h2 style=\"text-align: center;\">Inspiration<\/h2>\n<p>[\/vc_column_text][\/vc_column][\/vc_row][vc_row gap=&#8220;30&#8243; content_placement=&#8220;middle&#8220;][vc_column offset=&#8220;vc_hidden-lg vc_hidden-md vc_hidden-sm&#8220;][vc_single_image image=&#8220;56627&#8243; img_size=&#8220;680&#215;400&#8243;][\/vc_column][\/vc_row][vc_row gap=&#8220;30&#8243; content_placement=&#8220;middle&#8220;][vc_column width=&#8220;1\/2&#8243;][vc_column_text]<\/p>\n<h2>Beleuchtung im Treppenhaus<\/h2>\n<p>Das weiche Licht von Atlantis weist Ihnen den Weg zum Eingang eines Gesch\u00e4ftszentrums.<\/p>\n<p><strong>Produkt:<\/strong> Atlantis Top\/Side 4W 830[\/vc_column_text][\/vc_column][vc_column width=&#8220;1\/2&#8243; offset=&#8220;vc_hidden-xs&#8220;][vc_single_image image=&#8220;56627&#8243; img_size=&#8220;680&#215;400&#8243;][\/vc_column][\/vc_row][vc_row][vc_column][vc_empty_space height=&#8220;40px&#8220;][\/vc_column][\/vc_row][vc_row gap=&#8220;30&#8243; content_placement=&#8220;middle&#8220;][vc_column width=&#8220;1\/2&#8243;][vc_single_image image=&#8220;56626&#8243; img_size=&#8220;680&#215;400&#8243;][\/vc_column][vc_column width=&#8220;1\/2&#8243;][vc_column_text]<\/p>\n<h2>Innenbeleuchtung<\/h2>\n<p>Warm und einladend. Die Atlantis Akzentbeleuchtung lenkt die Aufmerksamkeit auf den Mittelpunkt des Raumes. <\/p>\n<p><strong>Produkt:<\/strong> Atlantis Top 9W 827[\/vc_column_text][\/vc_column][\/vc_row][vc_row][vc_column][vc_empty_space height=&#8220;40px&#8220;][\/vc_column][\/vc_row][vc_row gap=&#8220;30&#8243; content_placement=&#8220;middle&#8220;][vc_column offset=&#8220;vc_hidden-lg vc_hidden-md vc_hidden-sm&#8220;][vc_single_image image=&#8220;56624&#8243; img_size=&#8220;680&#215;400&#8243;][\/vc_column][\/vc_row][vc_row gap=&#8220;30&#8243; content_placement=&#8220;middle&#8220;][vc_column width=&#8220;1\/2&#8243;][vc_column_text]<\/p>\n<h2>Beleuchtung der Fassade<\/h2>\n<p>Komplizierte Architektur erfordert eine ausdrucksstarke Beleuchtung. Mit den Aqua und Atlantis LED-Streifen ist das leicht zu erreichen, denn sie folgen jeder Kurve und Biegung. <\/p>\n<p><strong>Produkt:<\/strong> Atlantis 827[\/vc_column_text][\/vc_column][vc_column width=&#8220;1\/2&#8243; offset=&#8220;vc_hidden-xs&#8220;][vc_single_image image=&#8220;56624&#8243; img_size=&#8220;680&#215;400&#8243;][\/vc_column][\/vc_row][vc_row][vc_column][vc_empty_space height=&#8220;40px&#8220;][\/vc_column][\/vc_row][vc_row gap=&#8220;30&#8243; content_placement=&#8220;middle&#8220;][vc_column width=&#8220;1\/2&#8243;][vc_single_image image=&#8220;86364&#8243; img_size=&#8220;680&#215;400&#8243;][\/vc_column][vc_column width=&#8220;1\/2&#8243;][vc_column_text]<\/p>\n<h2>Yacht Beleuchtung<\/h2>\n<p>Erprobt und getestet auf Yachten, Kreuzfahrtschiffen und anderen Schiffen. Salz- und wasserbest\u00e4ndig. <\/p>\n<p><strong>Produkt:<\/strong> Atlantis Top 9W 827[\/vc_column_text][\/vc_column][\/vc_row][vc_row full_width=&#8220;stretch_row&#8220; css=&#8220;.vc_custom_1657282975489{background-color: #f5f5f5 !important;}&#8220;][vc_column][vc_empty_space height=&#8220;40&#8243;][vc_column_text]<\/p>\n<h2>Zeichnung<\/h2>\n<p>[\/vc_column_text][vc_single_image image=&#8220;102331&#8243; img_size=&#8220;full&#8220; css=&#8220;&#8220;][vc_empty_space height=&#8220;40&#8243; el_id=&#8220;1001&#8243;][\/vc_column][\/vc_row]<\/p>\n<\/div>","protected":false},"excerpt":{"rendered":"<p>[vc_row gap=&#8220;30&#8243;][vc_column width=&#8220;1\/2&#8243;][vc_video link=&#8220;https:\/\/youtu.be\/I2LMPtsr860&#8243; css=&#8220;&#8220;][\/vc_column][vc_column width=&#8220;1\/2&#8243;][vc_column_text]Die Atlantis Top G2 Tunable White ist eine flexible, vielseitige und robuste LED-Linie, die sich f\u00fcr die Beleuchtung unebener Fl\u00e4chen im Au\u00dfenbereich wie Vouten, S\u00e4ulen und abgerundete Kanten eignet. Diese LED-Linie wurde speziell f\u00fcr professionelle dekorative Au\u00dfenbeleuchtungsanwendungen entwickelt. Sie hat die Schutzart IP67 und ist vollst\u00e4ndig gegen feste Partikel und [&hellip;]<\/p>\n","protected":false},"author":16,"featured_media":124740,"parent":124562,"menu_order":1,"comment_status":"closed","ping_status":"closed","template":"tpl-product-led.php","meta":{"footnotes":""},"related":[121],"filter":[342,383,344,361,345],"acf":[],"aioseo_notices":[],"_links":{"self":[{"href":"https:\/\/www.holectron.com\/de\/wp-json\/wp\/v2\/pages\/124736"}],"collection":[{"href":"https:\/\/www.holectron.com\/de\/wp-json\/wp\/v2\/pages"}],"about":[{"href":"https:\/\/www.holectron.com\/de\/wp-json\/wp\/v2\/types\/page"}],"author":[{"embeddable":true,"href":"https:\/\/www.holectron.com\/de\/wp-json\/wp\/v2\/users\/16"}],"replies":[{"embeddable":true,"href":"https:\/\/www.holectron.com\/de\/wp-json\/wp\/v2\/comments?post=124736"}],"version-history":[{"count":0,"href":"https:\/\/www.holectron.com\/de\/wp-json\/wp\/v2\/pages\/124736\/revisions"}],"up":[{"embeddable":true,"href":"https:\/\/www.holectron.com\/de\/wp-json\/wp\/v2\/pages\/124562"}],"wp:featuredmedia":[{"embeddable":true,"href":"https:\/\/www.holectron.com\/de\/wp-json\/wp\/v2\/media\/124740"}],"wp:attachment":[{"href":"https:\/\/www.holectron.com\/de\/wp-json\/wp\/v2\/media?parent=124736"}],"wp:term":[{"taxonomy":"related","embeddable":true,"href":"https:\/\/www.holectron.com\/de\/wp-json\/wp\/v2\/related?post=124736"},{"taxonomy":"filter","embeddable":true,"href":"https:\/\/www.holectron.com\/de\/wp-json\/wp\/v2\/filter?post=124736"}],"curies":[{"name":"wp","href":"https:\/\/api.w.org\/{rel}","templated":true}]}}